{"id":990509,"date":"2025-12-01T01:58:39","date_gmt":"2025-12-01T01:58:39","guid":{"rendered":"https:\/\/agrovetazerbaijan.az\/?post_type=product&#038;p=990509"},"modified":"2025-12-01T01:58:52","modified_gmt":"2025-12-01T01:58:52","slug":"carnitonic-oral","status":"publish","type":"product","link":"https:\/\/agrovetazerbaijan.az\/ru\/product\/carnitonic-oral\/","title":{"rendered":"Carnitonic Oral"},"content":{"rendered":"<div class=\"vgblk-rw-wrapper limit-wrapper\">\n<h1 data-start=\"94\" data-end=\"132\"><strong data-start=\"96\" data-end=\"130\">Carnitonic Oral \u2013 Tonik 2 Oral<\/strong><\/h1>\n<hr data-start=\"134\" data-end=\"137\" \/>\n<h2 data-start=\"139\" data-end=\"169\"><strong data-start=\"142\" data-end=\"167\">T\u0259rkibi (h\u0259r 1 ml-d\u0259)<\/strong><\/h2>\n<ul data-start=\"170\" data-end=\"257\">\n<li data-start=\"170\" data-end=\"191\">\n<p data-start=\"172\" data-end=\"191\">Sorbitol \u2013 500 mg<\/p>\n<\/li>\n<li data-start=\"192\" data-end=\"216\">\n<p data-start=\"194\" data-end=\"216\">L-Karnitin \u2013 81.6 mg<\/p>\n<\/li>\n<li data-start=\"217\" data-end=\"257\">\n<p data-start=\"219\" data-end=\"257\">Vitamin B12 (sianokobalamin) \u2013 40 \u03bcg<\/p>\n<\/li>\n<\/ul>\n<hr data-start=\"259\" data-end=\"262\" \/>\n<h2 data-start=\"264\" data-end=\"285\"><strong data-start=\"267\" data-end=\"285\">M\u0259hsul T\u0259sviri<\/strong><\/h2>\n<p data-start=\"286\" data-end=\"390\"><strong data-start=\"286\" data-end=\"305\">Carnitonic Oral<\/strong> \u2013 sorbitol, karnitin v\u0259 vitamin B12 t\u0259rkibli a\u011f\u0131z yolu il\u0259 t\u0259tbiq olunan tonikdir.<\/p>\n<p data-start=\"392\" data-end=\"418\"><strong data-start=\"392\" data-end=\"416\">Faydalar\u0131 v\u0259 t\u0259siri:<\/strong><\/p>\n<ul data-start=\"419\" data-end=\"795\">\n<li data-start=\"419\" data-end=\"549\">\n<p data-start=\"421\" data-end=\"549\"><strong data-start=\"421\" data-end=\"434\">Sorbitol:<\/strong> safra h\u0259cm v\u0259 duzlar\u0131n\u0131n ifraz\u0131n\u0131 art\u0131r\u0131r, bu da ya\u011flar\u0131n h\u0259zmini yax\u015f\u0131la\u015fd\u0131r\u0131r (pancreatik lipaz aktivliyi il\u0259)<\/p>\n<\/li>\n<li data-start=\"550\" data-end=\"740\">\n<p data-start=\"552\" data-end=\"740\"><strong data-start=\"552\" data-end=\"567\">L-Karnitin:<\/strong> qaraciy\u0259rd\u0259 metionin v\u0259 lizinl\u0259 sintez olunur, enerji \u00fc\u00e7\u00fcn ya\u011flar\u0131n istifad\u0259 olunmas\u0131na k\u00f6m\u0259k edir. Stress, y\u00fcks\u0259k performans v\u0259 y\u00fcks\u0259k ya\u011fl\u0131 qidalar zaman\u0131 ehtiyac art\u0131r<\/p>\n<\/li>\n<li data-start=\"741\" data-end=\"795\">\n<p data-start=\"743\" data-end=\"795\"><strong data-start=\"743\" data-end=\"759\">Vitamin B12:<\/strong> metionin biosintezi \u00fc\u00e7\u00fcn vacibdir<\/p>\n<\/li>\n<\/ul>\n<p data-start=\"797\" data-end=\"942\"><strong data-start=\"797\" data-end=\"940\">T\u0259rkibd\u0259ki aktiv madd\u0259l\u0259r heyvan\u0131n enerji metabolizmas\u0131n\u0131 d\u0259st\u0259kl\u0259yir, ya\u011f y\u0131\u011f\u0131lmas\u0131n\u0131n qar\u015f\u0131s\u0131n\u0131 al\u0131r v\u0259 sa\u011flam b\u0259d\u0259n v\u0259ziyy\u0259tini qoruyur.<\/strong><\/p>\n<hr data-start=\"944\" data-end=\"947\" \/>\n<h2 data-start=\"949\" data-end=\"971\"><strong data-start=\"952\" data-end=\"971\">\u018fks-g\u00f6st\u0259ri\u015fl\u0259r<\/strong><\/h2>\n<ul data-start=\"972\" data-end=\"982\">\n<li data-start=\"972\" data-end=\"982\">\n<p data-start=\"974\" data-end=\"982\">Yoxdur<\/p>\n<\/li>\n<\/ul>\n<hr data-start=\"984\" data-end=\"987\" \/>\n<h2 data-start=\"989\" data-end=\"1008\"><strong data-start=\"992\" data-end=\"1008\">Yan t\u0259sirl\u0259r<\/strong><\/h2>\n<ul data-start=\"1009\" data-end=\"1019\">\n<li data-start=\"1009\" data-end=\"1019\">\n<p data-start=\"1011\" data-end=\"1019\">Yoxdur<\/p>\n<\/li>\n<\/ul>\n<hr data-start=\"1021\" data-end=\"1024\" \/>\n<h2 data-start=\"1026\" data-end=\"1047\"><strong data-start=\"1029\" data-end=\"1047\">Doza v\u0259 T\u0259tbiq<\/strong><\/h2>\n<p data-start=\"1048\" data-end=\"1081\"><strong data-start=\"1048\" data-end=\"1079\">A\u011f\u0131z yolu il\u0259 t\u0259tbiq olunur<\/strong><\/p>\n<ul data-start=\"1083\" data-end=\"1297\">\n<li data-start=\"1083\" data-end=\"1157\">\n<p data-start=\"1085\" data-end=\"1157\"><strong data-start=\"1085\" data-end=\"1120\">Atlar v\u0259 iribuynuzlu heyvanlar:<\/strong> 1 ml \/ 20 kg b\u0259d\u0259n \u00e7\u0259kisi, 5\u20137 g\u00fcn<\/p>\n<\/li>\n<li data-start=\"1158\" data-end=\"1231\">\n<p data-start=\"1160\" data-end=\"1231\"><strong data-start=\"1160\" data-end=\"1194\">Qoyunlar, ke\u00e7il\u0259r v\u0259 buzovlar:<\/strong> 1 ml \/ 10 kg b\u0259d\u0259n \u00e7\u0259kisi, 5\u20137 g\u00fcn<\/p>\n<\/li>\n<li data-start=\"1232\" data-end=\"1297\">\n<p data-start=\"1234\" data-end=\"1297\"><strong data-start=\"1234\" data-end=\"1257\">\u0421\u0432\u0438\u043d\u044c\u0438 \u0438 \u043f\u0442\u0438\u0446\u044b:<\/strong> 1 litr \/ 4000 litr i\u00e7m\u0259li su, 5\u20137 g\u00fcn<\/p>\n<\/li>\n<\/ul>\n<hr data-start=\"1299\" data-end=\"1302\" \/>\n<h2 data-start=\"1304\" data-end=\"1328\"><strong data-start=\"1307\" data-end=\"1328\">\u00c7\u0131xar\u0131lma m\u00fcdd\u0259ti<\/strong><\/h2>\n<ul data-start=\"1329\" data-end=\"1339\">\n<li data-start=\"1329\" data-end=\"1339\">\n<p data-start=\"1331\" data-end=\"1339\">Yoxdur<\/p>\n<\/li>\n<\/ul>\n<hr data-start=\"1341\" data-end=\"1344\" \/>\n<h2 data-start=\"1346\" data-end=\"1364\"><strong data-start=\"1349\" data-end=\"1364\">\u0423\u043f\u0430\u043a\u043e\u0432\u043a\u0430<\/strong><\/h2>\n<ul data-start=\"1365\" data-end=\"1433\">\n<li data-start=\"1365\" data-end=\"1380\">\n<p data-start=\"1367\" data-end=\"1380\">100 ml \u015f\u00fc\u015f\u0259<\/p>\n<\/li>\n<li data-start=\"1381\" data-end=\"1396\">\n<p data-start=\"1383\" data-end=\"1396\">500 ml \u015f\u00fc\u015f\u0259<\/p>\n<\/li>\n<li data-start=\"1397\" data-end=\"1413\">\n<p data-start=\"1399\" data-end=\"1413\">1000 ml \u015f\u00fc\u015f\u0259<\/p>\n<\/li>\n<li data-start=\"1414\" data-end=\"1433\">\n<p data-start=\"1416\" data-end=\"1433\">5 litr jerrykan<\/p>\n<\/li>\n<\/ul>\n<\/div>\n<p><!-- .vgblk-rw-wrapper --><\/p>","protected":false},"excerpt":{"rendered":"<p>Carnitonic Oral \u2013 Tonik 2 Oral T\u0259rkibi (h\u0259r 1 ml-d\u0259) Sorbitol \u2013 500 mg L-Karnitin \u2013 81.6 mg Vitamin B12 (sianokobalamin) \u2013 40 \u03bcg M\u0259hsul T\u0259sviri Carnitonic Oral \u2013 sorbitol, karnitin v\u0259 vitamin B12 t\u0259rkibli a\u011f\u0131z yolu il\u0259 t\u0259tbiq olunan tonikdir. Faydalar\u0131 v\u0259 t\u0259siri: Sorbitol: safra h\u0259cm v\u0259 duzlar\u0131n\u0131n ifraz\u0131n\u0131 art\u0131r\u0131r, bu da ya\u011flar\u0131n h\u0259zmini&#8230;<\/p>","protected":false},"featured_media":990510,"comment_status":"open","ping_status":"closed","template":"","meta":{"nf_dc_page":"","_monsterinsights_skip_tracking":false,"_monsterinsights_sitenote_active":false,"_monsterinsights_sitenote_note":"","_monsterinsights_sitenote_category":0},"product_brand":[],"product_cat":[251,160],"product_tag":[],"class_list":{"0":"post-990509","1":"product","2":"type-product","3":"status-publish","4":"has-post-thumbnail","6":"product_cat-veterinary-products","7":"product_cat-nutrients","9":"first","10":"instock","11":"shipping-taxable","12":"product-type-simple"},"jetpack_sharing_enabled":true,"_links":{"self":[{"href":"https:\/\/agrovetazerbaijan.az\/ru\/wp-json\/wp\/v2\/product\/990509","targetHints":{"allow":["GET"]}}],"collection":[{"href":"https:\/\/agrovetazerbaijan.az\/ru\/wp-json\/wp\/v2\/product"}],"about":[{"href":"https:\/\/agrovetazerbaijan.az\/ru\/wp-json\/wp\/v2\/types\/product"}],"replies":[{"embeddable":true,"href":"https:\/\/agrovetazerbaijan.az\/ru\/wp-json\/wp\/v2\/comments?post=990509"}],"version-history":[{"count":1,"href":"https:\/\/agrovetazerbaijan.az\/ru\/wp-json\/wp\/v2\/product\/990509\/revisions"}],"predecessor-version":[{"id":990511,"href":"https:\/\/agrovetazerbaijan.az\/ru\/wp-json\/wp\/v2\/product\/990509\/revisions\/990511"}],"wp:featuredmedia":[{"embeddable":true,"href":"https:\/\/agrovetazerbaijan.az\/ru\/wp-json\/wp\/v2\/media\/990510"}],"wp:attachment":[{"href":"https:\/\/agrovetazerbaijan.az\/ru\/wp-json\/wp\/v2\/media?parent=990509"}],"wp:term":[{"taxonomy":"product_brand","embeddable":true,"href":"https:\/\/agrovetazerbaijan.az\/ru\/wp-json\/wp\/v2\/product_brand?post=990509"},{"taxonomy":"product_cat","embeddable":true,"href":"https:\/\/agrovetazerbaijan.az\/ru\/wp-json\/wp\/v2\/product_cat?post=990509"},{"taxonomy":"product_tag","embeddable":true,"href":"https:\/\/agrovetazerbaijan.az\/ru\/wp-json\/wp\/v2\/product_tag?post=990509"}],"curies":[{"name":"WP","href":"https:\/\/api.w.org\/{rel}","templated":true}]}}