{"id":990494,"date":"2025-12-01T01:51:00","date_gmt":"2025-12-01T01:51:00","guid":{"rendered":"https:\/\/agrovetazerbaijan.az\/?post_type=product&#038;p=990494"},"modified":"2025-12-01T01:51:12","modified_gmt":"2025-12-01T01:51:12","slug":"interspectin-l","status":"publish","type":"product","link":"https:\/\/agrovetazerbaijan.az\/ru\/product\/interspectin-l\/","title":{"rendered":"Interspectin-L"},"content":{"rendered":"<div class=\"vgblk-rw-wrapper limit-wrapper\">\n<h1 data-start=\"91\" data-end=\"113\"><strong data-start=\"93\" data-end=\"111\">Interspectin-L<\/strong><\/h1>\n<p data-start=\"114\" data-end=\"178\"><strong data-start=\"114\" data-end=\"178\">Spectinomycin 10% &amp; Lincomycin 5% \u2013 \u0130ntram\u00fcskulyar \u0130njeksiya<\/strong><\/p>\n<hr data-start=\"180\" data-end=\"183\" \/>\n<h2 data-start=\"185\" data-end=\"215\"><strong data-start=\"188\" data-end=\"213\">T\u0259rkibi (h\u0259r 1 ml-d\u0259)<\/strong><\/h2>\n<ul data-start=\"216\" data-end=\"338\">\n<li data-start=\"216\" data-end=\"286\">\n<p data-start=\"218\" data-end=\"286\"><strong data-start=\"218\" data-end=\"275\">Spectinomycin (dihydrochloride pentahydrate \u015f\u0259klind\u0259)<\/strong> \u2013 100 mg<\/p>\n<\/li>\n<li data-start=\"287\" data-end=\"338\">\n<p data-start=\"289\" data-end=\"338\"><strong data-start=\"289\" data-end=\"328\">Lincomycin (hydrochloride \u015f\u0259klind\u0259)<\/strong> \u2013 50 mg<\/p>\n<\/li>\n<\/ul>\n<hr data-start=\"340\" data-end=\"343\" \/>\n<h2 data-start=\"345\" data-end=\"366\"><strong data-start=\"348\" data-end=\"366\">M\u0259hsul T\u0259sviri<\/strong><\/h2>\n<p data-start=\"367\" data-end=\"455\"><strong data-start=\"367\" data-end=\"385\">Interspectin-L<\/strong> lincomycin v\u0259 spectinomycin kombinasiyas\u0131ndan ibar\u0259t antibiotikdir.<\/p>\n<ul data-start=\"456\" data-end=\"943\">\n<li data-start=\"456\" data-end=\"548\">\n<p data-start=\"458\" data-end=\"548\">Bu kombinasiyan\u0131n t\u0259siri <strong data-start=\"483\" data-end=\"507\">toplay\u0131c\u0131 (additive)<\/strong> v\u0259 b\u0259zi hallarda <strong data-start=\"525\" data-end=\"540\">sinergistik<\/strong> olur.<\/p>\n<\/li>\n<li data-start=\"549\" data-end=\"707\">\n<p data-start=\"551\" data-end=\"707\"><strong data-start=\"551\" data-end=\"568\">Spectinomycin<\/strong> \u0259sas\u0259n Gram-m\u0259nfi bakteriyalara qar\u015f\u0131 <strong data-start=\"607\" data-end=\"642\">bakteriostatik v\u0259 ya bakterisid<\/strong> t\u0259sir g\u00f6st\u0259rir (Campylobacter spp., E. coli, Salmonella spp.).<\/p>\n<\/li>\n<li data-start=\"708\" data-end=\"858\">\n<p data-start=\"710\" data-end=\"858\"><strong data-start=\"710\" data-end=\"724\">Lincomycin<\/strong> \u0259sas\u0259n Gram-m\u00fcsb\u0259t bakteriyalara qar\u015f\u0131 <strong data-start=\"764\" data-end=\"782\">\u0431\u0430\u043a\u0442\u0435\u0440\u0438\u043e\u0441\u0442\u0430\u0442\u0438\u0447\u0435\u0441\u043a\u0438\u0439<\/strong> t\u0259sir g\u00f6st\u0259rir (Staphylococcus spp., Streptococcus spp., Treponema spp.).<\/p>\n<\/li>\n<li data-start=\"859\" data-end=\"943\">\n<p data-start=\"861\" data-end=\"943\">Lincomycin il\u0259 makrolid qruplar\u0131 aras\u0131nda <strong data-start=\"903\" data-end=\"925\">kross-rezistentlik<\/strong> ba\u015f ver\u0259 bil\u0259r.<\/p>\n<\/li>\n<\/ul>\n<hr data-start=\"945\" data-end=\"948\" \/>\n<h2 data-start=\"950\" data-end=\"978\"><strong data-start=\"953\" data-end=\"978\">\u0418\u043d\u0441\u0442\u0440\u0443\u043a\u0446\u0438\u044f \u043f\u043e \u043f\u0440\u0438\u043c\u0435\u043d\u0435\u043d\u0438\u044e<\/strong><\/h2>\n<p data-start=\"979\" data-end=\"1172\"><strong data-start=\"979\" data-end=\"1025\">Gastrointestinal v\u0259 t\u0259n\u0259ff\u00fcs infeksiyalar\u0131<\/strong><br data-start=\"1025\" data-end=\"1028\" \/>H\u0259d\u0259f mikroorqanizml\u0259r: Campylobacter spp., E. coli, Mycoplasma spp., Salmonella spp., Staphylococcus spp., Streptococcus spp., Treponema spp.<\/p>\n<p data-start=\"1174\" data-end=\"1201\"><strong data-start=\"1174\" data-end=\"1199\">H\u0259d\u0259f heyvan n\u00f6vl\u0259ri:<\/strong><\/p>\n<ul data-start=\"1202\" data-end=\"1262\">\n<li data-start=\"1202\" data-end=\"1262\">\n<p data-start=\"1204\" data-end=\"1262\">Buzovlar, qoyunlar, ke\u00e7il\u0259r, donuzlar, itl\u0259r v\u0259 pi\u015fikl\u0259r<\/p>\n<\/li>\n<\/ul>\n<hr data-start=\"1264\" data-end=\"1267\" \/>\n<h2 data-start=\"1269\" data-end=\"1291\"><strong data-start=\"1272\" data-end=\"1291\">\u018fks-g\u00f6st\u0259ri\u015fl\u0259r<\/strong><\/h2>\n<ul data-start=\"1292\" data-end=\"1521\">\n<li data-start=\"1292\" data-end=\"1340\">\n<p data-start=\"1294\" data-end=\"1340\">Lincomycin v\u0259\/v\u0259 ya spectinomycin\u0259 h\u0259ssasl\u0131q<\/p>\n<\/li>\n<li data-start=\"1341\" data-end=\"1425\">\n<p data-start=\"1343\" data-end=\"1425\">B\u00f6yr\u0259k v\u0259\/v\u0259 ya qaraciy\u0259r funksiyas\u0131 pozulmu\u015f heyvanlarda istifad\u0259 edilm\u0259m\u0259lidir<\/p>\n<\/li>\n<li data-start=\"1426\" data-end=\"1521\">\n<p data-start=\"1428\" data-end=\"1521\">Penisillinl\u0259r, sefalosporinl\u0259r, kinolonlar v\u0259 sikloserin il\u0259 eyni anda t\u0259tbiq edilm\u0259m\u0259lidir<\/p>\n<\/li>\n<\/ul>\n<hr data-start=\"1523\" data-end=\"1526\" \/>\n<h2 data-start=\"1528\" data-end=\"1547\"><strong data-start=\"1531\" data-end=\"1547\">Yan t\u0259sirl\u0259r<\/strong><\/h2>\n<ul data-start=\"1548\" data-end=\"1651\">\n<li data-start=\"1548\" data-end=\"1574\">\n<p data-start=\"1550\" data-end=\"1574\">\u0420\u0435\u0430\u043a\u0446\u0438\u0438 \u0433\u0438\u043f\u0435\u0440\u0447\u0443\u0432\u0441\u0442\u0432\u0438\u0442\u0435\u043b\u044c\u043d\u043e\u0441\u0442\u0438<\/p>\n<\/li>\n<li data-start=\"1575\" data-end=\"1651\">\n<p data-start=\"1577\" data-end=\"1651\">\u0130njeksiya yerind\u0259 q\u0131sa m\u00fcdd\u0259tli a\u011fr\u0131, qa\u015f\u0131nma v\u0259 ya ishal ba\u015f ver\u0259 bil\u0259r<\/p>\n<\/li>\n<\/ul>\n<hr data-start=\"1653\" data-end=\"1656\" \/>\n<h2 data-start=\"1658\" data-end=\"1679\"><strong data-start=\"1661\" data-end=\"1679\">Doza v\u0259 T\u0259tbiq<\/strong><\/h2>\n<p data-start=\"1680\" data-end=\"1711\"><strong data-start=\"1680\" data-end=\"1711\">\u0130ntramusulyar t\u0259tbiq olunur<\/strong><\/p>\n<ul data-start=\"1713\" data-end=\"1956\">\n<li data-start=\"1713\" data-end=\"1763\">\n<p data-start=\"1715\" data-end=\"1763\"><strong data-start=\"1715\" data-end=\"1728\">Buzovlar:<\/strong> 1 ml \/ 10 kg b\u0259d\u0259n \u00e7\u0259kisi, 4 g\u00fcn<\/p>\n<\/li>\n<li data-start=\"1764\" data-end=\"1825\">\n<p data-start=\"1766\" data-end=\"1825\"><strong data-start=\"1766\" data-end=\"1790\">Qoyunlar v\u0259 ke\u00e7il\u0259r:<\/strong> 1 ml \/ 10 kg b\u0259d\u0259n \u00e7\u0259kisi, 3 g\u00fcn<\/p>\n<\/li>\n<li data-start=\"1826\" data-end=\"1878\">\n<p data-start=\"1828\" data-end=\"1878\"><strong data-start=\"1828\" data-end=\"1841\">\u0421\u0432\u0438\u043d\u044c\u0438:<\/strong> 1 ml \/ 10 kg b\u0259d\u0259n \u00e7\u0259kisi, 3\u20137 g\u00fcn<\/p>\n<\/li>\n<li data-start=\"1879\" data-end=\"1956\">\n<p data-start=\"1881\" data-end=\"1956\"><strong data-start=\"1881\" data-end=\"1903\">\u0130tl\u0259r v\u0259 pi\u015fikl\u0259r:<\/strong> 1 ml \/ 5 kg b\u0259d\u0259n \u00e7\u0259kisi, 3\u20135 g\u00fcn, maksimum 21 g\u00fcn<\/p>\n<\/li>\n<\/ul>\n<hr data-start=\"1958\" data-end=\"1961\" \/>\n<h2 data-start=\"1963\" data-end=\"2009\"><strong data-start=\"1966\" data-end=\"2009\">\u00c7\u0131xar\u0131lma m\u00fcdd\u0259tl\u0259ri (Withdrawal Times)<\/strong><\/h2>\n<ul data-start=\"2011\" data-end=\"2099\">\n<li data-start=\"2011\" data-end=\"2075\">\n<p data-start=\"2013\" data-end=\"2075\"><strong data-start=\"2013\" data-end=\"2025\">\u0414\u043b\u044f \u043c\u044f\u0441\u0430:<\/strong> Buzovlar, qoyunlar, ke\u00e7il\u0259r v\u0259 donuzlar: 14 g\u00fcn<\/p>\n<\/li>\n<li data-start=\"2076\" data-end=\"2099\">\n<p data-start=\"2078\" data-end=\"2099\"><strong data-start=\"2078\" data-end=\"2091\">S\u00fcd \u00fc\u00e7\u00fcn:<\/strong> 3 \u0434\u043d\u044f<\/p>\n<\/li>\n<\/ul>\n<hr data-start=\"2101\" data-end=\"2104\" \/>\n<h2 data-start=\"2106\" data-end=\"2124\"><strong data-start=\"2109\" data-end=\"2124\">\u0423\u043f\u0430\u043a\u043e\u0432\u043a\u0430<\/strong><\/h2>\n<ul data-start=\"2125\" data-end=\"2152\">\n<li data-start=\"2125\" data-end=\"2152\">\n<p data-start=\"2127\" data-end=\"2152\">50 ml v\u0259 100 ml \u015f\u00fc\u015f\u0259l\u0259r<\/p>\n<\/li>\n<\/ul>\n<\/div>\n<p><!-- .vgblk-rw-wrapper --><\/p>","protected":false},"excerpt":{"rendered":"<p>Interspectin-L Spectinomycin 10% &amp; Lincomycin 5% \u2013 \u0130ntram\u00fcskulyar \u0130njeksiya T\u0259rkibi (h\u0259r 1 ml-d\u0259) Spectinomycin (dihydrochloride pentahydrate \u015f\u0259klind\u0259) \u2013 100 mg Lincomycin (hydrochloride \u015f\u0259klind\u0259) \u2013 50 mg M\u0259hsul T\u0259sviri Interspectin-L lincomycin v\u0259 spectinomycin kombinasiyas\u0131ndan ibar\u0259t antibiotikdir. Bu kombinasiyan\u0131n t\u0259siri toplay\u0131c\u0131 (additive) v\u0259 b\u0259zi hallarda sinergistik olur. Spectinomycin \u0259sas\u0259n Gram-m\u0259nfi bakteriyalara qar\u015f\u0131 bakteriostatik v\u0259 ya bakterisid t\u0259sir&#8230;<\/p>","protected":false},"featured_media":990495,"comment_status":"open","ping_status":"closed","template":"","meta":{"nf_dc_page":"","_monsterinsights_skip_tracking":false,"_monsterinsights_sitenote_active":false,"_monsterinsights_sitenote_note":"","_monsterinsights_sitenote_category":0},"product_brand":[],"product_cat":[233,251],"product_tag":[],"class_list":{"0":"post-990494","1":"product","2":"type-product","3":"status-publish","4":"has-post-thumbnail","6":"product_cat-antibiotics","7":"product_cat-veterinary-products","9":"first","10":"instock","11":"shipping-taxable","12":"product-type-simple"},"jetpack_sharing_enabled":true,"_links":{"self":[{"href":"https:\/\/agrovetazerbaijan.az\/ru\/wp-json\/wp\/v2\/product\/990494","targetHints":{"allow":["GET"]}}],"collection":[{"href":"https:\/\/agrovetazerbaijan.az\/ru\/wp-json\/wp\/v2\/product"}],"about":[{"href":"https:\/\/agrovetazerbaijan.az\/ru\/wp-json\/wp\/v2\/types\/product"}],"replies":[{"embeddable":true,"href":"https:\/\/agrovetazerbaijan.az\/ru\/wp-json\/wp\/v2\/comments?post=990494"}],"version-history":[{"count":1,"href":"https:\/\/agrovetazerbaijan.az\/ru\/wp-json\/wp\/v2\/product\/990494\/revisions"}],"predecessor-version":[{"id":990496,"href":"https:\/\/agrovetazerbaijan.az\/ru\/wp-json\/wp\/v2\/product\/990494\/revisions\/990496"}],"wp:featuredmedia":[{"embeddable":true,"href":"https:\/\/agrovetazerbaijan.az\/ru\/wp-json\/wp\/v2\/media\/990495"}],"wp:attachment":[{"href":"https:\/\/agrovetazerbaijan.az\/ru\/wp-json\/wp\/v2\/media?parent=990494"}],"wp:term":[{"taxonomy":"product_brand","embeddable":true,"href":"https:\/\/agrovetazerbaijan.az\/ru\/wp-json\/wp\/v2\/product_brand?post=990494"},{"taxonomy":"product_cat","embeddable":true,"href":"https:\/\/agrovetazerbaijan.az\/ru\/wp-json\/wp\/v2\/product_cat?post=990494"},{"taxonomy":"product_tag","embeddable":true,"href":"https:\/\/agrovetazerbaijan.az\/ru\/wp-json\/wp\/v2\/product_tag?post=990494"}],"curies":[{"name":"WP","href":"https:\/\/api.w.org\/{rel}","templated":true}]}}