{"id":990488,"date":"2025-12-01T01:46:18","date_gmt":"2025-12-01T01:46:18","guid":{"rendered":"https:\/\/agrovetazerbaijan.az\/?post_type=product&#038;p=990488"},"modified":"2025-12-01T01:48:13","modified_gmt":"2025-12-01T01:48:13","slug":"biocilin-200","status":"publish","type":"product","link":"https:\/\/agrovetazerbaijan.az\/ru\/product\/biocilin-200\/","title":{"rendered":"Biocilin 200"},"content":{"rendered":"<div class=\"vgblk-rw-wrapper limit-wrapper\">\n<h1 data-start=\"99\" data-end=\"123\"><strong data-start=\"101\" data-end=\"121\">Biocillin\u2011200 WS<\/strong><\/h1>\n<p data-start=\"124\" data-end=\"165\"><strong data-start=\"124\" data-end=\"165\">Amoksisillin 20% \u2013 Suya H\u0259ll Olan Toz<\/strong><\/p>\n<hr data-start=\"167\" data-end=\"170\" \/>\n<h2 data-start=\"172\" data-end=\"186\"><strong data-start=\"175\" data-end=\"186\">\u0418\u043d\u0433\u0440\u0435\u0434\u0438\u0435\u043d\u0442\u044b<\/strong><\/h2>\n<p data-start=\"187\" data-end=\"206\">H\u0259r 1 qram tozda:<\/p>\n<ul data-start=\"207\" data-end=\"244\">\n<li data-start=\"207\" data-end=\"244\">\n<p data-start=\"209\" data-end=\"244\"><strong data-start=\"209\" data-end=\"235\">Amoksisillin trihidrat<\/strong> \u2013 200 mg<\/p>\n<\/li>\n<\/ul>\n<hr data-start=\"246\" data-end=\"249\" \/>\n<h2 data-start=\"251\" data-end=\"272\"><strong data-start=\"254\" data-end=\"272\">M\u0259hsul T\u0259sviri<\/strong><\/h2>\n<p data-start=\"273\" data-end=\"847\">Amoksisillin \u2013 geni\u015f spektrli, yar\u0131 sintetik penisillin qrupuna aid antibiotikdir.<br data-start=\"355\" data-end=\"358\" \/>Bakterisid t\u0259sir g\u00f6st\u0259rir v\u0259 h\u0259m <strong data-start=\"391\" data-end=\"406\">\u0433\u0440\u0430\u043c\u043f\u043e\u043b\u043e\u0436\u0438\u0442\u0435\u043b\u044c\u043d\u044b\u0435<\/strong>, \u0430 \u0442\u0430\u043a\u0436\u0435 <strong data-start=\"415\" data-end=\"429\">\u0413\u0440\u0430\u043c\u043e\u0442\u0440\u0438\u0446\u0430\u0442\u0435\u043b\u044c\u043d\u044b\u0435<\/strong> bakteriyalara qar\u015f\u0131 aktivdir.<br data-start=\"459\" data-end=\"462\" \/>\u018fhat\u0259 dair\u0259si: <em data-start=\"477\" data-end=\"497\">\u041a\u0430\u043c\u043f\u0438\u043b\u043e\u0431\u0430\u043a\u0442\u0435\u0440 spp.<\/em>, <em data-start=\"499\" data-end=\"517\">Clostridium spp.<\/em>, <em data-start=\"519\" data-end=\"541\">Corynebacterium spp.<\/em>, <em data-start=\"543\" data-end=\"552\">\u043a\u0438\u0448\u0435\u0447\u043d\u0430\u044f \u043f\u0430\u043b\u043e\u0447\u043a\u0430<\/em>, <em data-start=\"554\" data-end=\"575\">Erysipelothrix spp.<\/em>, <em data-start=\"577\" data-end=\"595\">\u0413\u0435\u043c\u043e\u0444\u0438\u043b\u044c\u043d\u0430\u044f \u043f\u0430\u043b\u043e\u0447\u043a\u0430.<\/em>, <em data-start=\"597\" data-end=\"615\">\u041f\u0430\u0441\u0442\u0435\u0440\u0435\u043b\u043b\u0430 spp.<\/em>, <em data-start=\"617\" data-end=\"634\">\u0421\u0430\u043b\u044c\u043c\u043e\u043d\u0435\u043b\u043b\u0430 spp.<\/em>, penisilinaz-m\u0259nfi <em data-start=\"654\" data-end=\"675\">\u0421\u0442\u0430\u0444\u0438\u043b\u043e\u043a\u043e\u043a\u043a\u0438 spp.<\/em> \u0438 <em data-start=\"679\" data-end=\"699\">\u0421\u0442\u0440\u0435\u043f\u0442\u043e\u043a\u043e\u043a\u043a\u0438 spp.<\/em><br data-start=\"699\" data-end=\"702\" \/>Bakterisid t\u0259sir, bakteriya h\u00fcceyr\u0259 divar\u0131n\u0131n sintezinin inhib\u0259si il\u0259 t\u0259min olunur.<br data-start=\"785\" data-end=\"788\" \/>\u018fsas\u0259n sidikl\u0259, bir hiss\u0259si is\u0259 \u00f6d vasit\u0259sil\u0259 ifraz olunur.<\/p>\n<hr data-start=\"849\" data-end=\"852\" \/>\n<h2 data-start=\"854\" data-end=\"882\"><strong data-start=\"857\" data-end=\"882\">\u0418\u043d\u0441\u0442\u0440\u0443\u043a\u0446\u0438\u044f \u043f\u043e \u043f\u0440\u0438\u043c\u0435\u043d\u0435\u043d\u0438\u044e<\/strong><\/h2>\n<p data-start=\"883\" data-end=\"1011\">Gastrointestinal, t\u0259n\u0259ff\u00fcs v\u0259 sidik yollar\u0131 infeksiyalar\u0131nda <strong data-start=\"944\" data-end=\"986\">amoksisillin\u0259 h\u0259ssas mikroorqanizml\u0259r\u0259<\/strong> qar\u015f\u0131 istifad\u0259 olunur:<\/p>\n<ul data-start=\"1012\" data-end=\"1077\">\n<li data-start=\"1012\" data-end=\"1077\">\n<p data-start=\"1014\" data-end=\"1077\">H\u0259d\u0259f n\u00f6vl\u0259r: buzovlar, qoyunlar, ke\u00e7il\u0259r, donuzlar v\u0259 qu\u015flar<\/p>\n<\/li>\n<\/ul>\n<hr data-start=\"1079\" data-end=\"1082\" \/>\n<h2 data-start=\"1084\" data-end=\"1106\"><strong data-start=\"1087\" data-end=\"1106\">\u018fks-g\u00f6st\u0259ri\u015fl\u0259r<\/strong><\/h2>\n<ul data-start=\"1107\" data-end=\"1366\">\n<li data-start=\"1107\" data-end=\"1140\">\n<p data-start=\"1109\" data-end=\"1140\">Amoksisillin\u0259 qar\u015f\u0131 h\u0259ssasl\u0131q<\/p>\n<\/li>\n<li data-start=\"1141\" data-end=\"1196\">\n<p data-start=\"1143\" data-end=\"1196\">Ciddi b\u00f6yr\u0259k \u00e7at\u0131\u015fmazl\u0131\u011f\u0131 olan heyvanlarda istifad\u0259<\/p>\n<\/li>\n<li data-start=\"1197\" data-end=\"1301\">\n<p data-start=\"1199\" data-end=\"1301\">Tetrasiklinl\u0259r, xloramfenikol, makrolid v\u0259 linkosamid qruplar\u0131 il\u0259 eyni zamanda t\u0259tbiq edilm\u0259m\u0259lidir<\/p>\n<\/li>\n<li data-start=\"1302\" data-end=\"1366\">\n<p data-start=\"1304\" data-end=\"1366\">Aktiv mikrobial h\u0259zm prosesi olan heyvanlarda t\u0259tbiq edilmir<\/p>\n<\/li>\n<\/ul>\n<hr data-start=\"1368\" data-end=\"1371\" \/>\n<h2 data-start=\"1373\" data-end=\"1392\"><strong data-start=\"1376\" data-end=\"1392\">Yan t\u0259sirl\u0259r<\/strong><\/h2>\n<ul data-start=\"1393\" data-end=\"1427\">\n<li data-start=\"1393\" data-end=\"1427\">\n<p data-start=\"1395\" data-end=\"1427\">H\u0259ssasl\u0131q reaksiyalar\u0131 ola bil\u0259r<\/p>\n<\/li>\n<\/ul>\n<hr data-start=\"1429\" data-end=\"1432\" \/>\n<h2 data-start=\"1434\" data-end=\"1455\"><strong data-start=\"1437\" data-end=\"1455\">Doza v\u0259 T\u0259tbiq<\/strong><\/h2>\n<p data-start=\"1456\" data-end=\"1489\"><strong data-start=\"1456\" data-end=\"1489\">\u041f\u0440\u0438\u043c\u0435\u043d\u044f\u0435\u0442\u0441\u044f \u043f\u0435\u0440\u043e\u0440\u0430\u043b\u044c\u043d\u043e<\/strong><\/p>\n<ul data-start=\"1491\" data-end=\"1645\">\n<li data-start=\"1491\" data-end=\"1576\">\n<p data-start=\"1493\" data-end=\"1576\"><strong data-start=\"1493\" data-end=\"1525\">Buzovlar, qoyunlar, ke\u00e7il\u0259r:<\/strong> g\u00fcnd\u0259 2 d\u0259f\u0259, 5 g \/ 100 kg b\u0259d\u0259n \u00e7\u0259kisi, 3\u20135 g\u00fcn<\/p>\n<\/li>\n<li data-start=\"1577\" data-end=\"1645\">\n<p data-start=\"1579\" data-end=\"1645\"><strong data-start=\"1579\" data-end=\"1602\">\u0421\u0432\u0438\u043d\u044c\u0438 \u0438 \u043f\u0442\u0438\u0446\u044b:<\/strong> 1 kg \/ 1000\u20132000 litr i\u00e7m\u0259li su, 3\u20135 g\u00fcn<\/p>\n<\/li>\n<\/ul>\n<p data-start=\"1647\" data-end=\"1727\"><strong data-start=\"1647\" data-end=\"1656\">\u041f\u0440\u0438\u043c\u0435\u0447\u0430\u043d\u0438\u0435:<\/strong> yaln\u0131z pre-ruminant buzovlar, quzular v\u0259 balaca ke\u00e7il\u0259r \u00fc\u00e7\u00fcn uy\u011fundur.<\/p>\n<hr data-start=\"1729\" data-end=\"1732\" \/>\n<h2 data-start=\"1734\" data-end=\"1780\"><strong data-start=\"1737\" data-end=\"1780\">\u00c7\u0131xar\u0131lma m\u00fcdd\u0259tl\u0259ri (Withdrawal times)<\/strong><\/h2>\n<ul data-start=\"1781\" data-end=\"1864\">\n<li data-start=\"1781\" data-end=\"1864\">\n<p data-start=\"1783\" data-end=\"1793\">\u0414\u043b\u044f \u043c\u044f\u0441\u0430:<\/p>\n<ul data-start=\"1796\" data-end=\"1864\">\n<li data-start=\"1796\" data-end=\"1844\">\n<p data-start=\"1798\" data-end=\"1844\">Buzovlar, qoyunlar, ke\u00e7il\u0259r, donuzlar: 8 g\u00fcn<\/p>\n<\/li>\n<li data-start=\"1847\" data-end=\"1864\">\n<p data-start=\"1849\" data-end=\"1864\">Qu\u015flar: 3 g\u00fcn<\/p>\n<\/li>\n<\/ul>\n<\/li>\n<\/ul>\n<p data-start=\"1866\" data-end=\"1935\"><strong data-start=\"1866\" data-end=\"1875\">\u041f\u0440\u0438\u043c\u0435\u0447\u0430\u043d\u0438\u0435:<\/strong> Yumurtlayan qu\u015flarda insan istehlak\u0131 \u00fc\u00e7\u00fcn istifad\u0259 edilmir.<\/p>\n<hr data-start=\"1937\" data-end=\"1940\" \/>\n<h2 data-start=\"1942\" data-end=\"1960\"><strong data-start=\"1945\" data-end=\"1960\">\u0423\u043f\u0430\u043a\u043e\u0432\u043a\u0430<\/strong><\/h2>\n<ul data-start=\"1961\" data-end=\"2000\">\n<li data-start=\"1961\" data-end=\"1981\">\n<p data-start=\"1963\" data-end=\"1981\">100 g-l\u0131q sachet<\/p>\n<\/li>\n<li data-start=\"1982\" data-end=\"2000\">\n<p data-start=\"1984\" data-end=\"2000\">1000 g-l\u0131q banka<\/p>\n<\/li>\n<\/ul>\n<\/div>\n<p><!-- .vgblk-rw-wrapper --><\/p>","protected":false},"excerpt":{"rendered":"<p>Biocillin\u2011200 WS Amoksisillin 20% \u2013 Suya H\u0259ll Olan Toz T\u0259rkibi H\u0259r 1 qram tozda: Amoksisillin trihidrat \u2013 200 mg M\u0259hsul T\u0259sviri Amoksisillin \u2013 geni\u015f spektrli, yar\u0131 sintetik penisillin qrupuna aid antibiotikdir.Bakterisid t\u0259sir g\u00f6st\u0259rir v\u0259 h\u0259m Gram-m\u00fcsb\u0259t, h\u0259m d\u0259 Gram-m\u0259nfi bakteriyalara qar\u015f\u0131 aktivdir.\u018fhat\u0259 dair\u0259si: Campylobacter spp., Clostridium spp., Corynebacterium spp., E. coli, Erysipelothrix spp., Haemophilus spp.,&#8230;<\/p>","protected":false},"featured_media":990489,"comment_status":"open","ping_status":"closed","template":"","meta":{"nf_dc_page":"","_monsterinsights_skip_tracking":false,"_monsterinsights_sitenote_active":false,"_monsterinsights_sitenote_note":"","_monsterinsights_sitenote_category":0},"product_brand":[],"product_cat":[251,233,108,160,114],"product_tag":[],"class_list":{"0":"post-990488","1":"product","2":"type-product","3":"status-publish","4":"has-post-thumbnail","6":"product_cat-veterinary-products","7":"product_cat-antibiotics","8":"product_cat-cow","9":"product_cat-nutrients","10":"product_cat-sheep","12":"first","13":"instock","14":"shipping-taxable","15":"product-type-simple"},"jetpack_sharing_enabled":true,"_links":{"self":[{"href":"https:\/\/agrovetazerbaijan.az\/ru\/wp-json\/wp\/v2\/product\/990488","targetHints":{"allow":["GET"]}}],"collection":[{"href":"https:\/\/agrovetazerbaijan.az\/ru\/wp-json\/wp\/v2\/product"}],"about":[{"href":"https:\/\/agrovetazerbaijan.az\/ru\/wp-json\/wp\/v2\/types\/product"}],"replies":[{"embeddable":true,"href":"https:\/\/agrovetazerbaijan.az\/ru\/wp-json\/wp\/v2\/comments?post=990488"}],"version-history":[{"count":1,"href":"https:\/\/agrovetazerbaijan.az\/ru\/wp-json\/wp\/v2\/product\/990488\/revisions"}],"predecessor-version":[{"id":990490,"href":"https:\/\/agrovetazerbaijan.az\/ru\/wp-json\/wp\/v2\/product\/990488\/revisions\/990490"}],"wp:featuredmedia":[{"embeddable":true,"href":"https:\/\/agrovetazerbaijan.az\/ru\/wp-json\/wp\/v2\/media\/990489"}],"wp:attachment":[{"href":"https:\/\/agrovetazerbaijan.az\/ru\/wp-json\/wp\/v2\/media?parent=990488"}],"wp:term":[{"taxonomy":"product_brand","embeddable":true,"href":"https:\/\/agrovetazerbaijan.az\/ru\/wp-json\/wp\/v2\/product_brand?post=990488"},{"taxonomy":"product_cat","embeddable":true,"href":"https:\/\/agrovetazerbaijan.az\/ru\/wp-json\/wp\/v2\/product_cat?post=990488"},{"taxonomy":"product_tag","embeddable":true,"href":"https:\/\/agrovetazerbaijan.az\/ru\/wp-json\/wp\/v2\/product_tag?post=990488"}],"curies":[{"name":"WP","href":"https:\/\/api.w.org\/{rel}","templated":true}]}}