{"id":990485,"date":"2025-12-01T01:44:24","date_gmt":"2025-12-01T01:44:24","guid":{"rendered":"https:\/\/agrovetazerbaijan.az\/?post_type=product&#038;p=990485"},"modified":"2025-12-01T01:44:36","modified_gmt":"2025-12-01T01:44:36","slug":"hi-cal","status":"publish","type":"product","link":"https:\/\/agrovetazerbaijan.az\/ru\/product\/hi-cal\/","title":{"rendered":"HI-CAL"},"content":{"rendered":"<div class=\"vgblk-rw-wrapper limit-wrapper\">\n<h1 data-start=\"115\" data-end=\"164\"><strong data-start=\"117\" data-end=\"164\">HI-CAL \u2013 G\u00fccl\u00fc K\u00f6p\u00fckl\u0259n\u0259n Tur\u015fu T\u0259mizl\u0259yici<\/strong><\/h1>\n<h2 data-start=\"166\" data-end=\"187\"><strong data-start=\"169\" data-end=\"187\">M\u018fHSUL T\u018fSV\u0130R\u0130<\/strong><\/h2>\n<p data-start=\"189\" data-end=\"405\"><strong data-start=\"189\" data-end=\"199\">HI-CAL<\/strong> \u2013 g\u00fccl\u00fc k\u00f6p\u00fckl\u0259nm\u0259 x\u00fcsusiyy\u0259tin\u0259 malik tur\u015fu \u0259sasl\u0131 t\u0259mizl\u0259yici vasit\u0259dir.<br data-start=\"274\" data-end=\"277\" \/>Kire\u00e7 (kalsium \u00e7\u00f6k\u00fcnt\u00fcs\u00fc), z\u00fclal qal\u0131qlar\u0131 v\u0259 d\u0259mir \u00e7\u00f6k\u00fcnt\u00fcl\u0259rinin s\u0259thd\u0259n effektiv \u015f\u0259kild\u0259 t\u0259mizl\u0259nm\u0259si \u00fc\u00e7\u00fcn n\u0259z\u0259rd\u0259 tutulub.<\/p>\n<p data-start=\"407\" data-end=\"464\">M\u0259hsul s\u0259thl\u0259ri <strong data-start=\"423\" data-end=\"454\">yenid\u0259n parlaq v\u0259 yeni kimi<\/strong> \u0448\u043e\u0443.<\/p>\n<hr data-start=\"466\" data-end=\"469\" \/>\n<h2 data-start=\"471\" data-end=\"491\"><strong data-start=\"474\" data-end=\"491\">X\u00dcSUS\u0130YY\u018fTL\u018fR<\/strong><\/h2>\n<p data-start=\"493\" data-end=\"504\"><strong data-start=\"493\" data-end=\"504\">HI-CAL:<\/strong><\/p>\n<ul data-start=\"505\" data-end=\"633\">\n<li data-start=\"505\" data-end=\"542\">\n<p data-start=\"507\" data-end=\"542\">Z\u00fclal qal\u0131qlar\u0131n\u0131 aradan qald\u0131r\u0131r<\/p>\n<\/li>\n<li data-start=\"543\" data-end=\"586\">\n<p data-start=\"545\" data-end=\"586\">Kalsium \u00e7\u00f6k\u00fcnt\u00fcl\u0259rini (scale) m\u0259hv edir<\/p>\n<\/li>\n<li data-start=\"587\" data-end=\"633\">\n<p data-start=\"589\" data-end=\"633\">S\u0259thl\u0259rin orijinal parlaql\u0131\u011f\u0131n\u0131 b\u0259rpa edir<\/p>\n<\/li>\n<\/ul>\n<hr data-start=\"635\" data-end=\"638\" \/>\n<h2 data-start=\"640\" data-end=\"665\"><strong data-start=\"643\" data-end=\"665\">\u0130ST\u0130FAD\u018f QAYDALARI<\/strong><\/h2>\n<ul data-start=\"667\" data-end=\"868\">\n<li data-start=\"667\" data-end=\"726\">\n<p data-start=\"669\" data-end=\"726\">HI-CAL m\u0259hlulunu <strong data-start=\"686\" data-end=\"697\">1% \u2013 5%<\/strong> konsentrasiyada haz\u0131rlay\u0131n<\/p>\n<\/li>\n<li data-start=\"727\" data-end=\"788\">\n<p data-start=\"729\" data-end=\"788\">M\u0259hsulu <strong data-start=\"737\" data-end=\"774\">s\u0259thin a\u015fa\u011f\u0131s\u0131ndan yuxar\u0131ya do\u011fru<\/strong> t\u0259tbiq edin<\/p>\n<\/li>\n<li data-start=\"789\" data-end=\"821\">\n<p data-start=\"791\" data-end=\"821\"><strong data-start=\"791\" data-end=\"809\">T\u0259sir m\u00fcdd\u0259ti:<\/strong> 10 d\u0259qiq\u0259<\/p>\n<\/li>\n<li data-start=\"822\" data-end=\"868\">\n<p data-start=\"824\" data-end=\"868\">Sonra s\u0259thi bol <strong data-start=\"840\" data-end=\"866\">t\u0259miz su il\u0259 yaxalay\u0131n<\/strong><\/p>\n<\/li>\n<\/ul>\n<hr data-start=\"870\" data-end=\"873\" \/>\n<h2 data-start=\"875\" data-end=\"903\"><strong data-start=\"878\" data-end=\"903\">TEXN\u0130K\u0130 X\u00dcSUS\u0130YY\u018fTL\u018fR<\/strong><\/h2>\n<ul data-start=\"905\" data-end=\"1024\">\n<li data-start=\"905\" data-end=\"938\">\n<p data-start=\"907\" data-end=\"938\">G\u00f6r\u00fcn\u00fc\u015f: r\u0259ngsiz, \u015f\u0259ffaf maye<\/p>\n<\/li>\n<li data-start=\"939\" data-end=\"966\">\n<p data-start=\"941\" data-end=\"966\">pH (1% m\u0259hlul): <strong data-start=\"957\" data-end=\"964\">2.2<\/strong><\/p>\n<\/li>\n<li data-start=\"967\" data-end=\"993\">\n<p data-start=\"969\" data-end=\"993\">S\u0131xl\u0131q: <strong data-start=\"977\" data-end=\"991\">1.220 kg\/l<\/strong><\/p>\n<\/li>\n<li data-start=\"994\" data-end=\"1024\">\n<p data-start=\"996\" data-end=\"1024\">Donma temperaturu: <strong data-start=\"1015\" data-end=\"1024\">-10\u00b0C<\/strong><\/p>\n<\/li>\n<\/ul>\n<p data-start=\"1026\" data-end=\"1065\"><strong data-start=\"1026\" data-end=\"1035\">MSDS:<\/strong> t\u0259l\u0259b \u0259sas\u0131nda t\u0259qdim edilir.<\/p>\n<hr data-start=\"1067\" data-end=\"1070\" \/>\n<h2 data-start=\"1072\" data-end=\"1086\"><strong data-start=\"1075\" data-end=\"1086\">QABLAMA<\/strong><\/h2>\n<p data-start=\"1088\" data-end=\"1135\"><strong data-start=\"1088\" data-end=\"1098\">HI-CAL<\/strong> \u2014 12 kq-l\u0131q qabla\u015fd\u0131rmada m\u00f6vcuddur.<\/p>\n<\/div>\n<p><!-- .vgblk-rw-wrapper --><\/p>","protected":false},"excerpt":{"rendered":"<p>HI-CAL \u2013 G\u00fccl\u00fc K\u00f6p\u00fckl\u0259n\u0259n Tur\u015fu T\u0259mizl\u0259yici M\u018fHSUL T\u018fSV\u0130R\u0130 HI-CAL \u2013 g\u00fccl\u00fc k\u00f6p\u00fckl\u0259nm\u0259 x\u00fcsusiyy\u0259tin\u0259 malik tur\u015fu \u0259sasl\u0131 t\u0259mizl\u0259yici vasit\u0259dir.Kire\u00e7 (kalsium \u00e7\u00f6k\u00fcnt\u00fcs\u00fc), z\u00fclal qal\u0131qlar\u0131 v\u0259 d\u0259mir \u00e7\u00f6k\u00fcnt\u00fcl\u0259rinin s\u0259thd\u0259n effektiv \u015f\u0259kild\u0259 t\u0259mizl\u0259nm\u0259si \u00fc\u00e7\u00fcn n\u0259z\u0259rd\u0259 tutulub. M\u0259hsul s\u0259thl\u0259ri yenid\u0259n parlaq v\u0259 yeni kimi g\u00f6st\u0259rir. X\u00dcSUS\u0130YY\u018fTL\u018fR HI-CAL: Z\u00fclal qal\u0131qlar\u0131n\u0131 aradan qald\u0131r\u0131r Kalsium \u00e7\u00f6k\u00fcnt\u00fcl\u0259rini (scale) m\u0259hv edir S\u0259thl\u0259rin orijinal parlaql\u0131\u011f\u0131n\u0131 b\u0259rpa&#8230;<\/p>","protected":false},"featured_media":990486,"comment_status":"open","ping_status":"closed","template":"","meta":{"nf_dc_page":"","_monsterinsights_skip_tracking":false,"_monsterinsights_sitenote_active":false,"_monsterinsights_sitenote_note":"","_monsterinsights_sitenote_category":0},"product_brand":[],"product_cat":[251,147],"product_tag":[],"class_list":{"0":"post-990485","1":"product","2":"type-product","3":"status-publish","4":"has-post-thumbnail","6":"product_cat-veterinary-products","7":"product_cat-disinfectants","9":"first","10":"instock","11":"shipping-taxable","12":"product-type-simple"},"jetpack_sharing_enabled":true,"_links":{"self":[{"href":"https:\/\/agrovetazerbaijan.az\/ru\/wp-json\/wp\/v2\/product\/990485","targetHints":{"allow":["GET"]}}],"collection":[{"href":"https:\/\/agrovetazerbaijan.az\/ru\/wp-json\/wp\/v2\/product"}],"about":[{"href":"https:\/\/agrovetazerbaijan.az\/ru\/wp-json\/wp\/v2\/types\/product"}],"replies":[{"embeddable":true,"href":"https:\/\/agrovetazerbaijan.az\/ru\/wp-json\/wp\/v2\/comments?post=990485"}],"version-history":[{"count":1,"href":"https:\/\/agrovetazerbaijan.az\/ru\/wp-json\/wp\/v2\/product\/990485\/revisions"}],"predecessor-version":[{"id":990487,"href":"https:\/\/agrovetazerbaijan.az\/ru\/wp-json\/wp\/v2\/product\/990485\/revisions\/990487"}],"wp:featuredmedia":[{"embeddable":true,"href":"https:\/\/agrovetazerbaijan.az\/ru\/wp-json\/wp\/v2\/media\/990486"}],"wp:attachment":[{"href":"https:\/\/agrovetazerbaijan.az\/ru\/wp-json\/wp\/v2\/media?parent=990485"}],"wp:term":[{"taxonomy":"product_brand","embeddable":true,"href":"https:\/\/agrovetazerbaijan.az\/ru\/wp-json\/wp\/v2\/product_brand?post=990485"},{"taxonomy":"product_cat","embeddable":true,"href":"https:\/\/agrovetazerbaijan.az\/ru\/wp-json\/wp\/v2\/product_cat?post=990485"},{"taxonomy":"product_tag","embeddable":true,"href":"https:\/\/agrovetazerbaijan.az\/ru\/wp-json\/wp\/v2\/product_tag?post=990485"}],"curies":[{"name":"WP","href":"https:\/\/api.w.org\/{rel}","templated":true}]}}