{"id":990482,"date":"2025-12-01T01:42:52","date_gmt":"2025-12-01T01:42:52","guid":{"rendered":"https:\/\/agrovetazerbaijan.az\/?post_type=product&#038;p=990482"},"modified":"2025-12-01T01:43:03","modified_gmt":"2025-12-01T01:43:03","slug":"hi-7","status":"publish","type":"product","link":"https:\/\/agrovetazerbaijan.az\/ru\/product\/hi-7\/","title":{"rendered":"HI 7"},"content":{"rendered":"<div class=\"vgblk-rw-wrapper limit-wrapper\">\n<h1 data-start=\"198\" data-end=\"241\"><strong data-start=\"200\" data-end=\"239\">HI-7 \u2013 Pe\u015f\u0259kar Dezinfeksiya M\u0259hsulu<\/strong><\/h1>\n<p data-start=\"242\" data-end=\"346\"><strong data-start=\"242\" data-end=\"346\">Qu\u015f\u00e7uluq, Donuz\u00e7uluq, \u0130ribuynuzlu Heyvandarl\u0131q Fermalar\u0131, \u0130nkubatorlar v\u0259 \u018ft Emal\u0131 M\u00fc\u0259ssis\u0259l\u0259ri \u00fc\u00e7\u00fcn<\/strong><\/p>\n<hr data-start=\"348\" data-end=\"351\" \/>\n<h2 data-start=\"353\" data-end=\"374\"><strong data-start=\"356\" data-end=\"374\">M\u018fHSUL T\u018fSV\u0130R\u0130<\/strong><\/h2>\n<p data-start=\"376\" data-end=\"592\"><strong data-start=\"376\" data-end=\"384\">HI-7<\/strong>, qu\u015f\u00e7uluq, donuz\u00e7uluq v\u0259 iribuynuzlu heyvandarl\u0131q sah\u0259l\u0259rind\u0259, inkubasiya m\u0259nt\u0259q\u0259l\u0259rind\u0259, k\u0259simxanalarda, \u0259t par\u00e7alama v\u0259 emal m\u00fc\u0259ssis\u0259l\u0259rind\u0259 y\u00fcks\u0259k effektivlikl\u0259 istifad\u0259 edil\u0259n dezinfeksiya vasit\u0259sidir.<\/p>\n<p data-start=\"594\" data-end=\"766\">Bundan \u0259lav\u0259, m\u0259hsul s\u00fcd sa\u011f\u0131m avadanl\u0131qlar\u0131n\u0131n, soyutma panell\u0259rinin, n\u0259qliyyat vasit\u0259l\u0259rinin, i\u015f al\u0259tl\u0259rinin v\u0259 dig\u0259r t\u0259s\u0259rr\u00fcfat s\u0259thl\u0259rinin dezinfeksiyas\u0131 \u00fc\u00e7\u00fcn uy\u011fundur.<\/p>\n<p data-start=\"768\" data-end=\"900\"><strong data-start=\"768\" data-end=\"824\">HI-7 bakterisid, fungisid v\u0259 vir\u00fcsid t\u0259sir\u0259 malikdir<\/strong> v\u0259 a\u015fa\u011f\u0131 konsentrasiyada bel\u0259 mikroorqanizml\u0259r\u0259 qar\u015f\u0131 g\u00fccl\u00fc t\u0259sir g\u00f6st\u0259rir.<\/p>\n<p data-start=\"902\" data-end=\"1005\"><strong data-start=\"902\" data-end=\"925\">Bel\u00e7ika qeydiyyat\u0131:<\/strong> <em data-start=\"926\" data-end=\"933\">7608B<\/em><br data-start=\"933\" data-end=\"936\" \/>\u0130stifad\u0259d\u0259n \u0259vv\u0259l etiket v\u0259 m\u0259hsul haqq\u0131nda m\u0259lumat\u0131 diqq\u0259tl\u0259 oxuyun.<\/p>\n<hr data-start=\"1007\" data-end=\"1010\" \/>\n<h2 data-start=\"1012\" data-end=\"1033\"><strong data-start=\"1015\" data-end=\"1033\">X\u00dcSUS\u0130YY\u018fTL\u018fR\u0130<\/strong><\/h2>\n<ul data-start=\"1035\" data-end=\"1391\">\n<li data-start=\"1035\" data-end=\"1104\">\n<p data-start=\"1037\" data-end=\"1104\"><strong data-start=\"1037\" data-end=\"1054\">S\u00fcr\u0259tli t\u0259sir<\/strong> g\u00f6st\u0259rir v\u0259 <strong data-start=\"1067\" data-end=\"1093\">uzunm\u00fcdd\u0259tli aktivliy\u0259<\/strong> malikdir<\/p>\n<\/li>\n<li data-start=\"1105\" data-end=\"1149\">\n<p data-start=\"1107\" data-end=\"1149\">T\u0259rkibin <strong data-start=\"1116\" data-end=\"1147\">90%-i bioloji par\u00e7alanand\u0131r<\/strong><\/p>\n<\/li>\n<li data-start=\"1150\" data-end=\"1213\">\n<p data-start=\"1152\" data-end=\"1213\">X\u00fcsusi komponentl\u0259r say\u0259sind\u0259 <strong data-start=\"1182\" data-end=\"1211\">s\u0259th g\u0259rginliyini azald\u0131r<\/strong><\/p>\n<\/li>\n<li data-start=\"1214\" data-end=\"1266\">\n<p data-start=\"1216\" data-end=\"1266\"><strong data-start=\"1216\" data-end=\"1264\">S\u0259rt suda bel\u0259 tam funksionall\u0131\u011f\u0131n\u0131 saxlay\u0131r<\/strong><\/p>\n<\/li>\n<li data-start=\"1267\" data-end=\"1328\">\n<p data-start=\"1269\" data-end=\"1328\"><strong data-start=\"1269\" data-end=\"1326\">Dumanlama (fogging) cihazlar\u0131 il\u0259 istifad\u0259y\u0259 uy\u011fundur<\/strong><\/p>\n<\/li>\n<li data-start=\"1329\" data-end=\"1391\">\n<p data-start=\"1331\" data-end=\"1391\"><strong data-start=\"1331\" data-end=\"1369\">Dezinfeksiya vannalar\u0131 (boot dips)<\/strong> \u00fc\u00e7\u00fcn ideal se\u00e7imdir<\/p>\n<\/li>\n<\/ul>\n<hr data-start=\"1393\" data-end=\"1396\" \/>\n<h2 data-start=\"1398\" data-end=\"1423\"><strong data-start=\"1401\" data-end=\"1423\">\u0130ST\u0130FAD\u018f QAYDALARI<\/strong><\/h2>\n<ol data-start=\"1425\" data-end=\"1533\">\n<li data-start=\"1425\" data-end=\"1479\">\n<p data-start=\"1428\" data-end=\"1479\">B\u00fct\u00fcn s\u0259thl\u0259ri \u0259vv\u0259lc\u0259 <strong data-start=\"1451\" data-end=\"1461\">HI-NET<\/strong> il\u0259 t\u0259mizl\u0259yin.<\/p>\n<\/li>\n<li data-start=\"1480\" data-end=\"1533\">\n<p data-start=\"1483\" data-end=\"1533\">Daha sonra dezinfeksiya \u00fc\u00e7\u00fcn <strong data-start=\"1512\" data-end=\"1520\">HI-7<\/strong> t\u0259tbiq edin.<\/p>\n<\/li>\n<\/ol>\n<h3 data-start=\"1535\" data-end=\"1578\"><strong data-start=\"1539\" data-end=\"1578\">T\u00f6vsiy\u0259 edil\u0259n durultma nisb\u0259tl\u0259ri:<\/strong><\/h3>\n<ul data-start=\"1579\" data-end=\"1698\">\n<li data-start=\"1579\" data-end=\"1619\">\n<p data-start=\"1581\" data-end=\"1619\"><strong data-start=\"1581\" data-end=\"1604\">\u00dcmumi dezinfeksiya:<\/strong> 0,25% \u2013 0,5%<\/p>\n<\/li>\n<li data-start=\"1620\" data-end=\"1698\">\n<p data-start=\"1622\" data-end=\"1698\"><strong data-start=\"1622\" data-end=\"1649\">\u00c7\u0259tin v\u0259 x\u00fcsusi hallar:<\/strong> konsentrasiyan\u0131 ikiqat art\u0131rmaq t\u00f6vsiy\u0259 edilir<\/p>\n<\/li>\n<\/ul>\n<h3 data-start=\"1700\" data-end=\"1724\"><strong data-start=\"1704\" data-end=\"1724\">T\u0259tbiq \u00fcsullar\u0131:<\/strong><\/h3>\n<ul data-start=\"1725\" data-end=\"1790\">\n<li data-start=\"1725\" data-end=\"1738\">\n<p data-start=\"1727\" data-end=\"1738\">Spreyl\u0259m\u0259<\/p>\n<\/li>\n<li data-start=\"1739\" data-end=\"1766\">\n<p data-start=\"1741\" data-end=\"1766\">K\u00f6p\u00fck t\u0259tbiqi (foaming)<\/p>\n<\/li>\n<li data-start=\"1767\" data-end=\"1790\">\n<p data-start=\"1769\" data-end=\"1790\">Dumanlama (fogging)<\/p>\n<\/li>\n<\/ul>\n<hr data-start=\"1792\" data-end=\"1795\" \/>\n<h2 data-start=\"1797\" data-end=\"1818\"><strong data-start=\"1800\" data-end=\"1818\">TEXN\u0130K\u0130 T\u018fRK\u0130B<\/strong><\/h2>\n<h3 data-start=\"1820\" data-end=\"1859\"><strong data-start=\"1824\" data-end=\"1859\">Kvaternar ammonium birl\u0259\u015fm\u0259l\u0259ri<\/strong><\/h3>\n<ul data-start=\"1860\" data-end=\"1955\">\n<li data-start=\"1860\" data-end=\"1909\">\n<p data-start=\"1862\" data-end=\"1909\">Alkyldimethylbenzylammonium chloride \u2014 80 g\/l<\/p>\n<\/li>\n<li data-start=\"1910\" data-end=\"1955\">\n<p data-start=\"1912\" data-end=\"1955\">Didecyldimethylammonium chloride \u2014 15 g\/l<\/p>\n<\/li>\n<\/ul>\n<h3 data-start=\"1957\" data-end=\"1975\"><strong data-start=\"1961\" data-end=\"1975\">Alkoqollar<\/strong><\/h3>\n<ul data-start=\"1976\" data-end=\"2000\">\n<li data-start=\"1976\" data-end=\"2000\">\n<p data-start=\"1978\" data-end=\"2000\">\u0130zopropanol \u2014 42 g\/l<\/p>\n<\/li>\n<\/ul>\n<h3 data-start=\"2002\" data-end=\"2030\"><strong data-start=\"2006\" data-end=\"2030\">Terpentin t\u00f6r\u0259m\u0259l\u0259ri<\/strong><\/h3>\n<ul data-start=\"2031\" data-end=\"2063\">\n<li data-start=\"2031\" data-end=\"2063\">\n<p data-start=\"2033\" data-end=\"2063\">\u015eam ya\u011f\u0131 (Pine-Oil) \u2014 20 g\/l<\/p>\n<\/li>\n<\/ul>\n<h3 data-start=\"2065\" data-end=\"2083\"><strong data-start=\"2069\" data-end=\"2083\">Aldehidl\u0259r<\/strong><\/h3>\n<ul data-start=\"2084\" data-end=\"2156\">\n<li data-start=\"2084\" data-end=\"2104\">\n<p data-start=\"2086\" data-end=\"2104\">Qloksal \u2014 35 g\/l<\/p>\n<\/li>\n<li data-start=\"2105\" data-end=\"2131\">\n<p data-start=\"2107\" data-end=\"2131\">Qlutaraldehid \u2014 20 g\/l<\/p>\n<\/li>\n<li data-start=\"2132\" data-end=\"2156\">\n<p data-start=\"2134\" data-end=\"2156\">Formaldehid \u2014 65 g\/l<\/p>\n<\/li>\n<\/ul>\n<p data-start=\"2158\" data-end=\"2197\"><strong data-start=\"2158\" data-end=\"2167\">MSDS:<\/strong> t\u0259l\u0259b \u0259sas\u0131nda t\u0259qdim edilir.<\/p>\n<hr data-start=\"2199\" data-end=\"2202\" \/>\n<h2 data-start=\"2204\" data-end=\"2218\"><strong data-start=\"2207\" data-end=\"2218\">QABLAMA<\/strong><\/h2>\n<p data-start=\"2220\" data-end=\"2274\"><strong data-start=\"2220\" data-end=\"2228\">HI-7<\/strong>, (4 \u00d7) <strong data-start=\"2236\" data-end=\"2248\">5 kq-l\u0131q<\/strong> konteynerl\u0259rd\u0259 m\u00f6vcuddur.<\/p>\n<\/div>\n<p><!-- .vgblk-rw-wrapper --><\/p>","protected":false},"excerpt":{"rendered":"<p>HI-7 \u2013 Pe\u015f\u0259kar Dezinfeksiya M\u0259hsulu Qu\u015f\u00e7uluq, Donuz\u00e7uluq, \u0130ribuynuzlu Heyvandarl\u0131q Fermalar\u0131, \u0130nkubatorlar v\u0259 \u018ft Emal\u0131 M\u00fc\u0259ssis\u0259l\u0259ri \u00fc\u00e7\u00fcn M\u018fHSUL T\u018fSV\u0130R\u0130 HI-7, qu\u015f\u00e7uluq, donuz\u00e7uluq v\u0259 iribuynuzlu heyvandarl\u0131q sah\u0259l\u0259rind\u0259, inkubasiya m\u0259nt\u0259q\u0259l\u0259rind\u0259, k\u0259simxanalarda, \u0259t par\u00e7alama v\u0259 emal m\u00fc\u0259ssis\u0259l\u0259rind\u0259 y\u00fcks\u0259k effektivlikl\u0259 istifad\u0259 edil\u0259n dezinfeksiya vasit\u0259sidir. Bundan \u0259lav\u0259, m\u0259hsul s\u00fcd sa\u011f\u0131m avadanl\u0131qlar\u0131n\u0131n, soyutma panell\u0259rinin, n\u0259qliyyat vasit\u0259l\u0259rinin, i\u015f al\u0259tl\u0259rinin v\u0259 dig\u0259r t\u0259s\u0259rr\u00fcfat s\u0259thl\u0259rinin&#8230;<\/p>","protected":false},"featured_media":990483,"comment_status":"open","ping_status":"closed","template":"","meta":{"nf_dc_page":"","_monsterinsights_skip_tracking":false,"_monsterinsights_sitenote_active":false,"_monsterinsights_sitenote_note":"","_monsterinsights_sitenote_category":0},"product_brand":[],"product_cat":[251,147],"product_tag":[],"class_list":{"0":"post-990482","1":"product","2":"type-product","3":"status-publish","4":"has-post-thumbnail","6":"product_cat-veterinary-products","7":"product_cat-disinfectants","9":"first","10":"instock","11":"shipping-taxable","12":"product-type-simple"},"jetpack_sharing_enabled":true,"_links":{"self":[{"href":"https:\/\/agrovetazerbaijan.az\/ru\/wp-json\/wp\/v2\/product\/990482","targetHints":{"allow":["GET"]}}],"collection":[{"href":"https:\/\/agrovetazerbaijan.az\/ru\/wp-json\/wp\/v2\/product"}],"about":[{"href":"https:\/\/agrovetazerbaijan.az\/ru\/wp-json\/wp\/v2\/types\/product"}],"replies":[{"embeddable":true,"href":"https:\/\/agrovetazerbaijan.az\/ru\/wp-json\/wp\/v2\/comments?post=990482"}],"version-history":[{"count":1,"href":"https:\/\/agrovetazerbaijan.az\/ru\/wp-json\/wp\/v2\/product\/990482\/revisions"}],"predecessor-version":[{"id":990484,"href":"https:\/\/agrovetazerbaijan.az\/ru\/wp-json\/wp\/v2\/product\/990482\/revisions\/990484"}],"wp:featuredmedia":[{"embeddable":true,"href":"https:\/\/agrovetazerbaijan.az\/ru\/wp-json\/wp\/v2\/media\/990483"}],"wp:attachment":[{"href":"https:\/\/agrovetazerbaijan.az\/ru\/wp-json\/wp\/v2\/media?parent=990482"}],"wp:term":[{"taxonomy":"product_brand","embeddable":true,"href":"https:\/\/agrovetazerbaijan.az\/ru\/wp-json\/wp\/v2\/product_brand?post=990482"},{"taxonomy":"product_cat","embeddable":true,"href":"https:\/\/agrovetazerbaijan.az\/ru\/wp-json\/wp\/v2\/product_cat?post=990482"},{"taxonomy":"product_tag","embeddable":true,"href":"https:\/\/agrovetazerbaijan.az\/ru\/wp-json\/wp\/v2\/product_tag?post=990482"}],"curies":[{"name":"WP","href":"https:\/\/api.w.org\/{rel}","templated":true}]}}