{"id":990467,"date":"2025-12-01T01:32:09","date_gmt":"2025-12-01T01:32:09","guid":{"rendered":"https:\/\/agrovetazerbaijan.az\/?post_type=product&#038;p=990467"},"modified":"2025-12-01T01:32:25","modified_gmt":"2025-12-01T01:32:25","slug":"clostrivax","status":"publish","type":"product","link":"https:\/\/agrovetazerbaijan.az\/ru\/product\/clostrivax\/","title":{"rendered":"CLOSTRIVAX"},"content":{"rendered":"<div class=\"vgblk-rw-wrapper limit-wrapper\">\n<h2 data-start=\"112\" data-end=\"129\"><strong data-start=\"115\" data-end=\"129\">CLOSTRIVAX<\/strong><\/h2>\n<p data-start=\"130\" data-end=\"254\"><strong data-start=\"130\" data-end=\"180\">Clostridium spp. infeksiyalar\u0131na qar\u015f\u0131 peyv\u0259nd<\/strong><br data-start=\"180\" data-end=\"183\" \/>\u0130njeksiya \u00fc\u00e7\u00fcn s\u00fcspensiya \u2013 <strong data-start=\"211\" data-end=\"254\">iri buynuzlu heyvanlar v\u0259 qoyunlar \u00fc\u00e7\u00fcn<\/strong><\/p>\n<hr data-start=\"256\" data-end=\"259\" \/>\n<h2 data-start=\"261\" data-end=\"283\"><strong data-start=\"264\" data-end=\"283\">M\u0259hsul Haqq\u0131nda<\/strong><\/h2>\n<p data-start=\"284\" data-end=\"555\">CLOSTRIVAX \u2013 Clostridium n\u00f6vl\u0259rinin t\u00f6r\u0259tdiyi enterotoksemiya, quzu dizenteriyas\u0131, nekrotik enterit, yum\u015faq b\u00f6yr\u0259k x\u0259st\u0259liyi, infeksion hemoglobinuriya, qaz qanqrenas\u0131, \u015farbonab\u0259nz\u0259r \u00f6dem v\u0259 tetanosa qar\u015f\u0131 qoruma t\u0259min ed\u0259n inaktivasiya olunmu\u015f \u00e7oxkomponentli peyv\u0259nddir.<\/p>\n<hr data-start=\"557\" data-end=\"560\" \/>\n<h2 data-start=\"562\" data-end=\"594\"><strong data-start=\"565\" data-end=\"594\">T\u0259rkibi (3 ml \u2013 bir doza)<\/strong><\/h2>\n<ul data-start=\"595\" data-end=\"1004\">\n<li data-start=\"595\" data-end=\"631\">\n<p data-start=\"597\" data-end=\"631\"><em data-start=\"597\" data-end=\"619\">Clostridium chauvoei<\/em> \u2013 \u2265 30 OU<\/p>\n<\/li>\n<li data-start=\"632\" data-end=\"682\">\n<p data-start=\"634\" data-end=\"682\"><em data-start=\"634\" data-end=\"653\">Clostridium novyi<\/em> B v\u0259 D \u2013 h\u0259r biri \u2265 7.5 OU<\/p>\n<\/li>\n<li data-start=\"683\" data-end=\"721\">\n<p data-start=\"685\" data-end=\"721\"><em data-start=\"685\" data-end=\"695\">C. novyi<\/em> B toxoidi \u2013 \u2265 3.5 IU\/ml<\/p>\n<\/li>\n<li data-start=\"722\" data-end=\"759\">\n<p data-start=\"724\" data-end=\"759\"><em data-start=\"724\" data-end=\"734\">C. novyi<\/em> D toxoidi \u2013 \u2265 10 IU\/ml<\/p>\n<\/li>\n<li data-start=\"760\" data-end=\"803\">\n<p data-start=\"762\" data-end=\"803\"><em data-start=\"762\" data-end=\"778\">C. perfringens<\/em> \u03b2-toxoidi \u2013 \u2265 10 IU\/ml<\/p>\n<\/li>\n<li data-start=\"804\" data-end=\"846\">\n<p data-start=\"806\" data-end=\"846\"><em data-start=\"806\" data-end=\"822\">C. perfringens<\/em> \u03b5-toxoidi \u2013 \u2265 5 IU\/ml<\/p>\n<\/li>\n<li data-start=\"847\" data-end=\"895\">\n<p data-start=\"849\" data-end=\"895\"><em data-start=\"849\" data-end=\"871\">Clostridium septicum<\/em> toxoidi \u2013 \u2265 2.5 IU\/ml<\/p>\n<\/li>\n<li data-start=\"896\" data-end=\"1004\">\n<p data-start=\"898\" data-end=\"1004\"><em data-start=\"898\" data-end=\"918\">Clostridium tetani<\/em> toxoidi \u2013 \u2265 2.5 IU\/ml<br data-start=\"940\" data-end=\"943\" \/><strong data-start=\"943\" data-end=\"956\">Adjuvant:<\/strong> Al\u00fcminium hidroksid<br data-start=\"976\" data-end=\"979\" \/><strong data-start=\"979\" data-end=\"994\">Konservant:<\/strong> Tiomersal<\/p>\n<\/li>\n<\/ul>\n<hr data-start=\"1006\" data-end=\"1009\" \/>\n<h2 data-start=\"1011\" data-end=\"1029\"><strong data-start=\"1014\" data-end=\"1029\">G\u00f6st\u0259ri\u015fl\u0259r<\/strong><\/h2>\n<p data-start=\"1030\" data-end=\"1172\">A\u015fa\u011f\u0131dak\u0131 Clostridium infeksiyalar\u0131na qar\u015f\u0131 immunizasiya:<br data-start=\"1087\" data-end=\"1090\" \/><strong data-start=\"1090\" data-end=\"1172\">C. perfringens (B, C, D), C. novyi (B, D), C. chauvoei, C. septicum, C. tetani<\/strong><\/p>\n<hr data-start=\"1174\" data-end=\"1177\" \/>\n<h2 data-start=\"1179\" data-end=\"1198\"><strong data-start=\"1182\" data-end=\"1198\">H\u0259d\u0259f N\u00f6vl\u0259r<\/strong><\/h2>\n<ul data-start=\"1199\" data-end=\"1238\">\n<li data-start=\"1199\" data-end=\"1225\">\n<p data-start=\"1201\" data-end=\"1225\">\u0130ri buynuzlu heyvanlar<\/p>\n<\/li>\n<li data-start=\"1226\" data-end=\"1238\">\n<p data-start=\"1228\" data-end=\"1238\">\u041e\u0432\u0446\u0430<\/p>\n<\/li>\n<\/ul>\n<hr data-start=\"1240\" data-end=\"1243\" \/>\n<h2 data-start=\"1245\" data-end=\"1285\"><strong data-start=\"1248\" data-end=\"1285\">Dozalanma v\u0259 Vaksinasiya Proqram\u0131<\/strong><\/h2>\n<h3 data-start=\"1286\" data-end=\"1323\"><strong data-start=\"1290\" data-end=\"1309\">\u0130njeksiya yolu:<\/strong> d\u0259rialt\u0131 (SC)<\/h3>\n<h4 data-start=\"1325\" data-end=\"1357\"><strong data-start=\"1330\" data-end=\"1357\">\u0130ri buynuzlu heyvanlar:<\/strong><\/h4>\n<ul data-start=\"1358\" data-end=\"1433\">\n<li data-start=\"1358\" data-end=\"1366\">\n<p data-start=\"1360\" data-end=\"1366\">5 ml<\/p>\n<\/li>\n<li data-start=\"1367\" data-end=\"1393\">\n<p data-start=\"1369\" data-end=\"1393\">4 h\u0259ft\u0259 ara il\u0259 2 doza<\/p>\n<\/li>\n<li data-start=\"1394\" data-end=\"1433\">\n<p data-start=\"1396\" data-end=\"1433\">Sonrak\u0131 revaksinasiya: h\u0259r 6 ayda bir<\/p>\n<\/li>\n<\/ul>\n<h4 data-start=\"1435\" data-end=\"1453\"><strong data-start=\"1440\" data-end=\"1453\">Qoyunlar:<\/strong><\/h4>\n<ul data-start=\"1454\" data-end=\"1764\">\n<li data-start=\"1454\" data-end=\"1462\">\n<p data-start=\"1456\" data-end=\"1462\">3 ml<\/p>\n<\/li>\n<li data-start=\"1463\" data-end=\"1489\">\n<p data-start=\"1465\" data-end=\"1489\">4 h\u0259ft\u0259 ara il\u0259 2 doza<\/p>\n<\/li>\n<li data-start=\"1490\" data-end=\"1543\">\n<p data-start=\"1492\" data-end=\"1543\"><strong data-start=\"1492\" data-end=\"1517\">Qoyunlar (ana qoyun):<\/strong> Do\u011fuma 2\u20134 h\u0259ft\u0259 qalm\u0131\u015f<\/p>\n<\/li>\n<li data-start=\"1544\" data-end=\"1637\">\n<p data-start=\"1546\" data-end=\"1637\"><strong data-start=\"1546\" data-end=\"1584\">Peyv\u0259nd olunmu\u015f analar\u0131n quzular\u0131:<\/strong> 8\u201310-cu h\u0259ft\u0259d\u0259n ba\u015flayaraq 4 h\u0259ft\u0259 ara il\u0259 2 doza<\/p>\n<\/li>\n<li data-start=\"1638\" data-end=\"1732\">\n<p data-start=\"1640\" data-end=\"1732\"><strong data-start=\"1640\" data-end=\"1680\">Peyv\u0259nd olunmam\u0131\u015f analar\u0131n quzular\u0131:<\/strong> 2\u20133-c\u00fc h\u0259ft\u0259d\u0259n ba\u015flayaraq 4 h\u0259ft\u0259 ara il\u0259 2 doza<\/p>\n<\/li>\n<li data-start=\"1733\" data-end=\"1764\">\n<p data-start=\"1735\" data-end=\"1764\">Revaksinasiya: h\u0259r 6 ayda bir<\/p>\n<\/li>\n<\/ul>\n<hr data-start=\"1766\" data-end=\"1769\" \/>\n<h2 data-start=\"1771\" data-end=\"1796\"><strong data-start=\"1774\" data-end=\"1796\">\u0130stifad\u0259 Qaydalar\u0131<\/strong><\/h2>\n<ul data-start=\"1797\" data-end=\"2042\">\n<li data-start=\"1797\" data-end=\"1840\">\n<p data-start=\"1799\" data-end=\"1840\">\u0130njeksiya yeri dezinfeksiya edilm\u0259lidir<\/p>\n<\/li>\n<li data-start=\"1841\" data-end=\"1892\">\n<p data-start=\"1843\" data-end=\"1892\">Steril \u015fprisl\u0259r v\u0259 iyn\u0259l\u0259r istifad\u0259 olunmal\u0131d\u0131r<\/p>\n<\/li>\n<li data-start=\"1893\" data-end=\"1977\">\n<p data-start=\"1895\" data-end=\"1977\">Peyv\u0259nd istifad\u0259d\u0259n \u0259vv\u0259l otaq temperaturuna q\u0259d\u0259r isidilm\u0259li v\u0259 \u00e7alxalanmal\u0131d\u0131r<\/p>\n<\/li>\n<li data-start=\"1978\" data-end=\"2042\">\n<p data-start=\"1980\" data-end=\"2042\">Flakon a\u00e7\u0131ld\u0131qdan sonra 24 saat \u0259rzind\u0259 istifad\u0259 olunmal\u0131d\u0131r<\/p>\n<\/li>\n<\/ul>\n<hr data-start=\"2044\" data-end=\"2047\" \/>\n<h2 data-start=\"2049\" data-end=\"2087\"><strong data-start=\"2052\" data-end=\"2087\">\u018fks-G\u00f6st\u0259ri\u015fl\u0259r v\u0259 Yan T\u0259sirl\u0259r<\/strong><\/h2>\n<ul data-start=\"2088\" data-end=\"2267\">\n<li data-start=\"2088\" data-end=\"2118\">\n<p data-start=\"2090\" data-end=\"2118\">X\u00fcsusi \u0259ks-g\u00f6st\u0259ri\u015f yoxdur<\/p>\n<\/li>\n<li data-start=\"2119\" data-end=\"2173\">\n<p data-start=\"2121\" data-end=\"2173\">Nadir hallarda allergik reaksiyalar ba\u015f ver\u0259 bil\u0259r<\/p>\n<\/li>\n<li data-start=\"2174\" data-end=\"2267\">\n<p data-start=\"2176\" data-end=\"2267\">\u0130njeksiya yerind\u0259 \u015fi\u015flik v\u0259 y\u00fcng\u00fcl temperatur art\u0131m\u0131 m\u00fcmk\u00fcnd\u00fcr (15 g\u00fcn \u0259rzind\u0259 ke\u00e7ib gedir)<\/p>\n<\/li>\n<\/ul>\n<hr data-start=\"2269\" data-end=\"2272\" \/>\n<h2 data-start=\"2274\" data-end=\"2297\"><strong data-start=\"2277\" data-end=\"2297\">Saxlama \u015e\u0259rtl\u0259ri<\/strong><\/h2>\n<ul data-start=\"2298\" data-end=\"2395\">\n<li data-start=\"2298\" data-end=\"2333\">\n<p data-start=\"2300\" data-end=\"2333\">2\u00b0C \u2013 8\u00b0C temperaturda saxlay\u0131n<\/p>\n<\/li>\n<li data-start=\"2334\" data-end=\"2349\">\n<p data-start=\"2336\" data-end=\"2349\">Dondurmay\u0131n<\/p>\n<\/li>\n<li data-start=\"2350\" data-end=\"2375\">\n<p data-start=\"2352\" data-end=\"2375\">U\u015faqlardan uzaq tutun<\/p>\n<\/li>\n<li data-start=\"2376\" data-end=\"2395\">\n<p data-start=\"2378\" data-end=\"2395\">\u0130\u015f\u0131qdan qoruyun<\/p>\n<\/li>\n<\/ul>\n<p data-start=\"2397\" data-end=\"2425\"><strong data-start=\"2397\" data-end=\"2419\">\u00c7\u0131xar\u0131lma m\u00fcdd\u0259ti:<\/strong> 0 g\u00fcn<\/p>\n<hr data-start=\"2427\" data-end=\"2430\" \/>\n<h2 data-start=\"2432\" data-end=\"2450\"><strong data-start=\"2435\" data-end=\"2450\">\u0423\u043f\u0430\u043a\u043e\u0432\u043a\u0430<\/strong><\/h2>\n<ul data-start=\"2451\" data-end=\"2503\">\n<li data-start=\"2451\" data-end=\"2503\">\n<p data-start=\"2453\" data-end=\"2503\">100 ml v\u0259 250 ml \u015f\u00fc\u015f\u0259 v\u0259 ya polipropilen flakonlar<\/p>\n<\/li>\n<\/ul>\n<\/div>\n<p><!-- .vgblk-rw-wrapper --><\/p>","protected":false},"excerpt":{"rendered":"<p>CLOSTRIVAX Clostridium spp. infeksiyalar\u0131na qar\u015f\u0131 peyv\u0259nd\u0130njeksiya \u00fc\u00e7\u00fcn s\u00fcspensiya \u2013 iri buynuzlu heyvanlar v\u0259 qoyunlar \u00fc\u00e7\u00fcn M\u0259hsul Haqq\u0131nda CLOSTRIVAX \u2013 Clostridium n\u00f6vl\u0259rinin t\u00f6r\u0259tdiyi enterotoksemiya, quzu dizenteriyas\u0131, nekrotik enterit, yum\u015faq b\u00f6yr\u0259k x\u0259st\u0259liyi, infeksion hemoglobinuriya, qaz qanqrenas\u0131, \u015farbonab\u0259nz\u0259r \u00f6dem v\u0259 tetanosa qar\u015f\u0131 qoruma t\u0259min ed\u0259n inaktivasiya olunmu\u015f \u00e7oxkomponentli peyv\u0259nddir. T\u0259rkibi (3 ml \u2013 bir doza) Clostridium chauvoei \u2013&#8230;<\/p>","protected":false},"featured_media":990468,"comment_status":"open","ping_status":"closed","template":"","meta":{"nf_dc_page":"","_monsterinsights_skip_tracking":false,"_monsterinsights_sitenote_active":false,"_monsterinsights_sitenote_note":"","_monsterinsights_sitenote_category":0},"product_brand":[],"product_cat":[251,233,108],"product_tag":[],"class_list":{"0":"post-990467","1":"product","2":"type-product","3":"status-publish","4":"has-post-thumbnail","6":"product_cat-veterinary-products","7":"product_cat-antibiotics","8":"product_cat-cow","10":"first","11":"instock","12":"shipping-taxable","13":"product-type-simple"},"jetpack_sharing_enabled":true,"_links":{"self":[{"href":"https:\/\/agrovetazerbaijan.az\/ru\/wp-json\/wp\/v2\/product\/990467","targetHints":{"allow":["GET"]}}],"collection":[{"href":"https:\/\/agrovetazerbaijan.az\/ru\/wp-json\/wp\/v2\/product"}],"about":[{"href":"https:\/\/agrovetazerbaijan.az\/ru\/wp-json\/wp\/v2\/types\/product"}],"replies":[{"embeddable":true,"href":"https:\/\/agrovetazerbaijan.az\/ru\/wp-json\/wp\/v2\/comments?post=990467"}],"version-history":[{"count":1,"href":"https:\/\/agrovetazerbaijan.az\/ru\/wp-json\/wp\/v2\/product\/990467\/revisions"}],"predecessor-version":[{"id":990469,"href":"https:\/\/agrovetazerbaijan.az\/ru\/wp-json\/wp\/v2\/product\/990467\/revisions\/990469"}],"wp:featuredmedia":[{"embeddable":true,"href":"https:\/\/agrovetazerbaijan.az\/ru\/wp-json\/wp\/v2\/media\/990468"}],"wp:attachment":[{"href":"https:\/\/agrovetazerbaijan.az\/ru\/wp-json\/wp\/v2\/media?parent=990467"}],"wp:term":[{"taxonomy":"product_brand","embeddable":true,"href":"https:\/\/agrovetazerbaijan.az\/ru\/wp-json\/wp\/v2\/product_brand?post=990467"},{"taxonomy":"product_cat","embeddable":true,"href":"https:\/\/agrovetazerbaijan.az\/ru\/wp-json\/wp\/v2\/product_cat?post=990467"},{"taxonomy":"product_tag","embeddable":true,"href":"https:\/\/agrovetazerbaijan.az\/ru\/wp-json\/wp\/v2\/product_tag?post=990467"}],"curies":[{"name":"WP","href":"https:\/\/api.w.org\/{rel}","templated":true}]}}