{"id":990456,"date":"2025-11-21T00:26:08","date_gmt":"2025-11-21T00:26:08","guid":{"rendered":"https:\/\/agrovetazerbaijan.az\/?post_type=product&#038;p=990456"},"modified":"2025-11-21T00:26:16","modified_gmt":"2025-11-21T00:26:16","slug":"nilzash-s-forte-suspension-2","status":"publish","type":"product","link":"https:\/\/agrovetazerbaijan.az\/ru\/product\/nilzash-s-forte-suspension-2\/","title":{"rendered":"\u041f\u043e\u0434\u0432\u0435\u0441\u043a\u0430 NILZASH S FORTE"},"content":{"rendered":"<div class=\"vgblk-rw-wrapper limit-wrapper\">\n<p data-start=\"104\" data-end=\"179\"><strong data-start=\"104\" data-end=\"179\">NILZASH S FORTE \u2013 S\u00fcspensiya<br data-start=\"134\" data-end=\"137\" \/>(Levamisol HCl 3.0% + Oksiklozanid 6.0%)<\/strong><\/p>\n<hr data-start=\"181\" data-end=\"184\" \/>\n<p data-start=\"186\" data-end=\"381\"><strong data-start=\"186\" data-end=\"198\">\u0421\u041e\u0421\u0422\u0410\u0412:<\/strong><br data-start=\"198\" data-end=\"201\" \/>\u0412 \u043a\u0430\u0436\u0434\u043e\u043c 1 \u043c\u043b:<br data-start=\"213\" data-end=\"216\" \/>\u2022 <strong data-start=\"218\" data-end=\"235\">Levamisol HCl<\/strong> \u2013 30 mq<br data-start=\"243\" data-end=\"246\" \/>\u2022 <strong data-start=\"248\" data-end=\"264\">Oksiklozanid<\/strong> \u2013 60 mq<br data-start=\"272\" data-end=\"275\" \/>\u2022 <strong data-start=\"277\" data-end=\"301\">\u018ftirli \u015f\u0259rb\u0259tli baza<\/strong> \u2013 q.s.<br data-start=\"308\" data-end=\"311\" \/>\u2022 <strong data-start=\"313\" data-end=\"322\">R\u0259ng:<\/strong> T\u0259sdiql\u0259nmi\u015f r\u0259ngl\u0259ndirici<br data-start=\"349\" data-end=\"352\" data-is-only-node=\"\" \/>\u2022 <strong data-start=\"354\" data-end=\"374\">\u0412\u0441\u043f\u043e\u043c\u043e\u0433\u0430\u0442\u0435\u043b\u044c\u043d\u044b\u0435 \u0432\u0435\u0449\u0435\u0441\u0442\u0432\u0430<\/strong> \u2013 q.s.<\/p>\n<hr data-start=\"383\" data-end=\"386\" \/>\n<p data-start=\"388\" data-end=\"558\"><strong data-start=\"388\" data-end=\"404\">\u041f\u041e\u041a\u0410\u0417\u0410\u041d\u0418\u042f:<\/strong><br data-start=\"404\" data-end=\"407\" \/>NILZASH S FORTE iri v\u0259 x\u0131rdabuynuzlu heyvanlarda (mal-qara, qoyun, ke\u00e7i) a\u015fa\u011f\u0131dak\u0131 parazit infeksiyalar\u0131n\u0131n m\u00fcalic\u0259si v\u0259 n\u0259zar\u0259ti \u00fc\u00e7\u00fcn istifad\u0259 olunur:<\/p>\n<p data-start=\"560\" data-end=\"795\">\u2022 Qaraciy\u0259r sormaclar\u0131, yuvarlaq qurdlar v\u0259 a\u011fciy\u0259r qurdlar\u0131<br data-start=\"620\" data-end=\"623\" \/>\u2022 M\u0259d\u0259-ba\u011f\u0131rsaq v\u0259 a\u011fciy\u0259r nematod infeksiyalar\u0131<br data-start=\"671\" data-end=\"674\" \/>\u2022 Xroniki fassioliaz (Fasciola spp.)<br data-start=\"710\" data-end=\"713\" \/>\u2022 Nematodlar\u0131n yetkin v\u0259 inki\u015faf etm\u0259kd\u0259 olan b\u00fct\u00fcn m\u0259rh\u0259l\u0259l\u0259rin\u0259 qar\u015f\u0131 t\u0259sirlidir<\/p>\n<p data-start=\"797\" data-end=\"1210\"><strong data-start=\"797\" data-end=\"829\">T\u0259sir g\u00f6st\u0259rdiyi parazitl\u0259r:<\/strong><br data-start=\"829\" data-end=\"832\" \/>\u2022 <strong data-start=\"834\" data-end=\"863\">M\u0259d\u0259 a\u00e7ar\u0131nda (abomasum):<\/strong> <em data-start=\"864\" data-end=\"906\">Haemonchus, Ostertagia, Trichostrongylus<\/em> n\u00f6vl\u0259ri<br data-start=\"914\" data-end=\"917\" \/>\u2022 <strong data-start=\"919\" data-end=\"937\">Ba\u011f\u0131rsaqlarda:<\/strong> <em data-start=\"938\" data-end=\"1018\">Trichostrongylus, Cooperia, Nematodirus, Oesphagostomum, Chabertia, Bunostomum<\/em> n\u00f6vl\u0259ri<br data-start=\"1026\" data-end=\"1029\" \/>\u2022 <strong data-start=\"1031\" data-end=\"1048\">A\u011fciy\u0259rl\u0259rd\u0259:<\/strong> <em data-start=\"1049\" data-end=\"1063\">\u0414\u0438\u043a\u0442\u0438\u043e\u043a\u0430\u0443\u043b\u0443\u0441<\/em> spp. (mal-qarada <em data-start=\"1081\" data-end=\"1095\">D. viviparus<\/em> s\u00fcrf\u0259l\u0259ri daxil olmaqla)<br data-start=\"1120\" data-end=\"1123\" data-is-only-node=\"\" \/>\u2022 Qaraciy\u0259r \u00f6d yollar\u0131nda olan b\u00fct\u00fcn <em data-start=\"1160\" data-end=\"1170\">Fasciola<\/em> n\u00f6vl\u0259rini effektiv \u015f\u0259kild\u0259 uzaqla\u015fd\u0131r\u0131r<\/p>\n<hr data-start=\"1212\" data-end=\"1215\" \/>\n<p data-start=\"1217\" data-end=\"1348\"><strong data-start=\"1217\" data-end=\"1248\">DOZA V\u018f T\u018fTB\u0130QETM\u018f QAYDASI:<\/strong><br data-start=\"1248\" data-end=\"1251\" \/>\u2022 <strong data-start=\"1253\" data-end=\"1266\">\u041a\u0440\u0443\u043f\u043d\u044b\u0439 \u0440\u043e\u0433\u0430\u0442\u044b\u0439 \u0441\u043a\u043e\u0442:<\/strong> H\u0259r 10 kq canl\u0131 \u00e7\u0259kiy\u0259 2.5 ml<br data-start=\"1296\" data-end=\"1299\" \/>\u2022 <strong data-start=\"1301\" data-end=\"1319\">\u041e\u0432\u0446\u044b \u0438 \u043a\u043e\u0437\u044b:<\/strong> H\u0259r 2 kq canl\u0131 \u00e7\u0259kiy\u0259 0.5 ml<\/p>\n<\/div>\n<p><!-- .vgblk-rw-wrapper --><\/p>","protected":false},"excerpt":{"rendered":"<p>NILZASH S FORTE \u2013 S\u00fcspensiya(Levamisol HCl 3.0% + Oksiklozanid 6.0%) T\u018fRK\u0130B\u0130:H\u0259r 1 ml-d\u0259:\u2022 Levamisol HCl \u2013 30 mq\u2022 Oksiklozanid \u2013 60 mq\u2022 \u018ftirli \u015f\u0259rb\u0259tli baza \u2013 q.s.\u2022 R\u0259ng: T\u0259sdiql\u0259nmi\u015f r\u0259ngl\u0259ndirici\u2022 K\u00f6m\u0259k\u00e7i madd\u0259l\u0259r \u2013 q.s. G\u00d6ST\u018fR\u0130\u015eL\u018fR:NILZASH S FORTE iri v\u0259 x\u0131rdabuynuzlu heyvanlarda (mal-qara, qoyun, ke\u00e7i) a\u015fa\u011f\u0131dak\u0131 parazit infeksiyalar\u0131n\u0131n m\u00fcalic\u0259si v\u0259 n\u0259zar\u0259ti \u00fc\u00e7\u00fcn istifad\u0259 olunur: \u2022 Qaraciy\u0259r&#8230;<\/p>","protected":false},"featured_media":990457,"comment_status":"open","ping_status":"closed","template":"","meta":{"nf_dc_page":"","_monsterinsights_skip_tracking":false,"_monsterinsights_sitenote_active":false,"_monsterinsights_sitenote_note":"","_monsterinsights_sitenote_category":0},"product_brand":[],"product_cat":[251],"product_tag":[],"class_list":{"0":"post-990456","1":"product","2":"type-product","3":"status-publish","4":"has-post-thumbnail","6":"product_cat-veterinary-products","8":"first","9":"instock","10":"shipping-taxable","11":"product-type-simple"},"jetpack_sharing_enabled":true,"_links":{"self":[{"href":"https:\/\/agrovetazerbaijan.az\/ru\/wp-json\/wp\/v2\/product\/990456","targetHints":{"allow":["GET"]}}],"collection":[{"href":"https:\/\/agrovetazerbaijan.az\/ru\/wp-json\/wp\/v2\/product"}],"about":[{"href":"https:\/\/agrovetazerbaijan.az\/ru\/wp-json\/wp\/v2\/types\/product"}],"replies":[{"embeddable":true,"href":"https:\/\/agrovetazerbaijan.az\/ru\/wp-json\/wp\/v2\/comments?post=990456"}],"version-history":[{"count":1,"href":"https:\/\/agrovetazerbaijan.az\/ru\/wp-json\/wp\/v2\/product\/990456\/revisions"}],"predecessor-version":[{"id":990458,"href":"https:\/\/agrovetazerbaijan.az\/ru\/wp-json\/wp\/v2\/product\/990456\/revisions\/990458"}],"wp:featuredmedia":[{"embeddable":true,"href":"https:\/\/agrovetazerbaijan.az\/ru\/wp-json\/wp\/v2\/media\/990457"}],"wp:attachment":[{"href":"https:\/\/agrovetazerbaijan.az\/ru\/wp-json\/wp\/v2\/media?parent=990456"}],"wp:term":[{"taxonomy":"product_brand","embeddable":true,"href":"https:\/\/agrovetazerbaijan.az\/ru\/wp-json\/wp\/v2\/product_brand?post=990456"},{"taxonomy":"product_cat","embeddable":true,"href":"https:\/\/agrovetazerbaijan.az\/ru\/wp-json\/wp\/v2\/product_cat?post=990456"},{"taxonomy":"product_tag","embeddable":true,"href":"https:\/\/agrovetazerbaijan.az\/ru\/wp-json\/wp\/v2\/product_tag?post=990456"}],"curies":[{"name":"WP","href":"https:\/\/api.w.org\/{rel}","templated":true}]}}