{"id":990453,"date":"2025-11-21T00:19:06","date_gmt":"2025-11-21T00:19:06","guid":{"rendered":"https:\/\/agrovetazerbaijan.az\/?post_type=product&#038;p=990453"},"modified":"2025-11-21T00:19:17","modified_gmt":"2025-11-21T00:19:17","slug":"meloxicam-bp","status":"publish","type":"product","link":"https:\/\/agrovetazerbaijan.az\/ru\/product\/meloxicam-bp\/","title":{"rendered":"Meloxicam BP"},"content":{"rendered":"<div class=\"vgblk-rw-wrapper limit-wrapper\">\n<p data-start=\"153\" data-end=\"212\"><strong data-start=\"153\" data-end=\"212\">MELOXICASH \u0130nyeksiya<br data-start=\"175\" data-end=\"178\" \/>(Meloksikam 5 mq\/ml v\u0259 20 mq\/ml)<\/strong><\/p>\n<p data-start=\"214\" data-end=\"299\"><strong data-start=\"214\" data-end=\"226\">\u0421\u041e\u0421\u0422\u0410\u0412:<\/strong><br data-start=\"226\" data-end=\"229\" \/>\u0412 \u043a\u0430\u0436\u0434\u043e\u043c 1 \u043c\u043b:<br data-start=\"241\" data-end=\"244\" \/>\u2022 <strong data-start=\"246\" data-end=\"260\">Meloksikam<\/strong> \u2013 5 mq<br data-start=\"267\" data-end=\"270\" \/>\u2022 <strong data-start=\"272\" data-end=\"292\">\u0412\u0441\u043f\u043e\u043c\u043e\u0433\u0430\u0442\u0435\u043b\u044c\u043d\u044b\u0435 \u0432\u0435\u0449\u0435\u0441\u0442\u0432\u0430<\/strong> \u2013 q.s.<\/p>\n<hr data-start=\"301\" data-end=\"304\" \/>\n<p data-start=\"306\" data-end=\"780\"><strong data-start=\"306\" data-end=\"322\">\u041f\u041e\u041a\u0410\u0417\u0410\u041d\u0418\u042f:<\/strong><br data-start=\"322\" data-end=\"325\" \/>\u2022 \u018fz\u0259l\u0259-skelet sistemi x\u0259st\u0259likl\u0259ri il\u0259 \u0259laq\u0259li iltihab v\u0259 a\u011fr\u0131lar\u0131n azald\u0131lmas\u0131<br data-start=\"405\" data-end=\"408\" \/>\u2022 T\u0259n\u0259ff\u00fcs sistemi x\u0259st\u0259likl\u0259ri, mastit, metrit, laminaitis zaman\u0131 yaranan a\u011fr\u0131 v\u0259 q\u0131zd\u0131rman\u0131n, antibiotik terapiyas\u0131 il\u0259 birg\u0259 aradan qald\u0131r\u0131lmas\u0131<br data-start=\"555\" data-end=\"558\" \/>\u2022 Kastrasiya, buynuzsuzla\u015fd\u0131rma v\u0259 dig\u0259r \u0259m\u0259liyyatlardan sonra \u0259m\u0259liyyatsonras\u0131 a\u011fr\u0131lar\u0131n idar\u0259 olunmas\u0131<br data-start=\"662\" data-end=\"665\" \/>\u2022 Atalarda degenerativ oynaq x\u0259st\u0259likl\u0259ri v\u0259 k\u0259skin kolik hallar\u0131<br data-start=\"730\" data-end=\"733\" \/>\u2022 Toksiki septisemiya il\u0259 m\u00fc\u015fayi\u0259t olunan ishal<\/p>\n<hr data-start=\"782\" data-end=\"785\" \/>\n<p data-start=\"787\" data-end=\"924\"><strong data-start=\"787\" data-end=\"818\">DOZA V\u018f T\u018fTB\u0130QETM\u018f QAYDASI:<\/strong><br data-start=\"818\" data-end=\"821\" \/>D\u0259rman <strong data-start=\"828\" data-end=\"851\">yaln\u0131z IM \/ IV \/ SQ<\/strong> (\u0259z\u0259l\u0259 daxilin\u0259 \/ vena daxilin\u0259 \/ d\u0259rialt\u0131) yollarla t\u0259tbiq olunmal\u0131d\u0131r.<\/p>\n<p data-start=\"926\" data-end=\"1113\">\u2022 <strong data-start=\"928\" data-end=\"967\">\u0130ri buynuzlu heyvanlar v\u0259 cam\u0131\u015flar:<\/strong> 5 \u043c\u043b \u043d\u0430 50 \u043a\u0433 \u0436\u0438\u0432\u043e\u0433\u043e \u0432\u0435\u0441\u0430<br data-start=\"991\" data-end=\"994\" \/>\u2022 <strong data-start=\"996\" data-end=\"1014\">\u041e\u0432\u0446\u044b \u0438 \u043a\u043e\u0437\u044b:<\/strong> 2 \u043c\u043b \u043d\u0430 33 \u043a\u0433 \u0436\u0438\u0432\u043e\u0433\u043e \u0432\u0435\u0441\u0430<br data-start=\"1038\" data-end=\"1041\" \/>\u2022 <strong data-start=\"1043\" data-end=\"1053\">\u0421\u0432\u0438\u043d\u044c\u044f:<\/strong> 4 \u043c\u043b \u043d\u0430 50 \u043a\u0433 \u0436\u0438\u0432\u043e\u0433\u043e \u0432\u0435\u0441\u0430<br data-start=\"1077\" data-end=\"1080\" \/>\u2022 <strong data-start=\"1082\" data-end=\"1089\">\u041b\u043e\u0448\u0430\u0434\u044c:<\/strong> 6 \u043c\u043b \u043d\u0430 50 \u043a\u0433 \u0436\u0438\u0432\u043e\u0433\u043e \u0432\u0435\u0441\u0430<\/p>\n<hr data-start=\"1115\" data-end=\"1118\" \/>\n<p data-start=\"1120\" data-end=\"1168\"><strong data-start=\"1120\" data-end=\"1135\">\u041f\u0440\u043e\u0438\u0437\u0432\u043e\u0434\u0438\u0442\u0435\u043b\u044c:<\/strong> <em data-start=\"1136\" data-end=\"1168\">Ashish Life Science, Hindistan<\/em><\/p>\n<\/div>\n<p><!-- .vgblk-rw-wrapper --><\/p>","protected":false},"excerpt":{"rendered":"<p>MELOXICASH \u0130nyeksiya(Meloksikam 5 mq\/ml v\u0259 20 mq\/ml) T\u018fRK\u0130B\u0130:H\u0259r 1 ml-d\u0259:\u2022 Meloksikam \u2013 5 mq\u2022 K\u00f6m\u0259k\u00e7i madd\u0259l\u0259r \u2013 q.s. G\u00d6ST\u018fR\u0130\u015eL\u018fR:\u2022 \u018fz\u0259l\u0259-skelet sistemi x\u0259st\u0259likl\u0259ri il\u0259 \u0259laq\u0259li iltihab v\u0259 a\u011fr\u0131lar\u0131n azald\u0131lmas\u0131\u2022 T\u0259n\u0259ff\u00fcs sistemi x\u0259st\u0259likl\u0259ri, mastit, metrit, laminaitis zaman\u0131 yaranan a\u011fr\u0131 v\u0259 q\u0131zd\u0131rman\u0131n, antibiotik terapiyas\u0131 il\u0259 birg\u0259 aradan qald\u0131r\u0131lmas\u0131\u2022 Kastrasiya, buynuzsuzla\u015fd\u0131rma v\u0259 dig\u0259r \u0259m\u0259liyyatlardan sonra \u0259m\u0259liyyatsonras\u0131 a\u011fr\u0131lar\u0131n idar\u0259 olunmas\u0131\u2022&#8230;<\/p>","protected":false},"featured_media":990454,"comment_status":"open","ping_status":"closed","template":"","meta":{"nf_dc_page":"","_monsterinsights_skip_tracking":false,"_monsterinsights_sitenote_active":false,"_monsterinsights_sitenote_note":"","_monsterinsights_sitenote_category":0},"product_brand":[],"product_cat":[251,108],"product_tag":[],"class_list":{"0":"post-990453","1":"product","2":"type-product","3":"status-publish","4":"has-post-thumbnail","6":"product_cat-veterinary-products","7":"product_cat-cow","9":"first","10":"instock","11":"shipping-taxable","12":"product-type-simple"},"jetpack_sharing_enabled":true,"_links":{"self":[{"href":"https:\/\/agrovetazerbaijan.az\/ru\/wp-json\/wp\/v2\/product\/990453","targetHints":{"allow":["GET"]}}],"collection":[{"href":"https:\/\/agrovetazerbaijan.az\/ru\/wp-json\/wp\/v2\/product"}],"about":[{"href":"https:\/\/agrovetazerbaijan.az\/ru\/wp-json\/wp\/v2\/types\/product"}],"replies":[{"embeddable":true,"href":"https:\/\/agrovetazerbaijan.az\/ru\/wp-json\/wp\/v2\/comments?post=990453"}],"version-history":[{"count":1,"href":"https:\/\/agrovetazerbaijan.az\/ru\/wp-json\/wp\/v2\/product\/990453\/revisions"}],"predecessor-version":[{"id":990455,"href":"https:\/\/agrovetazerbaijan.az\/ru\/wp-json\/wp\/v2\/product\/990453\/revisions\/990455"}],"wp:featuredmedia":[{"embeddable":true,"href":"https:\/\/agrovetazerbaijan.az\/ru\/wp-json\/wp\/v2\/media\/990454"}],"wp:attachment":[{"href":"https:\/\/agrovetazerbaijan.az\/ru\/wp-json\/wp\/v2\/media?parent=990453"}],"wp:term":[{"taxonomy":"product_brand","embeddable":true,"href":"https:\/\/agrovetazerbaijan.az\/ru\/wp-json\/wp\/v2\/product_brand?post=990453"},{"taxonomy":"product_cat","embeddable":true,"href":"https:\/\/agrovetazerbaijan.az\/ru\/wp-json\/wp\/v2\/product_cat?post=990453"},{"taxonomy":"product_tag","embeddable":true,"href":"https:\/\/agrovetazerbaijan.az\/ru\/wp-json\/wp\/v2\/product_tag?post=990453"}],"curies":[{"name":"WP","href":"https:\/\/api.w.org\/{rel}","templated":true}]}}