{"id":990436,"date":"2025-09-29T00:14:04","date_gmt":"2025-09-29T00:14:04","guid":{"rendered":"https:\/\/agrovetazerbaijan.az\/?post_type=product&#038;p=990436"},"modified":"2025-09-29T00:14:17","modified_gmt":"2025-09-29T00:14:17","slug":"penstrep-400-la","status":"publish","type":"product","link":"https:\/\/agrovetazerbaijan.az\/ru\/product\/penstrep-400-la\/","title":{"rendered":"Penstrep-400 LA"},"content":{"rendered":"<div class=\"vgblk-rw-wrapper limit-wrapper\">\n<p data-start=\"299\" data-end=\"391\"><strong data-start=\"299\" data-end=\"391\">Penstrep-400 LA \u2013 Prokain Pen G, Benzatin Pen G v\u0259 Dihidrostreptomisin inyeksiya m\u0259hlulu<\/strong><\/p>\n<hr data-start=\"393\" data-end=\"396\" \/>\n<h3 data-start=\"398\" data-end=\"421\">T\u0259rkibi (1 ml-d\u0259)<\/h3>\n<ul data-start=\"422\" data-end=\"570\">\n<li data-start=\"422\" data-end=\"473\">\n<p data-start=\"424\" data-end=\"473\"><strong data-start=\"424\" data-end=\"471\">Penisillin G prokain duzu \u2013 100.000 BV (IU)<\/strong><\/p>\n<\/li>\n<li data-start=\"474\" data-end=\"526\">\n<p data-start=\"476\" data-end=\"526\"><strong data-start=\"476\" data-end=\"524\">Penisillin G benzatin duzu \u2013 100.000 BV (IU)<\/strong><\/p>\n<\/li>\n<li data-start=\"527\" data-end=\"570\">\n<p data-start=\"529\" data-end=\"570\"><strong data-start=\"529\" data-end=\"568\">Dihidrostreptomisin sulfat \u2013 200 mq<\/strong><\/p>\n<\/li>\n<\/ul>\n<hr data-start=\"572\" data-end=\"575\" \/>\n<h3 data-start=\"577\" data-end=\"590\">\u041e\u043f\u0438\u0441\u0430\u043d\u0438\u0435<\/h3>\n<p data-start=\"591\" data-end=\"685\"><strong data-start=\"591\" data-end=\"610\">Penstrep-400 LA<\/strong> \u2013 geni\u015f t\u0259sir spektrin\u0259 malik kombin\u0259 olunmu\u015f antibakterial preparatd\u0131r.<\/p>\n<ul data-start=\"687\" data-end=\"1166\">\n<li data-start=\"687\" data-end=\"952\">\n<p data-start=\"689\" data-end=\"952\"><strong data-start=\"689\" data-end=\"733\">Penisillin G prokain v\u0259 benzatin duzlar\u0131<\/strong> \u0259sas\u0259n qram-m\u00fcsb\u0259t bakteriyalara qar\u015f\u0131 bakterisid t\u0259sir g\u00f6st\u0259rir: <em data-start=\"800\" data-end=\"950\">Clostridium spp., Corynebacterium spp., Erysipelothrix spp., Listeria spp., Staphylococcus spp. (penisillinaza istehsal etm\u0259y\u0259n), Streptococcus spp.<\/em><\/p>\n<\/li>\n<li data-start=\"953\" data-end=\"1166\">\n<p data-start=\"955\" data-end=\"1166\"><strong data-start=\"955\" data-end=\"978\">Dihidrostreptomisin<\/strong> \u2013 aminoglikozid qrupundan olub, \u0259sas\u0259n qram-m\u0259nfi bakteriyalara qar\u015f\u0131 t\u0259sir g\u00f6st\u0259rir: <em data-start=\"1065\" data-end=\"1164\">E. coli, Campylobacter spp., Klebsiella spp., Haemophilus spp., Pasteurella spp., Salmonella spp.<\/em><\/p>\n<\/li>\n<\/ul>\n<p data-start=\"1168\" data-end=\"1255\">Bel\u0259likl\u0259, bu komponentl\u0259r bir-birini tamamlay\u0131r v\u0259 b\u0259zi hallarda t\u0259siri g\u00fccl\u0259ndirir.<\/p>\n<hr data-start=\"1257\" data-end=\"1260\" \/>\n<h3 data-start=\"1262\" data-end=\"1289\">\u0418\u043d\u0441\u0442\u0440\u0443\u043a\u0446\u0438\u044f \u043f\u043e \u043f\u0440\u0438\u043c\u0435\u043d\u0435\u043d\u0438\u044e<\/h3>\n<p data-start=\"1290\" data-end=\"1405\"><strong data-start=\"1290\" data-end=\"1309\">Penstrep-400 LA<\/strong> a\u015fa\u011f\u0131dak\u0131 hallarda mal-qara (o c\u00fcml\u0259d\u0259n buzovlar), qoyun, ke\u00e7i v\u0259 donuzlarda istifad\u0259 olunur:<\/p>\n<ul data-start=\"1406\" data-end=\"1812\">\n<li data-start=\"1406\" data-end=\"1420\">\n<p data-start=\"1408\" data-end=\"1420\"><strong data-start=\"1408\" data-end=\"1418\">Artrit<\/strong><\/p>\n<\/li>\n<li data-start=\"1421\" data-end=\"1435\">\n<p data-start=\"1423\" data-end=\"1435\"><strong data-start=\"1423\" data-end=\"1433\">Mastit<\/strong><\/p>\n<\/li>\n<li data-start=\"1436\" data-end=\"1471\">\n<p data-start=\"1438\" data-end=\"1471\"><strong data-start=\"1438\" data-end=\"1469\">M\u0259d\u0259-ba\u011f\u0131rsaq infeksiyalar\u0131<\/strong><\/p>\n<\/li>\n<li data-start=\"1472\" data-end=\"1510\">\n<p data-start=\"1474\" data-end=\"1510\"><strong data-start=\"1474\" data-end=\"1508\">T\u0259n\u0259ff\u00fcs sistemi infeksiyalar\u0131<\/strong><\/p>\n<\/li>\n<li data-start=\"1511\" data-end=\"1556\">\n<p data-start=\"1513\" data-end=\"1556\"><strong data-start=\"1513\" data-end=\"1554\">Sidik-cinsiyy\u0259t sistemi infeksiyalar\u0131<\/strong><\/p>\n<\/li>\n<li data-start=\"1557\" data-end=\"1812\">\n<p data-start=\"1559\" data-end=\"1812\"><em data-start=\"1559\" data-end=\"1775\">Campylobacter spp., Clostridium spp., Corynebacterium spp., E. coli, Erysipelothrix spp., Haemophilus spp., Klebsiella spp., Listeria spp., Pasteurella spp., Salmonella spp., Staphylococcus spp., Streptococcus spp.<\/em> t\u0259r\u0259find\u0259n t\u00f6r\u0259dil\u0259n x\u0259st\u0259likl\u0259rd\u0259<\/p>\n<\/li>\n<\/ul>\n<hr data-start=\"1814\" data-end=\"1817\" \/>\n<h3 data-start=\"1819\" data-end=\"1840\">\u041f\u0440\u043e\u0442\u0438\u0432\u043e\u043f\u043e\u043a\u0430\u0437\u0430\u043d\u0438\u044f<\/h3>\n<ul data-start=\"1841\" data-end=\"2039\">\n<li data-start=\"1841\" data-end=\"1909\">\n<p data-start=\"1843\" data-end=\"1909\">Penisillinl\u0259r\u0259, prokain\u0259 v\u0259 ya aminoglikozidl\u0259r\u0259 qar\u015f\u0131 h\u0259ssasl\u0131q<\/p>\n<\/li>\n<li data-start=\"1910\" data-end=\"1938\">\n<p data-start=\"1912\" data-end=\"1938\">A\u011f\u0131r b\u00f6yr\u0259k \u00e7at\u0131\u015fmazl\u0131\u011f\u0131<\/p>\n<\/li>\n<li data-start=\"1939\" data-end=\"2039\">\n<p data-start=\"1941\" data-end=\"2039\">Tetrasiklinl\u0259r, xloramfenikol, makrolidl\u0259r v\u0259 linkozamidl\u0259rl\u0259 eyni vaxtda istifad\u0259 edilm\u0259m\u0259lidir<\/p>\n<\/li>\n<\/ul>\n<hr data-start=\"2041\" data-end=\"2044\" \/>\n<h3 data-start=\"2046\" data-end=\"2064\">Yan t\u0259sirl\u0259r<\/h3>\n<ul data-start=\"2065\" data-end=\"2241\">\n<li data-start=\"2065\" data-end=\"2134\">\n<p data-start=\"2067\" data-end=\"2134\">Donuzlarda prokain penisillin G istifad\u0259si aborta s\u0259b\u0259b ola bil\u0259r<\/p>\n<\/li>\n<li data-start=\"2135\" data-end=\"2199\">\n<p data-start=\"2137\" data-end=\"2199\">Qulaq, sinir sistemi v\u0259 b\u00f6yr\u0259kl\u0259r\u0259 toksik t\u0259sirl\u0259r m\u00fcmk\u00fcnd\u00fcr<\/p>\n<\/li>\n<li data-start=\"2200\" data-end=\"2241\">\n<p data-start=\"2202\" data-end=\"2241\">Allergik reaksiyalar (hiperh\u0259ssasl\u0131q)<\/p>\n<\/li>\n<\/ul>\n<hr data-start=\"2243\" data-end=\"2246\" \/>\n<h3 data-start=\"2248\" data-end=\"2277\">Dozalanma v\u0259 t\u0259tbiqetm\u0259<\/h3>\n<p data-start=\"2278\" data-end=\"2304\"><strong data-start=\"2278\" data-end=\"2302\">\u018fz\u0259l\u0259 daxilin\u0259 (IM).<\/strong><\/p>\n<ul data-start=\"2306\" data-end=\"2462\">\n<li data-start=\"2306\" data-end=\"2376\">\n<p data-start=\"2308\" data-end=\"2376\"><strong data-start=\"2308\" data-end=\"2321\">Adi doza:<\/strong> 1 ml \/ 10 kq b\u0259d\u0259n \u00e7\u0259kisin\u0259 g\u00f6r\u0259, h\u0259r 72 saatdan bir<\/p>\n<\/li>\n<li data-start=\"2377\" data-end=\"2462\">\n<p data-start=\"2379\" data-end=\"2462\">Z\u0259ruri hallarda baytar h\u0259kimin t\u0259yinat\u0131 il\u0259 h\u0259r 48 saatdan bir t\u0259tbiq edil\u0259 bil\u0259r<\/p>\n<\/li>\n<\/ul>\n<p data-start=\"2464\" data-end=\"2484\"><strong data-start=\"2464\" data-end=\"2482\">M\u00fch\u00fcm qeydl\u0259r:<\/strong><\/p>\n<ul data-start=\"2485\" data-end=\"2632\">\n<li data-start=\"2485\" data-end=\"2525\">\n<p data-start=\"2487\" data-end=\"2525\">\u0130stifad\u0259d\u0259n \u0259vv\u0259l yax\u015f\u0131ca \u00e7alxalay\u0131n<\/p>\n<\/li>\n<li data-start=\"2526\" data-end=\"2632\">\n<p data-start=\"2528\" data-end=\"2560\">Bir inyeksiya yerin\u0259 maksimum:<\/p>\n<ul data-start=\"2563\" data-end=\"2632\">\n<li data-start=\"2563\" data-end=\"2582\">\n<p data-start=\"2565\" data-end=\"2582\">Mal-qara: 20 ml<\/p>\n<\/li>\n<li data-start=\"2585\" data-end=\"2613\">\n<p data-start=\"2587\" data-end=\"2613\">Buzov, qoyun, ke\u00e7i: 5 ml<\/p>\n<\/li>\n<li data-start=\"2616\" data-end=\"2632\">\n<p data-start=\"2618\" data-end=\"2632\">Donuz: 10 ml<\/p>\n<\/li>\n<\/ul>\n<\/li>\n<\/ul>\n<hr data-start=\"2634\" data-end=\"2637\" \/>\n<h3 data-start=\"2639\" data-end=\"2660\">G\u00f6zl\u0259m\u0259 m\u00fcdd\u0259ti<\/h3>\n<ul data-start=\"2661\" data-end=\"2735\">\n<li data-start=\"2661\" data-end=\"2679\">\n<p data-start=\"2663\" data-end=\"2679\"><strong data-start=\"2663\" data-end=\"2670\">\u018ft:<\/strong> 30 g\u00fcn<\/p>\n<\/li>\n<li data-start=\"2680\" data-end=\"2698\">\n<p data-start=\"2682\" data-end=\"2698\"><strong data-start=\"2682\" data-end=\"2690\">S\u00fcd:<\/strong> 5 g\u00fcn<\/p>\n<\/li>\n<li data-start=\"2699\" data-end=\"2735\">\n<p data-start=\"2701\" data-end=\"2735\"><strong data-start=\"2701\" data-end=\"2726\">B\u00f6yr\u0259kl\u0259r (orqanlar):<\/strong> 45 g\u00fcn<\/p>\n<\/li>\n<\/ul>\n<hr data-start=\"2737\" data-end=\"2740\" \/>\n<h3 data-start=\"2742\" data-end=\"2759\">\u0423\u043f\u0430\u043a\u043e\u0432\u043a\u0430<\/h3>\n<ul data-start=\"2760\" data-end=\"2793\">\n<li data-start=\"2760\" data-end=\"2793\">\n<p data-start=\"2762\" data-end=\"2793\"><strong data-start=\"2762\" data-end=\"2791\">50 ml v\u0259 100 ml flakonlar<\/strong><\/p>\n<\/li>\n<\/ul>\n<\/div>\n<p><!-- .vgblk-rw-wrapper --><\/p>","protected":false},"excerpt":{"rendered":"<p>Penstrep-400 LA \u2013 Prokain Pen G, Benzatin Pen G v\u0259 Dihidrostreptomisin inyeksiya m\u0259hlulu T\u0259rkibi (1 ml-d\u0259) Penisillin G prokain duzu \u2013 100.000 BV (IU) Penisillin G benzatin duzu \u2013 100.000 BV (IU) Dihidrostreptomisin sulfat \u2013 200 mq T\u0259sviri Penstrep-400 LA \u2013 geni\u015f t\u0259sir spektrin\u0259 malik kombin\u0259 olunmu\u015f antibakterial preparatd\u0131r. Penisillin G prokain v\u0259 benzatin duzlar\u0131&#8230;<\/p>","protected":false},"featured_media":990437,"comment_status":"open","ping_status":"closed","template":"","meta":{"nf_dc_page":"","_monsterinsights_skip_tracking":false,"_monsterinsights_sitenote_active":false,"_monsterinsights_sitenote_note":"","_monsterinsights_sitenote_category":0},"product_brand":[],"product_cat":[251,108,114],"product_tag":[],"class_list":{"0":"post-990436","1":"product","2":"type-product","3":"status-publish","4":"has-post-thumbnail","6":"product_cat-veterinary-products","7":"product_cat-cow","8":"product_cat-sheep","10":"first","11":"instock","12":"shipping-taxable","13":"product-type-simple"},"jetpack_sharing_enabled":true,"_links":{"self":[{"href":"https:\/\/agrovetazerbaijan.az\/ru\/wp-json\/wp\/v2\/product\/990436","targetHints":{"allow":["GET"]}}],"collection":[{"href":"https:\/\/agrovetazerbaijan.az\/ru\/wp-json\/wp\/v2\/product"}],"about":[{"href":"https:\/\/agrovetazerbaijan.az\/ru\/wp-json\/wp\/v2\/types\/product"}],"replies":[{"embeddable":true,"href":"https:\/\/agrovetazerbaijan.az\/ru\/wp-json\/wp\/v2\/comments?post=990436"}],"version-history":[{"count":1,"href":"https:\/\/agrovetazerbaijan.az\/ru\/wp-json\/wp\/v2\/product\/990436\/revisions"}],"predecessor-version":[{"id":990438,"href":"https:\/\/agrovetazerbaijan.az\/ru\/wp-json\/wp\/v2\/product\/990436\/revisions\/990438"}],"wp:featuredmedia":[{"embeddable":true,"href":"https:\/\/agrovetazerbaijan.az\/ru\/wp-json\/wp\/v2\/media\/990437"}],"wp:attachment":[{"href":"https:\/\/agrovetazerbaijan.az\/ru\/wp-json\/wp\/v2\/media?parent=990436"}],"wp:term":[{"taxonomy":"product_brand","embeddable":true,"href":"https:\/\/agrovetazerbaijan.az\/ru\/wp-json\/wp\/v2\/product_brand?post=990436"},{"taxonomy":"product_cat","embeddable":true,"href":"https:\/\/agrovetazerbaijan.az\/ru\/wp-json\/wp\/v2\/product_cat?post=990436"},{"taxonomy":"product_tag","embeddable":true,"href":"https:\/\/agrovetazerbaijan.az\/ru\/wp-json\/wp\/v2\/product_tag?post=990436"}],"curies":[{"name":"WP","href":"https:\/\/api.w.org\/{rel}","templated":true}]}}