{"id":990423,"date":"2025-09-28T23:14:31","date_gmt":"2025-09-28T23:14:31","guid":{"rendered":"https:\/\/agrovetazerbaijan.az\/?post_type=product&#038;p=990423"},"modified":"2025-09-28T23:14:41","modified_gmt":"2025-09-28T23:14:41","slug":"introflor-100-oral","status":"publish","type":"product","link":"https:\/\/agrovetazerbaijan.az\/ru\/product\/introflor-100-oral\/","title":{"rendered":"Introflor-100 Oral"},"content":{"rendered":"<div class=\"vgblk-rw-wrapper limit-wrapper\">\n<p data-start=\"270\" data-end=\"322\"><strong data-start=\"270\" data-end=\"322\">Introflor-100 Oral \u2013 Florfenicol 10% oral m\u0259hlul<\/strong><\/p>\n<hr data-start=\"324\" data-end=\"327\" \/>\n<h3 data-start=\"329\" data-end=\"342\">\u0418\u043d\u0433\u0440\u0435\u0434\u0438\u0435\u043d\u0442\u044b<\/h3>\n<p data-start=\"343\" data-end=\"363\">H\u0259r 1 ml m\u0259hlulda:<\/p>\n<ul data-start=\"364\" data-end=\"390\">\n<li data-start=\"364\" data-end=\"390\">\n<p data-start=\"366\" data-end=\"390\"><strong data-start=\"366\" data-end=\"390\">Florfenicol \u2013 100 mq<\/strong><\/p>\n<\/li>\n<\/ul>\n<hr data-start=\"392\" data-end=\"395\" \/>\n<h3 data-start=\"397\" data-end=\"410\">\u041e\u043f\u0438\u0441\u0430\u043d\u0438\u0435<\/h3>\n<p data-start=\"411\" data-end=\"744\"><strong data-start=\"411\" data-end=\"426\">Florfenicol<\/strong> \u2013 sintetik, geni\u015f t\u0259sir spektrin\u0259 malik bakteriostatik antibiotikdir. Bakterial h\u00fcceyr\u0259l\u0259rd\u0259 <strong data-start=\"520\" data-end=\"552\">z\u00fclal sintezini dayand\u0131raraq<\/strong> t\u0259sir g\u00f6st\u0259rir. O, ribosomun <strong data-start=\"582\" data-end=\"601\">70S subvahidin\u0259<\/strong> ba\u011flan\u0131r v\u0259 <strong data-start=\"614\" data-end=\"662\">peptidiltransferaza fermentinin f\u0259aliyy\u0259tini<\/strong> bloklay\u0131r. N\u0259tic\u0259d\u0259, florfenicol-h\u0259ssas bakteriyalarda z\u00fclal istehsal\u0131 dayan\u0131r.<\/p>\n<p data-start=\"746\" data-end=\"942\">Florfenicol \u2013 <strong data-start=\"760\" data-end=\"787\">tiamfenikol t\u00f6r\u0259m\u0259sidir<\/strong>, burada hidroksil qrupu <strong data-start=\"812\" data-end=\"846\">flor atomu il\u0259 \u0259v\u0259z olunmu\u015fdur<\/strong>. Bu qurulu\u015f d\u0259yi\u015fm\u0259si onu <strong data-start=\"873\" data-end=\"922\">xloramfenikol m\u00fcqavim\u0259tli bakteriyalara qar\u015f\u0131<\/strong> da effektiv edir.<\/p>\n<p data-start=\"944\" data-end=\"1351\">Laboratoriya testl\u0259ri g\u00f6st\u0259rmi\u015fdir ki, florfenicol donuzlarda <strong data-start=\"1006\" data-end=\"1113\">Actinobacillus pleuropneumoniae, Bordetella bronchiseptica, Haemophilus parasuis, Pasteurella multocida<\/strong> bakteriyalar\u0131na; qu\u015flarda is\u0259 <strong data-start=\"1144\" data-end=\"1304\">Enterobacter spp., E. coli, Haemophilus spp., Klebsiella spp., Pasteurella multocida, Proteus spp., Salmonella spp., Staphylococcus spp., Streptococcus spp.<\/strong> bakteriyalar\u0131na qar\u015f\u0131 y\u00fcks\u0259k t\u0259sir g\u00f6st\u0259rir.<\/p>\n<hr data-start=\"1353\" data-end=\"1356\" \/>\n<h3 data-start=\"1358\" data-end=\"1385\">\u0418\u043d\u0441\u0442\u0440\u0443\u043a\u0446\u0438\u044f \u043f\u043e \u043f\u0440\u0438\u043c\u0435\u043d\u0435\u043d\u0438\u044e<\/h3>\n<p data-start=\"1386\" data-end=\"1461\">Florfenicol-h\u0259ssas mikroorqanizml\u0259rin t\u00f6r\u0259tdiyi infeksiyalar\u0131n m\u00fcalic\u0259si:<\/p>\n<p data-start=\"1463\" data-end=\"1480\"><strong data-start=\"1463\" data-end=\"1478\">\u0423 \u0441\u0432\u0438\u043d\u0435\u0439:<\/strong><\/p>\n<ul data-start=\"1481\" data-end=\"1707\">\n<li data-start=\"1481\" data-end=\"1537\">\n<p data-start=\"1483\" data-end=\"1537\">Pleuropnevmoniya (<em data-start=\"1501\" data-end=\"1534\">\u0410\u043a\u0442\u0438\u043d\u043e\u0431\u0430\u0446\u0438\u043b\u043b\u0430 \u043f\u043b\u0435\u0432\u0440\u043e\u043f\u043d\u0435\u0432\u043c\u043e\u043d\u0438\u0438<\/em>)<\/p>\n<\/li>\n<li data-start=\"1538\" data-end=\"1608\">\n<p data-start=\"1540\" data-end=\"1608\">Atrofik rinit (<em data-start=\"1555\" data-end=\"1605\">Pasteurella multocida, Bordetella bronchiseptica<\/em>)<\/p>\n<\/li>\n<li data-start=\"1609\" data-end=\"1655\">\n<p data-start=\"1611\" data-end=\"1655\">Gl\u00e4sser x\u0259st\u0259liyi (<em data-start=\"1630\" data-end=\"1652\">Haemophilus parasuis<\/em>)<\/p>\n<\/li>\n<li data-start=\"1656\" data-end=\"1707\">\n<p data-start=\"1658\" data-end=\"1707\">Dig\u0259r florfenicol-h\u0259ssas bakterial infeksiyalar<\/p>\n<\/li>\n<\/ul>\n<p data-start=\"1709\" data-end=\"1724\"><strong data-start=\"1709\" data-end=\"1722\">\u0423 \u043f\u0442\u0438\u0446:<\/strong><\/p>\n<ul data-start=\"1725\" data-end=\"1956\">\n<li data-start=\"1725\" data-end=\"1752\">\n<p data-start=\"1727\" data-end=\"1752\"><em data-start=\"1727\" data-end=\"1736\">\u043a\u0438\u0448\u0435\u0447\u043d\u0430\u044f \u043f\u0430\u043b\u043e\u0447\u043a\u0430<\/em> infeksiyalar\u0131<\/p>\n<\/li>\n<li data-start=\"1753\" data-end=\"1784\">\n<p data-start=\"1755\" data-end=\"1784\"><em data-start=\"1755\" data-end=\"1768\">\u041f\u0430\u0441\u0442\u0435\u0440\u0435\u043b\u043b\u0430<\/em> infeksiyalar\u0131<\/p>\n<\/li>\n<li data-start=\"1785\" data-end=\"1822\">\n<p data-start=\"1787\" data-end=\"1822\">T\u0259n\u0259ff\u00fcs yollar\u0131n\u0131n infeksiyalar\u0131<\/p>\n<\/li>\n<li data-start=\"1823\" data-end=\"1851\">\n<p data-start=\"1825\" data-end=\"1851\">Stafilokok infeksiyalar\u0131<\/p>\n<\/li>\n<li data-start=\"1852\" data-end=\"1914\">\n<p data-start=\"1854\" data-end=\"1914\"><em data-start=\"1854\" data-end=\"1887\">Ornithobacterium rhinotracheale<\/em> s\u0259b\u0259b oldu\u011fu x\u0259st\u0259likl\u0259r<\/p>\n<\/li>\n<li data-start=\"1915\" data-end=\"1956\">\n<p data-start=\"1917\" data-end=\"1956\">Dig\u0259r florfenicol-h\u0259ssas infeksiyalar<\/p>\n<\/li>\n<\/ul>\n<hr data-start=\"1958\" data-end=\"1961\" \/>\n<h3 data-start=\"1963\" data-end=\"1984\">\u041f\u0440\u043e\u0442\u0438\u0432\u043e\u043f\u043e\u043a\u0430\u0437\u0430\u043d\u0438\u044f<\/h3>\n<ul data-start=\"1985\" data-end=\"2171\">\n<li data-start=\"1985\" data-end=\"2038\">\n<p data-start=\"1987\" data-end=\"2038\">Florfenicol v\u0259 ya \u0259lav\u0259 madd\u0259l\u0259r\u0259 qar\u015f\u0131 h\u0259ssasl\u0131q<\/p>\n<\/li>\n<li data-start=\"2039\" data-end=\"2079\">\n<p data-start=\"2041\" data-end=\"2079\">Florfenicol m\u00fcqavim\u0259ti olan hallarda<\/p>\n<\/li>\n<li data-start=\"2080\" data-end=\"2114\">\n<p data-start=\"2082\" data-end=\"2114\">Hamil\u0259 v\u0259 s\u00fcd ver\u0259n donuzlarda<\/p>\n<\/li>\n<li data-start=\"2115\" data-end=\"2171\">\n<p data-start=\"2117\" data-end=\"2171\">N\u0259sil art\u0131rmaq \u00fc\u00e7\u00fcn istifad\u0259 olunan erk\u0259k donuzlarda<\/p>\n<\/li>\n<\/ul>\n<hr data-start=\"2173\" data-end=\"2176\" \/>\n<h3 data-start=\"2178\" data-end=\"2196\">Yan t\u0259sirl\u0259r<\/h3>\n<ul data-start=\"2197\" data-end=\"2347\">\n<li data-start=\"2197\" data-end=\"2304\">\n<p data-start=\"2199\" data-end=\"2304\"><strong data-start=\"2199\" data-end=\"2212\">\u0421\u0432\u0438\u043d\u044c\u0438:<\/strong> anus \u0259traf\u0131nda iltihab, diareya ola bil\u0259r. M\u00fcalic\u0259 dayand\u0131r\u0131ld\u0131qdan sonra \u0259lam\u0259tl\u0259r itir.<\/p>\n<\/li>\n<li data-start=\"2305\" data-end=\"2347\">\n<p data-start=\"2307\" data-end=\"2347\"><strong data-start=\"2307\" data-end=\"2318\">\u041f\u0442\u0438\u0446\u044b:<\/strong> m\u0259lum yan t\u0259sirl\u0259r yoxdur.<\/p>\n<\/li>\n<\/ul>\n<hr data-start=\"2349\" data-end=\"2352\" \/>\n<h3 data-start=\"2354\" data-end=\"2383\">Dozalanma v\u0259 t\u0259tbiqetm\u0259<\/h3>\n<p data-start=\"2384\" data-end=\"2493\"><strong data-start=\"2384\" data-end=\"2425\">Yaln\u0131z a\u011f\u0131z yolu il\u0259 (i\u00e7m\u0259li su il\u0259).<\/strong><br data-start=\"2425\" data-end=\"2428\" \/>Doza heyvanlar\u0131n g\u00fcnd\u0259lik su istehlak\u0131na uy\u011fun hesablanmal\u0131d\u0131r.<\/p>\n<p data-start=\"2495\" data-end=\"2510\"><strong data-start=\"2495\" data-end=\"2508\">\u0421\u0432\u0438\u043d\u044c\u0438:<\/strong><\/p>\n<ul data-start=\"2511\" data-end=\"2573\">\n<li data-start=\"2511\" data-end=\"2555\">\n<p data-start=\"2513\" data-end=\"2555\">10 ml \/ 100 kq b\u0259d\u0259n \u00e7\u0259kisin\u0259 (10 mq\/kq)<\/p>\n<\/li>\n<li data-start=\"2556\" data-end=\"2573\">\n<p data-start=\"2558\" data-end=\"2573\">M\u00fcdd\u0259t: 5 g\u00fcn<\/p>\n<\/li>\n<\/ul>\n<blockquote data-start=\"2574\" data-end=\"2696\">\n<p data-start=\"2576\" data-end=\"2696\">M\u00fcalic\u0259 d\u00f6vr\u00fcnd\u0259 heyvanlar yaln\u0131z d\u0259rmanl\u0131 su i\u00e7m\u0259lidir. \u018fg\u0259r m\u00fcmk\u00fcn deyils\u0259, g\u00fcnd\u0259lik doza 2 b\u0259rab\u0259r hiss\u0259y\u0259 b\u00f6l\u00fcn\u00fcr.<\/p>\n<\/blockquote>\n<p data-start=\"2698\" data-end=\"2711\"><strong data-start=\"2698\" data-end=\"2709\">\u041f\u0442\u0438\u0446\u044b:<\/strong><\/p>\n<ul data-start=\"2712\" data-end=\"2917\">\n<li data-start=\"2712\" data-end=\"2766\">\n<p data-start=\"2714\" data-end=\"2766\">\u00dcmumi g\u00fcnd\u0259lik doza: 20 mq\/kq b\u0259d\u0259n \u00e7\u0259kisin\u0259 uy\u011fun<\/p>\n<\/li>\n<li data-start=\"2767\" data-end=\"2842\">\n<p data-start=\"2769\" data-end=\"2842\">4 h\u0259ft\u0259d\u0259n ki\u00e7ik c\u00fcc\u0259l\u0259r: 1 litr m\u0259hsul \/ 1000 litr i\u00e7m\u0259li su (3\u20135 g\u00fcn)<\/p>\n<\/li>\n<li data-start=\"2843\" data-end=\"2917\">\n<p data-start=\"2845\" data-end=\"2917\">4 h\u0259ft\u0259d\u0259n b\u00f6y\u00fck c\u00fcc\u0259l\u0259r: 1 litr m\u0259hsul \/ 500 litr i\u00e7m\u0259li su (3\u20135 g\u00fcn)<\/p>\n<\/li>\n<\/ul>\n<hr data-start=\"2919\" data-end=\"2922\" \/>\n<h3 data-start=\"2924\" data-end=\"2945\">G\u00f6zl\u0259m\u0259 m\u00fcdd\u0259ti<\/h3>\n<ul data-start=\"2946\" data-end=\"3067\">\n<li data-start=\"2946\" data-end=\"3018\">\n<p data-start=\"2948\" data-end=\"2981\"><strong data-start=\"2948\" data-end=\"2979\">\u018ft v\u0259 daxili orqanlar \u00fc\u00e7\u00fcn:<\/strong><\/p>\n<ul data-start=\"2984\" data-end=\"3018\">\n<li data-start=\"2984\" data-end=\"3001\">\n<p data-start=\"2986\" data-end=\"3001\">Donuz: 20 g\u00fcn<\/p>\n<\/li>\n<li data-start=\"3004\" data-end=\"3018\">\n<p data-start=\"3006\" data-end=\"3018\">Qu\u015f: 2 g\u00fcn<\/p>\n<\/li>\n<\/ul>\n<\/li>\n<li data-start=\"3019\" data-end=\"3067\">\n<p data-start=\"3021\" data-end=\"3067\"><strong data-start=\"3021\" data-end=\"3065\">Yumurta istehsal\u0131 \u00fc\u00e7\u00fcn istifad\u0259 edilmir.<\/strong><\/p>\n<\/li>\n<\/ul>\n<hr data-start=\"3069\" data-end=\"3072\" \/>\n<h3 data-start=\"3074\" data-end=\"3091\">\u0423\u043f\u0430\u043a\u043e\u0432\u043a\u0430<\/h3>\n<ul data-start=\"3092\" data-end=\"3124\">\n<li data-start=\"3092\" data-end=\"3124\">\n<p data-start=\"3094\" data-end=\"3124\"><strong data-start=\"3094\" data-end=\"3122\">100 ml v\u0259 1000 ml flakon<\/strong><\/p>\n<\/li>\n<\/ul>\n<\/div>\n<p><!-- .vgblk-rw-wrapper --><\/p>","protected":false},"excerpt":{"rendered":"<p>Introflor-100 Oral \u2013 Florfenicol 10% oral m\u0259hlul T\u0259rkibi H\u0259r 1 ml m\u0259hlulda: Florfenicol \u2013 100 mq T\u0259sviri Florfenicol \u2013 sintetik, geni\u015f t\u0259sir spektrin\u0259 malik bakteriostatik antibiotikdir. Bakterial h\u00fcceyr\u0259l\u0259rd\u0259 z\u00fclal sintezini dayand\u0131raraq t\u0259sir g\u00f6st\u0259rir. O, ribosomun 70S subvahidin\u0259 ba\u011flan\u0131r v\u0259 peptidiltransferaza fermentinin f\u0259aliyy\u0259tini bloklay\u0131r. N\u0259tic\u0259d\u0259, florfenicol-h\u0259ssas bakteriyalarda z\u00fclal istehsal\u0131 dayan\u0131r. Florfenicol \u2013 tiamfenikol t\u00f6r\u0259m\u0259sidir, burada hidroksil&#8230;<\/p>","protected":false},"featured_media":990424,"comment_status":"open","ping_status":"closed","template":"","meta":{"nf_dc_page":"","_monsterinsights_skip_tracking":false,"_monsterinsights_sitenote_active":false,"_monsterinsights_sitenote_note":"","_monsterinsights_sitenote_category":0},"product_brand":[],"product_cat":[251,68],"product_tag":[],"class_list":{"0":"post-990423","1":"product","2":"type-product","3":"status-publish","4":"has-post-thumbnail","6":"product_cat-veterinary-products","7":"product_cat-poultry","9":"first","10":"instock","11":"shipping-taxable","12":"product-type-simple"},"jetpack_sharing_enabled":true,"_links":{"self":[{"href":"https:\/\/agrovetazerbaijan.az\/ru\/wp-json\/wp\/v2\/product\/990423","targetHints":{"allow":["GET"]}}],"collection":[{"href":"https:\/\/agrovetazerbaijan.az\/ru\/wp-json\/wp\/v2\/product"}],"about":[{"href":"https:\/\/agrovetazerbaijan.az\/ru\/wp-json\/wp\/v2\/types\/product"}],"replies":[{"embeddable":true,"href":"https:\/\/agrovetazerbaijan.az\/ru\/wp-json\/wp\/v2\/comments?post=990423"}],"version-history":[{"count":1,"href":"https:\/\/agrovetazerbaijan.az\/ru\/wp-json\/wp\/v2\/product\/990423\/revisions"}],"predecessor-version":[{"id":990425,"href":"https:\/\/agrovetazerbaijan.az\/ru\/wp-json\/wp\/v2\/product\/990423\/revisions\/990425"}],"wp:featuredmedia":[{"embeddable":true,"href":"https:\/\/agrovetazerbaijan.az\/ru\/wp-json\/wp\/v2\/media\/990424"}],"wp:attachment":[{"href":"https:\/\/agrovetazerbaijan.az\/ru\/wp-json\/wp\/v2\/media?parent=990423"}],"wp:term":[{"taxonomy":"product_brand","embeddable":true,"href":"https:\/\/agrovetazerbaijan.az\/ru\/wp-json\/wp\/v2\/product_brand?post=990423"},{"taxonomy":"product_cat","embeddable":true,"href":"https:\/\/agrovetazerbaijan.az\/ru\/wp-json\/wp\/v2\/product_cat?post=990423"},{"taxonomy":"product_tag","embeddable":true,"href":"https:\/\/agrovetazerbaijan.az\/ru\/wp-json\/wp\/v2\/product_tag?post=990423"}],"curies":[{"name":"WP","href":"https:\/\/api.w.org\/{rel}","templated":true}]}}