{"id":990420,"date":"2025-09-28T23:01:06","date_gmt":"2025-09-28T23:01:06","guid":{"rendered":"https:\/\/agrovetazerbaijan.az\/?post_type=product&#038;p=990420"},"modified":"2025-09-28T23:01:17","modified_gmt":"2025-09-28T23:01:17","slug":"introflor-300","status":"publish","type":"product","link":"https:\/\/agrovetazerbaijan.az\/ru\/product\/introflor-300\/","title":{"rendered":"Introflor-300"},"content":{"rendered":"<div class=\"vgblk-rw-wrapper limit-wrapper\">\n<p data-start=\"346\" data-end=\"399\"><strong data-start=\"346\" data-end=\"399\">Introflor-300 \u2013 Florfenicol 30% inyeksiya m\u0259hlulu<\/strong><\/p>\n<hr data-start=\"401\" data-end=\"404\" \/>\n<h3 data-start=\"406\" data-end=\"419\">\u0418\u043d\u0433\u0440\u0435\u0434\u0438\u0435\u043d\u0442\u044b<\/h3>\n<p data-start=\"420\" data-end=\"440\">H\u0259r 1 ml m\u0259hlulda:<\/p>\n<ul data-start=\"441\" data-end=\"467\">\n<li data-start=\"441\" data-end=\"467\">\n<p data-start=\"443\" data-end=\"467\"><strong data-start=\"443\" data-end=\"467\">Florfenicol \u2013 300 mq<\/strong><\/p>\n<\/li>\n<\/ul>\n<hr data-start=\"469\" data-end=\"472\" \/>\n<h3 data-start=\"474\" data-end=\"487\">\u041e\u043f\u0438\u0441\u0430\u043d\u0438\u0435<\/h3>\n<p data-start=\"488\" data-end=\"793\"><strong data-start=\"488\" data-end=\"503\">Florfenicol<\/strong> \u2013 ev heyvanlar\u0131ndan ayr\u0131lm\u0131\u015f \u00e7oxlu sayda <strong data-start=\"545\" data-end=\"588\">qram-m\u00fcsb\u0259t v\u0259 qram-m\u0259nfi bakteriyalara<\/strong> qar\u015f\u0131 t\u0259sirli olan sintetik, geni\u015f t\u0259sir spektrin\u0259 malik antibiotikdir. Florfenicol ribosom s\u0259viyy\u0259sind\u0259 z\u00fclal sintezini bloklayaraq bakteriyalar\u0131n inki\u015faf\u0131n\u0131 dayand\u0131r\u0131r (bakteriostatik t\u0259sir g\u00f6st\u0259rir).<\/p>\n<p data-start=\"795\" data-end=\"1184\">Laboratoriya s\u0131naqlar\u0131 g\u00f6st\u0259rmi\u015fdir ki, florfenicol mal-qara n\u0259f\u0259s yollar\u0131 x\u0259st\u0259likl\u0259rin\u0259 s\u0259b\u0259b olan \u0259sas bakteriyalara \u2013 <strong data-start=\"917\" data-end=\"1013\">Mannheimia haemolytica, Pasteurella multocida, Histophilus somni v\u0259 Arcanobacterium pyogenes<\/strong>-\u0259 qar\u015f\u0131 y\u00fcks\u0259k aktivliy\u0259 malikdir. Donuzlarda is\u0259 florfenicol \u0259sas\u0259n <strong data-start=\"1083\" data-end=\"1118\">\u0410\u043a\u0442\u0438\u043d\u043e\u0431\u0430\u0446\u0438\u043b\u043b\u0430 \u043f\u043b\u0435\u0432\u0440\u043e\u043f\u043d\u0435\u0432\u043c\u043e\u043d\u0438\u0438<\/strong> \u0438 <strong data-start=\"1122\" data-end=\"1147\">Pasteurella multocida<\/strong> bakteriyalar\u0131na qar\u015f\u0131 t\u0259tbiq edilir.<\/p>\n<hr data-start=\"1186\" data-end=\"1189\" \/>\n<h3 data-start=\"1191\" data-end=\"1218\">\u0418\u043d\u0441\u0442\u0440\u0443\u043a\u0446\u0438\u044f \u043f\u043e \u043f\u0440\u0438\u043c\u0435\u043d\u0435\u043d\u0438\u044e<\/h3>\n<p data-start=\"1219\" data-end=\"1274\"><strong data-start=\"1219\" data-end=\"1236\">Introflor-300<\/strong> \u0438\u0441\u043f\u043e\u043b\u044c\u0437\u0443\u0435\u0442\u0441\u044f \u0432 \u0441\u043b\u0435\u0434\u0443\u044e\u0449\u0438\u0445 \u0441\u043b\u0443\u0447\u0430\u044f\u0445:<\/p>\n<ul data-start=\"1275\" data-end=\"1401\">\n<li data-start=\"1275\" data-end=\"1344\">\n<p data-start=\"1277\" data-end=\"1344\">Mal-qara n\u0259f\u0259s yollar\u0131 infeksiyalar\u0131n\u0131n m\u00fcalic\u0259 v\u0259 profilaktikas\u0131<\/p>\n<\/li>\n<li data-start=\"1345\" data-end=\"1401\">\n<p data-start=\"1347\" data-end=\"1401\">Donuzlarda k\u0259skin respirator x\u0259st\u0259likl\u0259rin m\u00fcalic\u0259si<\/p>\n<\/li>\n<\/ul>\n<hr data-start=\"1403\" data-end=\"1406\" \/>\n<h3 data-start=\"1408\" data-end=\"1429\">\u041f\u0440\u043e\u0442\u0438\u0432\u043e\u043f\u043e\u043a\u0430\u0437\u0430\u043d\u0438\u044f<\/h3>\n<ul data-start=\"1430\" data-end=\"1647\">\n<li data-start=\"1430\" data-end=\"1498\">\n<p data-start=\"1432\" data-end=\"1498\">\u0130nsan istehlak\u0131 \u00fc\u00e7\u00fcn s\u00fcd ver\u0259n in\u0259kl\u0259rd\u0259 istifad\u0259 olunmamal\u0131d\u0131r.<\/p>\n<\/li>\n<li data-start=\"1499\" data-end=\"1580\">\n<p data-start=\"1501\" data-end=\"1580\">T\u00f6r\u0259dici m\u0259qs\u0259dl\u0259 saxlan\u0131lan erk\u0259k mal-qarada v\u0259 donuzlarda istifad\u0259 edilmir.<\/p>\n<\/li>\n<li data-start=\"1581\" data-end=\"1647\">\n<p data-start=\"1583\" data-end=\"1647\">Florfenicol allergiyas\u0131 olan heyvanlarda t\u0259tbiq olunmamal\u0131d\u0131r.<\/p>\n<\/li>\n<\/ul>\n<hr data-start=\"1649\" data-end=\"1652\" \/>\n<h3 data-start=\"1654\" data-end=\"1673\">Yan t\u0259sirl\u0259ri<\/h3>\n<p data-start=\"1674\" data-end=\"1838\"><strong data-start=\"1674\" data-end=\"1687\">\u041a\u0440\u0443\u043f\u043d\u044b\u0439 \u0440\u043e\u0433\u0430\u0442\u044b\u0439 \u0441\u043a\u043e\u0442:<\/strong> m\u00fcalic\u0259 zaman\u0131 qida q\u0259bulunun azalmas\u0131 v\u0259 n\u0259cis yum\u015falmas\u0131 m\u00fcmk\u00fcnd\u00fcr. \u0130nki\u015faf etmi\u015f iltihabi reaksiyalar inyeksiya yerind\u0259 14 g\u00fcn\u0259 q\u0259d\u0259r qala bil\u0259r.<\/p>\n<p data-start=\"1840\" data-end=\"2024\"><strong data-start=\"1840\" data-end=\"1853\">\u0421\u0432\u0438\u043d\u044c\u0438:<\/strong> m\u00fcv\u0259qq\u0259ti ishal, anus \u0259traf\u0131nda \u015fi\u015fkinlik v\u0259 q\u0131zart\u0131 m\u00fc\u015fahid\u0259 oluna bil\u0259r. \u0130nyeksiya yerind\u0259 5 g\u00fcn\u0259 q\u0259d\u0259r \u015fi\u015fkinlik v\u0259 28 g\u00fcn\u0259d\u0259k iltihabi d\u0259yi\u015fiklik qalmas\u0131 m\u00fcmk\u00fcnd\u00fcr.<\/p>\n<hr data-start=\"2026\" data-end=\"2029\" \/>\n<h3 data-start=\"2031\" data-end=\"2060\">Dozalanma v\u0259 t\u0259tbiqetm\u0259<\/h3>\n<p data-start=\"2061\" data-end=\"2109\">D\u0259rman yaln\u0131z <strong data-start=\"2075\" data-end=\"2095\">boyun nahiy\u0259sin\u0259<\/strong> vurulmal\u0131d\u0131r.<\/p>\n<h4 data-start=\"2111\" data-end=\"2126\">Mal-qara<\/h4>\n<ul data-start=\"2127\" data-end=\"2283\">\n<li data-start=\"2127\" data-end=\"2190\">\n<p data-start=\"2129\" data-end=\"2190\"><strong data-start=\"2129\" data-end=\"2146\">M\u00fcalic\u0259 (IM):<\/strong> 1 ml \/ 15 kq (2 d\u0259f\u0259, 48 saat fasil\u0259 il\u0259)<\/p>\n<\/li>\n<li data-start=\"2191\" data-end=\"2234\">\n<p data-start=\"2193\" data-end=\"2234\"><strong data-start=\"2193\" data-end=\"2210\">M\u00fcalic\u0259 (SC):<\/strong> 2 ml \/ 15 kq (1 d\u0259f\u0259)<\/p>\n<\/li>\n<li data-start=\"2235\" data-end=\"2283\">\n<p data-start=\"2237\" data-end=\"2283\"><strong data-start=\"2237\" data-end=\"2259\">Profilaktika (SC):<\/strong> 2 ml \/ 15 kq (1 d\u0259f\u0259)<\/p>\n<\/li>\n<\/ul>\n<blockquote data-start=\"2284\" data-end=\"2338\">\n<p data-start=\"2286\" data-end=\"2338\">Bir inyeksiya yerind\u0259 maksimum 10 ml vurula bil\u0259r.<\/p>\n<\/blockquote>\n<h4 data-start=\"2340\" data-end=\"2355\">\u0421\u0432\u0438\u043d\u044c\u0438<\/h4>\n<ul data-start=\"2356\" data-end=\"2419\">\n<li data-start=\"2356\" data-end=\"2419\">\n<p data-start=\"2358\" data-end=\"2419\"><strong data-start=\"2358\" data-end=\"2375\">M\u00fcalic\u0259 (IM):<\/strong> 1 ml \/ 20 kq (2 d\u0259f\u0259, 48 saat fasil\u0259 il\u0259)<\/p>\n<\/li>\n<\/ul>\n<blockquote data-start=\"2420\" data-end=\"2473\">\n<p data-start=\"2422\" data-end=\"2473\">Bir inyeksiya yerind\u0259 maksimum 3 ml vurula bil\u0259r.<\/p>\n<\/blockquote>\n<hr data-start=\"2475\" data-end=\"2478\" \/>\n<h3 data-start=\"2480\" data-end=\"2501\">G\u00f6zl\u0259m\u0259 m\u00fcdd\u0259ti<\/h3>\n<ul data-start=\"2502\" data-end=\"2618\">\n<li data-start=\"2502\" data-end=\"2582\">\n<p data-start=\"2504\" data-end=\"2518\"><strong data-start=\"2504\" data-end=\"2516\">\u0414\u043b\u044f \u043c\u044f\u0441\u0430:<\/strong><\/p>\n<ul data-start=\"2521\" data-end=\"2582\">\n<li data-start=\"2521\" data-end=\"2559\">\n<p data-start=\"2523\" data-end=\"2559\">Mal-qara: 30 g\u00fcn (IM), 44 g\u00fcn (SC)<\/p>\n<\/li>\n<li data-start=\"2562\" data-end=\"2582\">\n<p data-start=\"2564\" data-end=\"2582\">Donuzlar: 18 g\u00fcn<\/p>\n<\/li>\n<\/ul>\n<\/li>\n<li data-start=\"2583\" data-end=\"2618\">\n<p data-start=\"2585\" data-end=\"2618\"><strong data-start=\"2585\" data-end=\"2598\">S\u00fcd \u00fc\u00e7\u00fcn:<\/strong> istifad\u0259 edilmir.<\/p>\n<\/li>\n<\/ul>\n<hr data-start=\"2620\" data-end=\"2623\" \/>\n<h3 data-start=\"2625\" data-end=\"2642\">\u0423\u043f\u0430\u043a\u043e\u0432\u043a\u0430<\/h3>\n<ul data-start=\"2643\" data-end=\"2664\">\n<li data-start=\"2643\" data-end=\"2664\">\n<p data-start=\"2645\" data-end=\"2664\"><strong data-start=\"2645\" data-end=\"2662\">100 ml flakon<\/strong><\/p>\n<\/li>\n<\/ul>\n<\/div>\n<p><!-- .vgblk-rw-wrapper --><\/p>","protected":false},"excerpt":{"rendered":"<p>Introflor-300 \u2013 Florfenicol 30% inyeksiya m\u0259hlulu T\u0259rkibi H\u0259r 1 ml m\u0259hlulda: Florfenicol \u2013 300 mq T\u0259sviri Florfenicol \u2013 ev heyvanlar\u0131ndan ayr\u0131lm\u0131\u015f \u00e7oxlu sayda qram-m\u00fcsb\u0259t v\u0259 qram-m\u0259nfi bakteriyalara qar\u015f\u0131 t\u0259sirli olan sintetik, geni\u015f t\u0259sir spektrin\u0259 malik antibiotikdir. Florfenicol ribosom s\u0259viyy\u0259sind\u0259 z\u00fclal sintezini bloklayaraq bakteriyalar\u0131n inki\u015faf\u0131n\u0131 dayand\u0131r\u0131r (bakteriostatik t\u0259sir g\u00f6st\u0259rir). Laboratoriya s\u0131naqlar\u0131 g\u00f6st\u0259rmi\u015fdir ki, florfenicol mal-qara n\u0259f\u0259s&#8230;<\/p>","protected":false},"featured_media":990421,"comment_status":"open","ping_status":"closed","template":"","meta":{"nf_dc_page":"","_monsterinsights_skip_tracking":false,"_monsterinsights_sitenote_active":false,"_monsterinsights_sitenote_note":"","_monsterinsights_sitenote_category":0},"product_brand":[],"product_cat":[251,108],"product_tag":[],"class_list":{"0":"post-990420","1":"product","2":"type-product","3":"status-publish","4":"has-post-thumbnail","6":"product_cat-veterinary-products","7":"product_cat-cow","9":"first","10":"instock","11":"shipping-taxable","12":"product-type-simple"},"jetpack_sharing_enabled":true,"_links":{"self":[{"href":"https:\/\/agrovetazerbaijan.az\/ru\/wp-json\/wp\/v2\/product\/990420","targetHints":{"allow":["GET"]}}],"collection":[{"href":"https:\/\/agrovetazerbaijan.az\/ru\/wp-json\/wp\/v2\/product"}],"about":[{"href":"https:\/\/agrovetazerbaijan.az\/ru\/wp-json\/wp\/v2\/types\/product"}],"replies":[{"embeddable":true,"href":"https:\/\/agrovetazerbaijan.az\/ru\/wp-json\/wp\/v2\/comments?post=990420"}],"version-history":[{"count":1,"href":"https:\/\/agrovetazerbaijan.az\/ru\/wp-json\/wp\/v2\/product\/990420\/revisions"}],"predecessor-version":[{"id":990422,"href":"https:\/\/agrovetazerbaijan.az\/ru\/wp-json\/wp\/v2\/product\/990420\/revisions\/990422"}],"wp:featuredmedia":[{"embeddable":true,"href":"https:\/\/agrovetazerbaijan.az\/ru\/wp-json\/wp\/v2\/media\/990421"}],"wp:attachment":[{"href":"https:\/\/agrovetazerbaijan.az\/ru\/wp-json\/wp\/v2\/media?parent=990420"}],"wp:term":[{"taxonomy":"product_brand","embeddable":true,"href":"https:\/\/agrovetazerbaijan.az\/ru\/wp-json\/wp\/v2\/product_brand?post=990420"},{"taxonomy":"product_cat","embeddable":true,"href":"https:\/\/agrovetazerbaijan.az\/ru\/wp-json\/wp\/v2\/product_cat?post=990420"},{"taxonomy":"product_tag","embeddable":true,"href":"https:\/\/agrovetazerbaijan.az\/ru\/wp-json\/wp\/v2\/product_tag?post=990420"}],"curies":[{"name":"WP","href":"https:\/\/api.w.org\/{rel}","templated":true}]}}