{"id":990417,"date":"2025-09-22T22:49:25","date_gmt":"2025-09-22T22:49:25","guid":{"rendered":"https:\/\/agrovetazerbaijan.az\/?post_type=product&#038;p=990417"},"modified":"2025-09-22T22:49:36","modified_gmt":"2025-09-22T22:49:36","slug":"introcil-pump","status":"publish","type":"product","link":"https:\/\/agrovetazerbaijan.az\/ru\/product\/introcil-pump\/","title":{"rendered":"Introcil Pump"},"content":{"rendered":"<div class=\"vgblk-rw-wrapper limit-wrapper\"><strong data-start=\"80\" data-end=\"97\">Introcil Pump<\/strong> \u2013 heyvanlar \u00fc\u00e7\u00fcn <strong data-start=\"115\" data-end=\"157\">Colistin &amp; Spectinomycin oral solution<\/strong>. Bu preparat\u0131n t\u0259rkibind\u0259 <strong data-start=\"184\" data-end=\"196\">Colistin<\/strong> \u0438 <strong data-start=\"200\" data-end=\"217\">Spectinomycin<\/strong> birl\u0259\u015f\u0259r\u0259k ba\u011f\u0131rsaq infeksiyalar\u0131na qar\u015f\u0131 effektiv qoruma t\u0259min edir. Colistin Gram-m\u0259nfi bakteriyalara, Spectinomycin is\u0259 doza g\u00f6r\u0259 bakterisid v\u0259 ya bakteriyostatik t\u0259sir g\u00f6st\u0259rir. <strong data-start=\"400\" data-end=\"417\">Introcil Pump<\/strong> quzular, ki\u00e7ik buynuzlular v\u0259 donuz balalar\u0131ndak\u0131 E. coli, Haemophilus spp., Mycoplasma spp. v\u0259 Salmonella spp. infeksiyalar\u0131n\u0131n m\u00fcalic\u0259si \u00fc\u00e7\u00fcn istifad\u0259 olunur.<\/div>\n<p><!-- .vgblk-rw-wrapper --><\/p>","protected":false},"excerpt":{"rendered":"<p>Introcil Pump \u2013 heyvanlar \u00fc\u00e7\u00fcn Colistin &amp; Spectinomycin oral solution. Bu preparat\u0131n t\u0259rkibind\u0259 Colistin v\u0259 Spectinomycin birl\u0259\u015f\u0259r\u0259k ba\u011f\u0131rsaq infeksiyalar\u0131na qar\u015f\u0131 effektiv qoruma t\u0259min edir. Colistin Gram-m\u0259nfi bakteriyalara, Spectinomycin is\u0259 doza g\u00f6r\u0259 bakterisid v\u0259 ya bakteriyostatik t\u0259sir g\u00f6st\u0259rir. Introcil Pump quzular, ki\u00e7ik buynuzlular v\u0259 donuz balalar\u0131ndak\u0131 E. coli, Haemophilus spp., Mycoplasma spp. v\u0259 Salmonella spp. infeksiyalar\u0131n\u0131n&#8230;<\/p>","protected":false},"featured_media":990418,"comment_status":"open","ping_status":"closed","template":"","meta":{"nf_dc_page":"","_monsterinsights_skip_tracking":false,"_monsterinsights_sitenote_active":false,"_monsterinsights_sitenote_note":"","_monsterinsights_sitenote_category":0},"product_brand":[],"product_cat":[251,114],"product_tag":[],"class_list":{"0":"post-990417","1":"product","2":"type-product","3":"status-publish","4":"has-post-thumbnail","6":"product_cat-veterinary-products","7":"product_cat-sheep","9":"first","10":"instock","11":"shipping-taxable","12":"product-type-simple"},"jetpack_sharing_enabled":true,"_links":{"self":[{"href":"https:\/\/agrovetazerbaijan.az\/ru\/wp-json\/wp\/v2\/product\/990417","targetHints":{"allow":["GET"]}}],"collection":[{"href":"https:\/\/agrovetazerbaijan.az\/ru\/wp-json\/wp\/v2\/product"}],"about":[{"href":"https:\/\/agrovetazerbaijan.az\/ru\/wp-json\/wp\/v2\/types\/product"}],"replies":[{"embeddable":true,"href":"https:\/\/agrovetazerbaijan.az\/ru\/wp-json\/wp\/v2\/comments?post=990417"}],"version-history":[{"count":1,"href":"https:\/\/agrovetazerbaijan.az\/ru\/wp-json\/wp\/v2\/product\/990417\/revisions"}],"predecessor-version":[{"id":990419,"href":"https:\/\/agrovetazerbaijan.az\/ru\/wp-json\/wp\/v2\/product\/990417\/revisions\/990419"}],"wp:featuredmedia":[{"embeddable":true,"href":"https:\/\/agrovetazerbaijan.az\/ru\/wp-json\/wp\/v2\/media\/990418"}],"wp:attachment":[{"href":"https:\/\/agrovetazerbaijan.az\/ru\/wp-json\/wp\/v2\/media?parent=990417"}],"wp:term":[{"taxonomy":"product_brand","embeddable":true,"href":"https:\/\/agrovetazerbaijan.az\/ru\/wp-json\/wp\/v2\/product_brand?post=990417"},{"taxonomy":"product_cat","embeddable":true,"href":"https:\/\/agrovetazerbaijan.az\/ru\/wp-json\/wp\/v2\/product_cat?post=990417"},{"taxonomy":"product_tag","embeddable":true,"href":"https:\/\/agrovetazerbaijan.az\/ru\/wp-json\/wp\/v2\/product_tag?post=990417"}],"curies":[{"name":"WP","href":"https:\/\/api.w.org\/{rel}","templated":true}]}}