{"id":990411,"date":"2025-09-22T22:41:33","date_gmt":"2025-09-22T22:41:33","guid":{"rendered":"https:\/\/agrovetazerbaijan.az\/?post_type=product&#038;p=990411"},"modified":"2025-09-22T22:41:43","modified_gmt":"2025-09-22T22:41:43","slug":"interflox-200-oral","status":"publish","type":"product","link":"https:\/\/agrovetazerbaijan.az\/ru\/product\/interflox-200-oral\/","title":{"rendered":"Interflox-200 Oral"},"content":{"rendered":"<div class=\"vgblk-rw-wrapper limit-wrapper\">\n<p data-start=\"85\" data-end=\"545\"><strong data-start=\"85\" data-end=\"107\">Interflox-200 Oral<\/strong> \u2013 heyvanlar \u00fc\u00e7\u00fcn <strong data-start=\"125\" data-end=\"166\">Enrofloxacin 20% a\u011f\u0131z vasit\u0259sil\u0259 maye<\/strong> formas\u0131d\u0131r. Bu <strong data-start=\"182\" data-end=\"218\">fluoroquinolone qrupu antibiotik<\/strong> bakteriyosid t\u0259sir g\u00f6st\u0259rir v\u0259 bir \u00e7ox Gram-m\u0259nfi v\u0259 Gram-m\u00fcsb\u0259t bakteriyalar, el\u0259c\u0259 d\u0259 Mycoplasma spp. \u00fcz\u0259rind\u0259 aktivdir. Enrofloxacin DNA v\u0259 mRNA sintezini inhib\u0259 ed\u0259r\u0259k, patogen bakteriyalar\u0131 d\u0259rhal m\u0259hv edir. Interflox-200 Oral, toyuqlar, hindu\u015fkalar v\u0259 dov\u015fanlarda bakterial infeksiyalar\u0131n m\u00fcalic\u0259sind\u0259 istifad\u0259 olunur.<\/p>\n<\/div>\n<p><!-- .vgblk-rw-wrapper --><\/p>","protected":false},"excerpt":{"rendered":"<p>Interflox-200 Oral \u2013 heyvanlar \u00fc\u00e7\u00fcn Enrofloxacin 20% a\u011f\u0131z vasit\u0259sil\u0259 maye formas\u0131d\u0131r. Bu fluoroquinolone qrupu antibiotik bakteriyosid t\u0259sir g\u00f6st\u0259rir v\u0259 bir \u00e7ox Gram-m\u0259nfi v\u0259 Gram-m\u00fcsb\u0259t bakteriyalar, el\u0259c\u0259 d\u0259 Mycoplasma spp. \u00fcz\u0259rind\u0259 aktivdir. Enrofloxacin DNA v\u0259 mRNA sintezini inhib\u0259 ed\u0259r\u0259k, patogen bakteriyalar\u0131 d\u0259rhal m\u0259hv edir. Interflox-200 Oral, toyuqlar, hindu\u015fkalar v\u0259 dov\u015fanlarda bakterial infeksiyalar\u0131n m\u00fcalic\u0259sind\u0259 istifad\u0259 olunur.<\/p>","protected":false},"featured_media":990412,"comment_status":"open","ping_status":"closed","template":"","meta":{"nf_dc_page":"","_monsterinsights_skip_tracking":false,"_monsterinsights_sitenote_active":false,"_monsterinsights_sitenote_note":"","_monsterinsights_sitenote_category":0},"product_brand":[],"product_cat":[251,68],"product_tag":[],"class_list":{"0":"post-990411","1":"product","2":"type-product","3":"status-publish","4":"has-post-thumbnail","6":"product_cat-veterinary-products","7":"product_cat-poultry","9":"first","10":"instock","11":"shipping-taxable","12":"product-type-simple"},"jetpack_sharing_enabled":true,"_links":{"self":[{"href":"https:\/\/agrovetazerbaijan.az\/ru\/wp-json\/wp\/v2\/product\/990411","targetHints":{"allow":["GET"]}}],"collection":[{"href":"https:\/\/agrovetazerbaijan.az\/ru\/wp-json\/wp\/v2\/product"}],"about":[{"href":"https:\/\/agrovetazerbaijan.az\/ru\/wp-json\/wp\/v2\/types\/product"}],"replies":[{"embeddable":true,"href":"https:\/\/agrovetazerbaijan.az\/ru\/wp-json\/wp\/v2\/comments?post=990411"}],"version-history":[{"count":1,"href":"https:\/\/agrovetazerbaijan.az\/ru\/wp-json\/wp\/v2\/product\/990411\/revisions"}],"predecessor-version":[{"id":990413,"href":"https:\/\/agrovetazerbaijan.az\/ru\/wp-json\/wp\/v2\/product\/990411\/revisions\/990413"}],"wp:featuredmedia":[{"embeddable":true,"href":"https:\/\/agrovetazerbaijan.az\/ru\/wp-json\/wp\/v2\/media\/990412"}],"wp:attachment":[{"href":"https:\/\/agrovetazerbaijan.az\/ru\/wp-json\/wp\/v2\/media?parent=990411"}],"wp:term":[{"taxonomy":"product_brand","embeddable":true,"href":"https:\/\/agrovetazerbaijan.az\/ru\/wp-json\/wp\/v2\/product_brand?post=990411"},{"taxonomy":"product_cat","embeddable":true,"href":"https:\/\/agrovetazerbaijan.az\/ru\/wp-json\/wp\/v2\/product_cat?post=990411"},{"taxonomy":"product_tag","embeddable":true,"href":"https:\/\/agrovetazerbaijan.az\/ru\/wp-json\/wp\/v2\/product_tag?post=990411"}],"curies":[{"name":"WP","href":"https:\/\/api.w.org\/{rel}","templated":true}]}}