{"id":990407,"date":"2025-09-22T22:35:46","date_gmt":"2025-09-22T22:35:46","guid":{"rendered":"https:\/\/agrovetazerbaijan.az\/?post_type=product&#038;p=990407"},"modified":"2025-09-22T22:35:57","modified_gmt":"2025-09-22T22:35:57","slug":"ceftionel-50","status":"publish","type":"product","link":"https:\/\/agrovetazerbaijan.az\/ru\/product\/ceftionel-50\/","title":{"rendered":"Ceftionel-50"},"content":{"rendered":"<div class=\"vgblk-rw-wrapper limit-wrapper\"><strong data-start=\"79\" data-end=\"95\">Ceftionel-50<\/strong> \u2013 mal-qara v\u0259 donuzlar \u00fc\u00e7\u00fcn <strong data-start=\"124\" data-end=\"150\">Ceftiofur 5% inyeksiya<\/strong>d\u0131r. Bu geni\u015f spektrli <strong data-start=\"173\" data-end=\"200\">sefalosporin antibiotik<\/strong> t\u0259n\u0259ff\u00fcs yolu infeksiyalar\u0131, ayaq rotas\u0131 v\u0259 postpartal metritin m\u00fcalic\u0259sind\u0259 istifad\u0259 olunur. Ceftiofur bakterial h\u00fcceyr\u0259 divar\u0131n\u0131n sintezini inhib\u0259 ed\u0259r\u0259k t\u0259sir g\u00f6st\u0259rir v\u0259 h\u0259m Gram-m\u00fcsb\u0259t, h\u0259m d\u0259 Gram-m\u0259nfi bakteriyalara qar\u015f\u0131 aktivdir. Ceftionel-50, mal-qara \u00fc\u00e7\u00fcn Mannheimia haemolytica, Pasteurella multocida v\u0259 Histophilus somni infeksiyalar\u0131nda; donuzlar \u00fc\u00e7\u00fcn is\u0259 Pasteurella multocida, Actinobacillus pleuropneumoniae v\u0259 Streptococcus suis infeksiyalar\u0131nda t\u0259tbiq olunur.<\/div>\n<p><!-- .vgblk-rw-wrapper --><\/p>","protected":false},"excerpt":{"rendered":"<p>Ceftionel-50 \u2013 mal-qara v\u0259 donuzlar \u00fc\u00e7\u00fcn Ceftiofur 5% inyeksiyad\u0131r. Bu geni\u015f spektrli sefalosporin antibiotik t\u0259n\u0259ff\u00fcs yolu infeksiyalar\u0131, ayaq rotas\u0131 v\u0259 postpartal metritin m\u00fcalic\u0259sind\u0259 istifad\u0259 olunur. Ceftiofur bakterial h\u00fcceyr\u0259 divar\u0131n\u0131n sintezini inhib\u0259 ed\u0259r\u0259k t\u0259sir g\u00f6st\u0259rir v\u0259 h\u0259m Gram-m\u00fcsb\u0259t, h\u0259m d\u0259 Gram-m\u0259nfi bakteriyalara qar\u015f\u0131 aktivdir. Ceftionel-50, mal-qara \u00fc\u00e7\u00fcn Mannheimia haemolytica, Pasteurella multocida v\u0259 Histophilus somni infeksiyalar\u0131nda; donuzlar&#8230;<\/p>","protected":false},"featured_media":990408,"comment_status":"open","ping_status":"closed","template":"","meta":{"nf_dc_page":"","_monsterinsights_skip_tracking":false,"_monsterinsights_sitenote_active":false,"_monsterinsights_sitenote_note":"","_monsterinsights_sitenote_category":0},"product_brand":[],"product_cat":[251,108],"product_tag":[],"class_list":{"0":"post-990407","1":"product","2":"type-product","3":"status-publish","4":"has-post-thumbnail","6":"product_cat-veterinary-products","7":"product_cat-cow","9":"first","10":"instock","11":"shipping-taxable","12":"product-type-simple"},"jetpack_sharing_enabled":true,"_links":{"self":[{"href":"https:\/\/agrovetazerbaijan.az\/ru\/wp-json\/wp\/v2\/product\/990407","targetHints":{"allow":["GET"]}}],"collection":[{"href":"https:\/\/agrovetazerbaijan.az\/ru\/wp-json\/wp\/v2\/product"}],"about":[{"href":"https:\/\/agrovetazerbaijan.az\/ru\/wp-json\/wp\/v2\/types\/product"}],"replies":[{"embeddable":true,"href":"https:\/\/agrovetazerbaijan.az\/ru\/wp-json\/wp\/v2\/comments?post=990407"}],"version-history":[{"count":1,"href":"https:\/\/agrovetazerbaijan.az\/ru\/wp-json\/wp\/v2\/product\/990407\/revisions"}],"predecessor-version":[{"id":990409,"href":"https:\/\/agrovetazerbaijan.az\/ru\/wp-json\/wp\/v2\/product\/990407\/revisions\/990409"}],"wp:featuredmedia":[{"embeddable":true,"href":"https:\/\/agrovetazerbaijan.az\/ru\/wp-json\/wp\/v2\/media\/990408"}],"wp:attachment":[{"href":"https:\/\/agrovetazerbaijan.az\/ru\/wp-json\/wp\/v2\/media?parent=990407"}],"wp:term":[{"taxonomy":"product_brand","embeddable":true,"href":"https:\/\/agrovetazerbaijan.az\/ru\/wp-json\/wp\/v2\/product_brand?post=990407"},{"taxonomy":"product_cat","embeddable":true,"href":"https:\/\/agrovetazerbaijan.az\/ru\/wp-json\/wp\/v2\/product_cat?post=990407"},{"taxonomy":"product_tag","embeddable":true,"href":"https:\/\/agrovetazerbaijan.az\/ru\/wp-json\/wp\/v2\/product_tag?post=990407"}],"curies":[{"name":"WP","href":"https:\/\/api.w.org\/{rel}","templated":true}]}}