{"id":990404,"date":"2025-09-22T22:33:42","date_gmt":"2025-09-22T22:33:42","guid":{"rendered":"https:\/\/agrovetazerbaijan.az\/?post_type=product&#038;p=990404"},"modified":"2025-09-22T22:33:56","modified_gmt":"2025-09-22T22:33:56","slug":"vitol-80-c-oral","status":"publish","type":"product","link":"https:\/\/agrovetazerbaijan.az\/ru\/product\/vitol-80-c-oral\/","title":{"rendered":"Vitol-80 C Oral"},"content":{"rendered":"<div class=\"vgblk-rw-wrapper limit-wrapper\">\n<p data-start=\"82\" data-end=\"671\"><strong data-start=\"82\" data-end=\"101\">Vitol-80 C Oral<\/strong> \u2013 heyvanlar \u00fc\u00e7\u00fcn vitamin A, D3, E v\u0259 C il\u0259 z\u0259ngin <strong data-start=\"152\" data-end=\"165\">oral h\u0259ll<\/strong>dir. Bu preparat <strong data-start=\"182\" data-end=\"231\">immun v\u0259 reproduktiv sistemin normal i\u015fl\u0259m\u0259si<\/strong>, h\u0259m\u00e7inin stresli \u015f\u0259raitd\u0259 d\u0259st\u0259k \u00fc\u00e7\u00fcn istifad\u0259 olunur (m\u0259s\u0259l\u0259n, vaksinasiya, n\u0259qliyyat, isti v\u0259 ya soyuq hava stresl\u0259ri). Vitamin A, E v\u0259 C <strong data-start=\"373\" data-end=\"392\">antioksidantd\u0131r<\/strong>, h\u00fcceyr\u0259l\u0259ri s\u0259rb\u0259st radikallar\u0131n yaratd\u0131\u011f\u0131 oksidl\u0259\u015fm\u0259d\u0259n qoruyur. Vitamin D3 kalsium v\u0259 fosfor metabolizmas\u0131n\u0131 t\u0259nziml\u0259yir v\u0259 di\u015fl\u0259rin, skeletin normal inki\u015faf\u0131 \u00fc\u00e7\u00fcn vacibdir. <strong data-start=\"570\" data-end=\"589\">Vitol-80 C Oral<\/strong> h\u0259m\u00e7inin <strong data-start=\"599\" data-end=\"647\">a\u011f \u0259z\u0259l\u0259 x\u0259st\u0259liyi, raxit v\u0259 osteomalciyan\u0131n<\/strong> b\u0259rpas\u0131na k\u00f6m\u0259k edir.<\/p>\n<p data-start=\"673\" data-end=\"762\">Heyvan n\u00f6vl\u0259ri \u00fc\u00e7\u00fcn t\u00f6vsiy\u0259 olunur: <strong data-start=\"709\" data-end=\"759\">buza\u011f\u0131, mal-qara, qoyun, ke\u00e7i, donuz v\u0259 qu\u015flar<\/strong>.<\/p>\n<\/div>\n<p><!-- .vgblk-rw-wrapper --><\/p>","protected":false},"excerpt":{"rendered":"<p>Vitol-80 C Oral \u2013 heyvanlar \u00fc\u00e7\u00fcn vitamin A, D3, E v\u0259 C il\u0259 z\u0259ngin oral h\u0259lldir. Bu preparat immun v\u0259 reproduktiv sistemin normal i\u015fl\u0259m\u0259si, h\u0259m\u00e7inin stresli \u015f\u0259raitd\u0259 d\u0259st\u0259k \u00fc\u00e7\u00fcn istifad\u0259 olunur (m\u0259s\u0259l\u0259n, vaksinasiya, n\u0259qliyyat, isti v\u0259 ya soyuq hava stresl\u0259ri). Vitamin A, E v\u0259 C antioksidantd\u0131r, h\u00fcceyr\u0259l\u0259ri s\u0259rb\u0259st radikallar\u0131n yaratd\u0131\u011f\u0131 oksidl\u0259\u015fm\u0259d\u0259n qoruyur. Vitamin D3 kalsium&#8230;<\/p>","protected":false},"featured_media":990405,"comment_status":"open","ping_status":"closed","template":"","meta":{"nf_dc_page":"","_monsterinsights_skip_tracking":false,"_monsterinsights_sitenote_active":false,"_monsterinsights_sitenote_note":"","_monsterinsights_sitenote_category":0},"product_brand":[],"product_cat":[251,108,114,68],"product_tag":[],"class_list":{"0":"post-990404","1":"product","2":"type-product","3":"status-publish","4":"has-post-thumbnail","6":"product_cat-veterinary-products","7":"product_cat-cow","8":"product_cat-sheep","9":"product_cat-poultry","11":"first","12":"instock","13":"shipping-taxable","14":"product-type-simple"},"jetpack_sharing_enabled":true,"_links":{"self":[{"href":"https:\/\/agrovetazerbaijan.az\/ru\/wp-json\/wp\/v2\/product\/990404","targetHints":{"allow":["GET"]}}],"collection":[{"href":"https:\/\/agrovetazerbaijan.az\/ru\/wp-json\/wp\/v2\/product"}],"about":[{"href":"https:\/\/agrovetazerbaijan.az\/ru\/wp-json\/wp\/v2\/types\/product"}],"replies":[{"embeddable":true,"href":"https:\/\/agrovetazerbaijan.az\/ru\/wp-json\/wp\/v2\/comments?post=990404"}],"version-history":[{"count":1,"href":"https:\/\/agrovetazerbaijan.az\/ru\/wp-json\/wp\/v2\/product\/990404\/revisions"}],"predecessor-version":[{"id":990406,"href":"https:\/\/agrovetazerbaijan.az\/ru\/wp-json\/wp\/v2\/product\/990404\/revisions\/990406"}],"wp:featuredmedia":[{"embeddable":true,"href":"https:\/\/agrovetazerbaijan.az\/ru\/wp-json\/wp\/v2\/media\/990405"}],"wp:attachment":[{"href":"https:\/\/agrovetazerbaijan.az\/ru\/wp-json\/wp\/v2\/media?parent=990404"}],"wp:term":[{"taxonomy":"product_brand","embeddable":true,"href":"https:\/\/agrovetazerbaijan.az\/ru\/wp-json\/wp\/v2\/product_brand?post=990404"},{"taxonomy":"product_cat","embeddable":true,"href":"https:\/\/agrovetazerbaijan.az\/ru\/wp-json\/wp\/v2\/product_cat?post=990404"},{"taxonomy":"product_tag","embeddable":true,"href":"https:\/\/agrovetazerbaijan.az\/ru\/wp-json\/wp\/v2\/product_tag?post=990404"}],"curies":[{"name":"WP","href":"https:\/\/api.w.org\/{rel}","templated":true}]}}