{"id":990394,"date":"2025-09-22T21:15:22","date_gmt":"2025-09-22T21:15:22","guid":{"rendered":"https:\/\/agrovetazerbaijan.az\/?post_type=product&#038;p=990394"},"modified":"2025-09-22T21:15:37","modified_gmt":"2025-09-22T21:15:37","slug":"intromin-oral","status":"publish","type":"product","link":"https:\/\/agrovetazerbaijan.az\/ru\/product\/intromin-oral\/","title":{"rendered":"Intromin Oral"},"content":{"rendered":"<div class=\"vgblk-rw-wrapper limit-wrapper\">\n<p data-start=\"94\" data-end=\"311\"><strong data-start=\"94\" data-end=\"127\">Intromin Oral (Multimin Oral)<\/strong> \u2013 fermada saxlan\u0131lan heyvanlar\u0131n sa\u011flaml\u0131\u011f\u0131 \u00fc\u00e7\u00fcn vacib olan <strong data-start=\"188\" data-end=\"255\">fosfor, kalsium, maqnezium, d\u0259mir, natrium, sink, manqan v\u0259 mis<\/strong> kimi \u0259sas minerallar\u0131n balansla\u015fd\u0131r\u0131lm\u0131\u015f qar\u0131\u015f\u0131\u011f\u0131d\u0131r.<\/p>\n<p data-start=\"313\" data-end=\"696\">Minerallar heyvanlarda <strong data-start=\"336\" data-end=\"526\">s\u00fcm\u00fckl\u0259rin formala\u015fmas\u0131, yumurta qab\u0131\u011f\u0131n\u0131n keyfiyy\u0259tinin yax\u015f\u0131la\u015fd\u0131r\u0131lmas\u0131, \u0259z\u0259l\u0259 y\u0131\u011f\u0131lmas\u0131 v\u0259 bo\u015falmas\u0131, fermentl\u0259rin aktivl\u0259\u015fm\u0259si, osmotik t\u0259nziml\u0259m\u0259 v\u0259 tur\u015fu-q\u0259l\u0259vi balans\u0131n qorunmas\u0131<\/strong> \u00fc\u00e7\u00fcn vacibdir. Mineral \u00e7at\u0131\u015fmazl\u0131\u011f\u0131 bir \u00e7ox fizioloji prosesl\u0259ri pozur. <strong data-start=\"599\" data-end=\"616\">Intromin Oral<\/strong> bu \u00e7at\u0131\u015fmazl\u0131qlar\u0131n qar\u015f\u0131s\u0131n\u0131 al\u0131r v\u0259 m\u0259hsuldarl\u0131\u011f\u0131n y\u00fcks\u0259lm\u0259sin\u0259 k\u00f6m\u0259k edir.<\/p>\n<p data-start=\"698\" data-end=\"824\">\u018fn yax\u015f\u0131 n\u0259tic\u0259 \u00fc\u00e7\u00fcn <strong data-start=\"719\" data-end=\"737\">Aminogrow Oral<\/strong> il\u0259 birlikd\u0259 istifad\u0259si t\u00f6vsiy\u0259 olunur, bu zaman minerallar\u0131n sorulmas\u0131 xeyli art\u0131r.<\/p>\n<\/div>\n<p><!-- .vgblk-rw-wrapper --><\/p>","protected":false},"excerpt":{"rendered":"<p>Intromin Oral (Multimin Oral) \u2013 fermada saxlan\u0131lan heyvanlar\u0131n sa\u011flaml\u0131\u011f\u0131 \u00fc\u00e7\u00fcn vacib olan fosfor, kalsium, maqnezium, d\u0259mir, natrium, sink, manqan v\u0259 mis kimi \u0259sas minerallar\u0131n balansla\u015fd\u0131r\u0131lm\u0131\u015f qar\u0131\u015f\u0131\u011f\u0131d\u0131r. Minerallar heyvanlarda s\u00fcm\u00fckl\u0259rin formala\u015fmas\u0131, yumurta qab\u0131\u011f\u0131n\u0131n keyfiyy\u0259tinin yax\u015f\u0131la\u015fd\u0131r\u0131lmas\u0131, \u0259z\u0259l\u0259 y\u0131\u011f\u0131lmas\u0131 v\u0259 bo\u015falmas\u0131, fermentl\u0259rin aktivl\u0259\u015fm\u0259si, osmotik t\u0259nziml\u0259m\u0259 v\u0259 tur\u015fu-q\u0259l\u0259vi balans\u0131n qorunmas\u0131 \u00fc\u00e7\u00fcn vacibdir. Mineral \u00e7at\u0131\u015fmazl\u0131\u011f\u0131 bir \u00e7ox fizioloji prosesl\u0259ri pozur&#8230;.<\/p>","protected":false},"featured_media":990395,"comment_status":"open","ping_status":"closed","template":"","meta":{"nf_dc_page":"","_monsterinsights_skip_tracking":false,"_monsterinsights_sitenote_active":false,"_monsterinsights_sitenote_note":"","_monsterinsights_sitenote_category":0},"product_brand":[],"product_cat":[251,108,114,68],"product_tag":[],"class_list":{"0":"post-990394","1":"product","2":"type-product","3":"status-publish","4":"has-post-thumbnail","6":"product_cat-veterinary-products","7":"product_cat-cow","8":"product_cat-sheep","9":"product_cat-poultry","11":"first","12":"instock","13":"shipping-taxable","14":"product-type-simple"},"jetpack_sharing_enabled":true,"_links":{"self":[{"href":"https:\/\/agrovetazerbaijan.az\/ru\/wp-json\/wp\/v2\/product\/990394","targetHints":{"allow":["GET"]}}],"collection":[{"href":"https:\/\/agrovetazerbaijan.az\/ru\/wp-json\/wp\/v2\/product"}],"about":[{"href":"https:\/\/agrovetazerbaijan.az\/ru\/wp-json\/wp\/v2\/types\/product"}],"replies":[{"embeddable":true,"href":"https:\/\/agrovetazerbaijan.az\/ru\/wp-json\/wp\/v2\/comments?post=990394"}],"version-history":[{"count":1,"href":"https:\/\/agrovetazerbaijan.az\/ru\/wp-json\/wp\/v2\/product\/990394\/revisions"}],"predecessor-version":[{"id":990396,"href":"https:\/\/agrovetazerbaijan.az\/ru\/wp-json\/wp\/v2\/product\/990394\/revisions\/990396"}],"wp:featuredmedia":[{"embeddable":true,"href":"https:\/\/agrovetazerbaijan.az\/ru\/wp-json\/wp\/v2\/media\/990395"}],"wp:attachment":[{"href":"https:\/\/agrovetazerbaijan.az\/ru\/wp-json\/wp\/v2\/media?parent=990394"}],"wp:term":[{"taxonomy":"product_brand","embeddable":true,"href":"https:\/\/agrovetazerbaijan.az\/ru\/wp-json\/wp\/v2\/product_brand?post=990394"},{"taxonomy":"product_cat","embeddable":true,"href":"https:\/\/agrovetazerbaijan.az\/ru\/wp-json\/wp\/v2\/product_cat?post=990394"},{"taxonomy":"product_tag","embeddable":true,"href":"https:\/\/agrovetazerbaijan.az\/ru\/wp-json\/wp\/v2\/product_tag?post=990394"}],"curies":[{"name":"WP","href":"https:\/\/api.w.org\/{rel}","templated":true}]}}