{"id":990388,"date":"2025-09-22T20:25:43","date_gmt":"2025-09-22T20:25:43","guid":{"rendered":"https:\/\/agrovetazerbaijan.az\/?post_type=product&#038;p=990388"},"modified":"2025-09-22T20:25:55","modified_gmt":"2025-09-22T20:25:55","slug":"macrotyl-250-oral","status":"publish","type":"product","link":"https:\/\/agrovetazerbaijan.az\/ru\/product\/macrotyl-250-oral\/","title":{"rendered":"Macrotyl-250 Oral"},"content":{"rendered":"<div class=\"vgblk-rw-wrapper limit-wrapper\">\n<p data-start=\"115\" data-end=\"443\"><strong data-start=\"115\" data-end=\"165\">Macrotyl-250 Oral (Tilmicosin 25% oral liquid)<\/strong> geni\u015f spektrli yar\u0131-sintetik makrolid antibiotikdir. Tilmicosin, \u0259sas\u0259n <strong data-start=\"238\" data-end=\"293\">Mycoplasma spp., Pasteurella spp., Haemophilus spp.<\/strong> v\u0259 dig\u0259r <strong data-start=\"303\" data-end=\"332\">\u0413\u0440\u0430\u043c\u043f\u043e\u043b\u043e\u0436\u0438\u0442\u0435\u043b\u044c\u043d\u044b\u0435 \u0431\u0430\u043a\u0442\u0435\u0440\u0438\u0438<\/strong> qar\u015f\u0131 y\u00fcks\u0259k t\u0259sir g\u00f6st\u0259rir. Bu preparat bakterial protein sintezini pozaraq onlar\u0131n \u00e7oxalmas\u0131n\u0131 dayand\u0131r\u0131r.<\/p>\n<p data-start=\"445\" data-end=\"785\">Macrotyl-250 Oral, <strong data-start=\"464\" data-end=\"514\">mal-qara (dana), donuz, toyuq v\u0259 hindu\u015fkalarda<\/strong> tilmicosin\u0259 h\u0259ssas mikroorqanizml\u0259rin yaratd\u0131\u011f\u0131 respirator infeksiyalar\u0131n m\u00fcalic\u0259sind\u0259 istifad\u0259 olunur. \u018fsas\u0259n <strong data-start=\"626\" data-end=\"747\">Mycoplasma spp., Pasteurella multocida, Actinobacillus pleuropneumoniae, Actinomyces pyogenes, Mannheimia haemolytica<\/strong> kimi patogenl\u0259r\u0259 qar\u015f\u0131 effektivdir.<\/p>\n<p data-start=\"787\" data-end=\"1013\">D\u0259rman orqanizmd\u0259n \u0259sas\u0259n \u00f6d vasit\u0259sil\u0259 ifraz olunur. M\u00fcalic\u0259 zaman\u0131 i\u00e7m\u0259li su v\u0259 ya s\u00fcni s\u00fcd vasit\u0259sil\u0259 t\u0259tbiq edilir. Preparat\u0131n istifad\u0259si il\u0259 x\u0259st\u0259likl\u0259rin qar\u015f\u0131s\u0131 al\u0131n\u0131r, heyvanlar\u0131n sa\u011flaml\u0131\u011f\u0131 v\u0259 m\u0259hsuldarl\u0131\u011f\u0131 qorunur.<\/p>\n<\/div>\n<p><!-- .vgblk-rw-wrapper --><\/p>","protected":false},"excerpt":{"rendered":"<p>Macrotyl-250 Oral (Tilmicosin 25% oral liquid) geni\u015f spektrli yar\u0131-sintetik makrolid antibiotikdir. Tilmicosin, \u0259sas\u0259n Mycoplasma spp., Pasteurella spp., Haemophilus spp. v\u0259 dig\u0259r Gram-m\u00fcsb\u0259t bakteriyalara qar\u015f\u0131 y\u00fcks\u0259k t\u0259sir g\u00f6st\u0259rir. Bu preparat bakterial protein sintezini pozaraq onlar\u0131n \u00e7oxalmas\u0131n\u0131 dayand\u0131r\u0131r. Macrotyl-250 Oral, mal-qara (dana), donuz, toyuq v\u0259 hindu\u015fkalarda tilmicosin\u0259 h\u0259ssas mikroorqanizml\u0259rin yaratd\u0131\u011f\u0131 respirator infeksiyalar\u0131n m\u00fcalic\u0259sind\u0259 istifad\u0259 olunur. \u018fsas\u0259n Mycoplasma&#8230;<\/p>","protected":false},"featured_media":990389,"comment_status":"open","ping_status":"closed","template":"","meta":{"nf_dc_page":"","_monsterinsights_skip_tracking":false,"_monsterinsights_sitenote_active":false,"_monsterinsights_sitenote_note":"","_monsterinsights_sitenote_category":0},"product_brand":[],"product_cat":[251,68],"product_tag":[],"class_list":{"0":"post-990388","1":"product","2":"type-product","3":"status-publish","4":"has-post-thumbnail","6":"product_cat-veterinary-products","7":"product_cat-poultry","9":"first","10":"instock","11":"shipping-taxable","12":"product-type-simple"},"jetpack_sharing_enabled":true,"_links":{"self":[{"href":"https:\/\/agrovetazerbaijan.az\/ru\/wp-json\/wp\/v2\/product\/990388","targetHints":{"allow":["GET"]}}],"collection":[{"href":"https:\/\/agrovetazerbaijan.az\/ru\/wp-json\/wp\/v2\/product"}],"about":[{"href":"https:\/\/agrovetazerbaijan.az\/ru\/wp-json\/wp\/v2\/types\/product"}],"replies":[{"embeddable":true,"href":"https:\/\/agrovetazerbaijan.az\/ru\/wp-json\/wp\/v2\/comments?post=990388"}],"version-history":[{"count":1,"href":"https:\/\/agrovetazerbaijan.az\/ru\/wp-json\/wp\/v2\/product\/990388\/revisions"}],"predecessor-version":[{"id":990390,"href":"https:\/\/agrovetazerbaijan.az\/ru\/wp-json\/wp\/v2\/product\/990388\/revisions\/990390"}],"wp:featuredmedia":[{"embeddable":true,"href":"https:\/\/agrovetazerbaijan.az\/ru\/wp-json\/wp\/v2\/media\/990389"}],"wp:attachment":[{"href":"https:\/\/agrovetazerbaijan.az\/ru\/wp-json\/wp\/v2\/media?parent=990388"}],"wp:term":[{"taxonomy":"product_brand","embeddable":true,"href":"https:\/\/agrovetazerbaijan.az\/ru\/wp-json\/wp\/v2\/product_brand?post=990388"},{"taxonomy":"product_cat","embeddable":true,"href":"https:\/\/agrovetazerbaijan.az\/ru\/wp-json\/wp\/v2\/product_cat?post=990388"},{"taxonomy":"product_tag","embeddable":true,"href":"https:\/\/agrovetazerbaijan.az\/ru\/wp-json\/wp\/v2\/product_tag?post=990388"}],"curies":[{"name":"WP","href":"https:\/\/api.w.org\/{rel}","templated":true}]}}