{"id":990385,"date":"2025-09-22T20:20:23","date_gmt":"2025-09-22T20:20:23","guid":{"rendered":"https:\/\/agrovetazerbaijan.az\/?post_type=product&#038;p=990385"},"modified":"2025-09-22T20:20:35","modified_gmt":"2025-09-22T20:20:35","slug":"intracox-oral","status":"publish","type":"product","link":"https:\/\/agrovetazerbaijan.az\/ru\/product\/intracox-oral\/","title":{"rendered":"Intracox Oral"},"content":{"rendered":"<div class=\"vgblk-rw-wrapper limit-wrapper\">\n<p data-start=\"228\" data-end=\"684\"><strong data-start=\"228\" data-end=\"245\">Intracox Oral<\/strong> \u2013 Toltrazuril 2.5% t\u0259rkibli, geni\u015f t\u0259sirli antikoksidial preparatd\u0131r. Preparat Eimeria spp.-y\u0259 qar\u015f\u0131 y\u00fcks\u0259k effektivliy\u0259 malikdir v\u0259 h\u0259m toyuq, h\u0259m d\u0259 hindu\u015fkalarda koksidiozun m\u00fcalic\u0259sind\u0259 istifad\u0259 olunur. Toltrazuril parazitl\u0259rin inki\u015faf m\u0259rh\u0259l\u0259l\u0259rinin h\u00fcceyr\u0259 strukturunu pozur, onlar\u0131n enerji istehsal\u0131n\u0131 z\u0259ifl\u0259dir v\u0259 \u00e7oxalmas\u0131n\u0131n qar\u015f\u0131s\u0131n\u0131 al\u0131r. Bu say\u0259d\u0259 koksidiozun klinik \u0259lam\u0259tl\u0259rini azald\u0131r v\u0259 s\u00fcr\u00fcn\u00fcn sa\u011flaml\u0131\u011f\u0131n\u0131 b\u0259rpa edir.<\/p>\n<p data-start=\"686\" data-end=\"973\">\u2714 Effektivdir: <em data-start=\"701\" data-end=\"780\">Eimeria acervulina, E. brunetti, E. maxima, E. mitis, E. necatrix, E. tenella<\/em> (toyuqlarda) v\u0259 <em data-start=\"797\" data-end=\"829\">E. adenoides, E. meleagrimitis<\/em> (hindu\u015fkalarda).<br data-start=\"846\" data-end=\"849\" \/>\u2714 Sad\u0259 istifad\u0259si: \u0130\u00e7m\u0259li su il\u0259 asan t\u0259tbiq olunur.<br data-start=\"901\" data-end=\"904\" \/>\u2714 \u00c7\u0259kilm\u0259 m\u00fcdd\u0259ti: Toyuq \u0259ti \u00fc\u00e7\u00fcn 14 g\u00fcn, hindu\u015fka \u0259ti \u00fc\u00e7\u00fcn 16 g\u00fcn.<\/p>\n<p data-start=\"975\" data-end=\"1087\"><strong data-start=\"975\" data-end=\"995\">\u041e\u0431\u043b\u0430\u0441\u0442\u044c \u043f\u0440\u0438\u043c\u0435\u043d\u0435\u043d\u0438\u044f:<\/strong> Broylerl\u0259r, yumurtal\u0131q toyuqlar (yumurta istehsal\u0131 \u00fc\u00e7\u00fcn istifad\u0259 olunmur) v\u0259 hindu\u015fkalar.<\/p>\n<\/div>\n<p><!-- .vgblk-rw-wrapper --><\/p>","protected":false},"excerpt":{"rendered":"<p>Intracox Oral \u2013 Toltrazuril 2.5% t\u0259rkibli, geni\u015f t\u0259sirli antikoksidial preparatd\u0131r. Preparat Eimeria spp.-y\u0259 qar\u015f\u0131 y\u00fcks\u0259k effektivliy\u0259 malikdir v\u0259 h\u0259m toyuq, h\u0259m d\u0259 hindu\u015fkalarda koksidiozun m\u00fcalic\u0259sind\u0259 istifad\u0259 olunur. Toltrazuril parazitl\u0259rin inki\u015faf m\u0259rh\u0259l\u0259l\u0259rinin h\u00fcceyr\u0259 strukturunu pozur, onlar\u0131n enerji istehsal\u0131n\u0131 z\u0259ifl\u0259dir v\u0259 \u00e7oxalmas\u0131n\u0131n qar\u015f\u0131s\u0131n\u0131 al\u0131r. Bu say\u0259d\u0259 koksidiozun klinik \u0259lam\u0259tl\u0259rini azald\u0131r v\u0259 s\u00fcr\u00fcn\u00fcn sa\u011flaml\u0131\u011f\u0131n\u0131 b\u0259rpa edir. \u2714 Effektivdir:&#8230;<\/p>","protected":false},"featured_media":990386,"comment_status":"open","ping_status":"closed","template":"","meta":{"nf_dc_page":"","_monsterinsights_skip_tracking":false,"_monsterinsights_sitenote_active":false,"_monsterinsights_sitenote_note":"","_monsterinsights_sitenote_category":0},"product_brand":[],"product_cat":[251,68],"product_tag":[],"class_list":{"0":"post-990385","1":"product","2":"type-product","3":"status-publish","4":"has-post-thumbnail","6":"product_cat-veterinary-products","7":"product_cat-poultry","9":"first","10":"instock","11":"shipping-taxable","12":"product-type-simple"},"jetpack_sharing_enabled":true,"_links":{"self":[{"href":"https:\/\/agrovetazerbaijan.az\/ru\/wp-json\/wp\/v2\/product\/990385","targetHints":{"allow":["GET"]}}],"collection":[{"href":"https:\/\/agrovetazerbaijan.az\/ru\/wp-json\/wp\/v2\/product"}],"about":[{"href":"https:\/\/agrovetazerbaijan.az\/ru\/wp-json\/wp\/v2\/types\/product"}],"replies":[{"embeddable":true,"href":"https:\/\/agrovetazerbaijan.az\/ru\/wp-json\/wp\/v2\/comments?post=990385"}],"version-history":[{"count":1,"href":"https:\/\/agrovetazerbaijan.az\/ru\/wp-json\/wp\/v2\/product\/990385\/revisions"}],"predecessor-version":[{"id":990387,"href":"https:\/\/agrovetazerbaijan.az\/ru\/wp-json\/wp\/v2\/product\/990385\/revisions\/990387"}],"wp:featuredmedia":[{"embeddable":true,"href":"https:\/\/agrovetazerbaijan.az\/ru\/wp-json\/wp\/v2\/media\/990386"}],"wp:attachment":[{"href":"https:\/\/agrovetazerbaijan.az\/ru\/wp-json\/wp\/v2\/media?parent=990385"}],"wp:term":[{"taxonomy":"product_brand","embeddable":true,"href":"https:\/\/agrovetazerbaijan.az\/ru\/wp-json\/wp\/v2\/product_brand?post=990385"},{"taxonomy":"product_cat","embeddable":true,"href":"https:\/\/agrovetazerbaijan.az\/ru\/wp-json\/wp\/v2\/product_cat?post=990385"},{"taxonomy":"product_tag","embeddable":true,"href":"https:\/\/agrovetazerbaijan.az\/ru\/wp-json\/wp\/v2\/product_tag?post=990385"}],"curies":[{"name":"WP","href":"https:\/\/api.w.org\/{rel}","templated":true}]}}