{"id":990382,"date":"2025-09-21T22:50:06","date_gmt":"2025-09-21T22:50:06","guid":{"rendered":"https:\/\/agrovetazerbaijan.az\/?post_type=product&#038;p=990382"},"modified":"2025-09-21T22:50:20","modified_gmt":"2025-09-21T22:50:20","slug":"doxy-500-ws-2","status":"publish","type":"product","link":"https:\/\/agrovetazerbaijan.az\/ru\/product\/doxy-500-ws-2\/","title":{"rendered":"\u0414\u043e\u043a\u0441\u0438-500 WS"},"content":{"rendered":"<div class=\"vgblk-rw-wrapper limit-wrapper\">\n<p data-start=\"244\" data-end=\"300\"><strong data-start=\"244\" data-end=\"298\">Doxy-500 WS \u2013 Doxycycline 50% suda h\u0259ll olunan toz<\/strong><\/p>\n<p data-start=\"302\" data-end=\"363\"><strong data-start=\"302\" data-end=\"314\">\u0418\u043d\u0433\u0440\u0435\u0434\u0438\u0435\u043d\u0442\u044b:<\/strong><br data-start=\"314\" data-end=\"317\" \/>\u0412 \u043a\u0430\u0436\u0434\u043e\u043c 1 \u0433\u0440\u0430\u043c\u043c\u0435: <strong data-start=\"331\" data-end=\"361\">Doxycycline hyclate 500 mg<\/strong><\/p>\n<p data-start=\"365\" data-end=\"730\"><strong data-start=\"365\" data-end=\"377\">\u041e\u043f\u0438\u0441\u0430\u043d\u0438\u0435:<\/strong><br data-start=\"377\" data-end=\"380\" \/>Doxy-500 WS tetracyclines qrupuna aid antibiotikdir v\u0259 bir \u00e7ox Gram-m\u00fcsb\u0259t v\u0259 Gram-m\u0259nfi bakteriyalara qar\u015f\u0131 bakteriyostatik t\u0259sir g\u00f6st\u0259rir. \u018fsas t\u0259siri bakterial protein sintezini inhib\u0259 etm\u0259y\u0259 \u0259saslan\u0131r. Doxycycline t\u0259n\u0259ff\u00fcs yollar\u0131na y\u00fcks\u0259k affinit\u0259y\u0259 malikdir v\u0259 bu s\u0259b\u0259bd\u0259n x\u00fcsusil\u0259 bakterial t\u0259n\u0259ff\u00fcs infeksiyalar\u0131n\u0131n m\u00fcalic\u0259sind\u0259 faydal\u0131d\u0131r.<\/p>\n<p data-start=\"732\" data-end=\"1160\"><strong data-start=\"732\" data-end=\"754\">\u041e\u0431\u043b\u0430\u0441\u0442\u0438 \u043f\u0440\u0438\u043c\u0435\u043d\u0435\u043d\u0438\u044f:<\/strong><br data-start=\"754\" data-end=\"757\" \/>Gastrointestinal v\u0259 t\u0259n\u0259ff\u00fcs infeksiyalar\u0131na s\u0259b\u0259b olan Doxycycline-\u0259 h\u0259ssas mikroorqanizml\u0259r, m\u0259s\u0259l\u0259n: Bordetella spp., Campylobacter spp., Chlamydia spp., E. coli, Haemophilus spp., Mycoplasma spp., Pasteurella spp., Rickettsia spp., Salmonella spp., Staphylococcus spp. v\u0259 Streptococcus spp. Bu infeksiyalar <strong data-start=\"1068\" data-end=\"1119\">buzovlar, qoyunlar, ke\u00e7il\u0259r, donuzlar v\u0259 qu\u015flar<\/strong> aras\u0131nda m\u00fcalic\u0259 \u00fc\u00e7\u00fcn istifad\u0259 olunur.<\/p>\n<p data-start=\"1162\" data-end=\"1179\"><strong data-start=\"1162\" data-end=\"1177\">Qada\u011fanlar:<\/strong><\/p>\n<ul data-start=\"1180\" data-end=\"1419\">\n<li data-start=\"1180\" data-end=\"1226\">\n<p data-start=\"1182\" data-end=\"1226\">Tetracyclines allergiyas\u0131 olan heyvanlarda<\/p>\n<\/li>\n<li data-start=\"1227\" data-end=\"1277\">\n<p data-start=\"1229\" data-end=\"1277\">A\u011f\u0131r qaraciy\u0259r funksiyas\u0131 pozulmu\u015f heyvanlarda<\/p>\n<\/li>\n<li data-start=\"1278\" data-end=\"1367\">\n<p data-start=\"1280\" data-end=\"1367\">Penicillins, cephalosporins, quinolones v\u0259 cycloserine il\u0259 eyni vaxtda t\u0259tbiq etm\u0259yin<\/p>\n<\/li>\n<li data-start=\"1368\" data-end=\"1419\">\n<p data-start=\"1370\" data-end=\"1419\">Aktiv mikroblarla h\u0259zm sistemi olan heyvanlarda<\/p>\n<\/li>\n<\/ul>\n<p data-start=\"1421\" data-end=\"1440\"><strong data-start=\"1421\" data-end=\"1438\">\u041f\u043e\u0431\u043e\u0447\u043d\u044b\u0435 \u044d\u0444\u0444\u0435\u043a\u0442\u044b:<\/strong><\/p>\n<ul data-start=\"1441\" data-end=\"1509\">\n<li data-start=\"1441\" data-end=\"1484\">\n<p data-start=\"1443\" data-end=\"1484\">\u0418\u0437\u043c\u0435\u043d\u0435\u043d\u0438\u0435 \u0446\u0432\u0435\u0442\u0430 \u0437\u0443\u0431\u043e\u0432 \u0443 \u043c\u043e\u043b\u043e\u0434\u044b\u0445 \u0436\u0438\u0432\u043e\u0442\u043d\u044b\u0445<\/p>\n<\/li>\n<li data-start=\"1485\" data-end=\"1509\">\n<p data-start=\"1487\" data-end=\"1509\">\u0410\u043b\u043b\u0435\u0440\u0433\u0438\u0447\u0435\u0441\u043a\u0438\u0435 \u0440\u0435\u0430\u043a\u0446\u0438\u0438<\/p>\n<\/li>\n<\/ul>\n<p data-start=\"1511\" data-end=\"1527\"><strong data-start=\"1511\" data-end=\"1525\">\u0414\u043e\u0437\u0438\u0440\u043e\u0432\u043a\u0430:<\/strong><\/p>\n<ul data-start=\"1528\" data-end=\"1753\">\n<li data-start=\"1528\" data-end=\"1616\">\n<p data-start=\"1530\" data-end=\"1616\"><strong data-start=\"1530\" data-end=\"1564\">Buzovlar, qoyunlar v\u0259 ke\u00e7il\u0259r:<\/strong> G\u00fcn\u0259 iki d\u0259f\u0259, 1 g \/ 100 kg b\u0259d\u0259n \u00e7\u0259kisi, 3\u20135 g\u00fcn<\/p>\n<\/li>\n<li data-start=\"1617\" data-end=\"1753\">\n<p data-start=\"1619\" data-end=\"1753\"><strong data-start=\"1619\" data-end=\"1642\">\u0421\u0432\u0438\u043d\u044c\u0438 \u0438 \u043f\u0442\u0438\u0446\u044b:<\/strong> 1 kg \/ 5000\u201310000 litr i\u00e7m\u0259li su, 3\u20135 g\u00fcn<br data-start=\"1684\" data-end=\"1687\" \/><em data-start=\"1687\" data-end=\"1751\">Qeyd: yaln\u0131z ruminant olmayan buzovlar, qoyun v\u0259 ke\u00e7il\u0259r \u00fc\u00e7\u00fcn.<\/em><\/p>\n<\/li>\n<\/ul>\n<p data-start=\"1755\" data-end=\"1778\"><strong data-start=\"1755\" data-end=\"1776\">\u00c7\u0131x\u0131\u015f m\u00fcdd\u0259tl\u0259ri:<\/strong><\/p>\n<ul data-start=\"1779\" data-end=\"1931\">\n<li data-start=\"1779\" data-end=\"1798\">\n<p data-start=\"1781\" data-end=\"1798\">Buzovlar: 7 g\u00fcn<\/p>\n<\/li>\n<li data-start=\"1799\" data-end=\"1830\">\n<p data-start=\"1801\" data-end=\"1830\">Qoyunlar v\u0259 ke\u00e7il\u0259r: 14 g\u00fcn<\/p>\n<\/li>\n<li data-start=\"1831\" data-end=\"1850\">\n<p data-start=\"1833\" data-end=\"1850\">Donuzlar: 8 g\u00fcn<\/p>\n<\/li>\n<li data-start=\"1851\" data-end=\"1931\">\n<p data-start=\"1853\" data-end=\"1931\">Qu\u015flar: 7 g\u00fcn<br data-start=\"1866\" data-end=\"1869\" \/><em data-start=\"1869\" data-end=\"1929\">Qida istehsal\u0131nda yumurta ver\u0259n qu\u015flarda istifad\u0259 edilmir.<\/em><\/p>\n<\/li>\n<\/ul>\n<p data-start=\"1933\" data-end=\"1951\"><strong data-start=\"1933\" data-end=\"1949\">\u0423\u043f\u0430\u043a\u043e\u0432\u043a\u0430:<\/strong><\/p>\n<ul data-start=\"1952\" data-end=\"2007\">\n<li data-start=\"1952\" data-end=\"1978\">\n<p data-start=\"1954\" data-end=\"1978\">30 g v\u0259 100 g paketl\u0259r<\/p>\n<\/li>\n<li data-start=\"1979\" data-end=\"2007\">\n<p data-start=\"1981\" data-end=\"2007\">500 g v\u0259 1000 g qablarda<\/p>\n<\/li>\n<\/ul>\n<\/div>\n<p><!-- .vgblk-rw-wrapper --><\/p>","protected":false},"excerpt":{"rendered":"<p>Doxy-500 WS \u2013 Doxycycline 50% suda h\u0259ll olunan toz T\u0259rkibi:H\u0259r 1 qramda: Doxycycline hyclate 500 mg T\u0259sviri:Doxy-500 WS tetracyclines qrupuna aid antibiotikdir v\u0259 bir \u00e7ox Gram-m\u00fcsb\u0259t v\u0259 Gram-m\u0259nfi bakteriyalara qar\u015f\u0131 bakteriyostatik t\u0259sir g\u00f6st\u0259rir. \u018fsas t\u0259siri bakterial protein sintezini inhib\u0259 etm\u0259y\u0259 \u0259saslan\u0131r. Doxycycline t\u0259n\u0259ff\u00fcs yollar\u0131na y\u00fcks\u0259k affinit\u0259y\u0259 malikdir v\u0259 bu s\u0259b\u0259bd\u0259n x\u00fcsusil\u0259 bakterial t\u0259n\u0259ff\u00fcs infeksiyalar\u0131n\u0131n m\u00fcalic\u0259sind\u0259&#8230;<\/p>","protected":false},"featured_media":990383,"comment_status":"open","ping_status":"closed","template":"","meta":{"nf_dc_page":"","_monsterinsights_skip_tracking":false,"_monsterinsights_sitenote_active":false,"_monsterinsights_sitenote_note":"","_monsterinsights_sitenote_category":0},"product_brand":[],"product_cat":[251,108,114,68],"product_tag":[],"class_list":{"0":"post-990382","1":"product","2":"type-product","3":"status-publish","4":"has-post-thumbnail","6":"product_cat-veterinary-products","7":"product_cat-cow","8":"product_cat-sheep","9":"product_cat-poultry","11":"first","12":"instock","13":"shipping-taxable","14":"product-type-simple"},"jetpack_sharing_enabled":true,"_links":{"self":[{"href":"https:\/\/agrovetazerbaijan.az\/ru\/wp-json\/wp\/v2\/product\/990382","targetHints":{"allow":["GET"]}}],"collection":[{"href":"https:\/\/agrovetazerbaijan.az\/ru\/wp-json\/wp\/v2\/product"}],"about":[{"href":"https:\/\/agrovetazerbaijan.az\/ru\/wp-json\/wp\/v2\/types\/product"}],"replies":[{"embeddable":true,"href":"https:\/\/agrovetazerbaijan.az\/ru\/wp-json\/wp\/v2\/comments?post=990382"}],"version-history":[{"count":1,"href":"https:\/\/agrovetazerbaijan.az\/ru\/wp-json\/wp\/v2\/product\/990382\/revisions"}],"predecessor-version":[{"id":990384,"href":"https:\/\/agrovetazerbaijan.az\/ru\/wp-json\/wp\/v2\/product\/990382\/revisions\/990384"}],"wp:featuredmedia":[{"embeddable":true,"href":"https:\/\/agrovetazerbaijan.az\/ru\/wp-json\/wp\/v2\/media\/990383"}],"wp:attachment":[{"href":"https:\/\/agrovetazerbaijan.az\/ru\/wp-json\/wp\/v2\/media?parent=990382"}],"wp:term":[{"taxonomy":"product_brand","embeddable":true,"href":"https:\/\/agrovetazerbaijan.az\/ru\/wp-json\/wp\/v2\/product_brand?post=990382"},{"taxonomy":"product_cat","embeddable":true,"href":"https:\/\/agrovetazerbaijan.az\/ru\/wp-json\/wp\/v2\/product_cat?post=990382"},{"taxonomy":"product_tag","embeddable":true,"href":"https:\/\/agrovetazerbaijan.az\/ru\/wp-json\/wp\/v2\/product_tag?post=990382"}],"curies":[{"name":"WP","href":"https:\/\/api.w.org\/{rel}","templated":true}]}}