{"id":990375,"date":"2025-09-21T22:44:01","date_gmt":"2025-09-21T22:44:01","guid":{"rendered":"https:\/\/agrovetazerbaijan.az\/?post_type=product&#038;p=990375"},"modified":"2025-09-21T22:44:16","modified_gmt":"2025-09-21T22:44:16","slug":"stimosol-oral","status":"publish","type":"product","link":"https:\/\/agrovetazerbaijan.az\/ru\/product\/stimosol-oral\/","title":{"rendered":"Stimosol Oral"},"content":{"rendered":"<div class=\"vgblk-rw-wrapper limit-wrapper\">\n<h2 data-start=\"102\" data-end=\"124\"><strong data-start=\"105\" data-end=\"122\">Stimosol Oral<\/strong><\/h2>\n<p data-start=\"125\" data-end=\"145\"><strong data-start=\"125\" data-end=\"143\">Sitimozan oral<\/strong><\/p>\n<h3 data-start=\"147\" data-end=\"164\"><strong data-start=\"151\" data-end=\"162\">\u0418\u043d\u0433\u0440\u0435\u0434\u0438\u0435\u043d\u0442\u044b<\/strong><\/h3>\n<p data-start=\"165\" data-end=\"185\">H\u0259r 1 ml m\u0259hlulda:<\/p>\n<ul data-start=\"186\" data-end=\"497\">\n<li data-start=\"186\" data-end=\"217\">\n<p data-start=\"188\" data-end=\"217\"><strong data-start=\"188\" data-end=\"207\">Mayal\u0131 ekstrakt<\/strong> \u2013 60 mg<\/p>\n<\/li>\n<li data-start=\"218\" data-end=\"263\">\n<p data-start=\"220\" data-end=\"263\"><strong data-start=\"220\" data-end=\"254\">Vitamin B1 (tiamin xlorhidrat)<\/strong> \u2013 3 mg<\/p>\n<\/li>\n<li data-start=\"264\" data-end=\"302\">\n<p data-start=\"266\" data-end=\"302\"><strong data-start=\"266\" data-end=\"293\">Vitamin B2 (riboflavin)<\/strong> \u2013 6 mg<\/p>\n<\/li>\n<li data-start=\"303\" data-end=\"352\">\n<p data-start=\"305\" data-end=\"352\"><strong data-start=\"305\" data-end=\"343\">Vitamin B6 (piridoksin xlorhidrat)<\/strong> \u2013 4 mg<\/p>\n<\/li>\n<li data-start=\"353\" data-end=\"383\">\n<p data-start=\"355\" data-end=\"383\"><strong data-start=\"355\" data-end=\"373\">Sitrik tur\u015fusu<\/strong> \u2013 16 mg<\/p>\n<\/li>\n<li data-start=\"384\" data-end=\"412\">\n<p data-start=\"386\" data-end=\"412\"><strong data-start=\"386\" data-end=\"403\">Malik tur\u015fusu<\/strong> \u2013 3 mg<\/p>\n<\/li>\n<li data-start=\"413\" data-end=\"445\">\n<p data-start=\"415\" data-end=\"445\"><strong data-start=\"415\" data-end=\"433\">Fosfor tur\u015fusu<\/strong> \u2013 21.5 mg<\/p>\n<\/li>\n<li data-start=\"446\" data-end=\"466\">\n<p data-start=\"448\" data-end=\"466\"><strong data-start=\"448\" data-end=\"455\">Mis<\/strong> \u2013 1.5 mg<\/p>\n<\/li>\n<li data-start=\"467\" data-end=\"497\">\n<p data-start=\"469\" data-end=\"497\"><strong data-start=\"469\" data-end=\"486\">Kalium xlorid<\/strong> \u2013 0.4 mg<\/p>\n<\/li>\n<\/ul>\n<hr data-start=\"499\" data-end=\"502\" \/>\n<h3 data-start=\"504\" data-end=\"521\"><strong data-start=\"508\" data-end=\"519\">\u041e\u043f\u0438\u0441\u0430\u043d\u0438\u0435<\/strong><\/h3>\n<p data-start=\"522\" data-end=\"635\"><strong data-start=\"522\" data-end=\"539\">Stimosol Oral<\/strong> \u2014 mayal\u0131 ekstrakt, B vitaminl\u0259ri, orqanik tur\u015fular v\u0259 minerallar\u0131n balansl\u0131 kombinasiyas\u0131d\u0131r.<\/p>\n<ul data-start=\"636\" data-end=\"1139\">\n<li data-start=\"636\" data-end=\"759\">\n<p data-start=\"638\" data-end=\"759\"><strong data-start=\"638\" data-end=\"657\">Mayal\u0131 ekstrakt<\/strong> yem h\u0259zmini yax\u015f\u0131la\u015fd\u0131r\u0131r, y\u00fcks\u0259k qida d\u0259y\u0259rin\u0259 malik amin tur\u015fular\u0131 v\u0259 B vitaminl\u0259ri il\u0259 z\u0259ngindir<\/p>\n<\/li>\n<li data-start=\"760\" data-end=\"834\">\n<p data-start=\"762\" data-end=\"834\">B vitaminl\u0259ri <strong data-start=\"776\" data-end=\"820\">karbohidrat, protein v\u0259 ya\u011f m\u00fcbadil\u0259sini<\/strong> d\u0259st\u0259kl\u0259yir<\/p>\n<\/li>\n<li data-start=\"835\" data-end=\"957\">\n<p data-start=\"837\" data-end=\"957\"><strong data-start=\"837\" data-end=\"857\">Orqanik tur\u015fular<\/strong> m\u0259d\u0259-ba\u011f\u0131rsaq trakt\u0131n\u0131n pH-n\u0131 azald\u0131r, ba\u011f\u0131rsaq sa\u011flaml\u0131\u011f\u0131n\u0131 yax\u015f\u0131la\u015fd\u0131r\u0131r v\u0259 yem h\u0259zmini art\u0131r\u0131r<\/p>\n<\/li>\n<li data-start=\"958\" data-end=\"1036\">\n<p data-start=\"960\" data-end=\"1036\"><strong data-start=\"960\" data-end=\"974\">Minerallar<\/strong> bir \u00e7ox fizioloji funksiyan\u0131n d\u00fczg\u00fcn i\u015fl\u0259m\u0259si \u00fc\u00e7\u00fcn vacibdir<\/p>\n<\/li>\n<li data-start=\"1037\" data-end=\"1139\">\n<p data-start=\"1039\" data-end=\"1139\">Kombinasiya <strong data-start=\"1051\" data-end=\"1137\">s\u00fcr\u0259tli b\u00f6y\u00fcy\u0259n heyvanlarda inki\u015faf\u0131 stimulla\u015fd\u0131r\u0131r v\u0259 immun sistemini g\u00fccl\u0259ndirir<\/strong><\/p>\n<\/li>\n<\/ul>\n<hr data-start=\"1141\" data-end=\"1144\" \/>\n<h3 data-start=\"1146\" data-end=\"1183\"><strong data-start=\"1150\" data-end=\"1181\">Dozalanma v\u0259 t\u0259tbiq qaydas\u0131<\/strong><\/h3>\n<p data-start=\"1184\" data-end=\"1217\"><strong data-start=\"1184\" data-end=\"1215\">Oral, i\u00e7m\u0259li su vasit\u0259sil\u0259:<\/strong><\/p>\n<ul data-start=\"1219\" data-end=\"1375\">\n<li data-start=\"1219\" data-end=\"1335\">\n<p data-start=\"1221\" data-end=\"1335\"><strong data-start=\"1221\" data-end=\"1297\">Buzovlar, iri buynuzlu heyvanlar, qoyunlar, ke\u00e7il\u0259r, donuzlar v\u0259 qu\u015flar:<\/strong> 1 litr \/ 2000\u20134000 litr su, 3\u20135 g\u00fcn<\/p>\n<\/li>\n<li data-start=\"1337\" data-end=\"1375\">\n<p data-start=\"1339\" data-end=\"1375\">\u0130stifad\u0259 \u00f6nc\u0259si yax\u015f\u0131ca silk\u0259l\u0259yin<\/p>\n<\/li>\n<\/ul>\n<hr data-start=\"1377\" data-end=\"1380\" \/>\n<h3 data-start=\"1382\" data-end=\"1403\"><strong data-start=\"1386\" data-end=\"1401\">\u0423\u043f\u0430\u043a\u043e\u0432\u043a\u0430<\/strong><\/h3>\n<ul data-start=\"1404\" data-end=\"1472\">\n<li data-start=\"1404\" data-end=\"1447\">\n<p data-start=\"1406\" data-end=\"1447\"><strong data-start=\"1406\" data-end=\"1445\">100 ml, 500 ml, 1000 ml \u015f\u00fc\u015f\u0259 flakon<\/strong><\/p>\n<\/li>\n<li data-start=\"1448\" data-end=\"1472\">\n<p data-start=\"1450\" data-end=\"1472\"><strong data-start=\"1450\" data-end=\"1470\">5 L-lik jerrican<\/strong><\/p>\n<\/li>\n<\/ul>\n<\/div>\n<p><!-- .vgblk-rw-wrapper --><\/p>","protected":false},"excerpt":{"rendered":"<p>Stimosol Oral Sitimozan oral T\u0259rkibi H\u0259r 1 ml m\u0259hlulda: Mayal\u0131 ekstrakt \u2013 60 mg Vitamin B1 (tiamin xlorhidrat) \u2013 3 mg Vitamin B2 (riboflavin) \u2013 6 mg Vitamin B6 (piridoksin xlorhidrat) \u2013 4 mg Sitrik tur\u015fusu \u2013 16 mg Malik tur\u015fusu \u2013 3 mg Fosfor tur\u015fusu \u2013 21.5 mg Mis \u2013 1.5 mg Kalium xlorid&#8230;<\/p>","protected":false},"featured_media":990376,"comment_status":"open","ping_status":"closed","template":"","meta":{"nf_dc_page":"","_monsterinsights_skip_tracking":false,"_monsterinsights_sitenote_active":false,"_monsterinsights_sitenote_note":"","_monsterinsights_sitenote_category":0},"product_brand":[],"product_cat":[251,108,114,68],"product_tag":[],"class_list":{"0":"post-990375","1":"product","2":"type-product","3":"status-publish","4":"has-post-thumbnail","6":"product_cat-veterinary-products","7":"product_cat-cow","8":"product_cat-sheep","9":"product_cat-poultry","11":"first","12":"instock","13":"shipping-taxable","14":"product-type-simple"},"jetpack_sharing_enabled":true,"_links":{"self":[{"href":"https:\/\/agrovetazerbaijan.az\/ru\/wp-json\/wp\/v2\/product\/990375","targetHints":{"allow":["GET"]}}],"collection":[{"href":"https:\/\/agrovetazerbaijan.az\/ru\/wp-json\/wp\/v2\/product"}],"about":[{"href":"https:\/\/agrovetazerbaijan.az\/ru\/wp-json\/wp\/v2\/types\/product"}],"replies":[{"embeddable":true,"href":"https:\/\/agrovetazerbaijan.az\/ru\/wp-json\/wp\/v2\/comments?post=990375"}],"version-history":[{"count":1,"href":"https:\/\/agrovetazerbaijan.az\/ru\/wp-json\/wp\/v2\/product\/990375\/revisions"}],"predecessor-version":[{"id":990377,"href":"https:\/\/agrovetazerbaijan.az\/ru\/wp-json\/wp\/v2\/product\/990375\/revisions\/990377"}],"wp:featuredmedia":[{"embeddable":true,"href":"https:\/\/agrovetazerbaijan.az\/ru\/wp-json\/wp\/v2\/media\/990376"}],"wp:attachment":[{"href":"https:\/\/agrovetazerbaijan.az\/ru\/wp-json\/wp\/v2\/media?parent=990375"}],"wp:term":[{"taxonomy":"product_brand","embeddable":true,"href":"https:\/\/agrovetazerbaijan.az\/ru\/wp-json\/wp\/v2\/product_brand?post=990375"},{"taxonomy":"product_cat","embeddable":true,"href":"https:\/\/agrovetazerbaijan.az\/ru\/wp-json\/wp\/v2\/product_cat?post=990375"},{"taxonomy":"product_tag","embeddable":true,"href":"https:\/\/agrovetazerbaijan.az\/ru\/wp-json\/wp\/v2\/product_tag?post=990375"}],"curies":[{"name":"WP","href":"https:\/\/api.w.org\/{rel}","templated":true}]}}