{"id":990372,"date":"2025-09-21T22:42:16","date_gmt":"2025-09-21T22:42:16","guid":{"rendered":"https:\/\/agrovetazerbaijan.az\/?post_type=product&#038;p=990372"},"modified":"2025-09-21T22:42:27","modified_gmt":"2025-09-21T22:42:27","slug":"coxasan-oral","status":"publish","type":"product","link":"https:\/\/agrovetazerbaijan.az\/ru\/product\/coxasan-oral\/","title":{"rendered":"Coxasan Oral"},"content":{"rendered":"<div class=\"vgblk-rw-wrapper limit-wrapper\">\n<h2 data-start=\"102\" data-end=\"123\"><strong data-start=\"105\" data-end=\"121\">Coxasan Oral<\/strong><\/h2>\n<p data-start=\"124\" data-end=\"157\"><strong data-start=\"124\" data-end=\"155\">Koktsidioz \u00fc\u00e7\u00fcn oral m\u0259hlul<\/strong><\/p>\n<h3 data-start=\"159\" data-end=\"176\"><strong data-start=\"163\" data-end=\"174\">\u0418\u043d\u0433\u0440\u0435\u0434\u0438\u0435\u043d\u0442\u044b<\/strong><\/h3>\n<p data-start=\"177\" data-end=\"197\">H\u0259r 1 ml m\u0259hlulda:<\/p>\n<ul data-start=\"198\" data-end=\"444\">\n<li data-start=\"198\" data-end=\"237\">\n<p data-start=\"200\" data-end=\"237\"><strong data-start=\"200\" data-end=\"235\">Oregano ya\u011f\u0131 (Origanum vulgare)<\/strong><\/p>\n<\/li>\n<li data-start=\"238\" data-end=\"274\">\n<p data-start=\"240\" data-end=\"274\"><strong data-start=\"240\" data-end=\"272\">Kekik ya\u011f\u0131 (Thymus vulgaris)<\/strong><\/p>\n<\/li>\n<li data-start=\"275\" data-end=\"313\">\n<p data-start=\"277\" data-end=\"313\"><strong data-start=\"277\" data-end=\"311\">Sar\u0131msaq ya\u011f\u0131 (Allium sativum)<\/strong><\/p>\n<\/li>\n<li data-start=\"314\" data-end=\"350\">\n<p data-start=\"316\" data-end=\"350\"><strong data-start=\"316\" data-end=\"348\">Echinacea purpurea ekstrakt\u0131<\/strong><\/p>\n<\/li>\n<li data-start=\"351\" data-end=\"397\">\n<p data-start=\"353\" data-end=\"397\"><strong data-start=\"353\" data-end=\"395\">Salvia officinalis ya\u011f\u0131 (Ada\u00e7ay\u0131 ya\u011f\u0131)<\/strong><\/p>\n<\/li>\n<li data-start=\"398\" data-end=\"444\">\n<p data-start=\"400\" data-end=\"444\"><strong data-start=\"400\" data-end=\"442\">Rozmarin ya\u011f\u0131 (Rosmarinus officinalis)<\/strong><\/p>\n<\/li>\n<\/ul>\n<hr data-start=\"446\" data-end=\"449\" \/>\n<h3 data-start=\"451\" data-end=\"468\"><strong data-start=\"455\" data-end=\"466\">\u041e\u043f\u0438\u0441\u0430\u043d\u0438\u0435<\/strong><\/h3>\n<p data-start=\"469\" data-end=\"622\"><strong data-start=\"469\" data-end=\"485\">Coxasan Oral<\/strong> \u2014 b\u00fct\u00fcn qu\u015f n\u00f6vl\u0259ri \u00fc\u00e7\u00fcn <strong data-start=\"511\" data-end=\"547\">koktsidiozun qar\u015f\u0131s\u0131n\u0131n al\u0131nmas\u0131<\/strong> m\u0259qs\u0259dil\u0259 haz\u0131rlanm\u0131\u015f unikal <strong data-start=\"577\" data-end=\"616\">bitki m\u0259n\u015f\u0259li ekstraktlar kompleksi<\/strong>dir.<\/p>\n<ul data-start=\"623\" data-end=\"1069\">\n<li data-start=\"623\" data-end=\"681\">\n<p data-start=\"625\" data-end=\"681\"><strong data-start=\"625\" data-end=\"670\">Bakteriostatik v\u0259 immunostimulyator t\u0259sir<\/strong> g\u00f6st\u0259rir<\/p>\n<\/li>\n<li data-start=\"682\" data-end=\"758\">\n<p data-start=\"684\" data-end=\"758\">Protozoalara qar\u015f\u0131 <strong data-start=\"703\" data-end=\"756\">m\u00fcqavim\u0259t inki\u015faf\u0131n\u0131n qar\u015f\u0131s\u0131n\u0131 alma\u011fa k\u00f6m\u0259k edir<\/strong><\/p>\n<\/li>\n<li data-start=\"759\" data-end=\"885\">\n<p data-start=\"761\" data-end=\"885\">T\u0259rkibind\u0259ki bitki ekstraktlar\u0131 <strong data-start=\"793\" data-end=\"808\">fitonsidl\u0259r<\/strong> il\u0259 z\u0259ngindir v\u0259 bakteriya, g\u00f6b\u0259l\u0259k v\u0259 koktsidiyan\u0131n inki\u015faf\u0131n\u0131 \u0259ng\u0259ll\u0259yir<\/p>\n<\/li>\n<li data-start=\"886\" data-end=\"1011\">\n<p data-start=\"888\" data-end=\"1011\">Orta d\u0259r\u0259c\u0259li koktsidioza qar\u015f\u0131 effektiv qoruma t\u0259min edir, y\u00fcks\u0259k invaziya zaman\u0131 is\u0259 x\u0259st\u0259liyin gedi\u015fini y\u00fcng\u00fcll\u0259\u015fdirir<\/p>\n<\/li>\n<li data-start=\"1012\" data-end=\"1069\">\n<p data-start=\"1014\" data-end=\"1069\">Fitogen t\u0259rkib <strong data-start=\"1029\" data-end=\"1067\">\u0259t v\u0259 yumurta keyfiyy\u0259tini art\u0131r\u0131r<\/strong><\/p>\n<\/li>\n<\/ul>\n<hr data-start=\"1071\" data-end=\"1074\" \/>\n<h3 data-start=\"1076\" data-end=\"1113\"><strong data-start=\"1080\" data-end=\"1111\">Dozalanma v\u0259 t\u0259tbiq qaydas\u0131<\/strong><\/h3>\n<p data-start=\"1114\" data-end=\"1146\"><strong data-start=\"1114\" data-end=\"1144\">Oral t\u0259tbiq (qu\u015flar \u00fc\u00e7\u00fcn):<\/strong><\/p>\n<ul data-start=\"1148\" data-end=\"1251\">\n<li data-start=\"1148\" data-end=\"1199\">\n<p data-start=\"1150\" data-end=\"1199\"><strong data-start=\"1150\" data-end=\"1175\">\u0130\u00e7m\u0259li su vasit\u0259sil\u0259:<\/strong> 1 litr \/ 1000 litr su<\/p>\n<\/li>\n<li data-start=\"1200\" data-end=\"1251\">\n<p data-start=\"1202\" data-end=\"1251\"><strong data-start=\"1202\" data-end=\"1225\">Tam yem vasit\u0259sil\u0259:<\/strong> 1 litr \/ 500 kg tam yem<\/p>\n<\/li>\n<\/ul>\n<hr data-start=\"1253\" data-end=\"1256\" \/>\n<h3 data-start=\"1258\" data-end=\"1279\"><strong data-start=\"1262\" data-end=\"1277\">\u0423\u043f\u0430\u043a\u043e\u0432\u043a\u0430<\/strong><\/h3>\n<ul data-start=\"1280\" data-end=\"1332\">\n<li data-start=\"1280\" data-end=\"1307\">\n<p data-start=\"1282\" data-end=\"1307\"><strong data-start=\"1282\" data-end=\"1305\">1000 ml \u015f\u00fc\u015f\u0259 flakon<\/strong><\/p>\n<\/li>\n<li data-start=\"1308\" data-end=\"1332\">\n<p data-start=\"1310\" data-end=\"1332\"><strong data-start=\"1310\" data-end=\"1330\">5 L-lik jerrican<\/strong><\/p>\n<\/li>\n<\/ul>\n<\/div>\n<p><!-- .vgblk-rw-wrapper --><\/p>","protected":false},"excerpt":{"rendered":"<p>Coxasan Oral Koktsidioz \u00fc\u00e7\u00fcn oral m\u0259hlul T\u0259rkibi H\u0259r 1 ml m\u0259hlulda: Oregano ya\u011f\u0131 (Origanum vulgare) Kekik ya\u011f\u0131 (Thymus vulgaris) Sar\u0131msaq ya\u011f\u0131 (Allium sativum) Echinacea purpurea ekstrakt\u0131 Salvia officinalis ya\u011f\u0131 (Ada\u00e7ay\u0131 ya\u011f\u0131) Rozmarin ya\u011f\u0131 (Rosmarinus officinalis) T\u0259sviri Coxasan Oral \u2014 b\u00fct\u00fcn qu\u015f n\u00f6vl\u0259ri \u00fc\u00e7\u00fcn koktsidiozun qar\u015f\u0131s\u0131n\u0131n al\u0131nmas\u0131 m\u0259qs\u0259dil\u0259 haz\u0131rlanm\u0131\u015f unikal bitki m\u0259n\u015f\u0259li ekstraktlar kompleksidir. Bakteriostatik v\u0259&#8230;<\/p>","protected":false},"featured_media":990373,"comment_status":"open","ping_status":"closed","template":"","meta":{"nf_dc_page":"","_monsterinsights_skip_tracking":false,"_monsterinsights_sitenote_active":false,"_monsterinsights_sitenote_note":"","_monsterinsights_sitenote_category":0},"product_brand":[],"product_cat":[251,68],"product_tag":[],"class_list":{"0":"post-990372","1":"product","2":"type-product","3":"status-publish","4":"has-post-thumbnail","6":"product_cat-veterinary-products","7":"product_cat-poultry","9":"first","10":"instock","11":"shipping-taxable","12":"product-type-simple"},"jetpack_sharing_enabled":true,"_links":{"self":[{"href":"https:\/\/agrovetazerbaijan.az\/ru\/wp-json\/wp\/v2\/product\/990372","targetHints":{"allow":["GET"]}}],"collection":[{"href":"https:\/\/agrovetazerbaijan.az\/ru\/wp-json\/wp\/v2\/product"}],"about":[{"href":"https:\/\/agrovetazerbaijan.az\/ru\/wp-json\/wp\/v2\/types\/product"}],"replies":[{"embeddable":true,"href":"https:\/\/agrovetazerbaijan.az\/ru\/wp-json\/wp\/v2\/comments?post=990372"}],"version-history":[{"count":1,"href":"https:\/\/agrovetazerbaijan.az\/ru\/wp-json\/wp\/v2\/product\/990372\/revisions"}],"predecessor-version":[{"id":990374,"href":"https:\/\/agrovetazerbaijan.az\/ru\/wp-json\/wp\/v2\/product\/990372\/revisions\/990374"}],"wp:featuredmedia":[{"embeddable":true,"href":"https:\/\/agrovetazerbaijan.az\/ru\/wp-json\/wp\/v2\/media\/990373"}],"wp:attachment":[{"href":"https:\/\/agrovetazerbaijan.az\/ru\/wp-json\/wp\/v2\/media?parent=990372"}],"wp:term":[{"taxonomy":"product_brand","embeddable":true,"href":"https:\/\/agrovetazerbaijan.az\/ru\/wp-json\/wp\/v2\/product_brand?post=990372"},{"taxonomy":"product_cat","embeddable":true,"href":"https:\/\/agrovetazerbaijan.az\/ru\/wp-json\/wp\/v2\/product_cat?post=990372"},{"taxonomy":"product_tag","embeddable":true,"href":"https:\/\/agrovetazerbaijan.az\/ru\/wp-json\/wp\/v2\/product_tag?post=990372"}],"curies":[{"name":"WP","href":"https:\/\/api.w.org\/{rel}","templated":true}]}}