{"id":990369,"date":"2025-09-21T22:40:10","date_gmt":"2025-09-21T22:40:10","guid":{"rendered":"https:\/\/agrovetazerbaijan.az\/?post_type=product&#038;p=990369"},"modified":"2025-09-21T22:40:21","modified_gmt":"2025-09-21T22:40:21","slug":"calcimin-p-oral","status":"publish","type":"product","link":"https:\/\/agrovetazerbaijan.az\/ru\/product\/calcimin-p-oral\/","title":{"rendered":"Calcimin-P Oral"},"content":{"rendered":"<div class=\"vgblk-rw-wrapper limit-wrapper\">\n<h2 data-start=\"102\" data-end=\"126\"><strong data-start=\"105\" data-end=\"124\">Calcimin-P Oral<\/strong><\/h2>\n<p data-start=\"127\" data-end=\"153\"><strong data-start=\"127\" data-end=\"151\">Ca-P-D3 Poultry Oral<\/strong><\/p>\n<h3 data-start=\"155\" data-end=\"172\"><strong data-start=\"159\" data-end=\"170\">\u0418\u043d\u0433\u0440\u0435\u0434\u0438\u0435\u043d\u0442\u044b<\/strong><\/h3>\n<p data-start=\"173\" data-end=\"193\">H\u0259r 1 ml m\u0259hlulda:<\/p>\n<ul data-start=\"194\" data-end=\"387\">\n<li data-start=\"194\" data-end=\"238\">\n<p data-start=\"196\" data-end=\"238\"><strong data-start=\"196\" data-end=\"227\">Vitamin D3 (Xolekalsiferol)<\/strong> \u2013 300 IU<\/p>\n<\/li>\n<li data-start=\"239\" data-end=\"288\">\n<p data-start=\"241\" data-end=\"288\"><strong data-start=\"241\" data-end=\"277\">Fosfor tur\u015fusu (Phosphoric acid)<\/strong> \u2013 150 mg<\/p>\n<\/li>\n<li data-start=\"289\" data-end=\"312\">\n<p data-start=\"291\" data-end=\"312\"><strong data-start=\"291\" data-end=\"302\">Kalsium<\/strong> \u2013 95 mg<\/p>\n<\/li>\n<li data-start=\"313\" data-end=\"337\">\n<p data-start=\"315\" data-end=\"337\"><strong data-start=\"315\" data-end=\"327\">Sorbitol<\/strong> \u2013 56 mg<\/p>\n<\/li>\n<li data-start=\"338\" data-end=\"362\">\n<p data-start=\"340\" data-end=\"362\"><strong data-start=\"340\" data-end=\"350\">Mangan<\/strong> \u2013 1.97 mg<\/p>\n<\/li>\n<li data-start=\"363\" data-end=\"387\">\n<p data-start=\"365\" data-end=\"387\"><strong data-start=\"365\" data-end=\"378\">Maqnezium<\/strong> \u2013 1 mg<\/p>\n<\/li>\n<\/ul>\n<hr data-start=\"389\" data-end=\"392\" \/>\n<h3 data-start=\"394\" data-end=\"411\"><strong data-start=\"398\" data-end=\"409\">\u041e\u043f\u0438\u0441\u0430\u043d\u0438\u0435<\/strong><\/h3>\n<p data-start=\"412\" data-end=\"552\"><strong data-start=\"412\" data-end=\"431\">Calcimin-P Oral<\/strong> \u2014 elektrolit balans\u0131n\u0131 b\u0259rpa etm\u0259k v\u0259 mineral \u00e7at\u0131\u015fmazl\u0131qlar\u0131n\u0131 aradan qald\u0131rmaq \u00fc\u00e7\u00fcn haz\u0131rlanm\u0131\u015f kompleks formulad\u0131r.<\/p>\n<ul data-start=\"553\" data-end=\"1227\">\n<li data-start=\"553\" data-end=\"640\">\n<p data-start=\"555\" data-end=\"640\">T\u0259rkibind\u0259 <strong data-start=\"566\" data-end=\"618\">vitamin D3, kalsium, fosfor, maqnezium v\u0259 manqan<\/strong> optimal nisb\u0259td\u0259dir<\/p>\n<\/li>\n<li data-start=\"641\" data-end=\"732\">\n<p data-start=\"643\" data-end=\"732\"><strong data-start=\"643\" data-end=\"719\">\u0130stiqli s\u00fcm\u00fckl\u0259rin inki\u015faf\u0131n\u0131 v\u0259 yumurta qab\u0131\u011f\u0131n\u0131n d\u00fczg\u00fcn formala\u015fmas\u0131n\u0131<\/strong> t\u0259min edir<\/p>\n<\/li>\n<li data-start=\"733\" data-end=\"814\">\n<p data-start=\"735\" data-end=\"814\">Buzovlar v\u0259 qoyunlarda <strong data-start=\"758\" data-end=\"800\">s\u00fcm\u00fck formala\u015fmas\u0131 v\u0259 mineralizasiyan\u0131<\/strong> d\u0259st\u0259kl\u0259yir<\/p>\n<\/li>\n<li data-start=\"815\" data-end=\"959\">\n<p data-start=\"817\" data-end=\"959\">Heyvan n\u00f6vl\u0259rind\u0259 <strong data-start=\"835\" data-end=\"886\">rakit, disxondropatiya, s\u00fcd q\u0131zd\u0131rmas\u0131, perozis<\/strong> v\u0259 qu\u015flarda <strong data-start=\"899\" data-end=\"931\">deformasiyal\u0131 yumurta qab\u0131\u011f\u0131<\/strong> hallar\u0131n\u0131n qar\u015f\u0131s\u0131n\u0131 al\u0131r<\/p>\n<\/li>\n<li data-start=\"960\" data-end=\"1113\">\n<p data-start=\"962\" data-end=\"1113\">Fosfor tur\u015fusu gastrointestinal trakt\u0131 asidl\u0259\u015fdirir, ba\u011f\u0131rsaq peristaltikas\u0131n\u0131 stimulla\u015fd\u0131r\u0131r, vitamin v\u0259 mineral duzlar\u0131n bioavailability-ni art\u0131r\u0131r<\/p>\n<\/li>\n<li data-start=\"1114\" data-end=\"1227\">\n<p data-start=\"1116\" data-end=\"1227\">Maqnezium \u0259z\u0259l\u0259 v\u0259 s\u00fcm\u00fckl\u0259rin d\u00fczg\u00fcn inki\u015faf\u0131na k\u00f6m\u0259k edir, <strong data-start=\"1176\" data-end=\"1225\">m\u00fcqavil\u0259 v\u0259 \u0259z\u0259l\u0259 titr\u0259m\u0259sinin qar\u015f\u0131s\u0131n\u0131 al\u0131r<\/strong><\/p>\n<\/li>\n<\/ul>\n<hr data-start=\"1229\" data-end=\"1232\" \/>\n<h3 data-start=\"1234\" data-end=\"1259\"><strong data-start=\"1238\" data-end=\"1257\">\u041f\u0440\u043e\u0442\u0438\u0432\u043e\u043f\u043e\u043a\u0430\u0437\u0430\u043d\u0438\u044f<\/strong><\/h3>\n<ul data-start=\"1260\" data-end=\"1270\">\n<li data-start=\"1260\" data-end=\"1270\">\n<p data-start=\"1262\" data-end=\"1270\">Yoxdur<\/p>\n<\/li>\n<\/ul>\n<hr data-start=\"1272\" data-end=\"1275\" \/>\n<h3 data-start=\"1277\" data-end=\"1299\"><strong data-start=\"1281\" data-end=\"1297\">Yan t\u0259sirl\u0259r<\/strong><\/h3>\n<ul data-start=\"1300\" data-end=\"1310\">\n<li data-start=\"1300\" data-end=\"1310\">\n<p data-start=\"1302\" data-end=\"1310\">Yoxdur<\/p>\n<\/li>\n<\/ul>\n<hr data-start=\"1312\" data-end=\"1315\" \/>\n<h3 data-start=\"1317\" data-end=\"1354\"><strong data-start=\"1321\" data-end=\"1352\">Dozalanma v\u0259 t\u0259tbiq qaydas\u0131<\/strong><\/h3>\n<p data-start=\"1355\" data-end=\"1388\"><strong data-start=\"1355\" data-end=\"1386\">Oral, i\u00e7m\u0259li su vasit\u0259sil\u0259:<\/strong><\/p>\n<ul data-start=\"1390\" data-end=\"1560\">\n<li data-start=\"1390\" data-end=\"1468\">\n<p data-start=\"1392\" data-end=\"1468\"><strong data-start=\"1392\" data-end=\"1431\">\u0130ri buynuzlu heyvanlar v\u0259 qoyunlar:<\/strong> 1 litr \/ 200 litr su, bir ne\u00e7\u0259 g\u00fcn<\/p>\n<\/li>\n<li data-start=\"1469\" data-end=\"1520\">\n<p data-start=\"1471\" data-end=\"1520\"><strong data-start=\"1471\" data-end=\"1482\">\u041f\u0442\u0438\u0446\u044b:<\/strong> 1 litr \/ 1000 litr su, bir ne\u00e7\u0259 g\u00fcn<\/p>\n<\/li>\n<li data-start=\"1522\" data-end=\"1560\">\n<p data-start=\"1524\" data-end=\"1560\">\u0130stifad\u0259 \u00f6nc\u0259si yax\u015f\u0131ca silk\u0259l\u0259yin<\/p>\n<\/li>\n<\/ul>\n<hr data-start=\"1562\" data-end=\"1565\" \/>\n<h3 data-start=\"1567\" data-end=\"1610\"><strong data-start=\"1571\" data-end=\"1608\">\u00c7\u0259kilm\u0259 m\u00fcdd\u0259ti (Withdrawal time)<\/strong><\/h3>\n<ul data-start=\"1611\" data-end=\"1628\">\n<li data-start=\"1611\" data-end=\"1628\">\n<p data-start=\"1613\" data-end=\"1628\">T\u0259l\u0259b olunmur<\/p>\n<\/li>\n<\/ul>\n<hr data-start=\"1630\" data-end=\"1633\" \/>\n<h3 data-start=\"1635\" data-end=\"1656\"><strong data-start=\"1639\" data-end=\"1654\">\u0423\u043f\u0430\u043a\u043e\u0432\u043a\u0430<\/strong><\/h3>\n<ul data-start=\"1657\" data-end=\"1713\">\n<li data-start=\"1657\" data-end=\"1684\">\n<p data-start=\"1659\" data-end=\"1684\"><strong data-start=\"1659\" data-end=\"1682\">1000 ml \u015f\u00fc\u015f\u0259 flakon<\/strong><\/p>\n<\/li>\n<li data-start=\"1685\" data-end=\"1713\">\n<p data-start=\"1687\" data-end=\"1713\"><strong data-start=\"1687\" data-end=\"1711\">5000 ml-lik jerrican<\/strong><\/p>\n<\/li>\n<\/ul>\n<\/div>\n<p><!-- .vgblk-rw-wrapper --><\/p>","protected":false},"excerpt":{"rendered":"<p>Calcimin-P Oral Ca-P-D3 Poultry Oral T\u0259rkibi H\u0259r 1 ml m\u0259hlulda: Vitamin D3 (Xolekalsiferol) \u2013 300 IU Fosfor tur\u015fusu (Phosphoric acid) \u2013 150 mg Kalsium \u2013 95 mg Sorbitol \u2013 56 mg Mangan \u2013 1.97 mg Maqnezium \u2013 1 mg T\u0259sviri Calcimin-P Oral \u2014 elektrolit balans\u0131n\u0131 b\u0259rpa etm\u0259k v\u0259 mineral \u00e7at\u0131\u015fmazl\u0131qlar\u0131n\u0131 aradan qald\u0131rmaq \u00fc\u00e7\u00fcn haz\u0131rlanm\u0131\u015f kompleks&#8230;<\/p>","protected":false},"featured_media":990370,"comment_status":"open","ping_status":"closed","template":"","meta":{"nf_dc_page":"","_monsterinsights_skip_tracking":false,"_monsterinsights_sitenote_active":false,"_monsterinsights_sitenote_note":"","_monsterinsights_sitenote_category":0},"product_brand":[],"product_cat":[251,68],"product_tag":[],"class_list":{"0":"post-990369","1":"product","2":"type-product","3":"status-publish","4":"has-post-thumbnail","6":"product_cat-veterinary-products","7":"product_cat-poultry","9":"first","10":"instock","11":"shipping-taxable","12":"product-type-simple"},"jetpack_sharing_enabled":true,"_links":{"self":[{"href":"https:\/\/agrovetazerbaijan.az\/ru\/wp-json\/wp\/v2\/product\/990369","targetHints":{"allow":["GET"]}}],"collection":[{"href":"https:\/\/agrovetazerbaijan.az\/ru\/wp-json\/wp\/v2\/product"}],"about":[{"href":"https:\/\/agrovetazerbaijan.az\/ru\/wp-json\/wp\/v2\/types\/product"}],"replies":[{"embeddable":true,"href":"https:\/\/agrovetazerbaijan.az\/ru\/wp-json\/wp\/v2\/comments?post=990369"}],"version-history":[{"count":1,"href":"https:\/\/agrovetazerbaijan.az\/ru\/wp-json\/wp\/v2\/product\/990369\/revisions"}],"predecessor-version":[{"id":990371,"href":"https:\/\/agrovetazerbaijan.az\/ru\/wp-json\/wp\/v2\/product\/990369\/revisions\/990371"}],"wp:featuredmedia":[{"embeddable":true,"href":"https:\/\/agrovetazerbaijan.az\/ru\/wp-json\/wp\/v2\/media\/990370"}],"wp:attachment":[{"href":"https:\/\/agrovetazerbaijan.az\/ru\/wp-json\/wp\/v2\/media?parent=990369"}],"wp:term":[{"taxonomy":"product_brand","embeddable":true,"href":"https:\/\/agrovetazerbaijan.az\/ru\/wp-json\/wp\/v2\/product_brand?post=990369"},{"taxonomy":"product_cat","embeddable":true,"href":"https:\/\/agrovetazerbaijan.az\/ru\/wp-json\/wp\/v2\/product_cat?post=990369"},{"taxonomy":"product_tag","embeddable":true,"href":"https:\/\/agrovetazerbaijan.az\/ru\/wp-json\/wp\/v2\/product_tag?post=990369"}],"curies":[{"name":"WP","href":"https:\/\/api.w.org\/{rel}","templated":true}]}}