{"id":990366,"date":"2025-09-21T22:38:39","date_gmt":"2025-09-21T22:38:39","guid":{"rendered":"https:\/\/agrovetazerbaijan.az\/?post_type=product&#038;p=990366"},"modified":"2025-09-21T22:38:47","modified_gmt":"2025-09-21T22:38:47","slug":"intrasan-ph-oral","status":"publish","type":"product","link":"https:\/\/agrovetazerbaijan.az\/ru\/product\/intrasan-ph-oral\/","title":{"rendered":"Intrasan pH Oral"},"content":{"rendered":"<div class=\"vgblk-rw-wrapper limit-wrapper\">\n<h2 data-start=\"102\" data-end=\"127\"><strong data-start=\"105\" data-end=\"125\">Intrasan pH Oral<\/strong><\/h2>\n<p data-start=\"128\" data-end=\"158\"><strong data-start=\"128\" data-end=\"156\">Asidifikator oral m\u0259hlul<\/strong><\/p>\n<h3 data-start=\"160\" data-end=\"177\"><strong data-start=\"164\" data-end=\"175\">\u0418\u043d\u0433\u0440\u0435\u0434\u0438\u0435\u043d\u0442\u044b<\/strong><\/h3>\n<p data-start=\"178\" data-end=\"235\">H\u0259r 1 ml m\u0259hlulda qar\u0131\u015f\u0131q a\u015fa\u011f\u0131dak\u0131 tur\u015fular m\u00f6vcuddur:<\/p>\n<ul data-start=\"236\" data-end=\"421\">\n<li data-start=\"236\" data-end=\"271\">\n<p data-start=\"238\" data-end=\"271\"><strong data-start=\"238\" data-end=\"269\">Sirk\u0259 tur\u015fusu (Acetic acid)<\/strong><\/p>\n<\/li>\n<li data-start=\"272\" data-end=\"308\">\n<p data-start=\"274\" data-end=\"308\"><strong data-start=\"274\" data-end=\"306\">Formik tur\u015fusu (Formic acid)<\/strong><\/p>\n<\/li>\n<li data-start=\"309\" data-end=\"343\">\n<p data-start=\"311\" data-end=\"343\"><strong data-start=\"311\" data-end=\"341\">Laktik tur\u015fu (Lactic acid)<\/strong><\/p>\n<\/li>\n<li data-start=\"344\" data-end=\"384\">\n<p data-start=\"346\" data-end=\"384\"><strong data-start=\"346\" data-end=\"382\">Propion tur\u015fusu (Propionic acid)<\/strong><\/p>\n<\/li>\n<li data-start=\"385\" data-end=\"421\">\n<p data-start=\"387\" data-end=\"421\"><strong data-start=\"387\" data-end=\"419\">Sitrik tur\u015fusu (Citric acid)<\/strong><\/p>\n<\/li>\n<\/ul>\n<hr data-start=\"423\" data-end=\"426\" \/>\n<h3 data-start=\"428\" data-end=\"445\"><strong data-start=\"432\" data-end=\"443\">\u041e\u043f\u0438\u0441\u0430\u043d\u0438\u0435<\/strong><\/h3>\n<p data-start=\"446\" data-end=\"523\"><strong data-start=\"446\" data-end=\"466\">Intrasan pH Oral<\/strong> \u2014 konsentratla\u015fd\u0131r\u0131lm\u0131\u015f <strong data-start=\"491\" data-end=\"507\">asidifikator<\/strong> preparat\u0131d\u0131r:<\/p>\n<ul data-start=\"524\" data-end=\"1002\">\n<li data-start=\"524\" data-end=\"635\">\n<p data-start=\"526\" data-end=\"635\">M\u0259d\u0259-ba\u011f\u0131rsaq trakt\u0131n\u0131n tur\u015fulu\u011funu normalla\u015fd\u0131raraq <strong data-start=\"579\" data-end=\"633\">patogen bakteriyalar\u0131n \u00e7oxalmas\u0131n\u0131n qar\u015f\u0131s\u0131n\u0131 al\u0131r<\/strong><\/p>\n<\/li>\n<li data-start=\"636\" data-end=\"711\">\n<p data-start=\"638\" data-end=\"711\">Su sisteml\u0259rinin <strong data-start=\"655\" data-end=\"686\">t\u0259mizliyi v\u0259 dezinfeksiyas\u0131<\/strong> \u00fc\u00e7\u00fcn d\u0259 t\u00f6vsiy\u0259 olunur<\/p>\n<\/li>\n<li data-start=\"712\" data-end=\"817\">\n<p data-start=\"714\" data-end=\"817\">Abnormal bakterial floradan yaranan probleml\u0259ri <strong data-start=\"762\" data-end=\"803\">bakteriostatik v\u0259 bakterisidal t\u0259siri<\/strong> il\u0259 azald\u0131r<\/p>\n<\/li>\n<li data-start=\"818\" data-end=\"922\">\n<p data-start=\"820\" data-end=\"922\">T\u0259rkibind\u0259ki sitrik v\u0259 laktik tur\u015fular <strong data-start=\"859\" data-end=\"920\">qaraciy\u0259r, b\u00f6yr\u0259k v\u0259 pankreas funksiyas\u0131n\u0131 stimulla\u015fd\u0131r\u0131r<\/strong><\/p>\n<\/li>\n<li data-start=\"923\" data-end=\"1002\">\n<p data-start=\"925\" data-end=\"1002\">M\u00fcnt\u0259z\u0259m istifad\u0259 zaman\u0131 <strong data-start=\"950\" data-end=\"991\">tonik, spazmolitik v\u0259 analjezik t\u0259sir<\/strong> g\u00f6st\u0259rir<\/p>\n<\/li>\n<\/ul>\n<hr data-start=\"1004\" data-end=\"1007\" \/>\n<h3 data-start=\"1009\" data-end=\"1046\"><strong data-start=\"1013\" data-end=\"1044\">Dozalanma v\u0259 t\u0259tbiq qaydas\u0131<\/strong><\/h3>\n<p data-start=\"1047\" data-end=\"1080\"><strong data-start=\"1047\" data-end=\"1078\">Oral, i\u00e7m\u0259li su vasit\u0259sil\u0259:<\/strong><\/p>\n<ul data-start=\"1082\" data-end=\"1336\">\n<li data-start=\"1082\" data-end=\"1137\">\n<p data-start=\"1084\" data-end=\"1137\"><strong data-start=\"1084\" data-end=\"1095\">\u041f\u0442\u0438\u0446\u044b:<\/strong> 0.5\u20131 litr \/ 1000 litr su, bir ne\u00e7\u0259 g\u00fcn<\/p>\n<\/li>\n<li data-start=\"1138\" data-end=\"1195\">\n<p data-start=\"1140\" data-end=\"1195\"><strong data-start=\"1140\" data-end=\"1153\">\u0421\u0432\u0438\u043d\u044c\u0438:<\/strong> 0.5\u20131 litr \/ 1000 litr su, bir ne\u00e7\u0259 g\u00fcn<\/p>\n<\/li>\n<li data-start=\"1196\" data-end=\"1257\">\n<p data-start=\"1198\" data-end=\"1257\"><strong data-start=\"1198\" data-end=\"1217\">Donuz balalar\u0131:<\/strong> 0.5 litr \/ 1000 litr su, bir ne\u00e7\u0259 g\u00fcn<\/p>\n<\/li>\n<li data-start=\"1258\" data-end=\"1336\">\n<p data-start=\"1260\" data-end=\"1336\"><strong data-start=\"1260\" data-end=\"1291\">Su sisteml\u0259rinin t\u0259mizliyi:<\/strong> 0.25\u20130.5 litr \/ 1000 litr su, bir ne\u00e7\u0259 g\u00fcn<\/p>\n<\/li>\n<\/ul>\n<hr data-start=\"1338\" data-end=\"1341\" \/>\n<h3 data-start=\"1343\" data-end=\"1364\"><strong data-start=\"1347\" data-end=\"1362\">\u0423\u043f\u0430\u043a\u043e\u0432\u043a\u0430<\/strong><\/h3>\n<ul data-start=\"1365\" data-end=\"1439\">\n<li data-start=\"1365\" data-end=\"1392\">\n<p data-start=\"1367\" data-end=\"1392\"><strong data-start=\"1367\" data-end=\"1390\">1000 ml \u015f\u00fc\u015f\u0259 flakon<\/strong><\/p>\n<\/li>\n<li data-start=\"1393\" data-end=\"1439\">\n<p data-start=\"1395\" data-end=\"1439\"><strong data-start=\"1395\" data-end=\"1437\">5000 ml, 10000 ml v\u0259 25 L-lik jerrican<\/strong><\/p>\n<\/li>\n<\/ul>\n<\/div>\n<p><!-- .vgblk-rw-wrapper --><\/p>","protected":false},"excerpt":{"rendered":"<p>Intrasan pH Oral Asidifikator oral m\u0259hlul T\u0259rkibi H\u0259r 1 ml m\u0259hlulda qar\u0131\u015f\u0131q a\u015fa\u011f\u0131dak\u0131 tur\u015fular m\u00f6vcuddur: Sirk\u0259 tur\u015fusu (Acetic acid) Formik tur\u015fusu (Formic acid) Laktik tur\u015fu (Lactic acid) Propion tur\u015fusu (Propionic acid) Sitrik tur\u015fusu (Citric acid) T\u0259sviri Intrasan pH Oral \u2014 konsentratla\u015fd\u0131r\u0131lm\u0131\u015f asidifikator preparat\u0131d\u0131r: M\u0259d\u0259-ba\u011f\u0131rsaq trakt\u0131n\u0131n tur\u015fulu\u011funu normalla\u015fd\u0131raraq patogen bakteriyalar\u0131n \u00e7oxalmas\u0131n\u0131n qar\u015f\u0131s\u0131n\u0131 al\u0131r Su sisteml\u0259rinin t\u0259mizliyi&#8230;<\/p>","protected":false},"featured_media":990367,"comment_status":"open","ping_status":"closed","template":"","meta":{"nf_dc_page":"","_monsterinsights_skip_tracking":false,"_monsterinsights_sitenote_active":false,"_monsterinsights_sitenote_note":"","_monsterinsights_sitenote_category":0},"product_brand":[],"product_cat":[251],"product_tag":[],"class_list":{"0":"post-990366","1":"product","2":"type-product","3":"status-publish","4":"has-post-thumbnail","6":"product_cat-veterinary-products","8":"first","9":"instock","10":"shipping-taxable","11":"product-type-simple"},"jetpack_sharing_enabled":true,"_links":{"self":[{"href":"https:\/\/agrovetazerbaijan.az\/ru\/wp-json\/wp\/v2\/product\/990366","targetHints":{"allow":["GET"]}}],"collection":[{"href":"https:\/\/agrovetazerbaijan.az\/ru\/wp-json\/wp\/v2\/product"}],"about":[{"href":"https:\/\/agrovetazerbaijan.az\/ru\/wp-json\/wp\/v2\/types\/product"}],"replies":[{"embeddable":true,"href":"https:\/\/agrovetazerbaijan.az\/ru\/wp-json\/wp\/v2\/comments?post=990366"}],"version-history":[{"count":1,"href":"https:\/\/agrovetazerbaijan.az\/ru\/wp-json\/wp\/v2\/product\/990366\/revisions"}],"predecessor-version":[{"id":990368,"href":"https:\/\/agrovetazerbaijan.az\/ru\/wp-json\/wp\/v2\/product\/990366\/revisions\/990368"}],"wp:featuredmedia":[{"embeddable":true,"href":"https:\/\/agrovetazerbaijan.az\/ru\/wp-json\/wp\/v2\/media\/990367"}],"wp:attachment":[{"href":"https:\/\/agrovetazerbaijan.az\/ru\/wp-json\/wp\/v2\/media?parent=990366"}],"wp:term":[{"taxonomy":"product_brand","embeddable":true,"href":"https:\/\/agrovetazerbaijan.az\/ru\/wp-json\/wp\/v2\/product_brand?post=990366"},{"taxonomy":"product_cat","embeddable":true,"href":"https:\/\/agrovetazerbaijan.az\/ru\/wp-json\/wp\/v2\/product_cat?post=990366"},{"taxonomy":"product_tag","embeddable":true,"href":"https:\/\/agrovetazerbaijan.az\/ru\/wp-json\/wp\/v2\/product_tag?post=990366"}],"curies":[{"name":"WP","href":"https:\/\/api.w.org\/{rel}","templated":true}]}}