{"id":990363,"date":"2025-09-21T22:35:58","date_gmt":"2025-09-21T22:35:58","guid":{"rendered":"https:\/\/agrovetazerbaijan.az\/?post_type=product&#038;p=990363"},"modified":"2025-09-21T22:36:13","modified_gmt":"2025-09-21T22:36:13","slug":"introvit-es-200-ws-2","status":"publish","type":"product","link":"https:\/\/agrovetazerbaijan.az\/ru\/product\/introvit-es-200-ws-2\/","title":{"rendered":"\u0418\u043d\u0442\u0440\u043e\u0432\u0438\u0442-ES-200 WS"},"content":{"rendered":"<div class=\"vgblk-rw-wrapper limit-wrapper\">\n<h2 data-start=\"102\" data-end=\"129\"><strong data-start=\"105\" data-end=\"127\">\u0418\u043d\u0442\u0440\u043e\u0432\u0438\u0442-ES-200 WS<\/strong><\/h2>\n<p data-start=\"130\" data-end=\"178\"><strong data-start=\"130\" data-end=\"176\">Vitamin E v\u0259 Selen (Vita-E-Selen 200\/2 WS)<\/strong><\/p>\n<h3 data-start=\"180\" data-end=\"197\"><strong data-start=\"184\" data-end=\"195\">\u0418\u043d\u0433\u0440\u0435\u0434\u0438\u0435\u043d\u0442\u044b<\/strong><\/h3>\n<p data-start=\"198\" data-end=\"217\">H\u0259r 1 g m\u0259hlulda:<\/p>\n<ul data-start=\"218\" data-end=\"295\">\n<li data-start=\"218\" data-end=\"265\">\n<p data-start=\"220\" data-end=\"265\"><strong data-start=\"220\" data-end=\"254\">Vitamin E (\u03b1-tokoferol asetat)<\/strong> \u2013 200 mg<\/p>\n<\/li>\n<li data-start=\"266\" data-end=\"295\">\n<p data-start=\"268\" data-end=\"295\"><strong data-start=\"268\" data-end=\"286\">Sodyum selenit<\/strong> \u2013 2 mg<\/p>\n<\/li>\n<\/ul>\n<hr data-start=\"297\" data-end=\"300\" \/>\n<h3 data-start=\"302\" data-end=\"319\"><strong data-start=\"306\" data-end=\"317\">\u041e\u043f\u0438\u0441\u0430\u043d\u0438\u0435<\/strong><\/h3>\n<p data-start=\"320\" data-end=\"397\"><strong data-start=\"320\" data-end=\"342\">\u0418\u043d\u0442\u0440\u043e\u0432\u0438\u0442-ES-200 WS<\/strong> \u2014 <strong data-start=\"345\" data-end=\"377\">Vitamin E v\u0259 selenin sintezi<\/strong> olan preparatd\u0131r.<\/p>\n<ul data-start=\"398\" data-end=\"840\">\n<li data-start=\"398\" data-end=\"620\">\n<p data-start=\"400\" data-end=\"620\"><strong data-start=\"400\" data-end=\"413\">\u0412\u0438\u0442\u0430\u043c\u0438\u043d \u0415<\/strong>: ya\u011fda h\u0259ll olunan h\u00fcceyr\u0259daxili antioksidantd\u0131r, doymam\u0131\u015f ya\u011f tur\u015fular\u0131n\u0131 sabitl\u0259\u015fdirir v\u0259 toksik s\u0259rb\u0259st radikallar\u0131n \u0259m\u0259l\u0259 g\u0259lm\u0259sinin qar\u015f\u0131s\u0131n\u0131 al\u0131r. X\u0259st\u0259lik v\u0259 stress d\u00f6vrl\u0259rind\u0259 b\u0259d\u0259n \u00fc\u00e7\u00fcn vacibdir.<\/p>\n<\/li>\n<li data-start=\"621\" data-end=\"840\">\n<p data-start=\"623\" data-end=\"840\"><strong data-start=\"623\" data-end=\"632\">Selen<\/strong>: heyvanlar \u00fc\u00e7\u00fcn \u0259sas qida madd\u0259sidir, <strong data-start=\"671\" data-end=\"696\">glutation peroksidaza<\/strong> fermentinin komponentidir v\u0259 h\u00fcceyr\u0259l\u0259ri oksidl\u0259\u015fdirici agentl\u0259rd\u0259n, s\u0259rb\u0259st radikallardan v\u0259 oksidl\u0259\u015fmi\u015f doymam\u0131\u015f ya\u011f tur\u015fular\u0131ndan qoruyur.<\/p>\n<\/li>\n<\/ul>\n<hr data-start=\"842\" data-end=\"845\" \/>\n<h3 data-start=\"847\" data-end=\"884\"><strong data-start=\"851\" data-end=\"882\">Dozalanma v\u0259 t\u0259tbiq qaydas\u0131<\/strong><\/h3>\n<p data-start=\"885\" data-end=\"918\"><strong data-start=\"885\" data-end=\"916\">Oral, i\u00e7m\u0259li su vasit\u0259sil\u0259:<\/strong><\/p>\n<ul data-start=\"920\" data-end=\"1164\">\n<li data-start=\"920\" data-end=\"973\">\n<p data-start=\"922\" data-end=\"973\"><strong data-start=\"922\" data-end=\"942\">\u0421\u0432\u0438\u043d\u044c\u0438 \u0438 \u043f\u0442\u0438\u0446\u044b:<\/strong> 1 kg \/ 8000 litr su, 3\u20135 g\u00fcn<\/p>\n<\/li>\n<li data-start=\"974\" data-end=\"1034\">\n<p data-start=\"976\" data-end=\"1034\"><strong data-start=\"976\" data-end=\"998\">C\u00fcc\u0259l\u0259r (&lt;21 g\u00fcn):<\/strong> 1 kg \/ 2000\u20134000 litr su, 3\u20135 g\u00fcn<\/p>\n<\/li>\n<li data-start=\"1035\" data-end=\"1099\">\n<p data-start=\"1037\" data-end=\"1099\"><strong data-start=\"1037\" data-end=\"1065\">Buzov, qoyun v\u0259 ke\u00e7il\u0259r:<\/strong> 1 g \/ 80 kq canl\u0131 \u00e7\u0259ki, 3\u20135 g\u00fcn<\/p>\n<\/li>\n<li data-start=\"1100\" data-end=\"1164\">\n<p data-start=\"1102\" data-end=\"1164\"><strong data-start=\"1102\" data-end=\"1129\">\u0130ri buynuzlu heyvanlar:<\/strong> 1 g \/ 160 kq canl\u0131 \u00e7\u0259ki, 3\u20135 g\u00fcn<\/p>\n<\/li>\n<\/ul>\n<hr data-start=\"1166\" data-end=\"1169\" \/>\n<h3 data-start=\"1171\" data-end=\"1192\"><strong data-start=\"1175\" data-end=\"1190\">\u0423\u043f\u0430\u043a\u043e\u0432\u043a\u0430<\/strong><\/h3>\n<ul data-start=\"1193\" data-end=\"1241\">\n<li data-start=\"1193\" data-end=\"1216\">\n<p data-start=\"1195\" data-end=\"1216\"><strong data-start=\"1195\" data-end=\"1214\">100 g-l\u0131q paket<\/strong><\/p>\n<\/li>\n<li data-start=\"1217\" data-end=\"1241\">\n<p data-start=\"1219\" data-end=\"1241\"><strong data-start=\"1219\" data-end=\"1239\">1000 g-l\u0131q banka<\/strong><\/p>\n<\/li>\n<\/ul>\n<\/div>\n<p><!-- .vgblk-rw-wrapper --><\/p>","protected":false},"excerpt":{"rendered":"<p>Introvit-ES-200 WS Vitamin E v\u0259 Selen (Vita-E-Selen 200\/2 WS) T\u0259rkibi H\u0259r 1 g m\u0259hlulda: Vitamin E (\u03b1-tokoferol asetat) \u2013 200 mg Sodyum selenit \u2013 2 mg T\u0259sviri Introvit-ES-200 WS \u2014 Vitamin E v\u0259 selenin sintezi olan preparatd\u0131r. Vitamin E: ya\u011fda h\u0259ll olunan h\u00fcceyr\u0259daxili antioksidantd\u0131r, doymam\u0131\u015f ya\u011f tur\u015fular\u0131n\u0131 sabitl\u0259\u015fdirir v\u0259 toksik s\u0259rb\u0259st radikallar\u0131n \u0259m\u0259l\u0259 g\u0259lm\u0259sinin qar\u015f\u0131s\u0131n\u0131&#8230;<\/p>","protected":false},"featured_media":990364,"comment_status":"open","ping_status":"closed","template":"","meta":{"nf_dc_page":"","_monsterinsights_skip_tracking":false,"_monsterinsights_sitenote_active":false,"_monsterinsights_sitenote_note":"","_monsterinsights_sitenote_category":0},"product_brand":[],"product_cat":[251,108,114,68],"product_tag":[],"class_list":{"0":"post-990363","1":"product","2":"type-product","3":"status-publish","4":"has-post-thumbnail","6":"product_cat-veterinary-products","7":"product_cat-cow","8":"product_cat-sheep","9":"product_cat-poultry","11":"first","12":"instock","13":"shipping-taxable","14":"product-type-simple"},"jetpack_sharing_enabled":true,"_links":{"self":[{"href":"https:\/\/agrovetazerbaijan.az\/ru\/wp-json\/wp\/v2\/product\/990363","targetHints":{"allow":["GET"]}}],"collection":[{"href":"https:\/\/agrovetazerbaijan.az\/ru\/wp-json\/wp\/v2\/product"}],"about":[{"href":"https:\/\/agrovetazerbaijan.az\/ru\/wp-json\/wp\/v2\/types\/product"}],"replies":[{"embeddable":true,"href":"https:\/\/agrovetazerbaijan.az\/ru\/wp-json\/wp\/v2\/comments?post=990363"}],"version-history":[{"count":1,"href":"https:\/\/agrovetazerbaijan.az\/ru\/wp-json\/wp\/v2\/product\/990363\/revisions"}],"predecessor-version":[{"id":990365,"href":"https:\/\/agrovetazerbaijan.az\/ru\/wp-json\/wp\/v2\/product\/990363\/revisions\/990365"}],"wp:featuredmedia":[{"embeddable":true,"href":"https:\/\/agrovetazerbaijan.az\/ru\/wp-json\/wp\/v2\/media\/990364"}],"wp:attachment":[{"href":"https:\/\/agrovetazerbaijan.az\/ru\/wp-json\/wp\/v2\/media?parent=990363"}],"wp:term":[{"taxonomy":"product_brand","embeddable":true,"href":"https:\/\/agrovetazerbaijan.az\/ru\/wp-json\/wp\/v2\/product_brand?post=990363"},{"taxonomy":"product_cat","embeddable":true,"href":"https:\/\/agrovetazerbaijan.az\/ru\/wp-json\/wp\/v2\/product_cat?post=990363"},{"taxonomy":"product_tag","embeddable":true,"href":"https:\/\/agrovetazerbaijan.az\/ru\/wp-json\/wp\/v2\/product_tag?post=990363"}],"curies":[{"name":"WP","href":"https:\/\/api.w.org\/{rel}","templated":true}]}}