{"id":990360,"date":"2025-09-21T22:34:12","date_gmt":"2025-09-21T22:34:12","guid":{"rendered":"https:\/\/agrovetazerbaijan.az\/?post_type=product&#038;p=990360"},"modified":"2025-09-21T22:34:23","modified_gmt":"2025-09-21T22:34:23","slug":"intrafer-100-b12","status":"publish","type":"product","link":"https:\/\/agrovetazerbaijan.az\/ru\/product\/intrafer-100-b12\/","title":{"rendered":"Intrafer-100 B12"},"content":{"rendered":"<div class=\"vgblk-rw-wrapper limit-wrapper\">\n<h2 data-start=\"102\" data-end=\"127\"><strong data-start=\"105\" data-end=\"125\">Intrafer-100 B12<\/strong><\/h2>\n<p data-start=\"128\" data-end=\"176\"><strong data-start=\"128\" data-end=\"174\">D\u0259mir 10% v\u0259 Vitamin B12 inyeksiya m\u0259hlulu<\/strong><\/p>\n<h3 data-start=\"178\" data-end=\"195\"><strong data-start=\"182\" data-end=\"193\">\u0418\u043d\u0433\u0440\u0435\u0434\u0438\u0435\u043d\u0442\u044b<\/strong><\/h3>\n<p data-start=\"196\" data-end=\"216\">H\u0259r 1 ml m\u0259hlulda:<\/p>\n<ul data-start=\"217\" data-end=\"303\">\n<li data-start=\"217\" data-end=\"256\">\n<p data-start=\"219\" data-end=\"256\"><strong data-start=\"219\" data-end=\"245\">D\u0259mir (d\u0259mir dekstran)<\/strong> \u2013 100 mg<\/p>\n<\/li>\n<li data-start=\"257\" data-end=\"303\">\n<p data-start=\"259\" data-end=\"303\"><strong data-start=\"259\" data-end=\"292\">Vitamin B12 (siyanokobalamin)<\/strong> \u2013 100 \u03bcg<\/p>\n<\/li>\n<\/ul>\n<hr data-start=\"305\" data-end=\"308\" \/>\n<h3 data-start=\"310\" data-end=\"327\"><strong data-start=\"314\" data-end=\"325\">\u041e\u043f\u0438\u0441\u0430\u043d\u0438\u0435<\/strong><\/h3>\n<p data-start=\"328\" data-end=\"447\"><strong data-start=\"328\" data-end=\"348\">Intrafer-100 B12<\/strong> \u2014 <strong data-start=\"351\" data-end=\"444\">d\u0259mir v\u0259 vitamin B12 \u00e7at\u0131\u015fmazl\u0131\u011f\u0131na qar\u015f\u0131 profilaktik v\u0259 m\u00fcalic\u0259vi inyeksiya preparat\u0131d\u0131r<\/strong>.<\/p>\n<ul data-start=\"448\" data-end=\"771\">\n<li data-start=\"448\" data-end=\"567\">\n<p data-start=\"450\" data-end=\"567\">D\u0259mir dekstran <strong data-start=\"465\" data-end=\"544\">buzovlarda v\u0259 donuz balalar\u0131nda anemiyan\u0131n qar\u015f\u0131s\u0131n\u0131n al\u0131nmas\u0131 v\u0259 m\u00fcalic\u0259si<\/strong> \u00fc\u00e7\u00fcn istifad\u0259 olunur<\/p>\n<\/li>\n<li data-start=\"568\" data-end=\"691\">\n<p data-start=\"570\" data-end=\"691\">Cyanocobalamin is\u0259 B12 vitamini \u00e7at\u0131\u015fmazl\u0131\u011f\u0131ndan yaranan anemiyan\u0131n qar\u015f\u0131s\u0131n\u0131n al\u0131nmas\u0131 v\u0259 m\u00fcalic\u0259si \u00fc\u00e7\u00fcn t\u0259tbiq edilir<\/p>\n<\/li>\n<li data-start=\"692\" data-end=\"771\">\n<p data-start=\"694\" data-end=\"771\">Parenteral t\u0259tbiq say\u0259sind\u0259 laz\u0131m olan d\u0259mir miqdar\u0131 <strong data-start=\"747\" data-end=\"769\">t\u0259k dozada verilir<\/strong><\/p>\n<\/li>\n<\/ul>\n<hr data-start=\"773\" data-end=\"776\" \/>\n<h3 data-start=\"778\" data-end=\"805\"><strong data-start=\"782\" data-end=\"803\">\u0130stifad\u0259 sah\u0259l\u0259ri<\/strong><\/h3>\n<ul data-start=\"806\" data-end=\"884\">\n<li data-start=\"806\" data-end=\"884\">\n<p data-start=\"808\" data-end=\"884\">Buzovlarda v\u0259 donuz balalar\u0131nda <strong data-start=\"840\" data-end=\"882\">anemiyan\u0131n profilaktikas\u0131 v\u0259 m\u00fcalic\u0259si<\/strong><\/p>\n<\/li>\n<\/ul>\n<hr data-start=\"886\" data-end=\"889\" \/>\n<h3 data-start=\"891\" data-end=\"916\"><strong data-start=\"895\" data-end=\"914\">\u041f\u0440\u043e\u0442\u0438\u0432\u043e\u043f\u043e\u043a\u0430\u0437\u0430\u043d\u0438\u044f<\/strong><\/h3>\n<ul data-start=\"917\" data-end=\"1130\">\n<li data-start=\"917\" data-end=\"974\">\n<p data-start=\"919\" data-end=\"974\">Vitamin E \u00e7at\u0131\u015fmazl\u0131\u011f\u0131 olan heyvanlara t\u0259tbiq olunmaz<\/p>\n<\/li>\n<li data-start=\"975\" data-end=\"1026\">\n<p data-start=\"977\" data-end=\"1026\">Qar\u0131nq\u0131c\u0131q v\u0259 ishal hallar\u0131nda istifad\u0259 edilmir<\/p>\n<\/li>\n<li data-start=\"1027\" data-end=\"1130\">\n<p data-start=\"1029\" data-end=\"1130\">Tetrasiklinl\u0259rl\u0259 birlikd\u0259 istifad\u0259 edilm\u0259m\u0259lidir (d\u0259mir tetrasiklinl\u0259rl\u0259 qar\u015f\u0131l\u0131ql\u0131 t\u0259sir g\u00f6st\u0259rir)<\/p>\n<\/li>\n<\/ul>\n<hr data-start=\"1132\" data-end=\"1135\" \/>\n<h3 data-start=\"1137\" data-end=\"1159\"><strong data-start=\"1141\" data-end=\"1157\">Yan t\u0259sirl\u0259r<\/strong><\/h3>\n<ul data-start=\"1160\" data-end=\"1293\">\n<li data-start=\"1160\" data-end=\"1216\">\n<p data-start=\"1162\" data-end=\"1216\">\u018fz\u0259l\u0259 toxumas\u0131nda m\u00fcv\u0259qq\u0259ti r\u0259ng d\u0259yi\u015fm\u0259si ola bil\u0259r<\/p>\n<\/li>\n<li data-start=\"1217\" data-end=\"1293\">\n<p data-start=\"1219\" data-end=\"1293\">\u0130njeksiya mayesinin s\u0131zmas\u0131 d\u0259rid\u0259 davaml\u0131 r\u0259ng d\u0259yi\u015fikliyi yarada bil\u0259r<\/p>\n<\/li>\n<\/ul>\n<hr data-start=\"1295\" data-end=\"1298\" \/>\n<h3 data-start=\"1300\" data-end=\"1337\"><strong data-start=\"1304\" data-end=\"1335\">Dozalanma v\u0259 t\u0259tbiq qaydas\u0131<\/strong><\/h3>\n<p data-start=\"1338\" data-end=\"1380\"><strong data-start=\"1338\" data-end=\"1378\">\u0130ntrak\u00fctan v\u0259 ya subkutan inyeksiya:<\/strong><\/p>\n<ul data-start=\"1382\" data-end=\"1517\">\n<li data-start=\"1382\" data-end=\"1447\">\n<p data-start=\"1384\" data-end=\"1447\"><strong data-start=\"1384\" data-end=\"1397\">Buzovlar:<\/strong> 4\u20138 ml, do\u011fulduqdan ilk h\u0259ft\u0259 \u0259rzind\u0259, subkutan<\/p>\n<\/li>\n<li data-start=\"1448\" data-end=\"1517\">\n<p data-start=\"1450\" data-end=\"1517\"><strong data-start=\"1450\" data-end=\"1469\">Donuz balalar\u0131:<\/strong> 2 ml, do\u011fulduqdan 3 g\u00fcn sonra, intramuskulyar<\/p>\n<\/li>\n<\/ul>\n<hr data-start=\"1519\" data-end=\"1522\" \/>\n<h3 data-start=\"1524\" data-end=\"1567\"><strong data-start=\"1528\" data-end=\"1565\">\u00c7\u0259kilm\u0259 m\u00fcdd\u0259ti (Withdrawal time)<\/strong><\/h3>\n<ul data-start=\"1568\" data-end=\"1585\">\n<li data-start=\"1568\" data-end=\"1585\">\n<p data-start=\"1570\" data-end=\"1585\">T\u0259l\u0259b olunmur<\/p>\n<\/li>\n<\/ul>\n<hr data-start=\"1587\" data-end=\"1590\" \/>\n<h3 data-start=\"1592\" data-end=\"1613\"><strong data-start=\"1596\" data-end=\"1611\">\u0423\u043f\u0430\u043a\u043e\u0432\u043a\u0430<\/strong><\/h3>\n<ul data-start=\"1614\" data-end=\"1652\">\n<li data-start=\"1614\" data-end=\"1652\">\n<p data-start=\"1616\" data-end=\"1652\">50 ml v\u0259 100 ml-lik \u015f\u00fc\u015f\u0259 flakonlar<\/p>\n<\/li>\n<\/ul>\n<\/div>\n<p><!-- .vgblk-rw-wrapper --><\/p>","protected":false},"excerpt":{"rendered":"<p>Intrafer-100 B12 D\u0259mir 10% v\u0259 Vitamin B12 inyeksiya m\u0259hlulu T\u0259rkibi H\u0259r 1 ml m\u0259hlulda: D\u0259mir (d\u0259mir dekstran) \u2013 100 mg Vitamin B12 (siyanokobalamin) \u2013 100 \u03bcg T\u0259sviri Intrafer-100 B12 \u2014 d\u0259mir v\u0259 vitamin B12 \u00e7at\u0131\u015fmazl\u0131\u011f\u0131na qar\u015f\u0131 profilaktik v\u0259 m\u00fcalic\u0259vi inyeksiya preparat\u0131d\u0131r. D\u0259mir dekstran buzovlarda v\u0259 donuz balalar\u0131nda anemiyan\u0131n qar\u015f\u0131s\u0131n\u0131n al\u0131nmas\u0131 v\u0259 m\u00fcalic\u0259si \u00fc\u00e7\u00fcn istifad\u0259 olunur&#8230;<\/p>","protected":false},"featured_media":990361,"comment_status":"open","ping_status":"closed","template":"","meta":{"nf_dc_page":"","_monsterinsights_skip_tracking":false,"_monsterinsights_sitenote_active":false,"_monsterinsights_sitenote_note":"","_monsterinsights_sitenote_category":0},"product_brand":[],"product_cat":[114,251],"product_tag":[],"class_list":{"0":"post-990360","1":"product","2":"type-product","3":"status-publish","4":"has-post-thumbnail","6":"product_cat-sheep","7":"product_cat-veterinary-products","9":"first","10":"instock","11":"shipping-taxable","12":"product-type-simple"},"jetpack_sharing_enabled":true,"_links":{"self":[{"href":"https:\/\/agrovetazerbaijan.az\/ru\/wp-json\/wp\/v2\/product\/990360","targetHints":{"allow":["GET"]}}],"collection":[{"href":"https:\/\/agrovetazerbaijan.az\/ru\/wp-json\/wp\/v2\/product"}],"about":[{"href":"https:\/\/agrovetazerbaijan.az\/ru\/wp-json\/wp\/v2\/types\/product"}],"replies":[{"embeddable":true,"href":"https:\/\/agrovetazerbaijan.az\/ru\/wp-json\/wp\/v2\/comments?post=990360"}],"version-history":[{"count":1,"href":"https:\/\/agrovetazerbaijan.az\/ru\/wp-json\/wp\/v2\/product\/990360\/revisions"}],"predecessor-version":[{"id":990362,"href":"https:\/\/agrovetazerbaijan.az\/ru\/wp-json\/wp\/v2\/product\/990360\/revisions\/990362"}],"wp:featuredmedia":[{"embeddable":true,"href":"https:\/\/agrovetazerbaijan.az\/ru\/wp-json\/wp\/v2\/media\/990361"}],"wp:attachment":[{"href":"https:\/\/agrovetazerbaijan.az\/ru\/wp-json\/wp\/v2\/media?parent=990360"}],"wp:term":[{"taxonomy":"product_brand","embeddable":true,"href":"https:\/\/agrovetazerbaijan.az\/ru\/wp-json\/wp\/v2\/product_brand?post=990360"},{"taxonomy":"product_cat","embeddable":true,"href":"https:\/\/agrovetazerbaijan.az\/ru\/wp-json\/wp\/v2\/product_cat?post=990360"},{"taxonomy":"product_tag","embeddable":true,"href":"https:\/\/agrovetazerbaijan.az\/ru\/wp-json\/wp\/v2\/product_tag?post=990360"}],"curies":[{"name":"WP","href":"https:\/\/api.w.org\/{rel}","templated":true}]}}