{"id":990357,"date":"2025-09-21T22:32:26","date_gmt":"2025-09-21T22:32:26","guid":{"rendered":"https:\/\/agrovetazerbaijan.az\/?post_type=product&#038;p=990357"},"modified":"2025-09-21T22:32:39","modified_gmt":"2025-09-21T22:32:39","slug":"intermectin","status":"publish","type":"product","link":"https:\/\/agrovetazerbaijan.az\/ru\/product\/intermectin\/","title":{"rendered":"Intermectin"},"content":{"rendered":"<div class=\"vgblk-rw-wrapper limit-wrapper\">\n<h2 data-start=\"102\" data-end=\"122\"><strong data-start=\"105\" data-end=\"120\">Intermectin<\/strong><\/h2>\n<p data-start=\"123\" data-end=\"160\"><strong data-start=\"123\" data-end=\"158\">\u0130vermektin 1% inyeksiya m\u0259hlulu<\/strong><\/p>\n<h3 data-start=\"162\" data-end=\"179\"><strong data-start=\"166\" data-end=\"177\">\u0418\u043d\u0433\u0440\u0435\u0434\u0438\u0435\u043d\u0442\u044b<\/strong><\/h3>\n<p data-start=\"180\" data-end=\"200\">H\u0259r 1 ml m\u0259hlulda:<\/p>\n<ul data-start=\"201\" data-end=\"227\">\n<li data-start=\"201\" data-end=\"227\">\n<p data-start=\"203\" data-end=\"227\"><strong data-start=\"203\" data-end=\"217\">\u0130vermektin<\/strong> \u2013 10 mg<\/p>\n<\/li>\n<\/ul>\n<hr data-start=\"229\" data-end=\"232\" \/>\n<h3 data-start=\"234\" data-end=\"251\"><strong data-start=\"238\" data-end=\"249\">\u041e\u043f\u0438\u0441\u0430\u043d\u0438\u0435<\/strong><\/h3>\n<p data-start=\"252\" data-end=\"329\"><strong data-start=\"252\" data-end=\"267\">Intermectin<\/strong> \u2014 avermektinl\u0259r qrupuna aid <strong data-start=\"296\" data-end=\"323\">anti-parazitar preparat<\/strong>d\u0131r.<\/p>\n<ul data-start=\"330\" data-end=\"466\">\n<li data-start=\"330\" data-end=\"380\">\n<p data-start=\"332\" data-end=\"380\">Nematodlar v\u0259 dig\u0259r parazitl\u0259r\u0259 qar\u015f\u0131 aktivdir<\/p>\n<\/li>\n<li data-start=\"381\" data-end=\"466\">\n<p data-start=\"383\" data-end=\"466\">\u0130ri buynuzlu heyvanlar, buzovlar, qoyunlar, ke\u00e7il\u0259r v\u0259 donuzlarda istifad\u0259 olunur<\/p>\n<\/li>\n<\/ul>\n<hr data-start=\"468\" data-end=\"471\" \/>\n<h3 data-start=\"473\" data-end=\"504\"><strong data-start=\"477\" data-end=\"502\">\u0418\u043d\u0441\u0442\u0440\u0443\u043a\u0446\u0438\u044f \u043f\u043e \u043f\u0440\u0438\u043c\u0435\u043d\u0435\u043d\u0438\u044e<\/strong><\/h3>\n<ul data-start=\"505\" data-end=\"707\">\n<li data-start=\"505\" data-end=\"552\">\n<p data-start=\"507\" data-end=\"552\"><strong data-start=\"507\" data-end=\"550\">Gastrointestinal v\u0259 a\u011fciy\u0259r nematodlar\u0131<\/strong><\/p>\n<\/li>\n<li data-start=\"553\" data-end=\"621\">\n<p data-start=\"555\" data-end=\"621\"><strong data-start=\"555\" data-end=\"619\">Pedikulyoz (bit infeksiyas\u0131), estrus v\u0259 qa\u015f\u0131nma x\u0259st\u0259likl\u0259ri<\/strong><\/p>\n<\/li>\n<li data-start=\"622\" data-end=\"707\">\n<p data-start=\"624\" data-end=\"707\">\u0412\u0438\u0434\u044b \u0436\u0438\u0432\u043e\u0442\u043d\u044b\u0445: <strong data-start=\"640\" data-end=\"705\">\u0130ri buynuzlu heyvanlar, buzovlar, qoyunlar, ke\u00e7il\u0259r, donuzlar<\/strong><\/p>\n<\/li>\n<\/ul>\n<hr data-start=\"709\" data-end=\"712\" \/>\n<h3 data-start=\"714\" data-end=\"739\"><strong data-start=\"718\" data-end=\"737\">\u041f\u0440\u043e\u0442\u0438\u0432\u043e\u043f\u043e\u043a\u0430\u0437\u0430\u043d\u0438\u044f<\/strong><\/h3>\n<ul data-start=\"740\" data-end=\"782\">\n<li data-start=\"740\" data-end=\"782\">\n<p data-start=\"742\" data-end=\"782\">S\u00fcd ver\u0259n heyvanlarda istifad\u0259 edilmir<\/p>\n<\/li>\n<\/ul>\n<hr data-start=\"784\" data-end=\"787\" \/>\n<h3 data-start=\"789\" data-end=\"833\"><strong data-start=\"793\" data-end=\"831\">Yan t\u0259sirl\u0259r v\u0259 \u0259traf m\u00fchit\u0259 t\u0259sir<\/strong><\/h3>\n<ul data-start=\"834\" data-end=\"1109\">\n<li data-start=\"834\" data-end=\"907\">\n<p data-start=\"836\" data-end=\"907\">Torpa\u011fa d\u00fc\u015f\u0259n ivermektin s\u00fcr\u0259tl\u0259 ba\u011flan\u0131r v\u0259 zamanla qeyri-aktiv olur<\/p>\n<\/li>\n<li data-start=\"908\" data-end=\"973\">\n<p data-start=\"910\" data-end=\"973\">Azad ivermektin bal\u0131qlar v\u0259 b\u0259zi su canl\u0131lar\u0131 \u00fc\u00e7\u00fcn z\u0259r\u0259rlidir<\/p>\n<\/li>\n<li data-start=\"974\" data-end=\"1031\">\n<p data-start=\"976\" data-end=\"1031\">Hovuza, \u00e7aylara v\u0259 g\u00f6ll\u0259r\u0259 d\u00fc\u015fm\u0259m\u0259sin\u0259 diqq\u0259t yetirin<\/p>\n<\/li>\n<li data-start=\"1032\" data-end=\"1109\">\n<p data-start=\"1034\" data-end=\"1109\">Qal\u0131q preparat\u0131 olan flakonlar\u0131 m\u00fcvafiq poliqonda basd\u0131r\u0131n v\u0259 ya yand\u0131r\u0131n<\/p>\n<\/li>\n<\/ul>\n<hr data-start=\"1111\" data-end=\"1114\" \/>\n<h3 data-start=\"1116\" data-end=\"1153\"><strong data-start=\"1120\" data-end=\"1151\">Dozalanma v\u0259 t\u0259tbiq qaydas\u0131<\/strong><\/h3>\n<p data-start=\"1154\" data-end=\"1179\"><strong data-start=\"1154\" data-end=\"1177\">\u041f\u043e\u0434\u043a\u043e\u0436\u043d\u0430\u044f \u0438\u043d\u044a\u0435\u043a\u0446\u0438\u044f:<\/strong><\/p>\n<ul data-start=\"1181\" data-end=\"1309\">\n<li data-start=\"1181\" data-end=\"1267\">\n<p data-start=\"1183\" data-end=\"1267\"><strong data-start=\"1183\" data-end=\"1241\">\u0130ri buynuzlu heyvanlar, buzovlar, qoyunlar v\u0259 ke\u00e7il\u0259r:<\/strong> 1 ml \/ 50 kq canl\u0131 \u00e7\u0259ki<\/p>\n<\/li>\n<li data-start=\"1268\" data-end=\"1309\">\n<p data-start=\"1270\" data-end=\"1309\"><strong data-start=\"1270\" data-end=\"1283\">\u0421\u0432\u0438\u043d\u044c\u0438:<\/strong> 1 ml \/ 33 kq canl\u0131 \u00e7\u0259ki<\/p>\n<\/li>\n<\/ul>\n<hr data-start=\"1311\" data-end=\"1314\" \/>\n<h3 data-start=\"1316\" data-end=\"1359\"><strong data-start=\"1320\" data-end=\"1357\">\u00c7\u0259kilm\u0259 m\u00fcdd\u0259ti (Withdrawal time)<\/strong><\/h3>\n<ul data-start=\"1360\" data-end=\"1467\">\n<li data-start=\"1360\" data-end=\"1467\">\n<p data-start=\"1362\" data-end=\"1376\"><strong data-start=\"1362\" data-end=\"1374\">\u0414\u043b\u044f \u043c\u044f\u0441\u0430:<\/strong><\/p>\n<ul data-start=\"1379\" data-end=\"1467\">\n<li data-start=\"1379\" data-end=\"1444\">\n<p data-start=\"1381\" data-end=\"1444\">\u0130ri buynuzlu heyvanlar, buzovlar, qoyunlar v\u0259 ke\u00e7il\u0259r: 28 g\u00fcn<\/p>\n<\/li>\n<li data-start=\"1447\" data-end=\"1467\">\n<p data-start=\"1449\" data-end=\"1467\">Donuzlar: 21 g\u00fcn<\/p>\n<\/li>\n<\/ul>\n<\/li>\n<\/ul>\n<hr data-start=\"1469\" data-end=\"1472\" \/>\n<h3 data-start=\"1474\" data-end=\"1495\"><strong data-start=\"1478\" data-end=\"1493\">\u0423\u043f\u0430\u043a\u043e\u0432\u043a\u0430<\/strong><\/h3>\n<ul data-start=\"1496\" data-end=\"1557\">\n<li data-start=\"1496\" data-end=\"1557\">\n<p data-start=\"1498\" data-end=\"1557\">10 ml, 50 ml, 100 ml, 250 ml v\u0259 500 ml-lik \u015f\u00fc\u015f\u0259 flakonlar<\/p>\n<\/li>\n<\/ul>\n<\/div>\n<p><!-- .vgblk-rw-wrapper --><\/p>","protected":false},"excerpt":{"rendered":"<p>Intermectin \u0130vermektin 1% inyeksiya m\u0259hlulu T\u0259rkibi H\u0259r 1 ml m\u0259hlulda: \u0130vermektin \u2013 10 mg T\u0259sviri Intermectin \u2014 avermektinl\u0259r qrupuna aid anti-parazitar preparatd\u0131r. Nematodlar v\u0259 dig\u0259r parazitl\u0259r\u0259 qar\u015f\u0131 aktivdir \u0130ri buynuzlu heyvanlar, buzovlar, qoyunlar, ke\u00e7il\u0259r v\u0259 donuzlarda istifad\u0259 olunur \u0130stifad\u0259 g\u00f6st\u0259ri\u015fl\u0259ri Gastrointestinal v\u0259 a\u011fciy\u0259r nematodlar\u0131 Pedikulyoz (bit infeksiyas\u0131), estrus v\u0259 qa\u015f\u0131nma x\u0259st\u0259likl\u0259ri Heyvan n\u00f6vl\u0259ri: \u0130ri buynuzlu&#8230;<\/p>","protected":false},"featured_media":990358,"comment_status":"open","ping_status":"closed","template":"","meta":{"nf_dc_page":"","_monsterinsights_skip_tracking":false,"_monsterinsights_sitenote_active":false,"_monsterinsights_sitenote_note":"","_monsterinsights_sitenote_category":0},"product_brand":[],"product_cat":[251,108,114],"product_tag":[],"class_list":{"0":"post-990357","1":"product","2":"type-product","3":"status-publish","4":"has-post-thumbnail","6":"product_cat-veterinary-products","7":"product_cat-cow","8":"product_cat-sheep","10":"first","11":"instock","12":"shipping-taxable","13":"product-type-simple"},"jetpack_sharing_enabled":true,"_links":{"self":[{"href":"https:\/\/agrovetazerbaijan.az\/ru\/wp-json\/wp\/v2\/product\/990357","targetHints":{"allow":["GET"]}}],"collection":[{"href":"https:\/\/agrovetazerbaijan.az\/ru\/wp-json\/wp\/v2\/product"}],"about":[{"href":"https:\/\/agrovetazerbaijan.az\/ru\/wp-json\/wp\/v2\/types\/product"}],"replies":[{"embeddable":true,"href":"https:\/\/agrovetazerbaijan.az\/ru\/wp-json\/wp\/v2\/comments?post=990357"}],"version-history":[{"count":1,"href":"https:\/\/agrovetazerbaijan.az\/ru\/wp-json\/wp\/v2\/product\/990357\/revisions"}],"predecessor-version":[{"id":990359,"href":"https:\/\/agrovetazerbaijan.az\/ru\/wp-json\/wp\/v2\/product\/990357\/revisions\/990359"}],"wp:featuredmedia":[{"embeddable":true,"href":"https:\/\/agrovetazerbaijan.az\/ru\/wp-json\/wp\/v2\/media\/990358"}],"wp:attachment":[{"href":"https:\/\/agrovetazerbaijan.az\/ru\/wp-json\/wp\/v2\/media?parent=990357"}],"wp:term":[{"taxonomy":"product_brand","embeddable":true,"href":"https:\/\/agrovetazerbaijan.az\/ru\/wp-json\/wp\/v2\/product_brand?post=990357"},{"taxonomy":"product_cat","embeddable":true,"href":"https:\/\/agrovetazerbaijan.az\/ru\/wp-json\/wp\/v2\/product_cat?post=990357"},{"taxonomy":"product_tag","embeddable":true,"href":"https:\/\/agrovetazerbaijan.az\/ru\/wp-json\/wp\/v2\/product_tag?post=990357"}],"curies":[{"name":"WP","href":"https:\/\/api.w.org\/{rel}","templated":true}]}}