{"id":990354,"date":"2025-09-21T22:29:47","date_gmt":"2025-09-21T22:29:47","guid":{"rendered":"https:\/\/agrovetazerbaijan.az\/?post_type=product&#038;p=990354"},"modified":"2025-09-21T22:29:58","modified_gmt":"2025-09-21T22:29:58","slug":"dexon-super-2","status":"publish","type":"product","link":"https:\/\/agrovetazerbaijan.az\/ru\/product\/dexon-super-2\/","title":{"rendered":"\u0414\u0435\u043a\u0441\u043e\u043d \u0421\u0443\u043f\u0435\u0440"},"content":{"rendered":"<div class=\"vgblk-rw-wrapper limit-wrapper\">\n<h2 data-start=\"102\" data-end=\"122\"><strong data-start=\"105\" data-end=\"120\">\u0414\u0435\u043a\u0441\u043e\u043d \u0421\u0443\u043f\u0435\u0440<\/strong><\/h2>\n<p data-start=\"123\" data-end=\"189\"><strong data-start=\"123\" data-end=\"189\">Y\u00fcks\u0259k konsentrasiyal\u0131 peroksigen \u0259sasl\u0131 dezinfeksiya vasit\u0259si<\/strong><\/p>\n<h3 data-start=\"191\" data-end=\"208\"><strong data-start=\"195\" data-end=\"206\">\u0418\u043d\u0433\u0440\u0435\u0434\u0438\u0435\u043d\u0442\u044b<\/strong><\/h3>\n<ul data-start=\"209\" data-end=\"353\">\n<li data-start=\"209\" data-end=\"272\">\n<p data-start=\"211\" data-end=\"272\"><strong data-start=\"211\" data-end=\"263\">Pentapotasium bis(peroksimonosulfat) bis(sulfat)<\/strong> \u2013 50 %<\/p>\n<\/li>\n<li data-start=\"273\" data-end=\"303\">\n<p data-start=\"275\" data-end=\"303\"><strong data-start=\"275\" data-end=\"295\">\u0441\u0443\u043b\u044c\u0444\u0430\u043c\u0438\u043d\u043e\u0432\u0430\u044f \u043a\u0438\u0441\u043b\u043e\u0442\u0430<\/strong> \u2013 6 %<\/p>\n<\/li>\n<li data-start=\"304\" data-end=\"353\">\n<p data-start=\"306\" data-end=\"353\"><strong data-start=\"306\" data-end=\"345\">Sodyum dikloroizotsianurat dihidrat<\/strong> \u2013 1 %<\/p>\n<\/li>\n<\/ul>\n<hr data-start=\"355\" data-end=\"358\" \/>\n<h3 data-start=\"360\" data-end=\"377\"><strong data-start=\"364\" data-end=\"375\">\u041e\u043f\u0438\u0441\u0430\u043d\u0438\u0435<\/strong><\/h3>\n<p data-start=\"378\" data-end=\"530\"><strong data-start=\"378\" data-end=\"393\">\u0414\u0435\u043a\u0441\u043e\u043d \u0421\u0443\u043f\u0435\u0440<\/strong> \u2014 geni\u015f spektrli bakteriya, virus v\u0259 g\u00f6b\u0259l\u0259kl\u0259r\u0259 qar\u015f\u0131 t\u0259sirli, y\u00fcks\u0259k konsentrasiyal\u0131 <strong data-start=\"481\" data-end=\"527\">peroksigen \u0259sasl\u0131 dezinfeksiya vasit\u0259sidir<\/strong>.<\/p>\n<ul data-start=\"531\" data-end=\"684\">\n<li data-start=\"531\" data-end=\"611\">\n<p data-start=\"533\" data-end=\"611\">Mikroorqanizml\u0259ri s\u00fcr\u0259tl\u0259 m\u0259hv edir v\u0259 heyvan x\u0259st\u0259likl\u0259rinin qar\u015f\u0131s\u0131n\u0131 al\u0131r<\/p>\n<\/li>\n<li data-start=\"612\" data-end=\"684\">\n<p data-start=\"614\" data-end=\"684\">\u0130stifad\u0259 olunan m\u0259hlullarda <strong data-start=\"642\" data-end=\"682\">korroziyaya s\u0259b\u0259b olmur v\u0259 iy vermir<\/strong><\/p>\n<\/li>\n<\/ul>\n<p data-start=\"686\" data-end=\"708\"><strong data-start=\"686\" data-end=\"706\">\u041e\u0431\u043b\u0430\u0441\u0442\u0438 \u043f\u0440\u0438\u043c\u0435\u043d\u0435\u043d\u0438\u044f:<\/strong><\/p>\n<ul data-start=\"709\" data-end=\"930\">\n<li data-start=\"709\" data-end=\"737\">\n<p data-start=\"711\" data-end=\"737\">\u0414\u0435\u0437\u0438\u043d\u0444\u0435\u043a\u0446\u0438\u044f \u043f\u043e\u0432\u0435\u0440\u0445\u043d\u043e\u0441\u0442\u0435\u0439<\/p>\n<\/li>\n<li data-start=\"738\" data-end=\"788\">\n<p data-start=\"740\" data-end=\"788\">Hava dezinfeksiyas\u0131 (misting, thermal fogging)<\/p>\n<\/li>\n<li data-start=\"789\" data-end=\"846\">\n<p data-start=\"791\" data-end=\"846\">\u0414\u0435\u0437\u0438\u043d\u0444\u0435\u043a\u0446\u0438\u044f \u0442\u0440\u0430\u043d\u0441\u043f\u043e\u0440\u0442\u043d\u044b\u0445 \u0441\u0440\u0435\u0434\u0441\u0442\u0432 \u0438 \u043e\u0431\u043e\u0440\u0443\u0434\u043e\u0432\u0430\u043d\u0438\u044f<\/p>\n<\/li>\n<li data-start=\"847\" data-end=\"903\">\n<p data-start=\"849\" data-end=\"903\">Biofilm t\u0259mizliyi v\u0259 su sisteml\u0259rinin dezinfeksiyas\u0131<\/p>\n<\/li>\n<li data-start=\"904\" data-end=\"930\">\n<p data-start=\"906\" data-end=\"930\">Ayaq v\u0259 t\u0259k\u0259r dald\u0131rma<\/p>\n<\/li>\n<\/ul>\n<hr data-start=\"932\" data-end=\"935\" \/>\n<h3 data-start=\"937\" data-end=\"968\"><strong data-start=\"941\" data-end=\"966\">\u0418\u043d\u0441\u0442\u0440\u0443\u043a\u0446\u0438\u044f \u043f\u043e \u043f\u0440\u0438\u043c\u0435\u043d\u0435\u043d\u0438\u044e<\/strong><\/h3>\n<ul data-start=\"969\" data-end=\"1537\">\n<li data-start=\"969\" data-end=\"1053\">\n<p data-start=\"971\" data-end=\"1053\"><strong data-start=\"971\" data-end=\"995\">S\u0259th dezinfeksiyas\u0131:<\/strong> 1 kg \/ 100 litr su (1 %), s\u0259th\u0259 250\u2013300 ml\/m\u00b2 p\u00fcsk\u00fcrtm\u0259<\/p>\n<\/li>\n<li data-start=\"1054\" data-end=\"1141\">\n<p data-start=\"1056\" data-end=\"1141\"><strong data-start=\"1056\" data-end=\"1090\">Hava dezinfeksiyas\u0131 (misting):<\/strong> 1 kg \/ 300 litr su (0.3 %), knapsack sprayer il\u0259<\/p>\n<\/li>\n<li data-start=\"1142\" data-end=\"1232\">\n<p data-start=\"1144\" data-end=\"1232\"><strong data-start=\"1144\" data-end=\"1186\">Hava dezinfeksiyas\u0131 (thermal fogging):<\/strong> 1 kg \/ 20 litr su (5 %), fog avadanl\u0131\u011f\u0131 il\u0259<\/p>\n<\/li>\n<li data-start=\"1233\" data-end=\"1379\">\n<p data-start=\"1235\" data-end=\"1379\"><strong data-start=\"1235\" data-end=\"1292\">Su sisteml\u0259rinin dezinfeksiyas\u0131 v\u0259 biofilm t\u0259mizliyi:<\/strong> 1 kg \/ 100 litr su (1 %), 30 d\u0259qiq\u0259 \u0259rzind\u0259 t\u0259tbiq, sonra yuyun; prosesi t\u0259krar edin<\/p>\n<\/li>\n<li data-start=\"1380\" data-end=\"1460\">\n<p data-start=\"1382\" data-end=\"1460\"><strong data-start=\"1382\" data-end=\"1412\">N\u0259qliyyat v\u0259 avadanl\u0131qlar:<\/strong> 1 kg \/ 100 litr su (1 %), pressure washer il\u0259<\/p>\n<\/li>\n<li data-start=\"1461\" data-end=\"1537\">\n<p data-start=\"1463\" data-end=\"1537\"><strong data-start=\"1463\" data-end=\"1490\">Ayaq v\u0259 t\u0259k\u0259r dald\u0131rma:<\/strong> 1 kg \/ 100 litr su (1 %), h\u0259ft\u0259lik yenil\u0259nir<\/p>\n<\/li>\n<\/ul>\n<blockquote data-start=\"1539\" data-end=\"1627\">\n<p data-start=\"1541\" data-end=\"1627\">M\u0259hlulu istifad\u0259 etm\u0259zd\u0259n \u0259vv\u0259l su il\u0259 durulama v\u0259 d\u00fczg\u00fcn qar\u0131\u015fd\u0131rma t\u00f6vsiy\u0259 olunur.<\/p>\n<\/blockquote>\n<hr data-start=\"1629\" data-end=\"1632\" \/>\n<h3 data-start=\"1634\" data-end=\"1687\"><strong data-start=\"1638\" data-end=\"1685\">\u018fks g\u00f6st\u0259ri\u015fl\u0259r v\u0259 t\u0259hl\u00fck\u0259sizlik t\u0259dbirl\u0259ri<\/strong><\/h3>\n<ul data-start=\"1688\" data-end=\"2092\">\n<li data-start=\"1688\" data-end=\"1712\">\n<p data-start=\"1690\" data-end=\"1712\">Yutulmas\u0131 z\u0259r\u0259rlidir<\/p>\n<\/li>\n<li data-start=\"1713\" data-end=\"1772\">\n<p data-start=\"1715\" data-end=\"1772\">D\u0259rinin v\u0259 g\u00f6zl\u0259rin ciddi z\u0259d\u0259l\u0259nm\u0259sin\u0259 s\u0259b\u0259b ola bil\u0259r<\/p>\n<\/li>\n<li data-start=\"1773\" data-end=\"1809\">\n<p data-start=\"1775\" data-end=\"1809\">Suda uzun m\u00fcdd\u0259tli z\u0259h\u0259rli t\u0259sir<\/p>\n<\/li>\n<li data-start=\"1810\" data-end=\"1848\">\n<p data-start=\"1812\" data-end=\"1848\">Toz, buxar, sprey t\u0259n\u0259ff\u00fcs etm\u0259yin<\/p>\n<\/li>\n<li data-start=\"1849\" data-end=\"1901\">\n<p data-start=\"1851\" data-end=\"1901\">\u0130stifad\u0259 zaman\u0131 qida, i\u00e7ki v\u0259 siqaret qada\u011fand\u0131r<\/p>\n<\/li>\n<li data-start=\"1902\" data-end=\"1983\">\n<p data-start=\"1904\" data-end=\"1983\">\u018fll\u0259ri yax\u015f\u0131ca yuyun, qoruyucu \u0259lc\u0259k, geyim, g\u00f6z v\u0259 \u00fcz qoruyucu istifad\u0259 edin<\/p>\n<\/li>\n<li data-start=\"1984\" data-end=\"2092\">\n<p data-start=\"1986\" data-end=\"2092\">T\u0259sad\u00fcf\u0259n d\u0259rid\u0259, g\u00f6zl\u0259rd\u0259 v\u0259 ya udulmas\u0131 hal\u0131nda d\u0259rhal m\u00fcvafiq t\u0259dbirl\u0259r g\u00f6r\u00fcn v\u0259 tibbi yard\u0131m \u00e7a\u011f\u0131r\u0131n<\/p>\n<\/li>\n<\/ul>\n<hr data-start=\"2094\" data-end=\"2097\" \/>\n<h3 data-start=\"2099\" data-end=\"2120\"><strong data-start=\"2103\" data-end=\"2118\">\u0423\u043f\u0430\u043a\u043e\u0432\u043a\u0430<\/strong><\/h3>\n<ul data-start=\"2121\" data-end=\"2189\">\n<li data-start=\"2121\" data-end=\"2143\">\n<p data-start=\"2123\" data-end=\"2143\"><strong data-start=\"2123\" data-end=\"2141\">50 q-l\u0131q paket<\/strong><\/p>\n<\/li>\n<li data-start=\"2144\" data-end=\"2166\">\n<p data-start=\"2146\" data-end=\"2166\"><strong data-start=\"2146\" data-end=\"2164\">1 kq-l\u0131q banka<\/strong><\/p>\n<\/li>\n<li data-start=\"2167\" data-end=\"2189\">\n<p data-start=\"2169\" data-end=\"2189\"><strong data-start=\"2169\" data-end=\"2187\">5 \u043a\u0433 \u0432\u0435\u0434\u0440\u043e<\/strong><\/p>\n<\/li>\n<\/ul>\n<\/div>\n<p><!-- .vgblk-rw-wrapper --><\/p>","protected":false},"excerpt":{"rendered":"<p>Dexon Super Y\u00fcks\u0259k konsentrasiyal\u0131 peroksigen \u0259sasl\u0131 dezinfeksiya vasit\u0259si T\u0259rkibi Pentapotasium bis(peroksimonosulfat) bis(sulfat) \u2013 50 % Sulfamik tur\u015fusu \u2013 6 % Sodyum dikloroizotsianurat dihidrat \u2013 1 % T\u0259sviri Dexon Super \u2014 geni\u015f spektrli bakteriya, virus v\u0259 g\u00f6b\u0259l\u0259kl\u0259r\u0259 qar\u015f\u0131 t\u0259sirli, y\u00fcks\u0259k konsentrasiyal\u0131 peroksigen \u0259sasl\u0131 dezinfeksiya vasit\u0259sidir. Mikroorqanizml\u0259ri s\u00fcr\u0259tl\u0259 m\u0259hv edir v\u0259 heyvan x\u0259st\u0259likl\u0259rinin qar\u015f\u0131s\u0131n\u0131 al\u0131r \u0130stifad\u0259 olunan&#8230;<\/p>","protected":false},"featured_media":990355,"comment_status":"open","ping_status":"closed","template":"","meta":{"nf_dc_page":"","_monsterinsights_skip_tracking":false,"_monsterinsights_sitenote_active":false,"_monsterinsights_sitenote_note":"","_monsterinsights_sitenote_category":0},"product_brand":[],"product_cat":[251,147],"product_tag":[],"class_list":{"0":"post-990354","1":"product","2":"type-product","3":"status-publish","4":"has-post-thumbnail","6":"product_cat-veterinary-products","7":"product_cat-disinfectants","9":"first","10":"instock","11":"shipping-taxable","12":"product-type-simple"},"jetpack_sharing_enabled":true,"_links":{"self":[{"href":"https:\/\/agrovetazerbaijan.az\/ru\/wp-json\/wp\/v2\/product\/990354","targetHints":{"allow":["GET"]}}],"collection":[{"href":"https:\/\/agrovetazerbaijan.az\/ru\/wp-json\/wp\/v2\/product"}],"about":[{"href":"https:\/\/agrovetazerbaijan.az\/ru\/wp-json\/wp\/v2\/types\/product"}],"replies":[{"embeddable":true,"href":"https:\/\/agrovetazerbaijan.az\/ru\/wp-json\/wp\/v2\/comments?post=990354"}],"version-history":[{"count":1,"href":"https:\/\/agrovetazerbaijan.az\/ru\/wp-json\/wp\/v2\/product\/990354\/revisions"}],"predecessor-version":[{"id":990356,"href":"https:\/\/agrovetazerbaijan.az\/ru\/wp-json\/wp\/v2\/product\/990354\/revisions\/990356"}],"wp:featuredmedia":[{"embeddable":true,"href":"https:\/\/agrovetazerbaijan.az\/ru\/wp-json\/wp\/v2\/media\/990355"}],"wp:attachment":[{"href":"https:\/\/agrovetazerbaijan.az\/ru\/wp-json\/wp\/v2\/media?parent=990354"}],"wp:term":[{"taxonomy":"product_brand","embeddable":true,"href":"https:\/\/agrovetazerbaijan.az\/ru\/wp-json\/wp\/v2\/product_brand?post=990354"},{"taxonomy":"product_cat","embeddable":true,"href":"https:\/\/agrovetazerbaijan.az\/ru\/wp-json\/wp\/v2\/product_cat?post=990354"},{"taxonomy":"product_tag","embeddable":true,"href":"https:\/\/agrovetazerbaijan.az\/ru\/wp-json\/wp\/v2\/product_tag?post=990354"}],"curies":[{"name":"WP","href":"https:\/\/api.w.org\/{rel}","templated":true}]}}