{"id":990348,"date":"2025-09-21T22:19:57","date_gmt":"2025-09-21T22:19:57","guid":{"rendered":"https:\/\/agrovetazerbaijan.az\/?post_type=product&#038;p=990348"},"modified":"2025-09-21T22:20:12","modified_gmt":"2025-09-21T22:20:12","slug":"introvit-b-complex-oral","status":"publish","type":"product","link":"https:\/\/agrovetazerbaijan.az\/ru\/product\/introvit-b-complex-oral\/","title":{"rendered":"Introvit-B-Complex Oral"},"content":{"rendered":"<div class=\"vgblk-rw-wrapper limit-wrapper\">\n<h2 data-start=\"132\" data-end=\"164\"><strong data-start=\"135\" data-end=\"162\">Introvit-B-Complex Oral<\/strong><\/h2>\n<p data-start=\"165\" data-end=\"198\"><strong data-start=\"165\" data-end=\"198\">Vitamin B-Complex oral m\u0259hlul<\/strong><\/p>\n<h3 data-start=\"200\" data-end=\"217\"><strong data-start=\"204\" data-end=\"215\">\u0418\u043d\u0433\u0440\u0435\u0434\u0438\u0435\u043d\u0442\u044b<\/strong><\/h3>\n<p data-start=\"218\" data-end=\"238\">H\u0259r 1 ml m\u0259hlulda:<\/p>\n<ul data-start=\"239\" data-end=\"544\">\n<li data-start=\"239\" data-end=\"285\">\n<p data-start=\"241\" data-end=\"285\"><strong data-start=\"241\" data-end=\"276\">Vitamin B1 (tiamin hidroklorid)<\/strong> \u2013 4 mg<\/p>\n<\/li>\n<li data-start=\"286\" data-end=\"341\">\n<p data-start=\"288\" data-end=\"341\"><strong data-start=\"288\" data-end=\"332\">Vitamin B2 (riboflavin sodium phosphate)<\/strong> \u2013 8 mg<\/p>\n<\/li>\n<li data-start=\"342\" data-end=\"392\">\n<p data-start=\"344\" data-end=\"392\"><strong data-start=\"344\" data-end=\"383\">Vitamin B6 (piridoksin hidroklorid)<\/strong> \u2013 4 mg<\/p>\n<\/li>\n<li data-start=\"393\" data-end=\"438\">\n<p data-start=\"395\" data-end=\"438\"><strong data-start=\"395\" data-end=\"428\">Vitamin B12 (siyanokobalamin)<\/strong> \u2013 20 \u03bcg<\/p>\n<\/li>\n<li data-start=\"439\" data-end=\"464\">\n<p data-start=\"441\" data-end=\"464\"><strong data-start=\"441\" data-end=\"455\">\u0412\u0438\u0442\u0430\u043c\u0438\u043d \u041a3<\/strong> \u2013 3 mg<\/p>\n<\/li>\n<li data-start=\"465\" data-end=\"492\">\n<p data-start=\"467\" data-end=\"492\"><strong data-start=\"467\" data-end=\"482\">D-panthenol<\/strong> \u2013 15 mg<\/p>\n<\/li>\n<li data-start=\"493\" data-end=\"520\">\n<p data-start=\"495\" data-end=\"520\"><strong data-start=\"495\" data-end=\"510\">Nikotinamid<\/strong> \u2013 30 mg<\/p>\n<\/li>\n<li data-start=\"521\" data-end=\"544\">\n<p data-start=\"523\" data-end=\"544\"><strong data-start=\"523\" data-end=\"533\">\u0411\u0438\u043e\u0442\u0438\u043d<\/strong> \u2013 200 \u03bcg<\/p>\n<\/li>\n<\/ul>\n<hr data-start=\"546\" data-end=\"549\" \/>\n<h3 data-start=\"551\" data-end=\"568\"><strong data-start=\"555\" data-end=\"566\">\u041e\u043f\u0438\u0441\u0430\u043d\u0438\u0435<\/strong><\/h3>\n<p data-start=\"569\" data-end=\"646\">Introvit-B-Complex Oral \u2014 <strong data-start=\"595\" data-end=\"640\">\u0259sas B vitaminl\u0259rinin balansl\u0131 birl\u0259\u015fm\u0259si<\/strong>dir.<\/p>\n<ul data-start=\"647\" data-end=\"1023\">\n<li data-start=\"647\" data-end=\"726\">\n<p data-start=\"649\" data-end=\"726\">B vitaminl\u0259ri bir \u00e7ox fizioloji funksiyalar\u0131n d\u00fczg\u00fcn i\u015fl\u0259m\u0259si \u00fc\u00e7\u00fcn vacibdir<\/p>\n<\/li>\n<li data-start=\"727\" data-end=\"785\">\n<p data-start=\"729\" data-end=\"785\">Karbohidrat, z\u00fclal v\u0259 ya\u011f metabolizmas\u0131nda rol oynay\u0131r<\/p>\n<\/li>\n<li data-start=\"786\" data-end=\"1023\">\n<p data-start=\"788\" data-end=\"1023\">Heyvanlarda <strong data-start=\"800\" data-end=\"862\">B vitamin \u00e7at\u0131\u015fmazl\u0131\u011f\u0131n\u0131n qar\u015f\u0131s\u0131n\u0131n al\u0131nmas\u0131 v\u0259 m\u00fcalic\u0259si<\/strong>, <strong data-start=\"864\" data-end=\"881\">stres hallar\u0131<\/strong> (peyv\u0259nd, x\u0259st\u0259lik, n\u0259qliyyat, y\u00fcks\u0259k r\u00fctub\u0259t v\u0259 temperatur d\u0259yi\u015fiklikl\u0259ri) v\u0259 <strong data-start=\"961\" data-end=\"1000\">yem \u00e7evrilm\u0259sinin yax\u015f\u0131la\u015fd\u0131r\u0131lmas\u0131<\/strong> \u00fc\u00e7\u00fcn istifad\u0259 olunur<\/p>\n<\/li>\n<\/ul>\n<hr data-start=\"1025\" data-end=\"1028\" \/>\n<h3 data-start=\"1030\" data-end=\"1067\"><strong data-start=\"1034\" data-end=\"1065\">Dozalanma v\u0259 t\u0259tbiq qaydas\u0131<\/strong><\/h3>\n<p data-start=\"1068\" data-end=\"1086\"><strong data-start=\"1068\" data-end=\"1084\">Oral t\u0259tbiq:<\/strong><\/p>\n<ul data-start=\"1088\" data-end=\"1281\">\n<li data-start=\"1088\" data-end=\"1153\">\n<p data-start=\"1090\" data-end=\"1153\"><strong data-start=\"1090\" data-end=\"1118\">Buzov, qoyun v\u0259 ke\u00e7il\u0259r:<\/strong> 1 ml \/ 40 kq canl\u0131 \u00e7\u0259ki, 3\u20135 g\u00fcn<\/p>\n<\/li>\n<li data-start=\"1154\" data-end=\"1218\">\n<p data-start=\"1156\" data-end=\"1218\"><strong data-start=\"1156\" data-end=\"1183\">\u0130ri buynuzlu heyvanlar:<\/strong> 1 ml \/ 80 kq canl\u0131 \u00e7\u0259ki, 3\u20135 g\u00fcn<\/p>\n<\/li>\n<li data-start=\"1219\" data-end=\"1281\">\n<p data-start=\"1221\" data-end=\"1281\"><strong data-start=\"1221\" data-end=\"1241\">\u0421\u0432\u0438\u043d\u044c\u0438 \u0438 \u043f\u0442\u0438\u0446\u044b:<\/strong> 1 litr \/ 4000 litr i\u00e7m\u0259li su, 3\u20135 g\u00fcn<\/p>\n<\/li>\n<\/ul>\n<hr data-start=\"1283\" data-end=\"1286\" \/>\n<h3 data-start=\"1288\" data-end=\"1309\"><strong data-start=\"1292\" data-end=\"1307\">\u0423\u043f\u0430\u043a\u043e\u0432\u043a\u0430<\/strong><\/h3>\n<ul data-start=\"1310\" data-end=\"1370\">\n<li data-start=\"1310\" data-end=\"1341\">\n<p data-start=\"1312\" data-end=\"1341\"><strong data-start=\"1312\" data-end=\"1339\">1000 ml-lik \u015f\u00fc\u015f\u0259 flakon<\/strong><\/p>\n<\/li>\n<li data-start=\"1342\" data-end=\"1370\">\n<p data-start=\"1344\" data-end=\"1370\"><strong data-start=\"1344\" data-end=\"1368\">5000 ml-lik jerrican<\/strong><\/p>\n<\/li>\n<\/ul>\n<\/div>\n<p><!-- .vgblk-rw-wrapper --><\/p>","protected":false},"excerpt":{"rendered":"<p>Introvit-B-Complex Oral Vitamin B-Complex oral m\u0259hlul T\u0259rkibi H\u0259r 1 ml m\u0259hlulda: Vitamin B1 (tiamin hidroklorid) \u2013 4 mg Vitamin B2 (riboflavin sodium phosphate) \u2013 8 mg Vitamin B6 (piridoksin hidroklorid) \u2013 4 mg Vitamin B12 (siyanokobalamin) \u2013 20 \u03bcg Vitamin K3 \u2013 3 mg D-panthenol \u2013 15 mg Nikotinamid \u2013 30 mg Biotin \u2013 200&#8230;<\/p>","protected":false},"featured_media":990349,"comment_status":"open","ping_status":"closed","template":"","meta":{"nf_dc_page":"","_monsterinsights_skip_tracking":false,"_monsterinsights_sitenote_active":false,"_monsterinsights_sitenote_note":"","_monsterinsights_sitenote_category":0},"product_brand":[],"product_cat":[251,108,114,68],"product_tag":[],"class_list":{"0":"post-990348","1":"product","2":"type-product","3":"status-publish","4":"has-post-thumbnail","6":"product_cat-veterinary-products","7":"product_cat-cow","8":"product_cat-sheep","9":"product_cat-poultry","11":"first","12":"instock","13":"shipping-taxable","14":"product-type-simple"},"jetpack_sharing_enabled":true,"_links":{"self":[{"href":"https:\/\/agrovetazerbaijan.az\/ru\/wp-json\/wp\/v2\/product\/990348","targetHints":{"allow":["GET"]}}],"collection":[{"href":"https:\/\/agrovetazerbaijan.az\/ru\/wp-json\/wp\/v2\/product"}],"about":[{"href":"https:\/\/agrovetazerbaijan.az\/ru\/wp-json\/wp\/v2\/types\/product"}],"replies":[{"embeddable":true,"href":"https:\/\/agrovetazerbaijan.az\/ru\/wp-json\/wp\/v2\/comments?post=990348"}],"version-history":[{"count":1,"href":"https:\/\/agrovetazerbaijan.az\/ru\/wp-json\/wp\/v2\/product\/990348\/revisions"}],"predecessor-version":[{"id":990350,"href":"https:\/\/agrovetazerbaijan.az\/ru\/wp-json\/wp\/v2\/product\/990348\/revisions\/990350"}],"wp:featuredmedia":[{"embeddable":true,"href":"https:\/\/agrovetazerbaijan.az\/ru\/wp-json\/wp\/v2\/media\/990349"}],"wp:attachment":[{"href":"https:\/\/agrovetazerbaijan.az\/ru\/wp-json\/wp\/v2\/media?parent=990348"}],"wp:term":[{"taxonomy":"product_brand","embeddable":true,"href":"https:\/\/agrovetazerbaijan.az\/ru\/wp-json\/wp\/v2\/product_brand?post=990348"},{"taxonomy":"product_cat","embeddable":true,"href":"https:\/\/agrovetazerbaijan.az\/ru\/wp-json\/wp\/v2\/product_cat?post=990348"},{"taxonomy":"product_tag","embeddable":true,"href":"https:\/\/agrovetazerbaijan.az\/ru\/wp-json\/wp\/v2\/product_tag?post=990348"}],"curies":[{"name":"WP","href":"https:\/\/api.w.org\/{rel}","templated":true}]}}