{"id":990341,"date":"2025-09-21T22:15:10","date_gmt":"2025-09-21T22:15:10","guid":{"rendered":"https:\/\/agrovetazerbaijan.az\/?post_type=product&#038;p=990341"},"modified":"2025-09-21T22:15:23","modified_gmt":"2025-09-21T22:15:23","slug":"albenol-300-bolus-4-qram","status":"publish","type":"product","link":"https:\/\/agrovetazerbaijan.az\/ru\/product\/albenol-300-bolus-4-qram\/","title":{"rendered":"Albenol-300 Bolus (4 qram)"},"content":{"rendered":"<div class=\"vgblk-rw-wrapper limit-wrapper\">\n<h2 data-start=\"132\" data-end=\"167\"><strong data-start=\"135\" data-end=\"165\">Albenol-300 Bolus (4 qram)<\/strong><\/h2>\n<p data-start=\"168\" data-end=\"196\"><strong data-start=\"168\" data-end=\"196\">Albendazole 300 mg bolus<\/strong><\/p>\n<h3 data-start=\"198\" data-end=\"215\"><strong data-start=\"202\" data-end=\"213\">\u0418\u043d\u0433\u0440\u0435\u0434\u0438\u0435\u043d\u0442\u044b<\/strong><\/h3>\n<p data-start=\"216\" data-end=\"234\">\u0412 \u043a\u0430\u0436\u0434\u043e\u043c \u0431\u043e\u043b\u044e\u0441\u0435:<\/p>\n<ul data-start=\"235\" data-end=\"263\">\n<li data-start=\"235\" data-end=\"263\">\n<p data-start=\"237\" data-end=\"263\"><strong data-start=\"237\" data-end=\"252\">\u0410\u043b\u044c\u0431\u0435\u043d\u0434\u0430\u0437\u043e\u043b<\/strong> \u2013 300 mg<\/p>\n<\/li>\n<\/ul>\n<hr data-start=\"265\" data-end=\"268\" \/>\n<h3 data-start=\"270\" data-end=\"287\"><strong data-start=\"274\" data-end=\"285\">\u041e\u043f\u0438\u0441\u0430\u043d\u0438\u0435<\/strong><\/h3>\n<p data-start=\"288\" data-end=\"370\">Albendazole \u2014 sintetik antihelmintikdir v\u0259 <strong data-start=\"331\" data-end=\"360\">benzimidazol t\u00f6r\u0259m\u0259l\u0259rin\u0259<\/strong> aiddir.<\/p>\n<ul data-start=\"371\" data-end=\"518\">\n<li data-start=\"371\" data-end=\"422\">\n<p data-start=\"373\" data-end=\"422\">Geni\u015f spektrli parazitl\u0259r\u0259 qar\u015f\u0131 t\u0259sir g\u00f6st\u0259rir<\/p>\n<\/li>\n<li data-start=\"423\" data-end=\"518\">\n<p data-start=\"425\" data-end=\"518\">Y\u00fcks\u0259k dozada <strong data-start=\"439\" data-end=\"484\">qaraciy\u0259r qurdu (adult Fasciola hepatica)<\/strong> m\u0259rh\u0259l\u0259l\u0259rin\u0259 qar\u015f\u0131 da aktivdir<\/p>\n<\/li>\n<\/ul>\n<hr data-start=\"520\" data-end=\"523\" \/>\n<h3 data-start=\"525\" data-end=\"556\"><strong data-start=\"529\" data-end=\"554\">\u0418\u043d\u0441\u0442\u0440\u0443\u043a\u0446\u0438\u044f \u043f\u043e \u043f\u0440\u0438\u043c\u0435\u043d\u0435\u043d\u0438\u044e<\/strong><\/h3>\n<p data-start=\"557\" data-end=\"592\"><strong data-start=\"557\" data-end=\"590\">Profilaktika v\u0259 m\u00fcalic\u0259 \u00fc\u00e7\u00fcn:<\/strong><\/p>\n<ul data-start=\"593\" data-end=\"966\">\n<li data-start=\"593\" data-end=\"792\">\n<p data-start=\"595\" data-end=\"792\"><strong data-start=\"595\" data-end=\"624\">Gastrointestinal qurdlar:<\/strong> <em data-start=\"625\" data-end=\"790\">Bunostomum spp., Cooperia spp., Chabertia spp., Haemonchus spp., Nematodirus spp., Oesophagostomum spp., Ostertagia spp., Strongyloides spp., Trichostrongylus spp.<\/em><\/p>\n<\/li>\n<li data-start=\"793\" data-end=\"865\">\n<p data-start=\"795\" data-end=\"865\"><strong data-start=\"795\" data-end=\"816\">\u041b\u0435\u0433\u043e\u0447\u043d\u044b\u0435 \u0447\u0435\u0440\u0432\u0438:<\/strong> <em data-start=\"817\" data-end=\"863\">Dictyocaulus viviparus, Dictyocaulus filaria<\/em><\/p>\n<\/li>\n<li data-start=\"866\" data-end=\"915\">\n<p data-start=\"868\" data-end=\"915\"><strong data-start=\"868\" data-end=\"898\">Yast\u0131 qurdlar (tapeworms):<\/strong> <em data-start=\"899\" data-end=\"913\">Monieza spp.<\/em><\/p>\n<\/li>\n<li data-start=\"916\" data-end=\"966\">\n<p data-start=\"918\" data-end=\"966\"><strong data-start=\"918\" data-end=\"938\">Qaraciy\u0259r qurdu:<\/strong> <em data-start=\"939\" data-end=\"964\">adult Fasciola hepatica<\/em><\/p>\n<\/li>\n<\/ul>\n<p data-start=\"968\" data-end=\"1046\">\u041e\u0431\u043b\u0430\u0441\u0442\u0438 \u043f\u0440\u0438\u043c\u0435\u043d\u0435\u043d\u0438\u044f: <strong data-start=\"987\" data-end=\"1044\">\u0130ri buynuzlu heyvanlar, buzovlar, qoyunlar v\u0259 ke\u00e7il\u0259r<\/strong><\/p>\n<hr data-start=\"1048\" data-end=\"1051\" \/>\n<h3 data-start=\"1053\" data-end=\"1078\"><strong data-start=\"1057\" data-end=\"1076\">\u041f\u0440\u043e\u0442\u0438\u0432\u043e\u043f\u043e\u043a\u0430\u0437\u0430\u043d\u0438\u044f<\/strong><\/h3>\n<ul data-start=\"1079\" data-end=\"1131\">\n<li data-start=\"1079\" data-end=\"1131\">\n<p data-start=\"1081\" data-end=\"1131\">Hamil\u0259liyin ilk 45 g\u00fcn\u00fc \u0259rzind\u0259 istifad\u0259 edilmir<\/p>\n<\/li>\n<\/ul>\n<hr data-start=\"1133\" data-end=\"1136\" \/>\n<h3 data-start=\"1138\" data-end=\"1160\"><strong data-start=\"1142\" data-end=\"1158\">Yan t\u0259sirl\u0259r<\/strong><\/h3>\n<ul data-start=\"1161\" data-end=\"1187\">\n<li data-start=\"1161\" data-end=\"1187\">\n<p data-start=\"1163\" data-end=\"1187\">\u0420\u0435\u0430\u043a\u0446\u0438\u0438 \u0433\u0438\u043f\u0435\u0440\u0447\u0443\u0432\u0441\u0442\u0432\u0438\u0442\u0435\u043b\u044c\u043d\u043e\u0441\u0442\u0438<\/p>\n<\/li>\n<\/ul>\n<hr data-start=\"1189\" data-end=\"1192\" \/>\n<h3 data-start=\"1194\" data-end=\"1231\"><strong data-start=\"1198\" data-end=\"1229\">Dozalanma v\u0259 t\u0259tbiq qaydas\u0131<\/strong><\/h3>\n<p data-start=\"1232\" data-end=\"1250\"><strong data-start=\"1232\" data-end=\"1248\">Oral t\u0259tbiq:<\/strong><\/p>\n<ul data-start=\"1252\" data-end=\"1448\">\n<li data-start=\"1252\" data-end=\"1322\">\n<p data-start=\"1254\" data-end=\"1322\"><strong data-start=\"1254\" data-end=\"1293\">\u0130ri buynuzlu heyvanlar v\u0259 buzovlar:<\/strong> 1 bolus \/ 60 kq canl\u0131 \u00e7\u0259ki<\/p>\n<\/li>\n<li data-start=\"1323\" data-end=\"1364\">\n<p data-start=\"1325\" data-end=\"1364\">Qaraciy\u0259r qurdu \u00fc\u00e7\u00fcn: 1 bolus \/ 35 kq<\/p>\n<\/li>\n<li data-start=\"1365\" data-end=\"1406\">\n<p data-start=\"1367\" data-end=\"1406\"><strong data-start=\"1367\" data-end=\"1388\">\u041e\u0432\u0446\u044b \u0438 \u043a\u043e\u0437\u044b:<\/strong> 1 bolus \/ 35 kq<\/p>\n<\/li>\n<li data-start=\"1407\" data-end=\"1448\">\n<p data-start=\"1409\" data-end=\"1448\">Qaraciy\u0259r qurdu \u00fc\u00e7\u00fcn: 1 bolus \/ 30 kq<\/p>\n<\/li>\n<\/ul>\n<hr data-start=\"1450\" data-end=\"1453\" \/>\n<h3 data-start=\"1455\" data-end=\"1498\"><strong data-start=\"1459\" data-end=\"1496\">\u00c7\u0259kilm\u0259 m\u00fcdd\u0259ti (withdrawal time)<\/strong><\/h3>\n<ul data-start=\"1499\" data-end=\"1546\">\n<li data-start=\"1499\" data-end=\"1522\">\n<p data-start=\"1501\" data-end=\"1522\"><strong data-start=\"1501\" data-end=\"1513\">\u0414\u043b\u044f \u043c\u044f\u0441\u0430:<\/strong> 12 g\u00fcn<\/p>\n<\/li>\n<li data-start=\"1523\" data-end=\"1546\">\n<p data-start=\"1525\" data-end=\"1546\"><strong data-start=\"1525\" data-end=\"1538\">S\u00fcd \u00fc\u00e7\u00fcn:<\/strong> 4 g\u00fcn<\/p>\n<\/li>\n<\/ul>\n<hr data-start=\"1548\" data-end=\"1551\" \/>\n<h3 data-start=\"1553\" data-end=\"1574\"><strong data-start=\"1557\" data-end=\"1572\">\u0423\u043f\u0430\u043a\u043e\u0432\u043a\u0430<\/strong><\/h3>\n<ul data-start=\"1575\" data-end=\"1607\">\n<li data-start=\"1575\" data-end=\"1607\">\n<p data-start=\"1577\" data-end=\"1607\">50 bolus, blisterl\u0259 kartonda<\/p>\n<\/li>\n<\/ul>\n<\/div>\n<p><!-- .vgblk-rw-wrapper --><\/p>","protected":false},"excerpt":{"rendered":"<p>Albenol-300 Bolus (4 qram) Albendazole 300 mg bolus T\u0259rkibi H\u0259r bir bolusda: Albendazole \u2013 300 mg T\u0259sviri Albendazole \u2014 sintetik antihelmintikdir v\u0259 benzimidazol t\u00f6r\u0259m\u0259l\u0259rin\u0259 aiddir. Geni\u015f spektrli parazitl\u0259r\u0259 qar\u015f\u0131 t\u0259sir g\u00f6st\u0259rir Y\u00fcks\u0259k dozada qaraciy\u0259r qurdu (adult Fasciola hepatica) m\u0259rh\u0259l\u0259l\u0259rin\u0259 qar\u015f\u0131 da aktivdir \u0130stifad\u0259 g\u00f6st\u0259ri\u015fl\u0259ri Profilaktika v\u0259 m\u00fcalic\u0259 \u00fc\u00e7\u00fcn: Gastrointestinal qurdlar: Bunostomum spp., Cooperia spp., Chabertia&#8230;<\/p>","protected":false},"featured_media":990342,"comment_status":"open","ping_status":"closed","template":"","meta":{"nf_dc_page":"","_monsterinsights_skip_tracking":false,"_monsterinsights_sitenote_active":false,"_monsterinsights_sitenote_note":"","_monsterinsights_sitenote_category":0},"product_brand":[],"product_cat":[108,251,114],"product_tag":[],"class_list":{"0":"post-990341","1":"product","2":"type-product","3":"status-publish","4":"has-post-thumbnail","6":"product_cat-cow","7":"product_cat-veterinary-products","8":"product_cat-sheep","10":"first","11":"instock","12":"shipping-taxable","13":"product-type-simple"},"jetpack_sharing_enabled":true,"_links":{"self":[{"href":"https:\/\/agrovetazerbaijan.az\/ru\/wp-json\/wp\/v2\/product\/990341","targetHints":{"allow":["GET"]}}],"collection":[{"href":"https:\/\/agrovetazerbaijan.az\/ru\/wp-json\/wp\/v2\/product"}],"about":[{"href":"https:\/\/agrovetazerbaijan.az\/ru\/wp-json\/wp\/v2\/types\/product"}],"replies":[{"embeddable":true,"href":"https:\/\/agrovetazerbaijan.az\/ru\/wp-json\/wp\/v2\/comments?post=990341"}],"version-history":[{"count":2,"href":"https:\/\/agrovetazerbaijan.az\/ru\/wp-json\/wp\/v2\/product\/990341\/revisions"}],"predecessor-version":[{"id":990344,"href":"https:\/\/agrovetazerbaijan.az\/ru\/wp-json\/wp\/v2\/product\/990341\/revisions\/990344"}],"wp:featuredmedia":[{"embeddable":true,"href":"https:\/\/agrovetazerbaijan.az\/ru\/wp-json\/wp\/v2\/media\/990342"}],"wp:attachment":[{"href":"https:\/\/agrovetazerbaijan.az\/ru\/wp-json\/wp\/v2\/media?parent=990341"}],"wp:term":[{"taxonomy":"product_brand","embeddable":true,"href":"https:\/\/agrovetazerbaijan.az\/ru\/wp-json\/wp\/v2\/product_brand?post=990341"},{"taxonomy":"product_cat","embeddable":true,"href":"https:\/\/agrovetazerbaijan.az\/ru\/wp-json\/wp\/v2\/product_cat?post=990341"},{"taxonomy":"product_tag","embeddable":true,"href":"https:\/\/agrovetazerbaijan.az\/ru\/wp-json\/wp\/v2\/product_tag?post=990341"}],"curies":[{"name":"WP","href":"https:\/\/api.w.org\/{rel}","templated":true}]}}