{"id":990338,"date":"2025-09-21T22:12:00","date_gmt":"2025-09-21T22:12:00","guid":{"rendered":"https:\/\/agrovetazerbaijan.az\/?post_type=product&#038;p=990338"},"modified":"2025-09-21T22:12:15","modified_gmt":"2025-09-21T22:12:15","slug":"intertrim-480-oral","status":"publish","type":"product","link":"https:\/\/agrovetazerbaijan.az\/ru\/product\/intertrim-480-oral\/","title":{"rendered":"Intertrim-480 Oral"},"content":{"rendered":"<div class=\"vgblk-rw-wrapper limit-wrapper\">\n<h2 data-start=\"132\" data-end=\"159\"><strong data-start=\"135\" data-end=\"157\">Intertrim-480 Oral<\/strong><\/h2>\n<p data-start=\"160\" data-end=\"209\"><strong data-start=\"160\" data-end=\"209\">Sulfadiazin 40% &amp; Trimethoprim 8% oral m\u0259hlul<\/strong><\/p>\n<h3 data-start=\"211\" data-end=\"228\"><strong data-start=\"215\" data-end=\"226\">\u0418\u043d\u0433\u0440\u0435\u0434\u0438\u0435\u043d\u0442\u044b<\/strong><\/h3>\n<p data-start=\"229\" data-end=\"249\">H\u0259r 1 ml m\u0259hlulda:<\/p>\n<ul data-start=\"250\" data-end=\"307\">\n<li data-start=\"250\" data-end=\"278\">\n<p data-start=\"252\" data-end=\"278\"><strong data-start=\"252\" data-end=\"267\">Sulfadiazin<\/strong> \u2013 400 mg<\/p>\n<\/li>\n<li data-start=\"279\" data-end=\"307\">\n<p data-start=\"281\" data-end=\"307\"><strong data-start=\"281\" data-end=\"297\">\u0422\u0440\u0438\u043c\u0435\u0442\u043e\u043f\u0440\u0438\u043c<\/strong> \u2013 80 mg<\/p>\n<\/li>\n<\/ul>\n<hr data-start=\"309\" data-end=\"312\" \/>\n<h3 data-start=\"314\" data-end=\"331\"><strong data-start=\"318\" data-end=\"329\">\u041e\u043f\u0438\u0441\u0430\u043d\u0438\u0435<\/strong><\/h3>\n<p data-start=\"332\" data-end=\"594\">Trimethoprim v\u0259 sulfadiazin birl\u0259\u015fm\u0259si <strong data-start=\"371\" data-end=\"389\">sinergik t\u0259sir<\/strong> g\u00f6st\u0259rir v\u0259 ad\u0259t\u0259n <strong data-start=\"409\" data-end=\"452\">Qram-m\u00fcsb\u0259t v\u0259 Qram-m\u0259nfi bakteriyalara<\/strong> qar\u015f\u0131 bakterisid t\u0259sir\u0259 malikdir (<em data-start=\"487\" data-end=\"590\">E. coli, Haemophilus spp., Pasteurella spp., Salmonella spp., Staphylococcus spp., Streptococcus spp.<\/em>).<\/p>\n<ul data-start=\"596\" data-end=\"712\">\n<li data-start=\"596\" data-end=\"712\">\n<p data-start=\"598\" data-end=\"712\">H\u0259r iki madd\u0259 bakterial purin sintezini f\u0259rqli mexanizml\u0259rl\u0259 bloklay\u0131r, n\u0259tic\u0259d\u0259 <strong data-start=\"679\" data-end=\"697\">ikiqat blokada<\/strong> \u0259m\u0259l\u0259 g\u0259lir.<\/p>\n<\/li>\n<\/ul>\n<hr data-start=\"714\" data-end=\"717\" \/>\n<h3 data-start=\"719\" data-end=\"750\"><strong data-start=\"723\" data-end=\"748\">\u0418\u043d\u0441\u0442\u0440\u0443\u043a\u0446\u0438\u044f \u043f\u043e \u043f\u0440\u0438\u043c\u0435\u043d\u0435\u043d\u0438\u044e<\/strong><\/h3>\n<p data-start=\"751\" data-end=\"877\"><strong data-start=\"751\" data-end=\"794\">M\u0259d\u0259-ba\u011f\u0131rsaq v\u0259 t\u0259n\u0259ff\u00fcs infeksiyalar\u0131<\/strong> \u00fc\u00e7\u00fcn, trimethoprim v\u0259 sulfadiazin\u0259 h\u0259ssas mikroorqanizml\u0259r t\u0259r\u0259find\u0259n t\u00f6r\u0259dil\u0259n:<\/p>\n<ul data-start=\"878\" data-end=\"985\">\n<li data-start=\"878\" data-end=\"985\">\n<p data-start=\"880\" data-end=\"985\"><em data-start=\"880\" data-end=\"983\">E. coli, Haemophilus spp., Pasteurella spp., Salmonella spp., Staphylococcus spp., Streptococcus spp.<\/em><\/p>\n<\/li>\n<\/ul>\n<p data-start=\"987\" data-end=\"1007\">\u041e\u0431\u043b\u0430\u0441\u0442\u0438 \u043f\u0440\u0438\u043c\u0435\u043d\u0435\u043d\u0438\u044f:<\/p>\n<ul data-start=\"1008\" data-end=\"1112\">\n<li data-start=\"1008\" data-end=\"1020\">\n<p data-start=\"1010\" data-end=\"1020\">Buzovlar<\/p>\n<\/li>\n<li data-start=\"1021\" data-end=\"1044\">\n<p data-start=\"1023\" data-end=\"1044\">Qoyunlar v\u0259 ke\u00e7il\u0259r<\/p>\n<\/li>\n<li data-start=\"1045\" data-end=\"1057\">\n<p data-start=\"1047\" data-end=\"1057\">\u0421\u0432\u0438\u043d\u044c\u0438<\/p>\n<\/li>\n<li data-start=\"1058\" data-end=\"1112\">\n<p data-start=\"1060\" data-end=\"1112\">Qu\u015flar (yumurta istehsal\u0131 \u00fc\u00e7\u00fcn n\u0259z\u0259rd\u0259 tutulmayan)<\/p>\n<\/li>\n<\/ul>\n<hr data-start=\"1114\" data-end=\"1117\" \/>\n<h3 data-start=\"1119\" data-end=\"1144\"><strong data-start=\"1123\" data-end=\"1142\">\u041f\u0440\u043e\u0442\u0438\u0432\u043e\u043f\u043e\u043a\u0430\u0437\u0430\u043d\u0438\u044f<\/strong><\/h3>\n<ul data-start=\"1145\" data-end=\"1299\">\n<li data-start=\"1145\" data-end=\"1201\">\n<p data-start=\"1147\" data-end=\"1201\">Trimethoprim v\u0259\/v\u0259 ya sulfonamidl\u0259r\u0259 qar\u015f\u0131 h\u0259ssasl\u0131q<\/p>\n<\/li>\n<li data-start=\"1202\" data-end=\"1263\">\n<p data-start=\"1204\" data-end=\"1263\">A\u011f\u0131r b\u00f6yr\u0259k v\u0259 ya qaraciy\u0259r funksiyas\u0131 pozulmu\u015f heyvanlar<\/p>\n<\/li>\n<li data-start=\"1264\" data-end=\"1299\">\n<p data-start=\"1266\" data-end=\"1299\">Qan disqrasiyas\u0131 olan heyvanlar<\/p>\n<\/li>\n<\/ul>\n<hr data-start=\"1301\" data-end=\"1304\" \/>\n<h3 data-start=\"1306\" data-end=\"1328\"><strong data-start=\"1310\" data-end=\"1326\">Yan t\u0259sirl\u0259r<\/strong><\/h3>\n<ul data-start=\"1329\" data-end=\"1604\">\n<li data-start=\"1329\" data-end=\"1419\">\n<p data-start=\"1331\" data-end=\"1419\">Uzunm\u00fcdd\u0259tli v\u0259 y\u00fcks\u0259k dozada <strong data-start=\"1361\" data-end=\"1378\">\u043a\u0440\u0438\u0441\u0442\u0430\u043b\u043b\u0443\u0440\u0438\u044f<\/strong> ola bil\u0259r (haematuriya, b\u00f6yr\u0259k koliki)<\/p>\n<\/li>\n<li data-start=\"1420\" data-end=\"1506\">\n<p data-start=\"1422\" data-end=\"1506\">Proses dayand\u0131r\u0131ld\u0131qdan sonra <strong data-start=\"1452\" data-end=\"1472\">sodium carbonate<\/strong> kimi alkalinizasiya edil\u0259 bil\u0259r<\/p>\n<\/li>\n<li data-start=\"1507\" data-end=\"1604\">\n<p data-start=\"1509\" data-end=\"1604\">Uzun m\u00fcdd\u0259tli t\u0259tbiq qan disqrasiyas\u0131 riskini art\u0131r\u0131r: anemiya, leykopeniya, trombositopeniya<\/p>\n<\/li>\n<\/ul>\n<hr data-start=\"1606\" data-end=\"1609\" \/>\n<h3 data-start=\"1611\" data-end=\"1648\"><strong data-start=\"1615\" data-end=\"1646\">Dozalanma v\u0259 t\u0259tbiq qaydas\u0131<\/strong><\/h3>\n<p data-start=\"1649\" data-end=\"1667\"><strong data-start=\"1649\" data-end=\"1665\">Oral t\u0259tbiq:<\/strong><\/p>\n<ul data-start=\"1669\" data-end=\"1817\">\n<li data-start=\"1669\" data-end=\"1749\">\n<p data-start=\"1671\" data-end=\"1749\"><strong data-start=\"1671\" data-end=\"1699\">Buzov, qoyun v\u0259 ke\u00e7il\u0259r:<\/strong> g\u00fcnd\u0259 2 d\u0259f\u0259, 5 ml \/ 100 kq canl\u0131 \u00e7\u0259ki, 4\u20137 g\u00fcn<\/p>\n<\/li>\n<li data-start=\"1750\" data-end=\"1817\">\n<p data-start=\"1752\" data-end=\"1817\"><strong data-start=\"1752\" data-end=\"1772\">\u0421\u0432\u0438\u043d\u044c\u0438 \u0438 \u043f\u0442\u0438\u0446\u044b:<\/strong> 1 litr \/ 1500\u20132500 litr i\u00e7m\u0259li su, 4\u20137 g\u00fcn<\/p>\n<\/li>\n<\/ul>\n<blockquote data-start=\"1819\" data-end=\"1941\">\n<p data-start=\"1821\" data-end=\"1941\">Qeyd: yaln\u0131z m\u0259d\u0259si h\u0259l\u0259 b\u00f6l\u00fcnm\u0259mi\u015f buzov, quzu v\u0259 ke\u00e7il\u0259r \u00fc\u00e7\u00fcn n\u0259z\u0259rd\u0259 tutulub. \u0130stifad\u0259d\u0259n \u0259vv\u0259l yax\u015f\u0131ca qar\u0131\u015fd\u0131r\u0131n.<\/p>\n<\/blockquote>\n<hr data-start=\"1943\" data-end=\"1946\" \/>\n<h3 data-start=\"1948\" data-end=\"1991\"><strong data-start=\"1952\" data-end=\"1989\">\u00c7\u0259kilm\u0259 m\u00fcdd\u0259ti (withdrawal time)<\/strong><\/h3>\n<ul data-start=\"1992\" data-end=\"2064\">\n<li data-start=\"1992\" data-end=\"2064\">\n<p data-start=\"1994\" data-end=\"2008\"><strong data-start=\"1994\" data-end=\"2006\">\u0414\u043b\u044f \u043c\u044f\u0441\u0430:<\/strong><\/p>\n<ul data-start=\"2011\" data-end=\"2064\">\n<li data-start=\"2011\" data-end=\"2047\">\n<p data-start=\"2013\" data-end=\"2047\">Buzov, qoyun, ke\u00e7i, donuz: 8 g\u00fcn<\/p>\n<\/li>\n<li data-start=\"2050\" data-end=\"2064\">\n<p data-start=\"2052\" data-end=\"2064\">Qu\u015f: 5 g\u00fcn<\/p>\n<\/li>\n<\/ul>\n<\/li>\n<\/ul>\n<hr data-start=\"2066\" data-end=\"2069\" \/>\n<h3 data-start=\"2071\" data-end=\"2092\"><strong data-start=\"2075\" data-end=\"2090\">\u0423\u043f\u0430\u043a\u043e\u0432\u043a\u0430<\/strong><\/h3>\n<ul data-start=\"2093\" data-end=\"2145\">\n<li data-start=\"2093\" data-end=\"2145\">\n<p data-start=\"2095\" data-end=\"2145\"><strong data-start=\"2095\" data-end=\"2143\">100 ml, 500 ml v\u0259 1000 ml-lik \u015f\u00fc\u015f\u0259 flakonlar<\/strong><\/p>\n<\/li>\n<\/ul>\n<\/div>\n<p><!-- .vgblk-rw-wrapper --><\/p>","protected":false},"excerpt":{"rendered":"<p>Intertrim-480 Oral Sulfadiazin 40% &amp; Trimethoprim 8% oral m\u0259hlul T\u0259rkibi H\u0259r 1 ml m\u0259hlulda: Sulfadiazin \u2013 400 mg Trimethoprim \u2013 80 mg T\u0259sviri Trimethoprim v\u0259 sulfadiazin birl\u0259\u015fm\u0259si sinergik t\u0259sir g\u00f6st\u0259rir v\u0259 ad\u0259t\u0259n Qram-m\u00fcsb\u0259t v\u0259 Qram-m\u0259nfi bakteriyalara qar\u015f\u0131 bakterisid t\u0259sir\u0259 malikdir (E. coli, Haemophilus spp., Pasteurella spp., Salmonella spp., Staphylococcus spp., Streptococcus spp.). H\u0259r iki madd\u0259&#8230;<\/p>","protected":false},"featured_media":990339,"comment_status":"open","ping_status":"closed","template":"","meta":{"nf_dc_page":"","_monsterinsights_skip_tracking":false,"_monsterinsights_sitenote_active":false,"_monsterinsights_sitenote_note":"","_monsterinsights_sitenote_category":0},"product_brand":[],"product_cat":[251,108,114,68],"product_tag":[],"class_list":{"0":"post-990338","1":"product","2":"type-product","3":"status-publish","4":"has-post-thumbnail","6":"product_cat-veterinary-products","7":"product_cat-cow","8":"product_cat-sheep","9":"product_cat-poultry","11":"first","12":"instock","13":"shipping-taxable","14":"product-type-simple"},"jetpack_sharing_enabled":true,"_links":{"self":[{"href":"https:\/\/agrovetazerbaijan.az\/ru\/wp-json\/wp\/v2\/product\/990338","targetHints":{"allow":["GET"]}}],"collection":[{"href":"https:\/\/agrovetazerbaijan.az\/ru\/wp-json\/wp\/v2\/product"}],"about":[{"href":"https:\/\/agrovetazerbaijan.az\/ru\/wp-json\/wp\/v2\/types\/product"}],"replies":[{"embeddable":true,"href":"https:\/\/agrovetazerbaijan.az\/ru\/wp-json\/wp\/v2\/comments?post=990338"}],"version-history":[{"count":1,"href":"https:\/\/agrovetazerbaijan.az\/ru\/wp-json\/wp\/v2\/product\/990338\/revisions"}],"predecessor-version":[{"id":990340,"href":"https:\/\/agrovetazerbaijan.az\/ru\/wp-json\/wp\/v2\/product\/990338\/revisions\/990340"}],"wp:featuredmedia":[{"embeddable":true,"href":"https:\/\/agrovetazerbaijan.az\/ru\/wp-json\/wp\/v2\/media\/990339"}],"wp:attachment":[{"href":"https:\/\/agrovetazerbaijan.az\/ru\/wp-json\/wp\/v2\/media?parent=990338"}],"wp:term":[{"taxonomy":"product_brand","embeddable":true,"href":"https:\/\/agrovetazerbaijan.az\/ru\/wp-json\/wp\/v2\/product_brand?post=990338"},{"taxonomy":"product_cat","embeddable":true,"href":"https:\/\/agrovetazerbaijan.az\/ru\/wp-json\/wp\/v2\/product_cat?post=990338"},{"taxonomy":"product_tag","embeddable":true,"href":"https:\/\/agrovetazerbaijan.az\/ru\/wp-json\/wp\/v2\/product_tag?post=990338"}],"curies":[{"name":"WP","href":"https:\/\/api.w.org\/{rel}","templated":true}]}}