{"id":990335,"date":"2025-09-21T22:10:05","date_gmt":"2025-09-21T22:10:05","guid":{"rendered":"https:\/\/agrovetazerbaijan.az\/?post_type=product&#038;p=990335"},"modified":"2025-09-21T22:10:16","modified_gmt":"2025-09-21T22:10:16","slug":"colexil-oral","status":"publish","type":"product","link":"https:\/\/agrovetazerbaijan.az\/ru\/product\/colexil-oral\/","title":{"rendered":"Colexil Oral"},"content":{"rendered":"<div class=\"vgblk-rw-wrapper limit-wrapper\">\n<h2 data-start=\"132\" data-end=\"153\"><strong data-start=\"135\" data-end=\"151\">Colexil Oral<\/strong><\/h2>\n<p data-start=\"154\" data-end=\"197\"><strong data-start=\"154\" data-end=\"197\">Enrofloxacin 10% &amp; Kolistin oral m\u0259hlul<\/strong><\/p>\n<h3 data-start=\"199\" data-end=\"216\"><strong data-start=\"203\" data-end=\"214\">\u0418\u043d\u0433\u0440\u0435\u0434\u0438\u0435\u043d\u0442\u044b<\/strong><\/h3>\n<p data-start=\"217\" data-end=\"237\">H\u0259r 1 ml m\u0259hlulda:<\/p>\n<ul data-start=\"238\" data-end=\"306\">\n<li data-start=\"238\" data-end=\"276\">\n<p data-start=\"240\" data-end=\"276\"><strong data-start=\"240\" data-end=\"259\">Kolistin sulfat<\/strong> \u2013 1 200 000 BV<\/p>\n<\/li>\n<li data-start=\"277\" data-end=\"306\">\n<p data-start=\"279\" data-end=\"306\"><strong data-start=\"279\" data-end=\"295\">Enrofloxacin<\/strong> \u2013 100 mg<\/p>\n<\/li>\n<\/ul>\n<hr data-start=\"308\" data-end=\"311\" \/>\n<h3 data-start=\"313\" data-end=\"330\"><strong data-start=\"317\" data-end=\"328\">\u041e\u043f\u0438\u0441\u0430\u043d\u0438\u0435<\/strong><\/h3>\n<p data-start=\"331\" data-end=\"440\">Colexil Oral \u2014 kolistin v\u0259 enrofloxacin birl\u0259\u015fm\u0259sind\u0259n ibar\u0259t preparatd\u0131r v\u0259 <strong data-start=\"408\" data-end=\"428\">\u0259lav\u0259edici t\u0259sir<\/strong> \u0448\u043e\u0443.<\/p>\n<ul data-start=\"442\" data-end=\"945\">\n<li data-start=\"442\" data-end=\"743\">\n<p data-start=\"444\" data-end=\"743\"><strong data-start=\"444\" data-end=\"460\">Enrofloxacin<\/strong> \u2014 sintetik, geni\u015f spektrli antibakterial madd\u0259dir (fluoroquinolon qrupu). Qram-m\u0259nfi v\u0259 qram-m\u00fcsb\u0259t bakteriyalar v\u0259 mikoplazmalara qar\u015f\u0131 aktivdir. Oral q\u0259buldan sonra yax\u015f\u0131 sorulur v\u0259 \u00f6d v\u0259 sidik vasit\u0259sil\u0259 xaric olunur (\u0259sas\u0259n enrofloxacin v\u0259 metaboliti siprofloksasin \u015f\u0259klind\u0259).<\/p>\n<\/li>\n<li data-start=\"744\" data-end=\"945\">\n<p data-start=\"746\" data-end=\"945\"><strong data-start=\"746\" data-end=\"758\">Kolistin<\/strong> \u2014 polimiksinl\u0259r qrupuna aid antibiotikdir v\u0259 \u0259sas\u0259n <strong data-start=\"811\" data-end=\"839\">Qram-m\u0259nfi bakteriyalara<\/strong> qar\u015f\u0131 bakterisid t\u0259sir g\u00f6st\u0259rir. Oral q\u0259buldan z\u0259if sorulur v\u0259 n\u0259cisl\u0259 dem\u0259k olar ki, tam xaric olunur.<\/p>\n<\/li>\n<\/ul>\n<hr data-start=\"947\" data-end=\"950\" \/>\n<h3 data-start=\"952\" data-end=\"983\"><strong data-start=\"956\" data-end=\"981\">\u0418\u043d\u0441\u0442\u0440\u0443\u043a\u0446\u0438\u044f \u043f\u043e \u043f\u0440\u0438\u043c\u0435\u043d\u0435\u043d\u0438\u044e<\/strong><\/h3>\n<p data-start=\"984\" data-end=\"1038\">Colexil Oral a\u015fa\u011f\u0131dak\u0131 infeksiyalarda t\u0259tbiq olunur:<\/p>\n<ul data-start=\"1039\" data-end=\"1149\">\n<li data-start=\"1039\" data-end=\"1074\">\n<p data-start=\"1041\" data-end=\"1074\"><strong data-start=\"1041\" data-end=\"1072\">M\u0259d\u0259-ba\u011f\u0131rsaq infeksiyalar\u0131<\/strong><\/p>\n<\/li>\n<li data-start=\"1075\" data-end=\"1113\">\n<p data-start=\"1077\" data-end=\"1113\"><strong data-start=\"1077\" data-end=\"1111\">\u0418\u043d\u0444\u0435\u043a\u0446\u0438\u0438 \u0434\u044b\u0445\u0430\u0442\u0435\u043b\u044c\u043d\u044b\u0445 \u043f\u0443\u0442\u0435\u0439<\/strong><\/p>\n<\/li>\n<li data-start=\"1114\" data-end=\"1149\">\n<p data-start=\"1116\" data-end=\"1149\"><strong data-start=\"1116\" data-end=\"1147\">Sidik yollar\u0131 infeksiyalar\u0131<\/strong><\/p>\n<\/li>\n<\/ul>\n<p data-start=\"1151\" data-end=\"1265\">T\u00f6r\u0259dicil\u0259r: <em data-start=\"1164\" data-end=\"1263\">Campylobacter spp., E. coli, Haemophilus spp., Mycoplasma spp., Pasteurella spp., Salmonella spp.<\/em><\/p>\n<p data-start=\"1267\" data-end=\"1354\">\u041e\u0431\u043b\u0430\u0441\u0442\u0438 \u043f\u0440\u0438\u043c\u0435\u043d\u0435\u043d\u0438\u044f: <strong data-start=\"1286\" data-end=\"1352\">donuzlar v\u0259 qu\u015flar (yumurta istehsal\u0131 \u00fc\u00e7\u00fcn n\u0259z\u0259rd\u0259 tutulmayan)<\/strong><\/p>\n<hr data-start=\"1356\" data-end=\"1359\" \/>\n<h3 data-start=\"1361\" data-end=\"1386\"><strong data-start=\"1365\" data-end=\"1384\">\u041f\u0440\u043e\u0442\u0438\u0432\u043e\u043f\u043e\u043a\u0430\u0437\u0430\u043d\u0438\u044f<\/strong><\/h3>\n<ul data-start=\"1387\" data-end=\"1664\">\n<li data-start=\"1387\" data-end=\"1438\">\n<p data-start=\"1389\" data-end=\"1438\">Kolistin v\u0259\/v\u0259 ya enrofloxacin\u0259 qar\u015f\u0131 h\u0259ssasl\u0131q<\/p>\n<\/li>\n<li data-start=\"1439\" data-end=\"1500\">\n<p data-start=\"1441\" data-end=\"1500\">A\u011f\u0131r b\u00f6yr\u0259k v\u0259 ya qaraciy\u0259r funksiyas\u0131 pozulmu\u015f heyvanlar<\/p>\n<\/li>\n<li data-start=\"1501\" data-end=\"1560\">\n<p data-start=\"1503\" data-end=\"1560\">Quinolonlara v\u0259\/v\u0259 ya kolistin m\u00fcqavim\u0259ti olan hallarda<\/p>\n<\/li>\n<li data-start=\"1561\" data-end=\"1603\">\n<p data-start=\"1563\" data-end=\"1603\">Hamil\u0259 v\u0259 laktasiya d\u00f6vr\u00fcnd\u0259 heyvanlar<\/p>\n<\/li>\n<li data-start=\"1604\" data-end=\"1664\">\n<p data-start=\"1606\" data-end=\"1664\">Subterapevtik dozada v\u0259 ya profilaktik m\u0259qs\u0259dl\u0259 istifad\u0259<\/p>\n<\/li>\n<\/ul>\n<hr data-start=\"1666\" data-end=\"1669\" \/>\n<h3 data-start=\"1671\" data-end=\"1693\"><strong data-start=\"1675\" data-end=\"1691\">Yan t\u0259sirl\u0259r<\/strong><\/h3>\n<ul data-start=\"1694\" data-end=\"1980\">\n<li data-start=\"1694\" data-end=\"1732\">\n<p data-start=\"1696\" data-end=\"1732\">G\u0259nc heyvanlarda oynaq z\u0259d\u0259l\u0259nm\u0259si<\/p>\n<\/li>\n<li data-start=\"1733\" data-end=\"1814\">\n<p data-start=\"1735\" data-end=\"1814\">Ba\u011f\u0131rsaq mikrofloras\u0131nda d\u0259yi\u015fiklik, qaz toplanmas\u0131, y\u00fcng\u00fcl ishal v\u0259 ya qusma<\/p>\n<\/li>\n<li data-start=\"1815\" data-end=\"1901\">\n<p data-start=\"1817\" data-end=\"1901\">Quinolonlarla ba\u011fl\u0131 nadir hallarda d\u0259ri s\u0259pgisi v\u0259 m\u0259rk\u0259zi sinir sistemi t\u0259sirl\u0259ri<\/p>\n<\/li>\n<li data-start=\"1902\" data-end=\"1980\">\n<p data-start=\"1904\" data-end=\"1980\">S\u00fcr\u0259tli b\u00f6y\u00fcm\u0259 d\u00f6vr\u00fcnd\u0259 enrofloxacin oynaq x cartilage t\u0259sir g\u00f6st\u0259r\u0259 bil\u0259r<\/p>\n<\/li>\n<\/ul>\n<hr data-start=\"1982\" data-end=\"1985\" \/>\n<h3 data-start=\"1987\" data-end=\"2024\"><strong data-start=\"1991\" data-end=\"2022\">Dozalanma v\u0259 t\u0259tbiq qaydas\u0131<\/strong><\/h3>\n<p data-start=\"2025\" data-end=\"2064\"><strong data-start=\"2025\" data-end=\"2062\">\u0130\u00e7m\u0259li su vasit\u0259sil\u0259 oral t\u0259tbiq:<\/strong><\/p>\n<ul data-start=\"2066\" data-end=\"2175\">\n<li data-start=\"2066\" data-end=\"2121\">\n<p data-start=\"2068\" data-end=\"2121\"><strong data-start=\"2068\" data-end=\"2081\">\u0421\u0432\u0438\u043d\u044c\u0438:<\/strong> 1 litr \/ 3000 litr i\u00e7m\u0259li su, 3\u20135 g\u00fcn<\/p>\n<\/li>\n<li data-start=\"2122\" data-end=\"2175\">\n<p data-start=\"2124\" data-end=\"2175\"><strong data-start=\"2124\" data-end=\"2135\">\u041f\u0442\u0438\u0446\u044b:<\/strong> 1 litr \/ 2000 litr i\u00e7m\u0259li su, 3\u20135 g\u00fcn<\/p>\n<\/li>\n<\/ul>\n<blockquote data-start=\"2177\" data-end=\"2270\">\n<p data-start=\"2179\" data-end=\"2270\">Yaln\u0131z g\u00fcnd\u0259lik ehtiyac q\u0259d\u0259r d\u0259rmanl\u0131 su haz\u0131rlanmal\u0131 v\u0259 h\u0259r 24 saata d\u0259yi\u015fdirilm\u0259lidir.<\/p>\n<\/blockquote>\n<hr data-start=\"2272\" data-end=\"2275\" \/>\n<h3 data-start=\"2277\" data-end=\"2320\"><strong data-start=\"2281\" data-end=\"2318\">\u00c7\u0259kilm\u0259 m\u00fcdd\u0259ti (withdrawal time)<\/strong><\/h3>\n<ul data-start=\"2321\" data-end=\"2411\">\n<li data-start=\"2321\" data-end=\"2357\">\n<p data-start=\"2323\" data-end=\"2357\"><strong data-start=\"2323\" data-end=\"2349\">\u018ft v\u0259 daxili orqanlar:<\/strong> 9 g\u00fcn<\/p>\n<\/li>\n<li data-start=\"2358\" data-end=\"2411\">\n<p data-start=\"2360\" data-end=\"2411\">Qu\u015flar \u00fc\u00e7\u00fcn yumurta istehsal\u0131nda istifad\u0259 olunmur<\/p>\n<\/li>\n<\/ul>\n<hr data-start=\"2413\" data-end=\"2416\" \/>\n<h3 data-start=\"2418\" data-end=\"2439\"><strong data-start=\"2422\" data-end=\"2437\">\u0423\u043f\u0430\u043a\u043e\u0432\u043a\u0430<\/strong><\/h3>\n<ul data-start=\"2440\" data-end=\"2484\">\n<li data-start=\"2440\" data-end=\"2484\">\n<p data-start=\"2442\" data-end=\"2484\"><strong data-start=\"2442\" data-end=\"2482\">100 ml v\u0259 1000 ml-lik \u015f\u00fc\u015f\u0259 flakonlar<\/strong><\/p>\n<\/li>\n<\/ul>\n<\/div>\n<p><!-- .vgblk-rw-wrapper --><\/p>","protected":false},"excerpt":{"rendered":"<p>Colexil Oral Enrofloxacin 10% &amp; Kolistin oral m\u0259hlul T\u0259rkibi H\u0259r 1 ml m\u0259hlulda: Kolistin sulfat \u2013 1 200 000 BV Enrofloxacin \u2013 100 mg T\u0259sviri Colexil Oral \u2014 kolistin v\u0259 enrofloxacin birl\u0259\u015fm\u0259sind\u0259n ibar\u0259t preparatd\u0131r v\u0259 \u0259lav\u0259edici t\u0259sir g\u00f6st\u0259rir. Enrofloxacin \u2014 sintetik, geni\u015f spektrli antibakterial madd\u0259dir (fluoroquinolon qrupu). Qram-m\u0259nfi v\u0259 qram-m\u00fcsb\u0259t bakteriyalar v\u0259 mikoplazmalara qar\u015f\u0131 aktivdir&#8230;.<\/p>","protected":false},"featured_media":990336,"comment_status":"open","ping_status":"closed","template":"","meta":{"nf_dc_page":"","_monsterinsights_skip_tracking":false,"_monsterinsights_sitenote_active":false,"_monsterinsights_sitenote_note":"","_monsterinsights_sitenote_category":0},"product_brand":[],"product_cat":[251,68],"product_tag":[],"class_list":{"0":"post-990335","1":"product","2":"type-product","3":"status-publish","4":"has-post-thumbnail","6":"product_cat-veterinary-products","7":"product_cat-poultry","9":"first","10":"instock","11":"shipping-taxable","12":"product-type-simple"},"jetpack_sharing_enabled":true,"_links":{"self":[{"href":"https:\/\/agrovetazerbaijan.az\/ru\/wp-json\/wp\/v2\/product\/990335","targetHints":{"allow":["GET"]}}],"collection":[{"href":"https:\/\/agrovetazerbaijan.az\/ru\/wp-json\/wp\/v2\/product"}],"about":[{"href":"https:\/\/agrovetazerbaijan.az\/ru\/wp-json\/wp\/v2\/types\/product"}],"replies":[{"embeddable":true,"href":"https:\/\/agrovetazerbaijan.az\/ru\/wp-json\/wp\/v2\/comments?post=990335"}],"version-history":[{"count":1,"href":"https:\/\/agrovetazerbaijan.az\/ru\/wp-json\/wp\/v2\/product\/990335\/revisions"}],"predecessor-version":[{"id":990337,"href":"https:\/\/agrovetazerbaijan.az\/ru\/wp-json\/wp\/v2\/product\/990335\/revisions\/990337"}],"wp:featuredmedia":[{"embeddable":true,"href":"https:\/\/agrovetazerbaijan.az\/ru\/wp-json\/wp\/v2\/media\/990336"}],"wp:attachment":[{"href":"https:\/\/agrovetazerbaijan.az\/ru\/wp-json\/wp\/v2\/media?parent=990335"}],"wp:term":[{"taxonomy":"product_brand","embeddable":true,"href":"https:\/\/agrovetazerbaijan.az\/ru\/wp-json\/wp\/v2\/product_brand?post=990335"},{"taxonomy":"product_cat","embeddable":true,"href":"https:\/\/agrovetazerbaijan.az\/ru\/wp-json\/wp\/v2\/product_cat?post=990335"},{"taxonomy":"product_tag","embeddable":true,"href":"https:\/\/agrovetazerbaijan.az\/ru\/wp-json\/wp\/v2\/product_tag?post=990335"}],"curies":[{"name":"WP","href":"https:\/\/api.w.org\/{rel}","templated":true}]}}