{"id":990329,"date":"2025-09-21T21:55:43","date_gmt":"2025-09-21T21:55:43","guid":{"rendered":"https:\/\/agrovetazerbaijan.az\/?post_type=product&#038;p=990329"},"modified":"2025-09-21T21:55:56","modified_gmt":"2025-09-21T21:55:56","slug":"closan-50","status":"publish","type":"product","link":"https:\/\/agrovetazerbaijan.az\/ru\/product\/closan-50\/","title":{"rendered":"Closan-50"},"content":{"rendered":"<div class=\"vgblk-rw-wrapper limit-wrapper\">\n<h2 data-start=\"132\" data-end=\"150\"><strong data-start=\"135\" data-end=\"148\">Closan-50<\/strong><\/h2>\n<p data-start=\"151\" data-end=\"185\"><strong data-start=\"151\" data-end=\"185\">Closantel 5% inyeksiya m\u0259hlulu<\/strong><\/p>\n<h3 data-start=\"187\" data-end=\"204\"><strong data-start=\"191\" data-end=\"202\">\u0418\u043d\u0433\u0440\u0435\u0434\u0438\u0435\u043d\u0442\u044b<\/strong><\/h3>\n<p data-start=\"205\" data-end=\"225\">H\u0259r 1 ml m\u0259hlulda:<\/p>\n<ul data-start=\"226\" data-end=\"279\">\n<li data-start=\"226\" data-end=\"279\">\n<p data-start=\"228\" data-end=\"279\"><strong data-start=\"228\" data-end=\"269\">Closantel (natrium dihidrat \u015f\u0259klind\u0259)<\/strong> \u2013 50 mg<\/p>\n<\/li>\n<\/ul>\n<hr data-start=\"281\" data-end=\"284\" \/>\n<h3 data-start=\"286\" data-end=\"303\"><strong data-start=\"290\" data-end=\"301\">\u041e\u043f\u0438\u0441\u0430\u043d\u0438\u0435<\/strong><\/h3>\n<p data-start=\"304\" data-end=\"466\">Closantel \u2014 sintetik antiparazitar preparatd\u0131r. <strong data-start=\"352\" data-end=\"435\">Qaraciy\u0259r qurdu, qan \u0259m\u0259n nematodlar v\u0259 b\u0259zi artropodlar\u0131n larval m\u0259rh\u0259l\u0259l\u0259rin\u0259<\/strong> qar\u015f\u0131 y\u00fcks\u0259k t\u0259sir g\u00f6st\u0259rir.<\/p>\n<ul data-start=\"468\" data-end=\"618\">\n<li data-start=\"468\" data-end=\"618\">\n<p data-start=\"470\" data-end=\"618\">Mexanizm: mitoxondrial oksidl\u0259\u015fm\u0259 fosforilasiyas\u0131n\u0131 bloklayaraq ATP sintezini dayand\u0131r\u0131r, parazitin enerji metabolizmas\u0131n\u0131 pozur v\u0259 n\u0259tic\u0259d\u0259 \u00f6l\u00fcr.<\/p>\n<\/li>\n<\/ul>\n<hr data-start=\"620\" data-end=\"623\" \/>\n<h3 data-start=\"625\" data-end=\"656\"><strong data-start=\"629\" data-end=\"654\">\u0418\u043d\u0441\u0442\u0440\u0443\u043a\u0446\u0438\u044f \u043f\u043e \u043f\u0440\u0438\u043c\u0435\u043d\u0435\u043d\u0438\u044e<\/strong><\/h3>\n<p data-start=\"657\" data-end=\"700\"><strong data-start=\"657\" data-end=\"698\">\u0130ri buynuzlu heyvanlar v\u0259 qoyunlarda:<\/strong><\/p>\n<ul data-start=\"702\" data-end=\"1014\">\n<li data-start=\"702\" data-end=\"897\">\n<p data-start=\"704\" data-end=\"897\">Qaraciy\u0259r v\u0259 ba\u011f\u0131rsaq parazitl\u0259ri: <em data-start=\"739\" data-end=\"895\">Fasciola hepatica, Fasciola gigantica, Haemonchus contortus, Haemonchus placei, Bunostomum phlebotomum, Oesophagostomum radiatum, Strongyloides papillosus<\/em><\/p>\n<\/li>\n<li data-start=\"898\" data-end=\"945\">\n<p data-start=\"900\" data-end=\"945\">\u0130ri buynuzlu heyvanlarda: <em data-start=\"926\" data-end=\"943\">Hypoderma bovis<\/em><\/p>\n<\/li>\n<li data-start=\"946\" data-end=\"1014\">\n<p data-start=\"948\" data-end=\"1014\">Qoyunlarda: <em data-start=\"960\" data-end=\"1012\">Paramphistomum spp., Chabertia ovina, Oestrus ovis<\/em><\/p>\n<\/li>\n<\/ul>\n<hr data-start=\"1016\" data-end=\"1019\" \/>\n<h3 data-start=\"1021\" data-end=\"1046\"><strong data-start=\"1025\" data-end=\"1044\">\u041f\u0440\u043e\u0442\u0438\u0432\u043e\u043f\u043e\u043a\u0430\u0437\u0430\u043d\u0438\u044f<\/strong><\/h3>\n<ul data-start=\"1047\" data-end=\"1260\">\n<li data-start=\"1047\" data-end=\"1084\">\n<p data-start=\"1049\" data-end=\"1084\">Closantel\u0259 qar\u015f\u0131 y\u00fcks\u0259k h\u0259ssasl\u0131q<\/p>\n<\/li>\n<li data-start=\"1085\" data-end=\"1147\">\n<p data-start=\"1087\" data-end=\"1147\">Venadaxili v\u0259 \u0259z\u0259l\u0259 daxili inyeksiya \u00fc\u00e7\u00fcn istifad\u0259 edilmir<\/p>\n<\/li>\n<li data-start=\"1148\" data-end=\"1260\">\n<p data-start=\"1150\" data-end=\"1260\">S\u00fcd ver\u0259n in\u0259kl\u0259r v\u0259 qoyunlarda, hamil\u0259liyin son trimestrind\u0259 v\u0259 ilk do\u011fumdan bir il \u00f6nc\u0259d\u0259 istifad\u0259 olunmur<\/p>\n<\/li>\n<\/ul>\n<hr data-start=\"1262\" data-end=\"1265\" \/>\n<h3 data-start=\"1267\" data-end=\"1289\"><strong data-start=\"1271\" data-end=\"1287\">Yan t\u0259sirl\u0259r<\/strong><\/h3>\n<ul data-start=\"1290\" data-end=\"1477\">\n<li data-start=\"1290\" data-end=\"1349\">\n<p data-start=\"1292\" data-end=\"1349\">\u0130ri buynuzlu heyvanlarda hiperakut anafilaktik reaksiya<\/p>\n<\/li>\n<li data-start=\"1350\" data-end=\"1374\">\n<p data-start=\"1352\" data-end=\"1374\">\u0410\u043b\u043b\u0435\u0440\u0433\u0438\u0447\u0435\u0441\u043a\u0438\u0435 \u0440\u0435\u0430\u043a\u0446\u0438\u0438<\/p>\n<\/li>\n<li data-start=\"1375\" data-end=\"1477\">\n<p data-start=\"1377\" data-end=\"1477\">H\u0259ddind\u0259n art\u0131q dozada: g\u00f6rm\u0259 z\u0259ifliyi v\u0259 ya korluq, i\u015ftahs\u0131zl\u0131q, koordinasiya poz\u011funlu\u011fu, z\u0259iflik<\/p>\n<\/li>\n<\/ul>\n<hr data-start=\"1479\" data-end=\"1482\" \/>\n<h3 data-start=\"1484\" data-end=\"1521\"><strong data-start=\"1488\" data-end=\"1519\">Dozalanma v\u0259 t\u0259tbiq qaydas\u0131<\/strong><\/h3>\n<p data-start=\"1522\" data-end=\"1551\"><strong data-start=\"1522\" data-end=\"1549\">Subkutan t\u0259tbiq olunur:<\/strong><\/p>\n<ul data-start=\"1553\" data-end=\"1773\">\n<li data-start=\"1553\" data-end=\"1618\">\n<p data-start=\"1555\" data-end=\"1618\">\u0130ri buynuzlu heyvan &lt;200 kq v\u0259 qoyun: 1 ml \/ 10 kq canl\u0131 \u00e7\u0259ki<\/p>\n<\/li>\n<li data-start=\"1619\" data-end=\"1660\">\n<p data-start=\"1621\" data-end=\"1660\">\u0130ri buynuzlu heyvan 200\u2013400 kq: 20 ml<\/p>\n<\/li>\n<li data-start=\"1661\" data-end=\"1728\">\n<p data-start=\"1663\" data-end=\"1728\">\u0130ri buynuzlu heyvan &gt;400 kq: 20 ml + h\u0259r \u0259lav\u0259 100 kq \u00fc\u00e7\u00fcn 5 ml<\/p>\n<\/li>\n<li data-start=\"1729\" data-end=\"1773\">\n<p data-start=\"1731\" data-end=\"1773\">H\u0259r inyeksiya nahiy\u0259sind\u0259 maksimum 20 ml<\/p>\n<\/li>\n<\/ul>\n<hr data-start=\"1775\" data-end=\"1778\" \/>\n<h3 data-start=\"1780\" data-end=\"1823\"><strong data-start=\"1784\" data-end=\"1821\">\u00c7\u0259kilm\u0259 m\u00fcdd\u0259ti (withdrawal time)<\/strong><\/h3>\n<ul data-start=\"1824\" data-end=\"1847\">\n<li data-start=\"1824\" data-end=\"1847\">\n<p data-start=\"1826\" data-end=\"1847\"><strong data-start=\"1826\" data-end=\"1838\">\u0414\u043b\u044f \u043c\u044f\u0441\u0430:<\/strong> 77 g\u00fcn<\/p>\n<\/li>\n<\/ul>\n<hr data-start=\"1849\" data-end=\"1852\" \/>\n<h3 data-start=\"1854\" data-end=\"1875\"><strong data-start=\"1858\" data-end=\"1873\">\u0423\u043f\u0430\u043a\u043e\u0432\u043a\u0430<\/strong><\/h3>\n<ul data-start=\"1876\" data-end=\"1906\">\n<li data-start=\"1876\" data-end=\"1906\">\n<p data-start=\"1878\" data-end=\"1906\"><strong data-start=\"1878\" data-end=\"1904\">100 ml-lik \u015f\u00fc\u015f\u0259 flakon<\/strong><\/p>\n<\/li>\n<\/ul>\n<\/div>\n<p><!-- .vgblk-rw-wrapper --><\/p>","protected":false},"excerpt":{"rendered":"<p>Closan-50 Closantel 5% inyeksiya m\u0259hlulu T\u0259rkibi H\u0259r 1 ml m\u0259hlulda: Closantel (natrium dihidrat \u015f\u0259klind\u0259) \u2013 50 mg T\u0259sviri Closantel \u2014 sintetik antiparazitar preparatd\u0131r. Qaraciy\u0259r qurdu, qan \u0259m\u0259n nematodlar v\u0259 b\u0259zi artropodlar\u0131n larval m\u0259rh\u0259l\u0259l\u0259rin\u0259 qar\u015f\u0131 y\u00fcks\u0259k t\u0259sir g\u00f6st\u0259rir. Mexanizm: mitoxondrial oksidl\u0259\u015fm\u0259 fosforilasiyas\u0131n\u0131 bloklayaraq ATP sintezini dayand\u0131r\u0131r, parazitin enerji metabolizmas\u0131n\u0131 pozur v\u0259 n\u0259tic\u0259d\u0259 \u00f6l\u00fcr. \u0130stifad\u0259 g\u00f6st\u0259ri\u015fl\u0259ri \u0130ri&#8230;<\/p>","protected":false},"featured_media":990330,"comment_status":"open","ping_status":"closed","template":"","meta":{"nf_dc_page":"","_monsterinsights_skip_tracking":false,"_monsterinsights_sitenote_active":false,"_monsterinsights_sitenote_note":"","_monsterinsights_sitenote_category":0},"product_brand":[],"product_cat":[251,108,114],"product_tag":[],"class_list":{"0":"post-990329","1":"product","2":"type-product","3":"status-publish","4":"has-post-thumbnail","6":"product_cat-veterinary-products","7":"product_cat-cow","8":"product_cat-sheep","10":"first","11":"instock","12":"shipping-taxable","13":"product-type-simple"},"jetpack_sharing_enabled":true,"_links":{"self":[{"href":"https:\/\/agrovetazerbaijan.az\/ru\/wp-json\/wp\/v2\/product\/990329","targetHints":{"allow":["GET"]}}],"collection":[{"href":"https:\/\/agrovetazerbaijan.az\/ru\/wp-json\/wp\/v2\/product"}],"about":[{"href":"https:\/\/agrovetazerbaijan.az\/ru\/wp-json\/wp\/v2\/types\/product"}],"replies":[{"embeddable":true,"href":"https:\/\/agrovetazerbaijan.az\/ru\/wp-json\/wp\/v2\/comments?post=990329"}],"version-history":[{"count":1,"href":"https:\/\/agrovetazerbaijan.az\/ru\/wp-json\/wp\/v2\/product\/990329\/revisions"}],"predecessor-version":[{"id":990331,"href":"https:\/\/agrovetazerbaijan.az\/ru\/wp-json\/wp\/v2\/product\/990329\/revisions\/990331"}],"wp:featuredmedia":[{"embeddable":true,"href":"https:\/\/agrovetazerbaijan.az\/ru\/wp-json\/wp\/v2\/media\/990330"}],"wp:attachment":[{"href":"https:\/\/agrovetazerbaijan.az\/ru\/wp-json\/wp\/v2\/media?parent=990329"}],"wp:term":[{"taxonomy":"product_brand","embeddable":true,"href":"https:\/\/agrovetazerbaijan.az\/ru\/wp-json\/wp\/v2\/product_brand?post=990329"},{"taxonomy":"product_cat","embeddable":true,"href":"https:\/\/agrovetazerbaijan.az\/ru\/wp-json\/wp\/v2\/product_cat?post=990329"},{"taxonomy":"product_tag","embeddable":true,"href":"https:\/\/agrovetazerbaijan.az\/ru\/wp-json\/wp\/v2\/product_tag?post=990329"}],"curies":[{"name":"WP","href":"https:\/\/api.w.org\/{rel}","templated":true}]}}