{"id":990323,"date":"2025-09-21T21:48:07","date_gmt":"2025-09-21T21:48:07","guid":{"rendered":"https:\/\/agrovetazerbaijan.az\/?post_type=product&#038;p=990323"},"modified":"2025-09-21T21:48:45","modified_gmt":"2025-09-21T21:48:45","slug":"coloxan-ws","status":"publish","type":"product","link":"https:\/\/agrovetazerbaijan.az\/ru\/product\/coloxan-ws\/","title":{"rendered":"Coloxan WS"},"content":{"rendered":"<div class=\"vgblk-rw-wrapper limit-wrapper\">\n<h2 data-start=\"153\" data-end=\"172\"><strong data-start=\"156\" data-end=\"170\">Coloxan WS<\/strong><\/h2>\n<p data-start=\"173\" data-end=\"222\"><strong data-start=\"173\" data-end=\"222\">Doksisiklin 10% &amp; Kolistin suda h\u0259ll olan toz<\/strong><\/p>\n<h3 data-start=\"224\" data-end=\"241\"><strong data-start=\"228\" data-end=\"239\">\u0418\u043d\u0433\u0440\u0435\u0434\u0438\u0435\u043d\u0442\u044b<\/strong><\/h3>\n<p data-start=\"242\" data-end=\"258\">H\u0259r 1 q tozda:<\/p>\n<ul data-start=\"259\" data-end=\"333\">\n<li data-start=\"259\" data-end=\"294\">\n<p data-start=\"261\" data-end=\"294\"><strong data-start=\"261\" data-end=\"283\">\u0414\u043e\u043a\u0441\u0438\u0446\u0438\u043a\u043b\u0438\u043d\u0430 \u0433\u0438\u043a\u043b\u0430\u0442<\/strong> \u2013 100 \u043c\u0433<\/p>\n<\/li>\n<li data-start=\"295\" data-end=\"333\">\n<p data-start=\"297\" data-end=\"333\"><strong data-start=\"297\" data-end=\"316\">Kolistin sulfat<\/strong> \u2013 1 200 000 BV<\/p>\n<\/li>\n<\/ul>\n<hr data-start=\"335\" data-end=\"338\" \/>\n<h3 data-start=\"340\" data-end=\"357\"><strong data-start=\"344\" data-end=\"355\">\u041e\u043f\u0438\u0441\u0430\u043d\u0438\u0435<\/strong><\/h3>\n<ul data-start=\"358\" data-end=\"1076\">\n<li data-start=\"358\" data-end=\"755\">\n<p data-start=\"360\" data-end=\"755\"><strong data-start=\"360\" data-end=\"375\">\u0414\u043e\u043a\u0441\u0438\u0446\u0438\u043a\u043b\u0438\u043d<\/strong> \u2014 tetrasiklinl\u0259r qrupuna aid antibiotikdir. <strong data-start=\"420\" data-end=\"463\">Qram-m\u00fcsb\u0259t v\u0259 qram-m\u0259nfi bakteriyalara<\/strong> qar\u015f\u0131 bakteriostatik t\u0259sir g\u00f6st\u0259rir. H\u0259m\u00e7inin <em data-start=\"510\" data-end=\"526\">Chlamydia spp.<\/em>, <em data-start=\"528\" data-end=\"545\">Mycoplasma spp.<\/em> \u0438 <em data-start=\"549\" data-end=\"566\">\u0420\u0438\u043a\u043a\u0435\u0442\u0441\u0438\u0438 spp.<\/em> \u00fcz\u0259rind\u0259 d\u0259 aktivdir. T\u0259siri bakterial z\u00fclal sintezinin qar\u015f\u0131s\u0131n\u0131 almaqla ba\u015f verir. A\u011fciy\u0259rl\u0259r\u0259 y\u00fcks\u0259k meyilliliyi oldu\u011fundan, x\u00fcsusil\u0259 <strong data-start=\"704\" data-end=\"741\">t\u0259n\u0259ff\u00fcs yollar\u0131 infeksiyalar\u0131nda<\/strong> faydal\u0131d\u0131r.<\/p>\n<\/li>\n<li data-start=\"756\" data-end=\"1076\">\n<p data-start=\"758\" data-end=\"1076\"><strong data-start=\"758\" data-end=\"770\">Kolistin<\/strong> \u2014 polimiksinl\u0259r qrupuna aid antibiotikdir v\u0259 \u0259sas\u0259n <strong data-start=\"823\" data-end=\"851\">Qram-m\u0259nfi bakteriyalara<\/strong> qar\u015f\u0131 bakterisid t\u0259sir g\u00f6st\u0259rir (<em data-start=\"885\" data-end=\"929\">E. coli, Haemophilus spp., Salmonella spp.<\/em>). H\u00fcceyr\u0259 membran\u0131n\u0131 da\u011f\u0131tmaqla t\u0259sir edir. Oral q\u0259buldan sonra z\u0259if soruldu\u011fu \u00fc\u00e7\u00fcn daha \u00e7ox <strong data-start=\"1023\" data-end=\"1057\">m\u0259d\u0259-ba\u011f\u0131rsaq infeksiyalar\u0131nda<\/strong> istifad\u0259 edilir.<\/p>\n<\/li>\n<\/ul>\n<hr data-start=\"1078\" data-end=\"1081\" \/>\n<h3 data-start=\"1083\" data-end=\"1114\"><strong data-start=\"1087\" data-end=\"1112\">\u0418\u043d\u0441\u0442\u0440\u0443\u043a\u0446\u0438\u044f \u043f\u043e \u043f\u0440\u0438\u043c\u0435\u043d\u0435\u043d\u0438\u044e<\/strong><\/h3>\n<p data-start=\"1115\" data-end=\"1207\"><strong data-start=\"1115\" data-end=\"1130\">\u0414\u043e\u043a\u0441\u0438\u0446\u0438\u043a\u043b\u0438\u043d<\/strong> v\u0259\/v\u0259 ya <strong data-start=\"1140\" data-end=\"1152\">kolistin<\/strong>-\u0259 h\u0259ssas mikroorqanizml\u0259rin t\u00f6r\u0259tdiyi x\u0259st\u0259likl\u0259rd\u0259:<\/p>\n<ul data-start=\"1208\" data-end=\"1282\">\n<li data-start=\"1208\" data-end=\"1243\">\n<p data-start=\"1210\" data-end=\"1243\"><strong data-start=\"1210\" data-end=\"1241\">M\u0259d\u0259-ba\u011f\u0131rsaq infeksiyalar\u0131<\/strong><\/p>\n<\/li>\n<li data-start=\"1244\" data-end=\"1282\">\n<p data-start=\"1246\" data-end=\"1282\"><strong data-start=\"1246\" data-end=\"1280\">\u0418\u043d\u0444\u0435\u043a\u0446\u0438\u0438 \u0434\u044b\u0445\u0430\u0442\u0435\u043b\u044c\u043d\u044b\u0445 \u043f\u0443\u0442\u0435\u0439<\/strong><\/p>\n<\/li>\n<\/ul>\n<p data-start=\"1284\" data-end=\"1506\">T\u00f6r\u0259dicil\u0259r: <em data-start=\"1297\" data-end=\"1504\">Bordetella spp., Campylobacter spp., Chlamydia spp., E. coli, Klebsiella spp., Haemophilus spp., Mycoplasma spp., Pasteurella spp., Rickettsia spp., Salmonella spp., Staphylococcus spp., Streptococcus spp.<\/em><\/p>\n<p data-start=\"1508\" data-end=\"1528\">\u041e\u0431\u043b\u0430\u0441\u0442\u0438 \u043f\u0440\u0438\u043c\u0435\u043d\u0435\u043d\u0438\u044f:<\/p>\n<ul data-start=\"1529\" data-end=\"1633\">\n<li data-start=\"1529\" data-end=\"1541\">\n<p data-start=\"1531\" data-end=\"1541\">Buzovlar<\/p>\n<\/li>\n<li data-start=\"1542\" data-end=\"1565\">\n<p data-start=\"1544\" data-end=\"1565\">Qoyunlar v\u0259 ke\u00e7il\u0259r<\/p>\n<\/li>\n<li data-start=\"1566\" data-end=\"1578\">\n<p data-start=\"1568\" data-end=\"1578\">\u0421\u0432\u0438\u043d\u044c\u0438<\/p>\n<\/li>\n<li data-start=\"1579\" data-end=\"1633\">\n<p data-start=\"1581\" data-end=\"1633\">Qu\u015flar (yumurta istehsal\u0131 \u00fc\u00e7\u00fcn n\u0259z\u0259rd\u0259 tutulmayan)<\/p>\n<\/li>\n<\/ul>\n<hr data-start=\"1635\" data-end=\"1638\" \/>\n<h3 data-start=\"1640\" data-end=\"1665\"><strong data-start=\"1644\" data-end=\"1663\">\u041f\u0440\u043e\u0442\u0438\u0432\u043e\u043f\u043e\u043a\u0430\u0437\u0430\u043d\u0438\u044f<\/strong><\/h3>\n<ul data-start=\"1666\" data-end=\"1989\">\n<li data-start=\"1666\" data-end=\"1732\">\n<p data-start=\"1668\" data-end=\"1732\">Tetrasiklinl\u0259r\u0259 v\u0259\/v\u0259 ya polimiksinl\u0259r\u0259 qar\u015f\u0131 y\u00fcks\u0259k h\u0259ssasl\u0131q<\/p>\n<\/li>\n<li data-start=\"1733\" data-end=\"1786\">\n<p data-start=\"1735\" data-end=\"1786\">Qaraciy\u0259r v\u0259 b\u00f6yr\u0259k funksiyas\u0131 pozulmu\u015f heyvanlar<\/p>\n<\/li>\n<li data-start=\"1787\" data-end=\"1845\">\n<p data-start=\"1789\" data-end=\"1845\">Aktiv mikroblarla fermentasiya prosesi ged\u0259n heyvanlar<\/p>\n<\/li>\n<li data-start=\"1846\" data-end=\"1904\">\n<p data-start=\"1848\" data-end=\"1904\">\u0130nsan istehlak\u0131 \u00fc\u00e7\u00fcn s\u00fcd v\u0259 ya yumurta ver\u0259n heyvanlar<\/p>\n<\/li>\n<li data-start=\"1905\" data-end=\"1989\">\n<p data-start=\"1907\" data-end=\"1989\">Penisillinl\u0259r, sefalosporinl\u0259r, xinolonlar v\u0259 sikloserin il\u0259 birlikd\u0259 istifad\u0259si<\/p>\n<\/li>\n<\/ul>\n<hr data-start=\"1991\" data-end=\"1994\" \/>\n<h3 data-start=\"1996\" data-end=\"2018\"><strong data-start=\"2000\" data-end=\"2016\">Yan t\u0259sirl\u0259r<\/strong><\/h3>\n<ul data-start=\"2019\" data-end=\"2177\">\n<li data-start=\"2019\" data-end=\"2053\">\n<p data-start=\"2021\" data-end=\"2053\">Allergik reaksiyalar m\u00fcmk\u00fcnd\u00fcr<\/p>\n<\/li>\n<li data-start=\"2054\" data-end=\"2095\">\n<p data-start=\"2056\" data-end=\"2095\">G\u0259nc heyvanlarda di\u015fl\u0259rin r\u0259ngl\u0259nm\u0259si<\/p>\n<\/li>\n<li data-start=\"2096\" data-end=\"2177\">\n<p data-start=\"2098\" data-end=\"2177\">Ba\u011f\u0131rsaq mikrofloras\u0131nda d\u0259yi\u015fiklik, qaz toplanmas\u0131 v\u0259 y\u00fcng\u00fcl ishal ola bil\u0259r<\/p>\n<\/li>\n<\/ul>\n<hr data-start=\"2179\" data-end=\"2182\" \/>\n<h3 data-start=\"2184\" data-end=\"2221\"><strong data-start=\"2188\" data-end=\"2219\">Dozalanma v\u0259 t\u0259tbiq qaydas\u0131<\/strong><\/h3>\n<p data-start=\"2222\" data-end=\"2247\"><strong data-start=\"2222\" data-end=\"2245\">Oral yolla verilir.<\/strong><\/p>\n<ul data-start=\"2249\" data-end=\"2449\">\n<li data-start=\"2249\" data-end=\"2331\">\n<p data-start=\"2251\" data-end=\"2331\"><strong data-start=\"2251\" data-end=\"2279\">Buzov, qoyun v\u0259 ke\u00e7il\u0259r:<\/strong> g\u00fcnd\u0259 2 d\u0259f\u0259, <strong data-start=\"2294\" data-end=\"2320\">1 q \/ 20 kq canl\u0131 \u00e7\u0259ki<\/strong>, 4\u20135 g\u00fcn<\/p>\n<\/li>\n<li data-start=\"2332\" data-end=\"2391\">\n<p data-start=\"2334\" data-end=\"2391\"><strong data-start=\"2334\" data-end=\"2347\">\u0421\u0432\u0438\u043d\u044c\u0438:<\/strong> <strong data-start=\"2348\" data-end=\"2380\">1 kq \/ 1000 litr i\u00e7m\u0259li suya<\/strong>, 4\u20135 g\u00fcn<\/p>\n<\/li>\n<li data-start=\"2392\" data-end=\"2449\">\n<p data-start=\"2394\" data-end=\"2449\"><strong data-start=\"2394\" data-end=\"2405\">\u041f\u0442\u0438\u0446\u044b:<\/strong> <strong data-start=\"2406\" data-end=\"2438\">1 kq \/ 2000 litr i\u00e7m\u0259li suya<\/strong>, 4\u20135 g\u00fcn<\/p>\n<\/li>\n<\/ul>\n<blockquote data-start=\"2451\" data-end=\"2530\">\n<p data-start=\"2453\" data-end=\"2530\">Qeyd: yaln\u0131z m\u0259d\u0259si h\u0259l\u0259 b\u00f6l\u00fcnm\u0259mi\u015f buzov, quzu v\u0259 ke\u00e7il\u0259rd\u0259 t\u0259tbiq olunur.<\/p>\n<\/blockquote>\n<hr data-start=\"2532\" data-end=\"2535\" \/>\n<h3 data-start=\"2537\" data-end=\"2580\"><strong data-start=\"2541\" data-end=\"2578\">\u00c7\u0259kilm\u0259 m\u00fcdd\u0259ti (withdrawal time)<\/strong><\/h3>\n<ul data-start=\"2581\" data-end=\"2740\">\n<li data-start=\"2581\" data-end=\"2674\">\n<p data-start=\"2583\" data-end=\"2597\"><strong data-start=\"2583\" data-end=\"2595\">\u0414\u043b\u044f \u043c\u044f\u0441\u0430:<\/strong><\/p>\n<ul data-start=\"2600\" data-end=\"2674\">\n<li data-start=\"2600\" data-end=\"2635\">\n<p data-start=\"2602\" data-end=\"2635\">Buzov, qoyun v\u0259 ke\u00e7il\u0259r: 14 g\u00fcn<\/p>\n<\/li>\n<li data-start=\"2638\" data-end=\"2654\">\n<p data-start=\"2640\" data-end=\"2654\">\u0421\u0432\u0438\u043d\u044c\u044f: 8 \u0434\u043d\u0435\u0439<\/p>\n<\/li>\n<li data-start=\"2657\" data-end=\"2674\">\n<p data-start=\"2659\" data-end=\"2674\">Qu\u015flar: 7 g\u00fcn<\/p>\n<\/li>\n<\/ul>\n<\/li>\n<li data-start=\"2675\" data-end=\"2740\">\n<p data-start=\"2677\" data-end=\"2740\">\u0130nsan istehlak\u0131 \u00fc\u00e7\u00fcn yumurta ver\u0259n qu\u015flarda istifad\u0259 olunmur.<\/p>\n<\/li>\n<\/ul>\n<hr data-start=\"2742\" data-end=\"2745\" \/>\n<h3 data-start=\"2747\" data-end=\"2768\"><strong data-start=\"2751\" data-end=\"2766\">\u0423\u043f\u0430\u043a\u043e\u0432\u043a\u0430<\/strong><\/h3>\n<ul data-start=\"2769\" data-end=\"2826\">\n<li data-start=\"2769\" data-end=\"2803\">\n<p data-start=\"2771\" data-end=\"2803\"><strong data-start=\"2771\" data-end=\"2801\">\u0423\u043f\u0430\u043a\u043e\u0432\u043a\u0438 \u043f\u043e 30 \u0433 \u0438 100 \u0433<\/strong><\/p>\n<\/li>\n<li data-start=\"2804\" data-end=\"2826\">\n<p data-start=\"2806\" data-end=\"2826\"><strong data-start=\"2806\" data-end=\"2824\">1000 q-l\u0131q qab<\/strong><\/p>\n<\/li>\n<\/ul>\n<\/div>\n<p><!-- .vgblk-rw-wrapper --><\/p>","protected":false},"excerpt":{"rendered":"<p>Coloxan WS Doksisiklin 10% &amp; Kolistin suda h\u0259ll olan toz T\u0259rkibi H\u0259r 1 q tozda: Doksisiklin hixlat \u2013 100 mq Kolistin sulfat \u2013 1 200 000 BV T\u0259sviri Doksisiklin \u2014 tetrasiklinl\u0259r qrupuna aid antibiotikdir. Qram-m\u00fcsb\u0259t v\u0259 qram-m\u0259nfi bakteriyalara qar\u015f\u0131 bakteriostatik t\u0259sir g\u00f6st\u0259rir. H\u0259m\u00e7inin Chlamydia spp., Mycoplasma spp. v\u0259 Rickettsia spp. \u00fcz\u0259rind\u0259 d\u0259 aktivdir. T\u0259siri bakterial&#8230;<\/p>","protected":false},"featured_media":990324,"comment_status":"open","ping_status":"closed","template":"","meta":{"nf_dc_page":"","_monsterinsights_skip_tracking":false,"_monsterinsights_sitenote_active":false,"_monsterinsights_sitenote_note":"","_monsterinsights_sitenote_category":0},"product_brand":[],"product_cat":[251,108,114],"product_tag":[],"class_list":{"0":"post-990323","1":"product","2":"type-product","3":"status-publish","4":"has-post-thumbnail","6":"product_cat-veterinary-products","7":"product_cat-cow","8":"product_cat-sheep","10":"first","11":"instock","12":"shipping-taxable","13":"product-type-simple"},"jetpack_sharing_enabled":true,"_links":{"self":[{"href":"https:\/\/agrovetazerbaijan.az\/ru\/wp-json\/wp\/v2\/product\/990323","targetHints":{"allow":["GET"]}}],"collection":[{"href":"https:\/\/agrovetazerbaijan.az\/ru\/wp-json\/wp\/v2\/product"}],"about":[{"href":"https:\/\/agrovetazerbaijan.az\/ru\/wp-json\/wp\/v2\/types\/product"}],"replies":[{"embeddable":true,"href":"https:\/\/agrovetazerbaijan.az\/ru\/wp-json\/wp\/v2\/comments?post=990323"}],"version-history":[{"count":1,"href":"https:\/\/agrovetazerbaijan.az\/ru\/wp-json\/wp\/v2\/product\/990323\/revisions"}],"predecessor-version":[{"id":990325,"href":"https:\/\/agrovetazerbaijan.az\/ru\/wp-json\/wp\/v2\/product\/990323\/revisions\/990325"}],"wp:featuredmedia":[{"embeddable":true,"href":"https:\/\/agrovetazerbaijan.az\/ru\/wp-json\/wp\/v2\/media\/990324"}],"wp:attachment":[{"href":"https:\/\/agrovetazerbaijan.az\/ru\/wp-json\/wp\/v2\/media?parent=990323"}],"wp:term":[{"taxonomy":"product_brand","embeddable":true,"href":"https:\/\/agrovetazerbaijan.az\/ru\/wp-json\/wp\/v2\/product_brand?post=990323"},{"taxonomy":"product_cat","embeddable":true,"href":"https:\/\/agrovetazerbaijan.az\/ru\/wp-json\/wp\/v2\/product_cat?post=990323"},{"taxonomy":"product_tag","embeddable":true,"href":"https:\/\/agrovetazerbaijan.az\/ru\/wp-json\/wp\/v2\/product_tag?post=990323"}],"curies":[{"name":"WP","href":"https:\/\/api.w.org\/{rel}","templated":true}]}}