{"id":990320,"date":"2025-09-21T21:26:33","date_gmt":"2025-09-21T21:26:33","guid":{"rendered":"https:\/\/agrovetazerbaijan.az\/?post_type=product&#038;p=990320"},"modified":"2025-09-21T21:26:46","modified_gmt":"2025-09-21T21:26:46","slug":"interzan-gold-oral","status":"publish","type":"product","link":"https:\/\/agrovetazerbaijan.az\/ru\/product\/interzan-gold-oral\/","title":{"rendered":"Interzan Gold Oral"},"content":{"rendered":"<div class=\"vgblk-rw-wrapper limit-wrapper\">\n<h2 data-start=\"153\" data-end=\"180\"><strong data-start=\"156\" data-end=\"178\">Interzan Gold Oral<\/strong><\/h2>\n<p data-start=\"181\" data-end=\"231\"><strong data-start=\"181\" data-end=\"231\">Levamizol 3% &amp; Oksiklozanid 6% oral suspenziya<\/strong><\/p>\n<h3 data-start=\"233\" data-end=\"250\"><strong data-start=\"237\" data-end=\"248\">\u0418\u043d\u0433\u0440\u0435\u0434\u0438\u0435\u043d\u0442\u044b<\/strong><\/h3>\n<p data-start=\"251\" data-end=\"271\">H\u0259r 1 ml m\u0259hlulda:<\/p>\n<ul data-start=\"272\" data-end=\"338\">\n<li data-start=\"272\" data-end=\"309\">\n<p data-start=\"274\" data-end=\"309\"><strong data-start=\"274\" data-end=\"299\">Levamisol hidroxl\u00f6rid<\/strong> \u2013 30 mq<\/p>\n<\/li>\n<li data-start=\"310\" data-end=\"338\">\n<p data-start=\"312\" data-end=\"338\"><strong data-start=\"312\" data-end=\"328\">Oksiklozanid<\/strong> \u2013 60 mq<\/p>\n<\/li>\n<\/ul>\n<hr data-start=\"340\" data-end=\"343\" \/>\n<h3 data-start=\"345\" data-end=\"362\"><strong data-start=\"349\" data-end=\"360\">\u041e\u043f\u0438\u0441\u0430\u043d\u0438\u0435<\/strong><\/h3>\n<ul data-start=\"363\" data-end=\"844\">\n<li data-start=\"363\" data-end=\"617\">\n<p data-start=\"365\" data-end=\"617\"><strong data-start=\"365\" data-end=\"378\">Levamisol<\/strong> \u2014 imidazotiazol qrupuna aid antihelmintikdir. Parazitl\u0259rin sinir sistemin\u0259 t\u0259sir g\u00f6st\u0259r\u0259r\u0259k \u0259z\u0259l\u0259 iflici yarad\u0131r. Yetkin v\u0259 qeyri-yetkin m\u0259rh\u0259l\u0259d\u0259 olan <strong data-start=\"531\" data-end=\"560\">m\u0259d\u0259-ba\u011f\u0131rsaq nematodlar\u0131<\/strong> \u0438 <strong data-start=\"564\" data-end=\"597\">a\u011fciy\u0259r qurdu infeksiyalar\u0131na<\/strong> qar\u015f\u0131 t\u0259sirlidir.<\/p>\n<\/li>\n<li data-start=\"618\" data-end=\"844\">\n<p data-start=\"620\" data-end=\"844\"><strong data-start=\"620\" data-end=\"636\">Oksiklozanid<\/strong> \u2014 salisilanilid qrupuna aid preparatd\u0131r. \u018fsas\u0259n <strong data-start=\"685\" data-end=\"727\">yetkin qaraciy\u0259r qurdu (Fasciola spp.)<\/strong> infeksiyalar\u0131na qar\u015f\u0131 aktivdir. Qaraciy\u0259r, b\u00f6yr\u0259k v\u0259 ba\u011f\u0131rsaqlara yay\u0131l\u0131r, \u00f6d vasit\u0259sil\u0259 orqanizmd\u0259n xaric olunur.<\/p>\n<\/li>\n<\/ul>\n<hr data-start=\"846\" data-end=\"849\" \/>\n<h3 data-start=\"851\" data-end=\"882\"><strong data-start=\"855\" data-end=\"880\">\u0418\u043d\u0441\u0442\u0440\u0443\u043a\u0446\u0438\u044f \u043f\u043e \u043f\u0440\u0438\u043c\u0435\u043d\u0435\u043d\u0438\u044e<\/strong><\/h3>\n<p data-start=\"883\" data-end=\"965\"><strong data-start=\"883\" data-end=\"909\">\u0130ri buynuzlu heyvanlar<\/strong> \u0438 <strong data-start=\"913\" data-end=\"927\">qoyunlarda<\/strong> \u0438\u0441\u043f\u043e\u043b\u044c\u0437\u0443\u0435\u0442\u0441\u044f \u0432 \u0441\u043b\u0435\u0434\u0443\u044e\u0449\u0438\u0445 \u0441\u043b\u0443\u0447\u0430\u044f\u0445:<\/p>\n<ul data-start=\"966\" data-end=\"1249\">\n<li data-start=\"966\" data-end=\"999\">\n<p data-start=\"968\" data-end=\"999\"><strong data-start=\"968\" data-end=\"997\">M\u0259d\u0259-ba\u011f\u0131rsaq nematodlar\u0131<\/strong><\/p>\n<\/li>\n<li data-start=\"1000\" data-end=\"1202\">\n<p data-start=\"1002\" data-end=\"1202\"><strong data-start=\"1002\" data-end=\"1033\">A\u011fciy\u0259r qurdu infeksiyalar\u0131<\/strong> (<em data-start=\"1035\" data-end=\"1199\">Dictyocaulus spp., Trichostrongyles spp., Cooperia spp., Ostertagia spp., Haemonchus spp., Nematodirus spp., Bunostomum spp., Oesophagostomum spp., Chabertia spp.<\/em>)<\/p>\n<\/li>\n<li data-start=\"1203\" data-end=\"1249\">\n<p data-start=\"1205\" data-end=\"1249\"><strong data-start=\"1205\" data-end=\"1247\">Yetkin qaraciy\u0259r qurdu (Fasciola spp.)<\/strong><\/p>\n<\/li>\n<\/ul>\n<p data-start=\"1251\" data-end=\"1339\">X\u00fcsusil\u0259 <strong data-start=\"1260\" data-end=\"1287\">parazitar qastroenterit<\/strong> \u0438 <strong data-start=\"1291\" data-end=\"1324\">a\u011fciy\u0259r qurdu x\u0259st\u0259likl\u0259rind\u0259<\/strong> effektivdir.<\/p>\n<hr data-start=\"1341\" data-end=\"1344\" \/>\n<h3 data-start=\"1346\" data-end=\"1371\"><strong data-start=\"1350\" data-end=\"1369\">\u041f\u0440\u043e\u0442\u0438\u0432\u043e\u043f\u043e\u043a\u0430\u0437\u0430\u043d\u0438\u044f<\/strong><\/h3>\n<ul data-start=\"1372\" data-end=\"1472\">\n<li data-start=\"1372\" data-end=\"1472\">\n<p data-start=\"1374\" data-end=\"1472\">Aktiv madd\u0259y\u0259 v\u0259 ya k\u00f6m\u0259k\u00e7i komponentl\u0259r\u0259 qar\u015f\u0131 y\u00fcks\u0259k h\u0259ssasl\u0131q olduqda istifad\u0259 olunmamal\u0131d\u0131r.<\/p>\n<\/li>\n<\/ul>\n<hr data-start=\"1474\" data-end=\"1477\" \/>\n<h3 data-start=\"1479\" data-end=\"1501\"><strong data-start=\"1483\" data-end=\"1499\">Yan t\u0259sirl\u0259r<\/strong><\/h3>\n<ul data-start=\"1502\" data-end=\"1692\">\n<li data-start=\"1502\" data-end=\"1599\">\n<p data-start=\"1504\" data-end=\"1599\">Normal dozada in\u0259kd\u0259 y\u00fcng\u00fcl ishal, n\u0259cisin yum\u015falmas\u0131, q\u0131sa m\u00fcdd\u0259tli i\u015ftaha itkisi m\u00fcmk\u00fcnd\u00fcr.<\/p>\n<\/li>\n<li data-start=\"1600\" data-end=\"1692\">\n<p data-start=\"1602\" data-end=\"1692\">Nadir hallarda qoyunlarda anafilaktik reaksiya (ba\u015f nahiy\u0259sind\u0259 \u015fi\u015fkinlik) yarana bil\u0259r.<\/p>\n<\/li>\n<\/ul>\n<hr data-start=\"1694\" data-end=\"1697\" \/>\n<h3 data-start=\"1699\" data-end=\"1736\"><strong data-start=\"1703\" data-end=\"1734\">Dozalanma v\u0259 t\u0259tbiq qaydas\u0131<\/strong><\/h3>\n<p data-start=\"1737\" data-end=\"1762\"><strong data-start=\"1737\" data-end=\"1760\">Oral yolla verilir.<\/strong><\/p>\n<ul data-start=\"1764\" data-end=\"1865\">\n<li data-start=\"1764\" data-end=\"1821\">\n<p data-start=\"1766\" data-end=\"1821\"><strong data-start=\"1766\" data-end=\"1793\">\u0130ri buynuzlu heyvanlar:<\/strong> 25 ml \/ 100 kq canl\u0131 \u00e7\u0259ki<\/p>\n<\/li>\n<li data-start=\"1822\" data-end=\"1865\">\n<p data-start=\"1824\" data-end=\"1865\"><strong data-start=\"1824\" data-end=\"1837\">Qoyunlar:<\/strong> 2.5 ml \/ 10 kq canl\u0131 \u00e7\u0259ki<\/p>\n<\/li>\n<\/ul>\n<blockquote data-start=\"1867\" data-end=\"1908\">\n<p data-start=\"1869\" data-end=\"1908\">\u0130stifad\u0259d\u0259n \u0259vv\u0259l yax\u015f\u0131ca \u00e7alxalay\u0131n.<\/p>\n<\/blockquote>\n<hr data-start=\"1910\" data-end=\"1913\" \/>\n<h3 data-start=\"1915\" data-end=\"1958\"><strong data-start=\"1919\" data-end=\"1956\">\u00c7\u0259kilm\u0259 m\u00fcdd\u0259ti (withdrawal time)<\/strong><\/h3>\n<ul data-start=\"1959\" data-end=\"2123\">\n<li data-start=\"1959\" data-end=\"2058\">\n<p data-start=\"1961\" data-end=\"1994\"><strong data-start=\"1961\" data-end=\"1992\">\u018ft v\u0259 daxili orqanlar \u00fc\u00e7\u00fcn:<\/strong><\/p>\n<ul data-start=\"1997\" data-end=\"2058\">\n<li data-start=\"1997\" data-end=\"2033\">\n<p data-start=\"1999\" data-end=\"2033\">\u0130ri buynuzlu heyvanlarda: 28 g\u00fcn<\/p>\n<\/li>\n<li data-start=\"2036\" data-end=\"2058\">\n<p data-start=\"2038\" data-end=\"2058\">Qoyunlarda: 10 g\u00fcn<\/p>\n<\/li>\n<\/ul>\n<\/li>\n<li data-start=\"2059\" data-end=\"2123\">\n<p data-start=\"2061\" data-end=\"2123\">\u0130nsan istehlak\u0131 \u00fc\u00e7\u00fcn s\u00fcd ver\u0259n heyvanlarda istifad\u0259 olunmur.<\/p>\n<\/li>\n<\/ul>\n<hr data-start=\"2125\" data-end=\"2128\" \/>\n<h3 data-start=\"2130\" data-end=\"2151\"><strong data-start=\"2134\" data-end=\"2149\">\u0423\u043f\u0430\u043a\u043e\u0432\u043a\u0430<\/strong><\/h3>\n<ul data-start=\"2152\" data-end=\"2231\">\n<li data-start=\"2152\" data-end=\"2182\">\n<p data-start=\"2154\" data-end=\"2182\"><strong data-start=\"2154\" data-end=\"2180\">100 ml-lik \u015f\u00fc\u015f\u0259 flakon<\/strong><\/p>\n<\/li>\n<li data-start=\"2183\" data-end=\"2231\">\n<p data-start=\"2185\" data-end=\"2231\"><strong data-start=\"2185\" data-end=\"2229\">250 ml, 500 ml v\u0259 1000 ml-lik kanistrl\u0259r<\/strong><\/p>\n<\/li>\n<\/ul>\n<\/div>\n<p><!-- .vgblk-rw-wrapper --><\/p>","protected":false},"excerpt":{"rendered":"<p>Interzan Gold Oral Levamizol 3% &amp; Oksiklozanid 6% oral suspenziya T\u0259rkibi H\u0259r 1 ml m\u0259hlulda: Levamisol hidroxl\u00f6rid \u2013 30 mq Oksiklozanid \u2013 60 mq T\u0259sviri Levamisol \u2014 imidazotiazol qrupuna aid antihelmintikdir. Parazitl\u0259rin sinir sistemin\u0259 t\u0259sir g\u00f6st\u0259r\u0259r\u0259k \u0259z\u0259l\u0259 iflici yarad\u0131r. Yetkin v\u0259 qeyri-yetkin m\u0259rh\u0259l\u0259d\u0259 olan m\u0259d\u0259-ba\u011f\u0131rsaq nematodlar\u0131 v\u0259 a\u011fciy\u0259r qurdu infeksiyalar\u0131na qar\u015f\u0131 t\u0259sirlidir. Oksiklozanid \u2014 salisilanilid&#8230;<\/p>","protected":false},"featured_media":990321,"comment_status":"open","ping_status":"closed","template":"","meta":{"nf_dc_page":"","_monsterinsights_skip_tracking":false,"_monsterinsights_sitenote_active":false,"_monsterinsights_sitenote_note":"","_monsterinsights_sitenote_category":0},"product_brand":[],"product_cat":[251,108,114],"product_tag":[],"class_list":{"0":"post-990320","1":"product","2":"type-product","3":"status-publish","4":"has-post-thumbnail","6":"product_cat-veterinary-products","7":"product_cat-cow","8":"product_cat-sheep","10":"first","11":"instock","12":"shipping-taxable","13":"product-type-simple"},"jetpack_sharing_enabled":true,"_links":{"self":[{"href":"https:\/\/agrovetazerbaijan.az\/ru\/wp-json\/wp\/v2\/product\/990320","targetHints":{"allow":["GET"]}}],"collection":[{"href":"https:\/\/agrovetazerbaijan.az\/ru\/wp-json\/wp\/v2\/product"}],"about":[{"href":"https:\/\/agrovetazerbaijan.az\/ru\/wp-json\/wp\/v2\/types\/product"}],"replies":[{"embeddable":true,"href":"https:\/\/agrovetazerbaijan.az\/ru\/wp-json\/wp\/v2\/comments?post=990320"}],"version-history":[{"count":1,"href":"https:\/\/agrovetazerbaijan.az\/ru\/wp-json\/wp\/v2\/product\/990320\/revisions"}],"predecessor-version":[{"id":990322,"href":"https:\/\/agrovetazerbaijan.az\/ru\/wp-json\/wp\/v2\/product\/990320\/revisions\/990322"}],"wp:featuredmedia":[{"embeddable":true,"href":"https:\/\/agrovetazerbaijan.az\/ru\/wp-json\/wp\/v2\/media\/990321"}],"wp:attachment":[{"href":"https:\/\/agrovetazerbaijan.az\/ru\/wp-json\/wp\/v2\/media?parent=990320"}],"wp:term":[{"taxonomy":"product_brand","embeddable":true,"href":"https:\/\/agrovetazerbaijan.az\/ru\/wp-json\/wp\/v2\/product_brand?post=990320"},{"taxonomy":"product_cat","embeddable":true,"href":"https:\/\/agrovetazerbaijan.az\/ru\/wp-json\/wp\/v2\/product_cat?post=990320"},{"taxonomy":"product_tag","embeddable":true,"href":"https:\/\/agrovetazerbaijan.az\/ru\/wp-json\/wp\/v2\/product_tag?post=990320"}],"curies":[{"name":"WP","href":"https:\/\/api.w.org\/{rel}","templated":true}]}}