{"id":990316,"date":"2025-09-21T21:23:12","date_gmt":"2025-09-21T21:23:12","guid":{"rendered":"https:\/\/agrovetazerbaijan.az\/?post_type=product&#038;p=990316"},"modified":"2025-09-21T21:23:25","modified_gmt":"2025-09-21T21:23:25","slug":"biocillin-150-la","status":"publish","type":"product","link":"https:\/\/agrovetazerbaijan.az\/ru\/product\/biocillin-150-la\/","title":{"rendered":"Biocillin-150 LA"},"content":{"rendered":"<div class=\"vgblk-rw-wrapper limit-wrapper\">\n<h2 data-start=\"151\" data-end=\"176\"><strong data-start=\"154\" data-end=\"174\">Biocillin-150 LA<\/strong><\/h2>\n<p data-start=\"177\" data-end=\"215\"><strong data-start=\"177\" data-end=\"215\">Amoksisillin 15% inyeksiya m\u0259hlulu<\/strong><\/p>\n<h3 data-start=\"217\" data-end=\"234\"><strong data-start=\"221\" data-end=\"232\">\u0418\u043d\u0433\u0440\u0435\u0434\u0438\u0435\u043d\u0442\u044b<\/strong><\/h3>\n<p data-start=\"235\" data-end=\"255\">H\u0259r 1 ml m\u0259hlulda:<\/p>\n<ul data-start=\"256\" data-end=\"296\">\n<li data-start=\"256\" data-end=\"296\">\n<p data-start=\"258\" data-end=\"296\"><strong data-start=\"258\" data-end=\"285\">Amoksisillin \u0259sas madd\u0259<\/strong> \u2013 150 mq<\/p>\n<\/li>\n<\/ul>\n<hr data-start=\"298\" data-end=\"301\" \/>\n<h3 data-start=\"303\" data-end=\"320\"><strong data-start=\"307\" data-end=\"318\">\u041e\u043f\u0438\u0441\u0430\u043d\u0438\u0435<\/strong><\/h3>\n<p data-start=\"321\" data-end=\"551\">Amoksisillin \u2014 <strong data-start=\"336\" data-end=\"364\">yar\u0131msintetik penisillin<\/strong> qrupuna aid, geni\u015f t\u0259sir spektrin\u0259 malik antibiotikdir. Qram-m\u00fcsb\u0259t v\u0259 qram-m\u0259nfi bakteriyalara qar\u015f\u0131 bakterisid t\u0259sir g\u00f6st\u0259rir. X\u00fcsusil\u0259 a\u015fa\u011f\u0131dak\u0131 mikroorqanizml\u0259r\u0259 qar\u015f\u0131 effektivdir:<\/p>\n<ul data-start=\"552\" data-end=\"815\">\n<li data-start=\"552\" data-end=\"576\">\n<p data-start=\"554\" data-end=\"576\"><em data-start=\"554\" data-end=\"574\">\u041a\u0430\u043c\u043f\u0438\u043b\u043e\u0431\u0430\u043a\u0442\u0435\u0440 spp.<\/em><\/p>\n<\/li>\n<li data-start=\"577\" data-end=\"599\">\n<p data-start=\"579\" data-end=\"599\"><em data-start=\"579\" data-end=\"597\">Clostridium spp.<\/em><\/p>\n<\/li>\n<li data-start=\"600\" data-end=\"626\">\n<p data-start=\"602\" data-end=\"626\"><em data-start=\"602\" data-end=\"624\">Corynebacterium spp.<\/em><\/p>\n<\/li>\n<li data-start=\"627\" data-end=\"640\">\n<p data-start=\"629\" data-end=\"640\"><em data-start=\"629\" data-end=\"638\">\u043a\u0438\u0448\u0435\u0447\u043d\u0430\u044f \u043f\u0430\u043b\u043e\u0447\u043a\u0430<\/em><\/p>\n<\/li>\n<li data-start=\"641\" data-end=\"666\">\n<p data-start=\"643\" data-end=\"666\"><em data-start=\"643\" data-end=\"664\">Erysipelothrix spp.<\/em><\/p>\n<\/li>\n<li data-start=\"667\" data-end=\"689\">\n<p data-start=\"669\" data-end=\"689\"><em data-start=\"669\" data-end=\"687\">\u0413\u0435\u043c\u043e\u0444\u0438\u043b\u044c\u043d\u0430\u044f \u043f\u0430\u043b\u043e\u0447\u043a\u0430.<\/em><\/p>\n<\/li>\n<li data-start=\"690\" data-end=\"712\">\n<p data-start=\"692\" data-end=\"712\"><em data-start=\"692\" data-end=\"710\">\u041f\u0430\u0441\u0442\u0435\u0440\u0435\u043b\u043b\u0430 spp.<\/em><\/p>\n<\/li>\n<li data-start=\"713\" data-end=\"734\">\n<p data-start=\"715\" data-end=\"734\"><em data-start=\"715\" data-end=\"732\">\u0421\u0430\u043b\u044c\u043c\u043e\u043d\u0435\u043b\u043b\u0430 spp.<\/em><\/p>\n<\/li>\n<li data-start=\"735\" data-end=\"815\">\n<p data-start=\"737\" data-end=\"815\">Penisillinaza istehsal etm\u0259y\u0259n <em data-start=\"768\" data-end=\"789\">\u0421\u0442\u0430\u0444\u0438\u043b\u043e\u043a\u043e\u043a\u043a\u0438 spp.<\/em> \u0438 <em data-start=\"793\" data-end=\"813\">\u0421\u0442\u0440\u0435\u043f\u0442\u043e\u043a\u043e\u043a\u043a\u0438 spp.<\/em><\/p>\n<\/li>\n<\/ul>\n<p data-start=\"817\" data-end=\"975\">T\u0259sir mexanizmi bakteriya h\u00fcceyr\u0259 divar\u0131n\u0131n sintezini bloklamaqla h\u0259yata ke\u00e7irilir. Preparat \u0259sas\u0259n sidikl\u0259, m\u00fc\u0259yy\u0259n hiss\u0259si is\u0259 \u00f6d vasit\u0259sil\u0259 xaric olunur.<\/p>\n<hr data-start=\"977\" data-end=\"980\" \/>\n<h3 data-start=\"982\" data-end=\"1013\"><strong data-start=\"986\" data-end=\"1011\">\u0418\u043d\u0441\u0442\u0440\u0443\u043a\u0446\u0438\u044f \u043f\u043e \u043f\u0440\u0438\u043c\u0435\u043d\u0435\u043d\u0438\u044e<\/strong><\/h3>\n<p data-start=\"1014\" data-end=\"1094\">Amoksisillin\u0259 h\u0259ssas mikroorqanizml\u0259rin t\u00f6r\u0259tdiyi x\u0259st\u0259likl\u0259rd\u0259 t\u0259tbiq olunur:<\/p>\n<ul data-start=\"1095\" data-end=\"1215\">\n<li data-start=\"1095\" data-end=\"1130\">\n<p data-start=\"1097\" data-end=\"1130\"><strong data-start=\"1097\" data-end=\"1128\">M\u0259d\u0259-ba\u011f\u0131rsaq infeksiyalar\u0131<\/strong><\/p>\n<\/li>\n<li data-start=\"1131\" data-end=\"1169\">\n<p data-start=\"1133\" data-end=\"1169\"><strong data-start=\"1133\" data-end=\"1167\">\u0418\u043d\u0444\u0435\u043a\u0446\u0438\u0438 \u0434\u044b\u0445\u0430\u0442\u0435\u043b\u044c\u043d\u044b\u0445 \u043f\u0443\u0442\u0435\u0439<\/strong><\/p>\n<\/li>\n<li data-start=\"1170\" data-end=\"1215\">\n<p data-start=\"1172\" data-end=\"1215\"><strong data-start=\"1172\" data-end=\"1213\">Sidik-cinsiyy\u0259t sistemi infeksiyalar\u0131<\/strong><\/p>\n<\/li>\n<\/ul>\n<p data-start=\"1217\" data-end=\"1235\">\u041e\u0431\u043b\u0430\u0441\u0442\u044c \u043f\u0440\u0438\u043c\u0435\u043d\u0435\u043d\u0438\u044f:<\/p>\n<ul data-start=\"1236\" data-end=\"1325\">\n<li data-start=\"1236\" data-end=\"1287\">\n<p data-start=\"1238\" data-end=\"1287\">\u0130ri buynuzlu heyvanlar (buzovlar daxil olmaqla)<\/p>\n<\/li>\n<li data-start=\"1288\" data-end=\"1300\">\n<p data-start=\"1290\" data-end=\"1300\">\u041e\u0432\u0446\u0430<\/p>\n<\/li>\n<li data-start=\"1301\" data-end=\"1312\">\n<p data-start=\"1303\" data-end=\"1312\">\u041a\u043e\u0437\u044b<\/p>\n<\/li>\n<li data-start=\"1313\" data-end=\"1325\">\n<p data-start=\"1315\" data-end=\"1325\">\u0421\u0432\u0438\u043d\u044c\u0438<\/p>\n<\/li>\n<\/ul>\n<hr data-start=\"1327\" data-end=\"1330\" \/>\n<h3 data-start=\"1332\" data-end=\"1357\"><strong data-start=\"1336\" data-end=\"1355\">\u041f\u0440\u043e\u0442\u0438\u0432\u043e\u043f\u043e\u043a\u0430\u0437\u0430\u043d\u0438\u044f<\/strong><\/h3>\n<ul data-start=\"1358\" data-end=\"1525\">\n<li data-start=\"1358\" data-end=\"1398\">\n<p data-start=\"1360\" data-end=\"1398\">Amoksisillin\u0259 qar\u015f\u0131 y\u00fcks\u0259k h\u0259ssasl\u0131q<\/p>\n<\/li>\n<li data-start=\"1399\" data-end=\"1436\">\n<p data-start=\"1401\" data-end=\"1436\">A\u011f\u0131r d\u0259r\u0259c\u0259d\u0259 b\u00f6yr\u0259k \u00e7at\u0131\u015fmazl\u0131\u011f\u0131<\/p>\n<\/li>\n<li data-start=\"1437\" data-end=\"1525\">\n<p data-start=\"1439\" data-end=\"1525\">Tetrasiklinl\u0259r, xloramfenikol, makrolidl\u0259r v\u0259 linkosamidl\u0259r il\u0259 eyni vaxtda istifad\u0259<\/p>\n<\/li>\n<\/ul>\n<hr data-start=\"1527\" data-end=\"1530\" \/>\n<h3 data-start=\"1532\" data-end=\"1554\"><strong data-start=\"1536\" data-end=\"1552\">Yan t\u0259sirl\u0259r<\/strong><\/h3>\n<ul data-start=\"1555\" data-end=\"1600\">\n<li data-start=\"1555\" data-end=\"1600\">\n<p data-start=\"1557\" data-end=\"1600\">Allergik reaksiyalar m\u00fc\u015fahid\u0259 oluna bil\u0259r<\/p>\n<\/li>\n<\/ul>\n<hr data-start=\"1602\" data-end=\"1605\" \/>\n<h3 data-start=\"1607\" data-end=\"1644\"><strong data-start=\"1611\" data-end=\"1642\">Dozalanma v\u0259 t\u0259tbiq qaydas\u0131<\/strong><\/h3>\n<p data-start=\"1645\" data-end=\"1697\"><strong data-start=\"1645\" data-end=\"1671\">\u018fz\u0259l\u0259 daxili inyeksiya<\/strong> \u015f\u0259klind\u0259 t\u0259tbiq olunur.<\/p>\n<ul data-start=\"1699\" data-end=\"1850\">\n<li data-start=\"1699\" data-end=\"1741\">\n<p data-start=\"1701\" data-end=\"1741\">\u00dcmumi doz: <strong data-start=\"1712\" data-end=\"1739\">1 ml \/ 10 kq canl\u0131 \u00e7\u0259ki<\/strong><\/p>\n<\/li>\n<li data-start=\"1742\" data-end=\"1801\">\n<p data-start=\"1744\" data-end=\"1801\">Z\u0259rur\u0259t olduqda 48 saat sonra t\u0259krar t\u0259tbiq oluna bil\u0259r<\/p>\n<\/li>\n<li data-start=\"1802\" data-end=\"1850\">\n<p data-start=\"1804\" data-end=\"1850\">\u0130stifad\u0259d\u0259n \u0259vv\u0259l flakonu yax\u015f\u0131ca \u00e7alxalay\u0131n<\/p>\n<\/li>\n<\/ul>\n<p data-start=\"1852\" data-end=\"1913\"><strong data-start=\"1852\" data-end=\"1911\">Bir inyeksiya nahiy\u0259sin\u0259 maksimum t\u0259tbiq olunmal\u0131 h\u0259cm:<\/strong><\/p>\n<ul data-start=\"1914\" data-end=\"2010\">\n<li data-start=\"1914\" data-end=\"1950\">\n<p data-start=\"1916\" data-end=\"1950\">\u0130ri buynuzlu heyvanlarda \u2013 20 ml<\/p>\n<\/li>\n<li data-start=\"1951\" data-end=\"1987\">\n<p data-start=\"1953\" data-end=\"1987\">Buzov, qoyun v\u0259 ke\u00e7il\u0259rd\u0259 \u2013 5 ml<\/p>\n<\/li>\n<li data-start=\"1988\" data-end=\"2010\">\n<p data-start=\"1990\" data-end=\"2010\">Donuzlarda \u2013 10 ml<\/p>\n<\/li>\n<\/ul>\n<hr data-start=\"2012\" data-end=\"2015\" \/>\n<h3 data-start=\"2017\" data-end=\"2060\"><strong data-start=\"2021\" data-end=\"2058\">\u00c7\u0259kilm\u0259 m\u00fcdd\u0259ti (withdrawal time)<\/strong><\/h3>\n<ul data-start=\"2061\" data-end=\"2108\">\n<li data-start=\"2061\" data-end=\"2084\">\n<p data-start=\"2063\" data-end=\"2084\"><strong data-start=\"2063\" data-end=\"2075\">\u0414\u043b\u044f \u043c\u044f\u0441\u0430:<\/strong> 21 g\u00fcn<\/p>\n<\/li>\n<li data-start=\"2085\" data-end=\"2108\">\n<p data-start=\"2087\" data-end=\"2108\"><strong data-start=\"2087\" data-end=\"2100\">S\u00fcd \u00fc\u00e7\u00fcn:<\/strong> 3 \u0434\u043d\u044f<\/p>\n<\/li>\n<\/ul>\n<blockquote data-start=\"2109\" data-end=\"2180\">\n<p data-start=\"2111\" data-end=\"2180\">\u0130nsan istehlak\u0131 \u00fc\u00e7\u00fcn s\u00fcd ver\u0259n qoyun v\u0259 ke\u00e7il\u0259rd\u0259 istifad\u0259 olunmur.<\/p>\n<\/blockquote>\n<hr data-start=\"2182\" data-end=\"2185\" \/>\n<h3 data-start=\"2187\" data-end=\"2208\"><strong data-start=\"2191\" data-end=\"2206\">\u0423\u043f\u0430\u043a\u043e\u0432\u043a\u0430<\/strong><\/h3>\n<ul data-start=\"2209\" data-end=\"2251\">\n<li data-start=\"2209\" data-end=\"2251\">\n<p data-start=\"2211\" data-end=\"2251\"><strong data-start=\"2211\" data-end=\"2249\">50 ml v\u0259 100 ml-lik \u015f\u00fc\u015f\u0259 flakonlar<\/strong><\/p>\n<\/li>\n<\/ul>\n<hr data-start=\"2253\" data-end=\"2256\" \/>\n<p data-start=\"2312\" data-end=\"2839\">\n<\/div>\n<p><!-- .vgblk-rw-wrapper --><\/p>","protected":false},"excerpt":{"rendered":"<p>Biocillin-150 LA Amoksisillin 15% inyeksiya m\u0259hlulu T\u0259rkibi H\u0259r 1 ml m\u0259hlulda: Amoksisillin \u0259sas madd\u0259 \u2013 150 mq T\u0259sviri Amoksisillin \u2014 yar\u0131msintetik penisillin qrupuna aid, geni\u015f t\u0259sir spektrin\u0259 malik antibiotikdir. Qram-m\u00fcsb\u0259t v\u0259 qram-m\u0259nfi bakteriyalara qar\u015f\u0131 bakterisid t\u0259sir g\u00f6st\u0259rir. X\u00fcsusil\u0259 a\u015fa\u011f\u0131dak\u0131 mikroorqanizml\u0259r\u0259 qar\u015f\u0131 effektivdir: Campylobacter spp. Clostridium spp. Corynebacterium spp. E. coli Erysipelothrix spp. Haemophilus spp. Pasteurella&#8230;<\/p>","protected":false},"featured_media":990317,"comment_status":"open","ping_status":"closed","template":"","meta":{"nf_dc_page":"","_monsterinsights_skip_tracking":false,"_monsterinsights_sitenote_active":false,"_monsterinsights_sitenote_note":"","_monsterinsights_sitenote_category":0},"product_brand":[],"product_cat":[251,108,114],"product_tag":[],"class_list":{"0":"post-990316","1":"product","2":"type-product","3":"status-publish","4":"has-post-thumbnail","6":"product_cat-veterinary-products","7":"product_cat-cow","8":"product_cat-sheep","10":"first","11":"instock","12":"shipping-taxable","13":"product-type-simple"},"jetpack_sharing_enabled":true,"_links":{"self":[{"href":"https:\/\/agrovetazerbaijan.az\/ru\/wp-json\/wp\/v2\/product\/990316","targetHints":{"allow":["GET"]}}],"collection":[{"href":"https:\/\/agrovetazerbaijan.az\/ru\/wp-json\/wp\/v2\/product"}],"about":[{"href":"https:\/\/agrovetazerbaijan.az\/ru\/wp-json\/wp\/v2\/types\/product"}],"replies":[{"embeddable":true,"href":"https:\/\/agrovetazerbaijan.az\/ru\/wp-json\/wp\/v2\/comments?post=990316"}],"version-history":[{"count":2,"href":"https:\/\/agrovetazerbaijan.az\/ru\/wp-json\/wp\/v2\/product\/990316\/revisions"}],"predecessor-version":[{"id":990319,"href":"https:\/\/agrovetazerbaijan.az\/ru\/wp-json\/wp\/v2\/product\/990316\/revisions\/990319"}],"wp:featuredmedia":[{"embeddable":true,"href":"https:\/\/agrovetazerbaijan.az\/ru\/wp-json\/wp\/v2\/media\/990317"}],"wp:attachment":[{"href":"https:\/\/agrovetazerbaijan.az\/ru\/wp-json\/wp\/v2\/media?parent=990316"}],"wp:term":[{"taxonomy":"product_brand","embeddable":true,"href":"https:\/\/agrovetazerbaijan.az\/ru\/wp-json\/wp\/v2\/product_brand?post=990316"},{"taxonomy":"product_cat","embeddable":true,"href":"https:\/\/agrovetazerbaijan.az\/ru\/wp-json\/wp\/v2\/product_cat?post=990316"},{"taxonomy":"product_tag","embeddable":true,"href":"https:\/\/agrovetazerbaijan.az\/ru\/wp-json\/wp\/v2\/product_tag?post=990316"}],"curies":[{"name":"WP","href":"https:\/\/api.w.org\/{rel}","templated":true}]}}