{"id":990281,"date":"2025-08-27T22:56:27","date_gmt":"2025-08-27T22:56:27","guid":{"rendered":"https:\/\/agrovetazerbaijan.az\/?post_type=product&#038;p=990281"},"modified":"2025-08-27T22:56:40","modified_gmt":"2025-08-27T22:56:40","slug":"masterblue","status":"publish","type":"product","link":"https:\/\/agrovetazerbaijan.az\/ru\/product\/masterblue\/","title":{"rendered":"MASTERBLUE"},"content":{"rendered":"<div class=\"vgblk-rw-wrapper limit-wrapper\">\n<p data-start=\"85\" data-end=\"121\"><strong data-start=\"85\" data-end=\"119\">MASTERBLUE \u2013 A\u015f\u0131 Stabilizatoru<\/strong><\/p>\n<p data-start=\"123\" data-end=\"495\"><strong data-start=\"123\" data-end=\"137\">MASTERBLUE<\/strong> qu\u015flar \u00fc\u00e7\u00fcn haz\u0131rlanm\u0131\u015f <strong data-start=\"162\" data-end=\"199\">toz \u015f\u0259klind\u0259 a\u015f\u0131 stabilizatorudur<\/strong>.<br data-start=\"200\" data-end=\"203\" \/>MASTERBLUE, a\u015f\u0131lar\u0131 suyun i\u00e7ind\u0259ki a\u011f\u0131r metallar v\u0259 xlorun t\u0259sirind\u0259n qoruyur. \u0130\u00e7m\u0259li sularda a\u015f\u0131n\u0131n d\u00fczg\u00fcn t\u0259sirini izl\u0259m\u0259k \u00fc\u00e7\u00fcn istifad\u0259 olunur. M\u0259hsul sudak\u0131 a\u011f\u0131r metallar v\u0259 xlorla reaksiya ver\u0259r\u0259k z\u0259r\u0259rli t\u0259sirl\u0259ri aradan qald\u0131r\u0131r. Y\u00fcks\u0259k konsentrasiyal\u0131 m\u0259hsul suda \u00e7ox tez h\u0259ll olur.<\/p>\n<p data-start=\"497\" data-end=\"606\"><strong data-start=\"497\" data-end=\"560\">Qanadl\u0131lar\u0131n gagalar\u0131nda v\u0259 kursaqlar\u0131nda yaranan mavi r\u0259ng<\/strong> stabilizatorun q\u0259bul olundu\u011funun s\u00fcbutudur.<\/p>\n<h3 data-start=\"608\" data-end=\"621\">\u0418\u043d\u0433\u0440\u0435\u0434\u0438\u0435\u043d\u0442\u044b<\/h3>\n<p data-start=\"622\" data-end=\"650\">H\u0259r 15 qram MASTERBLUE-da:<\/p>\n<ul data-start=\"651\" data-end=\"750\">\n<li data-start=\"651\" data-end=\"686\">\n<p data-start=\"653\" data-end=\"686\"><strong data-start=\"653\" data-end=\"673\">Sodium Tios\u00fclfat<\/strong> \u2013 1.500 mq<\/p>\n<\/li>\n<li data-start=\"687\" data-end=\"750\">\n<p data-start=\"689\" data-end=\"750\"><strong data-start=\"689\" data-end=\"706\">Patent Blue V<\/strong> \u2013 1.200 mq<br data-start=\"717\" data-end=\"720\" \/>R\u0259ngi: <strong data-start=\"727\" data-end=\"748\">Qoyu lacivert toz<\/strong><\/p>\n<\/li>\n<\/ul>\n<h3 data-start=\"752\" data-end=\"774\">\u0418\u043d\u0441\u0442\u0440\u0443\u043a\u0446\u0438\u044f \u043f\u043e \u043f\u0440\u0438\u043c\u0435\u043d\u0435\u043d\u0438\u044e<\/h3>\n<ul data-start=\"775\" data-end=\"845\">\n<li data-start=\"775\" data-end=\"845\">\n<p data-start=\"777\" data-end=\"845\">H\u0259r <strong data-start=\"781\" data-end=\"808\">45 qram MASTERBLUE sa\u015fe<\/strong> 300 litr i\u00e7m\u0259li suya qar\u0131\u015fd\u0131r\u0131l\u0131r.<\/p>\n<\/li>\n<\/ul>\n<h3 data-start=\"847\" data-end=\"864\">\u0423\u043f\u0430\u043a\u043e\u0432\u043a\u0430<\/h3>\n<ul data-start=\"865\" data-end=\"908\">\n<li data-start=\"865\" data-end=\"908\">\n<p data-start=\"867\" data-end=\"908\"><strong data-start=\"867\" data-end=\"906\">80 \u0259d\u0259d 45 qram sa\u015fe \/ plastik kova<\/strong><\/p>\n<\/li>\n<\/ul>\n<p data-start=\"910\" data-end=\"966\" data-is-last-node=\"\" data-is-only-node=\"\"><strong data-start=\"910\" data-end=\"919\">\u041f\u0440\u0438\u043c\u0435\u0447\u0430\u043d\u0438\u0435:<\/strong> M\u0259hsul yaln\u0131z <strong data-start=\"934\" data-end=\"949\">qu\u015flar \u00fc\u00e7\u00fcn<\/strong> n\u0259z\u0259rd\u0259 tutulub.<\/p>\n<\/div>\n<p><!-- .vgblk-rw-wrapper --><\/p>","protected":false},"excerpt":{"rendered":"<p>MASTERBLUE \u2013 A\u015f\u0131 Stabilizatoru MASTERBLUE qu\u015flar \u00fc\u00e7\u00fcn haz\u0131rlanm\u0131\u015f toz \u015f\u0259klind\u0259 a\u015f\u0131 stabilizatorudur.MASTERBLUE, a\u015f\u0131lar\u0131 suyun i\u00e7ind\u0259ki a\u011f\u0131r metallar v\u0259 xlorun t\u0259sirind\u0259n qoruyur. \u0130\u00e7m\u0259li sularda a\u015f\u0131n\u0131n d\u00fczg\u00fcn t\u0259sirini izl\u0259m\u0259k \u00fc\u00e7\u00fcn istifad\u0259 olunur. M\u0259hsul sudak\u0131 a\u011f\u0131r metallar v\u0259 xlorla reaksiya ver\u0259r\u0259k z\u0259r\u0259rli t\u0259sirl\u0259ri aradan qald\u0131r\u0131r. Y\u00fcks\u0259k konsentrasiyal\u0131 m\u0259hsul suda \u00e7ox tez h\u0259ll olur. Qanadl\u0131lar\u0131n gagalar\u0131nda v\u0259 kursaqlar\u0131nda yaranan&#8230;<\/p>","protected":false},"featured_media":990282,"comment_status":"open","ping_status":"closed","template":"","meta":{"nf_dc_page":"","_monsterinsights_skip_tracking":false,"_monsterinsights_sitenote_active":false,"_monsterinsights_sitenote_note":"","_monsterinsights_sitenote_category":0},"product_brand":[],"product_cat":[160,68],"product_tag":[],"class_list":{"0":"post-990281","1":"product","2":"type-product","3":"status-publish","4":"has-post-thumbnail","6":"product_cat-nutrients","7":"product_cat-poultry","9":"first","10":"instock","11":"shipping-taxable","12":"product-type-simple"},"jetpack_sharing_enabled":true,"_links":{"self":[{"href":"https:\/\/agrovetazerbaijan.az\/ru\/wp-json\/wp\/v2\/product\/990281","targetHints":{"allow":["GET"]}}],"collection":[{"href":"https:\/\/agrovetazerbaijan.az\/ru\/wp-json\/wp\/v2\/product"}],"about":[{"href":"https:\/\/agrovetazerbaijan.az\/ru\/wp-json\/wp\/v2\/types\/product"}],"replies":[{"embeddable":true,"href":"https:\/\/agrovetazerbaijan.az\/ru\/wp-json\/wp\/v2\/comments?post=990281"}],"version-history":[{"count":1,"href":"https:\/\/agrovetazerbaijan.az\/ru\/wp-json\/wp\/v2\/product\/990281\/revisions"}],"predecessor-version":[{"id":990283,"href":"https:\/\/agrovetazerbaijan.az\/ru\/wp-json\/wp\/v2\/product\/990281\/revisions\/990283"}],"wp:featuredmedia":[{"embeddable":true,"href":"https:\/\/agrovetazerbaijan.az\/ru\/wp-json\/wp\/v2\/media\/990282"}],"wp:attachment":[{"href":"https:\/\/agrovetazerbaijan.az\/ru\/wp-json\/wp\/v2\/media?parent=990281"}],"wp:term":[{"taxonomy":"product_brand","embeddable":true,"href":"https:\/\/agrovetazerbaijan.az\/ru\/wp-json\/wp\/v2\/product_brand?post=990281"},{"taxonomy":"product_cat","embeddable":true,"href":"https:\/\/agrovetazerbaijan.az\/ru\/wp-json\/wp\/v2\/product_cat?post=990281"},{"taxonomy":"product_tag","embeddable":true,"href":"https:\/\/agrovetazerbaijan.az\/ru\/wp-json\/wp\/v2\/product_tag?post=990281"}],"curies":[{"name":"WP","href":"https:\/\/api.w.org\/{rel}","templated":true}]}}