{"id":990278,"date":"2025-08-27T22:53:54","date_gmt":"2025-08-27T22:53:54","guid":{"rendered":"https:\/\/agrovetazerbaijan.az\/?post_type=product&#038;p=990278"},"modified":"2025-08-27T22:54:07","modified_gmt":"2025-08-27T22:54:07","slug":"feedbind-dry","status":"publish","type":"product","link":"https:\/\/agrovetazerbaijan.az\/ru\/product\/feedbind-dry\/","title":{"rendered":"FEEDBIND DRY"},"content":{"rendered":"<div class=\"vgblk-rw-wrapper limit-wrapper\">\n<p data-start=\"85\" data-end=\"293\"><strong data-start=\"85\" data-end=\"101\">FEEDBIND DRY<\/strong> \u2013 <strong data-start=\"104\" data-end=\"208\">lignos\u00fclfonat v\u0259 kalsium sulfat\u0131n balansl\u0131 v\u0259 effektiv qar\u0131\u015f\u0131\u011f\u0131ndan ibar\u0259t olan pellet ba\u011flay\u0131c\u0131d\u0131r.<\/strong><br data-start=\"208\" data-end=\"211\" \/>Pellet yemin sabitliyini v\u0259 keyfiyy\u0259tini art\u0131ran komponentl\u0259rd\u0259n haz\u0131rlanm\u0131\u015fd\u0131r.<\/p>\n<p data-start=\"295\" data-end=\"640\">Yeml\u0259rin pellet formaya g\u0259tirilm\u0259si zaman\u0131 <strong data-start=\"338\" data-end=\"375\">optimal m\u00f6hk\u0259mlik v\u0259 dayan\u0131ql\u0131l\u0131q<\/strong> t\u0259min ed\u0259r\u0259k qida itkil\u0259rinin qar\u015f\u0131s\u0131n\u0131 al\u0131r. Pelletin da\u011f\u0131lmas\u0131n\u0131n v\u0259 tozlanma n\u0259tic\u0259sind\u0259 yaranan itkil\u0259rin qar\u015f\u0131s\u0131n\u0131 al\u0131r. <strong data-start=\"502\" data-end=\"528\">Vahid \u00f6l\u00e7\u00fcd\u0259 pelletl\u0259r<\/strong> yaradaraq maksimum FCR (yem \u00e7evrilm\u0259 nisb\u0259ti) \u0259ld\u0259 olunmas\u0131na v\u0259 enerji itkil\u0259rinin azald\u0131lmas\u0131na k\u00f6m\u0259k edir.<\/p>\n<h3 data-start=\"642\" data-end=\"655\">\u0418\u043d\u0433\u0440\u0435\u0434\u0438\u0435\u043d\u0442\u044b<\/h3>\n<p data-start=\"656\" data-end=\"672\">H\u0259r 1 kq \u00fc\u00e7\u00fcn:<\/p>\n<ul data-start=\"673\" data-end=\"750\">\n<li data-start=\"673\" data-end=\"715\">\n<p data-start=\"675\" data-end=\"715\"><strong data-start=\"675\" data-end=\"700\">Kalsium Lignos\u00fclfonat<\/strong> \u2013 666.000 mq<\/p>\n<\/li>\n<li data-start=\"716\" data-end=\"750\">\n<p data-start=\"718\" data-end=\"750\"><strong data-start=\"718\" data-end=\"736\">Kalsium Sulfat<\/strong> \u2013 20.000 mq<\/p>\n<\/li>\n<\/ul>\n<h3 data-start=\"752\" data-end=\"774\">\u0418\u043d\u0441\u0442\u0440\u0443\u043a\u0446\u0438\u044f \u043f\u043e \u043f\u0440\u0438\u043c\u0435\u043d\u0435\u043d\u0438\u044e<\/h3>\n<ul data-start=\"775\" data-end=\"822\">\n<li data-start=\"775\" data-end=\"822\">\n<p data-start=\"777\" data-end=\"822\"><strong data-start=\"777\" data-end=\"803\">1.000 kq yem \u00fc\u00e7\u00fcn 1 kq<\/strong> \u0438\u0441\u043f\u043e\u043b\u044c\u0437\u0443\u0435\u0442\u0441\u044f.<\/p>\n<\/li>\n<\/ul>\n<h3 data-start=\"824\" data-end=\"841\">\u0423\u043f\u0430\u043a\u043e\u0432\u043a\u0430<\/h3>\n<ul data-start=\"842\" data-end=\"866\" data-is-last-node=\"\" data-is-only-node=\"\">\n<li data-start=\"842\" data-end=\"866\" data-is-last-node=\"\">\n<p data-start=\"844\" data-end=\"866\" data-is-last-node=\"\"><strong data-start=\"844\" data-end=\"864\">25 kq kraft kis\u0259<\/strong><\/p>\n<\/li>\n<\/ul>\n<\/div>\n<p><!-- .vgblk-rw-wrapper --><\/p>","protected":false},"excerpt":{"rendered":"<p>FEEDBIND DRY \u2013 lignos\u00fclfonat v\u0259 kalsium sulfat\u0131n balansl\u0131 v\u0259 effektiv qar\u0131\u015f\u0131\u011f\u0131ndan ibar\u0259t olan pellet ba\u011flay\u0131c\u0131d\u0131r.Pellet yemin sabitliyini v\u0259 keyfiyy\u0259tini art\u0131ran komponentl\u0259rd\u0259n haz\u0131rlanm\u0131\u015fd\u0131r. Yeml\u0259rin pellet formaya g\u0259tirilm\u0259si zaman\u0131 optimal m\u00f6hk\u0259mlik v\u0259 dayan\u0131ql\u0131l\u0131q t\u0259min ed\u0259r\u0259k qida itkil\u0259rinin qar\u015f\u0131s\u0131n\u0131 al\u0131r. Pelletin da\u011f\u0131lmas\u0131n\u0131n v\u0259 tozlanma n\u0259tic\u0259sind\u0259 yaranan itkil\u0259rin qar\u015f\u0131s\u0131n\u0131 al\u0131r. Vahid \u00f6l\u00e7\u00fcd\u0259 pelletl\u0259r yaradaraq maksimum FCR (yem \u00e7evrilm\u0259 nisb\u0259ti)&#8230;<\/p>","protected":false},"featured_media":990279,"comment_status":"open","ping_status":"closed","template":"","meta":{"nf_dc_page":"","_monsterinsights_skip_tracking":false,"_monsterinsights_sitenote_active":false,"_monsterinsights_sitenote_note":"","_monsterinsights_sitenote_category":0},"product_brand":[],"product_cat":[160,68],"product_tag":[],"class_list":{"0":"post-990278","1":"product","2":"type-product","3":"status-publish","4":"has-post-thumbnail","6":"product_cat-nutrients","7":"product_cat-poultry","9":"first","10":"instock","11":"shipping-taxable","12":"product-type-simple"},"jetpack_sharing_enabled":true,"_links":{"self":[{"href":"https:\/\/agrovetazerbaijan.az\/ru\/wp-json\/wp\/v2\/product\/990278","targetHints":{"allow":["GET"]}}],"collection":[{"href":"https:\/\/agrovetazerbaijan.az\/ru\/wp-json\/wp\/v2\/product"}],"about":[{"href":"https:\/\/agrovetazerbaijan.az\/ru\/wp-json\/wp\/v2\/types\/product"}],"replies":[{"embeddable":true,"href":"https:\/\/agrovetazerbaijan.az\/ru\/wp-json\/wp\/v2\/comments?post=990278"}],"version-history":[{"count":1,"href":"https:\/\/agrovetazerbaijan.az\/ru\/wp-json\/wp\/v2\/product\/990278\/revisions"}],"predecessor-version":[{"id":990280,"href":"https:\/\/agrovetazerbaijan.az\/ru\/wp-json\/wp\/v2\/product\/990278\/revisions\/990280"}],"wp:featuredmedia":[{"embeddable":true,"href":"https:\/\/agrovetazerbaijan.az\/ru\/wp-json\/wp\/v2\/media\/990279"}],"wp:attachment":[{"href":"https:\/\/agrovetazerbaijan.az\/ru\/wp-json\/wp\/v2\/media?parent=990278"}],"wp:term":[{"taxonomy":"product_brand","embeddable":true,"href":"https:\/\/agrovetazerbaijan.az\/ru\/wp-json\/wp\/v2\/product_brand?post=990278"},{"taxonomy":"product_cat","embeddable":true,"href":"https:\/\/agrovetazerbaijan.az\/ru\/wp-json\/wp\/v2\/product_cat?post=990278"},{"taxonomy":"product_tag","embeddable":true,"href":"https:\/\/agrovetazerbaijan.az\/ru\/wp-json\/wp\/v2\/product_tag?post=990278"}],"curies":[{"name":"WP","href":"https:\/\/api.w.org\/{rel}","templated":true}]}}