{"id":990275,"date":"2025-08-27T22:51:46","date_gmt":"2025-08-27T22:51:46","guid":{"rendered":"https:\/\/agrovetazerbaijan.az\/?post_type=product&#038;p=990275"},"modified":"2025-08-27T22:51:59","modified_gmt":"2025-08-27T22:51:59","slug":"natacid-fp-dry","status":"publish","type":"product","link":"https:\/\/agrovetazerbaijan.az\/ru\/product\/natacid-fp-dry\/","title":{"rendered":"NATACID FP DRY"},"content":{"rendered":"<div class=\"vgblk-rw-wrapper limit-wrapper\">\n<p data-start=\"85\" data-end=\"241\"><strong data-start=\"85\" data-end=\"103\">NATACID FP DRY<\/strong> \u2013 qar\u0131\u015f\u0131q yeml\u0259rd\u0259 v\u0259 yem xammallar\u0131nda m\u00f6vcud olan <strong data-start=\"156\" data-end=\"170\">\u0421\u0430\u043b\u044c\u043c\u043e\u043d\u0435\u043b\u043b\u0430<\/strong> kimi qram m\u0259nfi bakteriyalar\u0131n n\u0259zar\u0259t alt\u0131na al\u0131nmas\u0131n\u0131 t\u0259min edir.<\/p>\n<h3 data-start=\"243\" data-end=\"256\">\u0418\u043d\u0433\u0440\u0435\u0434\u0438\u0435\u043d\u0442\u044b<\/h3>\n<p data-start=\"257\" data-end=\"273\">H\u0259r 1 kq \u00fc\u00e7\u00fcn:<\/p>\n<ul data-start=\"274\" data-end=\"454\">\n<li data-start=\"274\" data-end=\"309\">\n<p data-start=\"276\" data-end=\"309\"><strong data-start=\"276\" data-end=\"294\">Formik tur\u015fusu<\/strong> \u2013 150.000 mq<\/p>\n<\/li>\n<li data-start=\"310\" data-end=\"345\">\n<p data-start=\"312\" data-end=\"345\"><strong data-start=\"312\" data-end=\"330\">Amonyum format<\/strong> \u2013 100.000 mq<\/p>\n<\/li>\n<li data-start=\"346\" data-end=\"381\">\n<p data-start=\"348\" data-end=\"381\"><strong data-start=\"348\" data-end=\"367\">Propion tur\u015fusu<\/strong> \u2013 50.000 mq<\/p>\n<\/li>\n<li data-start=\"382\" data-end=\"419\">\n<p data-start=\"384\" data-end=\"419\"><strong data-start=\"384\" data-end=\"405\">Amonyum propionat<\/strong> \u2013 20.000 mq<\/p>\n<\/li>\n<li data-start=\"420\" data-end=\"454\">\n<p data-start=\"422\" data-end=\"454\"><strong data-start=\"422\" data-end=\"440\">Asetik tur\u015fusu<\/strong> \u2013 20.000 mq<\/p>\n<\/li>\n<\/ul>\n<h3 data-start=\"456\" data-end=\"478\">\u0418\u043d\u0441\u0442\u0440\u0443\u043a\u0446\u0438\u044f \u043f\u043e \u043f\u0440\u0438\u043c\u0435\u043d\u0435\u043d\u0438\u044e<\/h3>\n<p data-start=\"479\" data-end=\"590\">Qar\u0131\u015f\u0131q yeml\u0259rd\u0259 v\u0259 yem xammallar\u0131nda <strong data-start=\"517\" data-end=\"538\">qoruyucu m\u0259qs\u0259dl\u0259<\/strong> 1 ton yema 1\u20134 kq \u0259lav\u0259 olunaraq istifad\u0259 edilir.<\/p>\n<h3 data-start=\"592\" data-end=\"609\">\u0423\u043f\u0430\u043a\u043e\u0432\u043a\u0430<\/h3>\n<ul data-start=\"610\" data-end=\"634\" data-is-last-node=\"\" data-is-only-node=\"\">\n<li data-start=\"610\" data-end=\"634\" data-is-last-node=\"\">\n<p data-start=\"612\" data-end=\"634\" data-is-last-node=\"\"><strong data-start=\"612\" data-end=\"632\">25 kq kraft kis\u0259<\/strong><\/p>\n<\/li>\n<\/ul>\n<\/div>\n<p><!-- .vgblk-rw-wrapper --><\/p>","protected":false},"excerpt":{"rendered":"<p>NATACID FP DRY \u2013 qar\u0131\u015f\u0131q yeml\u0259rd\u0259 v\u0259 yem xammallar\u0131nda m\u00f6vcud olan Salmonella kimi qram m\u0259nfi bakteriyalar\u0131n n\u0259zar\u0259t alt\u0131na al\u0131nmas\u0131n\u0131 t\u0259min edir. T\u0259rkibi H\u0259r 1 kq \u00fc\u00e7\u00fcn: Formik tur\u015fusu \u2013 150.000 mq Amonyum format \u2013 100.000 mq Propion tur\u015fusu \u2013 50.000 mq Amonyum propionat \u2013 20.000 mq Asetik tur\u015fusu \u2013 20.000 mq \u0130stifad\u0259 qaydas\u0131 Qar\u0131\u015f\u0131q yeml\u0259rd\u0259&#8230;<\/p>","protected":false},"featured_media":990276,"comment_status":"open","ping_status":"closed","template":"","meta":{"nf_dc_page":"","_monsterinsights_skip_tracking":false,"_monsterinsights_sitenote_active":false,"_monsterinsights_sitenote_note":"","_monsterinsights_sitenote_category":0},"product_brand":[],"product_cat":[160,68],"product_tag":[],"class_list":{"0":"post-990275","1":"product","2":"type-product","3":"status-publish","4":"has-post-thumbnail","6":"product_cat-nutrients","7":"product_cat-poultry","9":"first","10":"instock","11":"shipping-taxable","12":"product-type-simple"},"jetpack_sharing_enabled":true,"_links":{"self":[{"href":"https:\/\/agrovetazerbaijan.az\/ru\/wp-json\/wp\/v2\/product\/990275","targetHints":{"allow":["GET"]}}],"collection":[{"href":"https:\/\/agrovetazerbaijan.az\/ru\/wp-json\/wp\/v2\/product"}],"about":[{"href":"https:\/\/agrovetazerbaijan.az\/ru\/wp-json\/wp\/v2\/types\/product"}],"replies":[{"embeddable":true,"href":"https:\/\/agrovetazerbaijan.az\/ru\/wp-json\/wp\/v2\/comments?post=990275"}],"version-history":[{"count":1,"href":"https:\/\/agrovetazerbaijan.az\/ru\/wp-json\/wp\/v2\/product\/990275\/revisions"}],"predecessor-version":[{"id":990277,"href":"https:\/\/agrovetazerbaijan.az\/ru\/wp-json\/wp\/v2\/product\/990275\/revisions\/990277"}],"wp:featuredmedia":[{"embeddable":true,"href":"https:\/\/agrovetazerbaijan.az\/ru\/wp-json\/wp\/v2\/media\/990276"}],"wp:attachment":[{"href":"https:\/\/agrovetazerbaijan.az\/ru\/wp-json\/wp\/v2\/media?parent=990275"}],"wp:term":[{"taxonomy":"product_brand","embeddable":true,"href":"https:\/\/agrovetazerbaijan.az\/ru\/wp-json\/wp\/v2\/product_brand?post=990275"},{"taxonomy":"product_cat","embeddable":true,"href":"https:\/\/agrovetazerbaijan.az\/ru\/wp-json\/wp\/v2\/product_cat?post=990275"},{"taxonomy":"product_tag","embeddable":true,"href":"https:\/\/agrovetazerbaijan.az\/ru\/wp-json\/wp\/v2\/product_tag?post=990275"}],"curies":[{"name":"WP","href":"https:\/\/api.w.org\/{rel}","templated":true}]}}