{"id":990272,"date":"2025-08-27T22:50:10","date_gmt":"2025-08-27T22:50:10","guid":{"rendered":"https:\/\/agrovetazerbaijan.az\/?post_type=product&#038;p=990272"},"modified":"2025-08-27T22:50:23","modified_gmt":"2025-08-27T22:50:23","slug":"respi-essential","status":"publish","type":"product","link":"https:\/\/agrovetazerbaijan.az\/ru\/product\/respi-essential\/","title":{"rendered":"RESPI ESSENTIAL"},"content":{"rendered":"<div class=\"vgblk-rw-wrapper limit-wrapper\">\n<p data-start=\"85\" data-end=\"256\"><strong data-start=\"85\" data-end=\"104\">RESPI ESSENTIAL<\/strong> \u2013 qu\u015flar\u0131n t\u0259n\u0259ff\u00fcs yolu infeksiyalar\u0131 zaman\u0131 yaranan n\u0259f\u0259s darl\u0131\u011f\u0131nda <strong data-start=\"176\" data-end=\"224\">rahat n\u0259f\u0259s almas\u0131na k\u00f6m\u0259k ed\u0259n efir ya\u011flar\u0131<\/strong> t\u0259rkibli maye yem \u0259lav\u0259sidir.<\/p>\n<h3 data-start=\"258\" data-end=\"271\">\u0418\u043d\u0433\u0440\u0435\u0434\u0438\u0435\u043d\u0442\u044b<\/h3>\n<p data-start=\"272\" data-end=\"290\">H\u0259r 1 litr \u00fc\u00e7\u00fcn:<\/p>\n<ul data-start=\"291\" data-end=\"548\">\n<li data-start=\"291\" data-end=\"321\">\n<p data-start=\"293\" data-end=\"321\"><strong data-start=\"293\" data-end=\"306\">Vitamin A<\/strong> \u2013 100.000 IU<\/p>\n<\/li>\n<li data-start=\"322\" data-end=\"356\">\n<p data-start=\"324\" data-end=\"356\"><strong data-start=\"324\" data-end=\"342\">Okaliptus ya\u011f\u0131<\/strong> \u2013 50.000 mq<\/p>\n<\/li>\n<li data-start=\"357\" data-end=\"388\">\n<p data-start=\"359\" data-end=\"388\"><strong data-start=\"359\" data-end=\"375\">Oregano ya\u011f\u0131<\/strong> \u2013 5.000 mq<\/p>\n<\/li>\n<li data-start=\"389\" data-end=\"418\">\n<p data-start=\"391\" data-end=\"418\"><strong data-start=\"391\" data-end=\"404\">Nan\u0259 ya\u011f\u0131<\/strong> \u2013 20.000 mq<\/p>\n<\/li>\n<li data-start=\"419\" data-end=\"449\">\n<p data-start=\"421\" data-end=\"449\"><strong data-start=\"421\" data-end=\"435\">Kekik ya\u011f\u0131<\/strong> \u2013 10.000 mq<\/p>\n<\/li>\n<li data-start=\"450\" data-end=\"483\">\n<p data-start=\"452\" data-end=\"483\"><strong data-start=\"452\" data-end=\"470\">Sitrik tur\u015fusu<\/strong> \u2013 5.000 mq<\/p>\n<\/li>\n<li data-start=\"484\" data-end=\"519\">\n<p data-start=\"486\" data-end=\"519\"><strong data-start=\"486\" data-end=\"505\">Propilen qlikol<\/strong> \u2013 50.000 mq<\/p>\n<\/li>\n<li data-start=\"520\" data-end=\"548\">\n<p data-start=\"522\" data-end=\"548\"><strong data-start=\"522\" data-end=\"534\">Sorbitol<\/strong> \u2013 50.000 mq<\/p>\n<\/li>\n<\/ul>\n<h3 data-start=\"550\" data-end=\"572\">\u0418\u043d\u0441\u0442\u0440\u0443\u043a\u0446\u0438\u044f \u043f\u043e \u043f\u0440\u0438\u043c\u0435\u043d\u0435\u043d\u0438\u044e<\/h3>\n<ul data-start=\"573\" data-end=\"733\">\n<li data-start=\"573\" data-end=\"665\">\n<p data-start=\"575\" data-end=\"665\"><strong data-start=\"575\" data-end=\"617\">\u018ftlik, yumurtac\u0131 v\u0259 damazl\u0131q qu\u015flarda:<\/strong> 1.000 litr i\u00e7m\u0259li suya 0,5 litr \u0259lav\u0259 olunur.<\/p>\n<\/li>\n<li data-start=\"666\" data-end=\"733\">\n<p data-start=\"668\" data-end=\"733\"><strong data-start=\"668\" data-end=\"687\">Dig\u0259r qu\u015flarda:<\/strong> 1.000 litr i\u00e7m\u0259li suya 1 litr \u0259lav\u0259 olunur.<\/p>\n<\/li>\n<\/ul>\n<h3 data-start=\"735\" data-end=\"752\">\u0423\u043f\u0430\u043a\u043e\u0432\u043a\u0430<\/h3>\n<ul data-start=\"753\" data-end=\"809\" data-is-last-node=\"\" data-is-only-node=\"\">\n<li data-start=\"753\" data-end=\"780\">\n<p data-start=\"755\" data-end=\"780\"><strong data-start=\"755\" data-end=\"778\">1 litr plastik \u015f\u00fc\u015f\u0259<\/strong><\/p>\n<\/li>\n<li data-start=\"781\" data-end=\"809\" data-is-last-node=\"\">\n<p data-start=\"783\" data-end=\"809\" data-is-last-node=\"\"><strong data-start=\"783\" data-end=\"807\">5 litr plastik bidon<\/strong><\/p>\n<\/li>\n<\/ul>\n<\/div>\n<p><!-- .vgblk-rw-wrapper --><\/p>","protected":false},"excerpt":{"rendered":"<p>RESPI ESSENTIAL \u2013 qu\u015flar\u0131n t\u0259n\u0259ff\u00fcs yolu infeksiyalar\u0131 zaman\u0131 yaranan n\u0259f\u0259s darl\u0131\u011f\u0131nda rahat n\u0259f\u0259s almas\u0131na k\u00f6m\u0259k ed\u0259n efir ya\u011flar\u0131 t\u0259rkibli maye yem \u0259lav\u0259sidir. T\u0259rkibi H\u0259r 1 litr \u00fc\u00e7\u00fcn: Vitamin A \u2013 100.000 IU Okaliptus ya\u011f\u0131 \u2013 50.000 mq Oregano ya\u011f\u0131 \u2013 5.000 mq Nan\u0259 ya\u011f\u0131 \u2013 20.000 mq Kekik ya\u011f\u0131 \u2013 10.000 mq Sitrik tur\u015fusu \u2013&#8230;<\/p>","protected":false},"featured_media":990273,"comment_status":"open","ping_status":"closed","template":"","meta":{"nf_dc_page":"","_monsterinsights_skip_tracking":false,"_monsterinsights_sitenote_active":false,"_monsterinsights_sitenote_note":"","_monsterinsights_sitenote_category":0},"product_brand":[],"product_cat":[160,68],"product_tag":[],"class_list":{"0":"post-990272","1":"product","2":"type-product","3":"status-publish","4":"has-post-thumbnail","6":"product_cat-nutrients","7":"product_cat-poultry","9":"first","10":"instock","11":"shipping-taxable","12":"product-type-simple"},"jetpack_sharing_enabled":true,"_links":{"self":[{"href":"https:\/\/agrovetazerbaijan.az\/ru\/wp-json\/wp\/v2\/product\/990272","targetHints":{"allow":["GET"]}}],"collection":[{"href":"https:\/\/agrovetazerbaijan.az\/ru\/wp-json\/wp\/v2\/product"}],"about":[{"href":"https:\/\/agrovetazerbaijan.az\/ru\/wp-json\/wp\/v2\/types\/product"}],"replies":[{"embeddable":true,"href":"https:\/\/agrovetazerbaijan.az\/ru\/wp-json\/wp\/v2\/comments?post=990272"}],"version-history":[{"count":1,"href":"https:\/\/agrovetazerbaijan.az\/ru\/wp-json\/wp\/v2\/product\/990272\/revisions"}],"predecessor-version":[{"id":990274,"href":"https:\/\/agrovetazerbaijan.az\/ru\/wp-json\/wp\/v2\/product\/990272\/revisions\/990274"}],"wp:featuredmedia":[{"embeddable":true,"href":"https:\/\/agrovetazerbaijan.az\/ru\/wp-json\/wp\/v2\/media\/990273"}],"wp:attachment":[{"href":"https:\/\/agrovetazerbaijan.az\/ru\/wp-json\/wp\/v2\/media?parent=990272"}],"wp:term":[{"taxonomy":"product_brand","embeddable":true,"href":"https:\/\/agrovetazerbaijan.az\/ru\/wp-json\/wp\/v2\/product_brand?post=990272"},{"taxonomy":"product_cat","embeddable":true,"href":"https:\/\/agrovetazerbaijan.az\/ru\/wp-json\/wp\/v2\/product_cat?post=990272"},{"taxonomy":"product_tag","embeddable":true,"href":"https:\/\/agrovetazerbaijan.az\/ru\/wp-json\/wp\/v2\/product_tag?post=990272"}],"curies":[{"name":"WP","href":"https:\/\/api.w.org\/{rel}","templated":true}]}}