{"id":990269,"date":"2025-08-27T22:33:12","date_gmt":"2025-08-27T22:33:12","guid":{"rendered":"https:\/\/agrovetazerbaijan.az\/?post_type=product&#038;p=990269"},"modified":"2025-08-27T22:33:24","modified_gmt":"2025-08-27T22:33:24","slug":"mentasol","status":"publish","type":"product","link":"https:\/\/agrovetazerbaijan.az\/ru\/product\/mentasol\/","title":{"rendered":"MENTASOL"},"content":{"rendered":"<div class=\"vgblk-rw-wrapper limit-wrapper\">\n<p data-start=\"85\" data-end=\"373\"><strong data-start=\"85\" data-end=\"97\">MENTASOL<\/strong> \u2013 bitki ekstraktlar\u0131n\u0131n kombinasiyas\u0131ndan ibar\u0259t olan <strong data-start=\"152\" data-end=\"175\">maye yem \u0259lav\u0259sidir<\/strong>.<br data-start=\"176\" data-end=\"179\" \/>T\u0259rkibind\u0259ki bitki ekstraktlar\u0131n\u0131n sinerjik t\u0259siri say\u0259sind\u0259 h\u0259m h\u00fcceyr\u0259vi, h\u0259m d\u0259 humoral immuniteti aktivl\u0259\u015fdir\u0259r\u0259k <strong data-start=\"297\" data-end=\"359\">a\u011fciy\u0259r infeksiyalar\u0131na qar\u015f\u0131 immun cavab\u0131n formala\u015fmas\u0131n\u0131<\/strong> \u043e\u0431\u0435\u0441\u043f\u0435\u0447\u0438\u0432\u0430\u0435\u0442.<\/p>\n<p data-start=\"375\" data-end=\"592\">A\u011fciy\u0259rl\u0259rd\u0259 yaratd\u0131\u011f\u0131 <strong data-start=\"398\" data-end=\"451\">ekspektoran-mukolitik v\u0259 bronxodilatator t\u0259sirl\u0259r<\/strong> il\u0259 t\u0259n\u0259ff\u00fcs\u00fc d\u0259st\u0259kl\u0259yir, eyni zamanda infeksiya t\u00f6r\u0259dicil\u0259rinin t\u0259n\u0259ff\u00fcs yollar\u0131nda yay\u0131lmas\u0131n\u0131n qar\u015f\u0131s\u0131n\u0131 alan qoruyucu baryer yarad\u0131r.<\/p>\n<p data-start=\"594\" data-end=\"910\">Risk d\u00f6vrl\u0259rind\u0259 <strong data-start=\"611\" data-end=\"655\">CRD, CCRD v\u0259 qu\u015f qripi (Avian influenza)<\/strong> yoluxma riskini azald\u0131r, bu x\u0259st\u0259likl\u0259r\u0259 qar\u015f\u0131 m\u00fcqavim\u0259tin inki\u015faf\u0131n\u0131 d\u0259st\u0259kl\u0259y\u0259r\u0259k m\u00fcmk\u00fcn itkil\u0259rin qar\u015f\u0131s\u0131n\u0131 al\u0131r. H\u0259m\u00e7inin t\u0259n\u0259ff\u00fcs yolu infeksiyalar\u0131 m\u00fc\u015fahid\u0259 olunan s\u00fcr\u00fcl\u0259rd\u0259 x\u0259st\u0259liyin t\u0259sirl\u0259rini azaldaraq <strong data-start=\"869\" data-end=\"907\">iqtisadi z\u0259r\u0259rl\u0259rin qar\u015f\u0131s\u0131n\u0131 al\u0131r<\/strong>.<\/p>\n<h3 data-start=\"912\" data-end=\"925\">\u0418\u043d\u0433\u0440\u0435\u0434\u0438\u0435\u043d\u0442\u044b<\/h3>\n<p data-start=\"926\" data-end=\"944\">H\u0259r 1 litr \u00fc\u00e7\u00fcn:<\/p>\n<ul data-start=\"945\" data-end=\"1134\">\n<li data-start=\"945\" data-end=\"985\">\n<p data-start=\"947\" data-end=\"985\"><strong data-start=\"947\" data-end=\"970\">Eucalyptus Globulus<\/strong> \u2013 100.000 mq<\/p>\n<\/li>\n<li data-start=\"986\" data-end=\"1021\">\n<p data-start=\"988\" data-end=\"1021\"><strong data-start=\"988\" data-end=\"1007\">Mentha Arvensis<\/strong> \u2013 50.000 mq<\/p>\n<\/li>\n<li data-start=\"1022\" data-end=\"1057\">\n<p data-start=\"1024\" data-end=\"1057\"><strong data-start=\"1024\" data-end=\"1043\">Mentha Piperita<\/strong> \u2013 50.000 mq<\/p>\n<\/li>\n<li data-start=\"1058\" data-end=\"1093\">\n<p data-start=\"1060\" data-end=\"1093\"><strong data-start=\"1060\" data-end=\"1079\">Thymus Vulgaris<\/strong> \u2013 10.000 mq<\/p>\n<\/li>\n<li data-start=\"1094\" data-end=\"1134\">\n<p data-start=\"1096\" data-end=\"1134\"><strong data-start=\"1096\" data-end=\"1120\">Butil Hidroksitoluen<\/strong> \u2013 10.000 mq<\/p>\n<\/li>\n<\/ul>\n<h3 data-start=\"1136\" data-end=\"1158\">\u0418\u043d\u0441\u0442\u0440\u0443\u043a\u0446\u0438\u044f \u043f\u043e \u043f\u0440\u0438\u043c\u0435\u043d\u0435\u043d\u0438\u044e<\/h3>\n<ul data-start=\"1159\" data-end=\"1286\">\n<li data-start=\"1159\" data-end=\"1216\">\n<p data-start=\"1161\" data-end=\"1216\"><strong data-start=\"1161\" data-end=\"1177\">\u0130\u00e7m\u0259li suda:<\/strong> 1.000 litr suya 200 ml \u0259lav\u0259 edilir.<\/p>\n<\/li>\n<li data-start=\"1217\" data-end=\"1286\">\n<p data-start=\"1219\" data-end=\"1286\"><strong data-start=\"1219\" data-end=\"1238\">Spreyl\u0259m\u0259 \u00fc\u00e7\u00fcn:<\/strong> 1 litr suya 25 ml \u0259lav\u0259 edil\u0259r\u0259k p\u00fcsk\u00fcrd\u00fcl\u00fcr.<\/p>\n<\/li>\n<\/ul>\n<h3 data-start=\"1288\" data-end=\"1305\">\u0423\u043f\u0430\u043a\u043e\u0432\u043a\u0430<\/h3>\n<ul data-start=\"1306\" data-end=\"1362\" data-is-last-node=\"\" data-is-only-node=\"\">\n<li data-start=\"1306\" data-end=\"1333\">\n<p data-start=\"1308\" data-end=\"1333\"><strong data-start=\"1308\" data-end=\"1331\">1 litr plastik \u015f\u00fc\u015f\u0259<\/strong><\/p>\n<\/li>\n<li data-start=\"1334\" data-end=\"1362\" data-is-last-node=\"\">\n<p data-start=\"1336\" data-end=\"1362\" data-is-last-node=\"\"><strong data-start=\"1336\" data-end=\"1360\">5 litr plastik bidon<\/strong><\/p>\n<\/li>\n<\/ul>\n<\/div>\n<p><!-- .vgblk-rw-wrapper --><\/p>","protected":false},"excerpt":{"rendered":"<p>MENTASOL \u2013 bitki ekstraktlar\u0131n\u0131n kombinasiyas\u0131ndan ibar\u0259t olan maye yem \u0259lav\u0259sidir.T\u0259rkibind\u0259ki bitki ekstraktlar\u0131n\u0131n sinerjik t\u0259siri say\u0259sind\u0259 h\u0259m h\u00fcceyr\u0259vi, h\u0259m d\u0259 humoral immuniteti aktivl\u0259\u015fdir\u0259r\u0259k a\u011fciy\u0259r infeksiyalar\u0131na qar\u015f\u0131 immun cavab\u0131n formala\u015fmas\u0131n\u0131 t\u0259min edir. A\u011fciy\u0259rl\u0259rd\u0259 yaratd\u0131\u011f\u0131 ekspektoran-mukolitik v\u0259 bronxodilatator t\u0259sirl\u0259r il\u0259 t\u0259n\u0259ff\u00fcs\u00fc d\u0259st\u0259kl\u0259yir, eyni zamanda infeksiya t\u00f6r\u0259dicil\u0259rinin t\u0259n\u0259ff\u00fcs yollar\u0131nda yay\u0131lmas\u0131n\u0131n qar\u015f\u0131s\u0131n\u0131 alan qoruyucu baryer yarad\u0131r. Risk d\u00f6vrl\u0259rind\u0259 CRD, CCRD&#8230;<\/p>","protected":false},"featured_media":990270,"comment_status":"open","ping_status":"closed","template":"","meta":{"nf_dc_page":"","_monsterinsights_skip_tracking":false,"_monsterinsights_sitenote_active":false,"_monsterinsights_sitenote_note":"","_monsterinsights_sitenote_category":0},"product_brand":[],"product_cat":[160,68],"product_tag":[],"class_list":{"0":"post-990269","1":"product","2":"type-product","3":"status-publish","4":"has-post-thumbnail","6":"product_cat-nutrients","7":"product_cat-poultry","9":"first","10":"instock","11":"shipping-taxable","12":"product-type-simple"},"jetpack_sharing_enabled":true,"_links":{"self":[{"href":"https:\/\/agrovetazerbaijan.az\/ru\/wp-json\/wp\/v2\/product\/990269","targetHints":{"allow":["GET"]}}],"collection":[{"href":"https:\/\/agrovetazerbaijan.az\/ru\/wp-json\/wp\/v2\/product"}],"about":[{"href":"https:\/\/agrovetazerbaijan.az\/ru\/wp-json\/wp\/v2\/types\/product"}],"replies":[{"embeddable":true,"href":"https:\/\/agrovetazerbaijan.az\/ru\/wp-json\/wp\/v2\/comments?post=990269"}],"version-history":[{"count":1,"href":"https:\/\/agrovetazerbaijan.az\/ru\/wp-json\/wp\/v2\/product\/990269\/revisions"}],"predecessor-version":[{"id":990271,"href":"https:\/\/agrovetazerbaijan.az\/ru\/wp-json\/wp\/v2\/product\/990269\/revisions\/990271"}],"wp:featuredmedia":[{"embeddable":true,"href":"https:\/\/agrovetazerbaijan.az\/ru\/wp-json\/wp\/v2\/media\/990270"}],"wp:attachment":[{"href":"https:\/\/agrovetazerbaijan.az\/ru\/wp-json\/wp\/v2\/media?parent=990269"}],"wp:term":[{"taxonomy":"product_brand","embeddable":true,"href":"https:\/\/agrovetazerbaijan.az\/ru\/wp-json\/wp\/v2\/product_brand?post=990269"},{"taxonomy":"product_cat","embeddable":true,"href":"https:\/\/agrovetazerbaijan.az\/ru\/wp-json\/wp\/v2\/product_cat?post=990269"},{"taxonomy":"product_tag","embeddable":true,"href":"https:\/\/agrovetazerbaijan.az\/ru\/wp-json\/wp\/v2\/product_tag?post=990269"}],"curies":[{"name":"WP","href":"https:\/\/api.w.org\/{rel}","templated":true}]}}