{"id":990247,"date":"2025-08-24T22:32:11","date_gmt":"2025-08-24T22:32:11","guid":{"rendered":"https:\/\/agrovetazerbaijan.az\/?post_type=product&#038;p=990247"},"modified":"2025-08-27T22:11:54","modified_gmt":"2025-08-27T22:11:54","slug":"energic","status":"publish","type":"product","link":"https:\/\/agrovetazerbaijan.az\/ru\/product\/energic\/","title":{"rendered":"\u042d\u041d\u0415\u0420\u0413\u0418\u042f"},"content":{"rendered":"<div class=\"vgblk-rw-wrapper limit-wrapper\">\n<h2 data-start=\"86\" data-end=\"136\"><strong data-start=\"89\" data-end=\"134\">ENERGIC \u2013 Enerji D\u0259st\u0259yi Maye Yem Katk\u0131s\u0131<\/strong><\/h2>\n<h3 data-start=\"138\" data-end=\"173\"><strong data-start=\"142\" data-end=\"171\">T\u0259svir v\u0259 \u0130stifad\u0259 Sah\u0259si<\/strong><\/h3>\n<ul data-start=\"174\" data-end=\"647\">\n<li data-start=\"174\" data-end=\"300\">\n<p data-start=\"176\" data-end=\"300\"><strong data-start=\"176\" data-end=\"187\">\u042d\u041d\u0415\u0420\u0413\u0418\u042f<\/strong>, heyvanlarda d\u00fc\u015fk\u00fcnl\u00fck v\u0259 i\u015ftahs\u0131zl\u0131q hallar\u0131nda enerji t\u0259min etm\u0259k \u00fc\u00e7\u00fcn n\u0259z\u0259rd\u0259 tutulmu\u015f maye yem \u0259lav\u0259sidir.<\/p>\n<\/li>\n<li data-start=\"301\" data-end=\"647\">\n<p data-start=\"303\" data-end=\"325\">\u0130stifad\u0259 m\u0259qs\u0259dl\u0259ri:<\/p>\n<ul data-start=\"328\" data-end=\"647\">\n<li data-start=\"328\" data-end=\"393\">\n<p data-start=\"330\" data-end=\"393\">Viral v\u0259 bakterial infeksiyalar zaman\u0131 i\u015ftahs\u0131zl\u0131qla m\u00fcbariz\u0259<\/p>\n<\/li>\n<li data-start=\"396\" data-end=\"433\">\n<p data-start=\"398\" data-end=\"433\">D\u00fc\u015f\u0259n enerji s\u0259viyy\u0259sini art\u0131rmaq<\/p>\n<\/li>\n<li data-start=\"436\" data-end=\"492\">\n<p data-start=\"438\" data-end=\"492\">F\u0259rqli hava \u015f\u0259raitind\u0259 enerji ehtiyac\u0131n\u0131n \u00f6d\u0259nilm\u0259si<\/p>\n<\/li>\n<li data-start=\"495\" data-end=\"547\">\n<p data-start=\"497\" data-end=\"547\">Yeni do\u011fulmu\u015f c\u00fcc\u0259 v\u0259 civcivl\u0259rin enerji d\u0259st\u0259yi<\/p>\n<\/li>\n<li data-start=\"550\" data-end=\"601\">\n<p data-start=\"552\" data-end=\"601\">M\u00fcalic\u0259 zaman\u0131 suyun ac\u0131l\u0131\u011f\u0131n\u0131 aradan qald\u0131rmaq<\/p>\n<\/li>\n<li data-start=\"604\" data-end=\"647\">\n<p data-start=\"606\" data-end=\"647\">Pik istehsal d\u00f6vrl\u0259rind\u0259 enerji d\u0259st\u0259yi<\/p>\n<\/li>\n<\/ul>\n<\/li>\n<\/ul>\n<hr data-start=\"649\" data-end=\"652\" \/>\n<h3 data-start=\"654\" data-end=\"681\"><strong data-start=\"658\" data-end=\"679\">T\u0259rkibi (1 lt-d\u0259)<\/strong><\/h3>\n<div class=\"_tableContainer_sk2ct_1\">\n<div class=\"_tableWrapper_sk2ct_13 group flex w-fit flex-col-reverse\" tabindex=\"-1\">\n<table class=\"w-fit min-w-(--thread-content-width)\" data-start=\"683\" data-end=\"772\">\n<thead data-start=\"683\" data-end=\"701\">\n<tr data-start=\"683\" data-end=\"701\">\n<th data-start=\"683\" data-end=\"691\" data-col-size=\"sm\">\u0421\u0442\u0430\u0442\u044c\u044f<\/th>\n<th data-start=\"691\" data-end=\"701\" data-col-size=\"sm\">Miqdar<\/th>\n<\/tr>\n<\/thead>\n<tbody data-start=\"721\" data-end=\"772\">\n<tr data-start=\"721\" data-end=\"746\">\n<td data-start=\"721\" data-end=\"732\" data-col-size=\"sm\">Sorbitol<\/td>\n<td data-col-size=\"sm\" data-start=\"732\" data-end=\"746\">100.000 mg<\/td>\n<\/tr>\n<tr data-start=\"747\" data-end=\"772\">\n<td data-start=\"747\" data-end=\"758\" data-col-size=\"sm\">Dekstroz<\/td>\n<td data-col-size=\"sm\" data-start=\"758\" data-end=\"772\">500.000 mg<\/td>\n<\/tr>\n<\/tbody>\n<\/table>\n<\/div>\n<\/div>\n<hr data-start=\"774\" data-end=\"777\" \/>\n<h3 data-start=\"779\" data-end=\"804\"><strong data-start=\"783\" data-end=\"802\">Uy\u011fun Heyvanlar<\/strong><\/h3>\n<ul data-start=\"805\" data-end=\"871\">\n<li data-start=\"805\" data-end=\"871\">\n<p data-start=\"807\" data-end=\"871\"><strong data-start=\"807\" data-end=\"828\">Kanatl\u0131 heyvanlar<\/strong>: toyuqlar, hindu\u015fka v\u0259 dig\u0259r qu\u015f n\u00f6vl\u0259ri<\/p>\n<\/li>\n<\/ul>\n<\/div>\n<p><!-- .vgblk-rw-wrapper --><\/p>","protected":false},"excerpt":{"rendered":"<p>ENERGIC \u2013 Enerji D\u0259st\u0259yi Maye Yem Katk\u0131s\u0131 T\u0259svir v\u0259 \u0130stifad\u0259 Sah\u0259si ENERGIC, heyvanlarda d\u00fc\u015fk\u00fcnl\u00fck v\u0259 i\u015ftahs\u0131zl\u0131q hallar\u0131nda enerji t\u0259min etm\u0259k \u00fc\u00e7\u00fcn n\u0259z\u0259rd\u0259 tutulmu\u015f maye yem \u0259lav\u0259sidir. \u0130stifad\u0259 m\u0259qs\u0259dl\u0259ri: Viral v\u0259 bakterial infeksiyalar zaman\u0131 i\u015ftahs\u0131zl\u0131qla m\u00fcbariz\u0259 D\u00fc\u015f\u0259n enerji s\u0259viyy\u0259sini art\u0131rmaq F\u0259rqli hava \u015f\u0259raitind\u0259 enerji ehtiyac\u0131n\u0131n \u00f6d\u0259nilm\u0259si Yeni do\u011fulmu\u015f c\u00fcc\u0259 v\u0259 civcivl\u0259rin enerji d\u0259st\u0259yi M\u00fcalic\u0259 zaman\u0131 suyun&#8230;<\/p>","protected":false},"featured_media":990249,"comment_status":"open","ping_status":"closed","template":"","meta":{"nf_dc_page":"","_monsterinsights_skip_tracking":false,"_monsterinsights_sitenote_active":false,"_monsterinsights_sitenote_note":"","_monsterinsights_sitenote_category":0},"product_brand":[],"product_cat":[68,160],"product_tag":[],"class_list":{"0":"post-990247","1":"product","2":"type-product","3":"status-publish","4":"has-post-thumbnail","6":"product_cat-poultry","7":"product_cat-nutrients","9":"first","10":"instock","11":"shipping-taxable","12":"product-type-simple"},"jetpack_sharing_enabled":true,"_links":{"self":[{"href":"https:\/\/agrovetazerbaijan.az\/ru\/wp-json\/wp\/v2\/product\/990247","targetHints":{"allow":["GET"]}}],"collection":[{"href":"https:\/\/agrovetazerbaijan.az\/ru\/wp-json\/wp\/v2\/product"}],"about":[{"href":"https:\/\/agrovetazerbaijan.az\/ru\/wp-json\/wp\/v2\/types\/product"}],"replies":[{"embeddable":true,"href":"https:\/\/agrovetazerbaijan.az\/ru\/wp-json\/wp\/v2\/comments?post=990247"}],"version-history":[{"count":1,"href":"https:\/\/agrovetazerbaijan.az\/ru\/wp-json\/wp\/v2\/product\/990247\/revisions"}],"predecessor-version":[{"id":990248,"href":"https:\/\/agrovetazerbaijan.az\/ru\/wp-json\/wp\/v2\/product\/990247\/revisions\/990248"}],"wp:featuredmedia":[{"embeddable":true,"href":"https:\/\/agrovetazerbaijan.az\/ru\/wp-json\/wp\/v2\/media\/990249"}],"wp:attachment":[{"href":"https:\/\/agrovetazerbaijan.az\/ru\/wp-json\/wp\/v2\/media?parent=990247"}],"wp:term":[{"taxonomy":"product_brand","embeddable":true,"href":"https:\/\/agrovetazerbaijan.az\/ru\/wp-json\/wp\/v2\/product_brand?post=990247"},{"taxonomy":"product_cat","embeddable":true,"href":"https:\/\/agrovetazerbaijan.az\/ru\/wp-json\/wp\/v2\/product_cat?post=990247"},{"taxonomy":"product_tag","embeddable":true,"href":"https:\/\/agrovetazerbaijan.az\/ru\/wp-json\/wp\/v2\/product_tag?post=990247"}],"curies":[{"name":"WP","href":"https:\/\/api.w.org\/{rel}","templated":true}]}}