{"id":990243,"date":"2025-08-24T22:28:59","date_gmt":"2025-08-24T22:28:59","guid":{"rendered":"https:\/\/agrovetazerbaijan.az\/?post_type=product&#038;p=990243"},"modified":"2025-08-27T22:09:25","modified_gmt":"2025-08-27T22:09:25","slug":"e-care","status":"publish","type":"product","link":"https:\/\/agrovetazerbaijan.az\/ru\/product\/e-care\/","title":{"rendered":"E-CARE"},"content":{"rendered":"<div class=\"vgblk-rw-wrapper limit-wrapper\">\n<h2 data-start=\"85\" data-end=\"141\"><strong data-start=\"88\" data-end=\"139\">E-CARE \u2013 Vitamin E v\u0259 Selenyum Maye Yem Katk\u0131s\u0131<\/strong><\/h2>\n<h3 data-start=\"143\" data-end=\"178\"><strong data-start=\"147\" data-end=\"176\">T\u0259svir v\u0259 \u0130stifad\u0259 Sah\u0259si<\/strong><\/h3>\n<ul data-start=\"179\" data-end=\"627\">\n<li data-start=\"179\" data-end=\"249\">\n<p data-start=\"181\" data-end=\"249\"><strong data-start=\"181\" data-end=\"191\">E-CARE<\/strong> kanatl\u0131 heyvanlar \u00fc\u00e7\u00fcn haz\u0131rlanm\u0131\u015f maye yem \u0259lav\u0259sidir.<\/p>\n<\/li>\n<li data-start=\"250\" data-end=\"503\">\n<p data-start=\"252\" data-end=\"381\">E vitamini v\u0259 selenyum \u00e7at\u0131\u015fmazl\u0131\u011f\u0131ndan yaranan x\u0259st\u0259likl\u0259rin qar\u015f\u0131s\u0131n\u0131n al\u0131nmas\u0131 v\u0259 d\u0259st\u0259kl\u0259yici m\u00fcalic\u0259 \u00fc\u00e7\u00fcn istifad\u0259 olunur:<\/p>\n<ul data-start=\"384\" data-end=\"503\">\n<li data-start=\"384\" data-end=\"427\">\n<p data-start=\"386\" data-end=\"427\">Encephalomalacia (beyin degenerasiyas\u0131)<\/p>\n<\/li>\n<li data-start=\"430\" data-end=\"454\">\n<p data-start=\"432\" data-end=\"454\">\u018fz\u0259l\u0259 distrofiyalar\u0131<\/p>\n<\/li>\n<li data-start=\"457\" data-end=\"477\">\n<p data-start=\"459\" data-end=\"477\">Eksudativ diatez<\/p>\n<\/li>\n<li data-start=\"480\" data-end=\"503\">\n<p data-start=\"482\" data-end=\"503\">Pankreatik fibrozis<\/p>\n<\/li>\n<\/ul>\n<\/li>\n<li data-start=\"504\" data-end=\"627\">\n<p data-start=\"506\" data-end=\"627\">H\u0259m\u00e7inin <strong data-start=\"515\" data-end=\"595\">yumurta verimi, fertilite, embriyo inki\u015faf\u0131, kulu\u00e7ka rand\u0131man\u0131 v\u0259 \u00e7\u0131x\u0131m g\u00fcc\u00fc<\/strong>ni art\u0131rmaq \u00fc\u00e7\u00fcn d\u0259st\u0259k verir.<\/p>\n<\/li>\n<\/ul>\n<hr data-start=\"629\" data-end=\"632\" \/>\n<h3 data-start=\"634\" data-end=\"661\"><strong data-start=\"638\" data-end=\"659\">T\u0259rkibi (1 lt-d\u0259)<\/strong><\/h3>\n<div class=\"_tableContainer_sk2ct_1\">\n<div class=\"_tableWrapper_sk2ct_13 group flex w-fit flex-col-reverse\" tabindex=\"-1\">\n<table class=\"w-fit min-w-(--thread-content-width)\" data-start=\"663\" data-end=\"749\">\n<thead data-start=\"663\" data-end=\"681\">\n<tr data-start=\"663\" data-end=\"681\">\n<th data-start=\"663\" data-end=\"671\" data-col-size=\"sm\">\u0421\u0442\u0430\u0442\u044c\u044f<\/th>\n<th data-start=\"671\" data-end=\"681\" data-col-size=\"sm\">Miqdar<\/th>\n<\/tr>\n<\/thead>\n<tbody data-start=\"701\" data-end=\"749\">\n<tr data-start=\"701\" data-end=\"727\">\n<td data-start=\"701\" data-end=\"713\" data-col-size=\"sm\">\u0412\u0438\u0442\u0430\u043c\u0438\u043d \u0415<\/td>\n<td data-col-size=\"sm\" data-start=\"713\" data-end=\"727\">150.000 mg<\/td>\n<\/tr>\n<tr data-start=\"728\" data-end=\"749\">\n<td data-start=\"728\" data-end=\"739\" data-col-size=\"sm\">Selenyum<\/td>\n<td data-col-size=\"sm\" data-start=\"739\" data-end=\"749\">120 mg<\/td>\n<\/tr>\n<\/tbody>\n<\/table>\n<\/div>\n<\/div>\n<hr data-start=\"751\" data-end=\"754\" \/>\n<h3 data-start=\"756\" data-end=\"781\"><strong data-start=\"760\" data-end=\"779\">Uy\u011fun Heyvanlar<\/strong><\/h3>\n<ul data-start=\"782\" data-end=\"857\">\n<li data-start=\"782\" data-end=\"857\">\n<p data-start=\"784\" data-end=\"857\"><strong data-start=\"784\" data-end=\"805\">Kanatl\u0131 heyvanlar<\/strong>: toyuqlar, hindu\u015fka v\u0259 dig\u0259r yumurta ver\u0259n qu\u015flar<\/p>\n<\/li>\n<\/ul>\n<\/div>\n<p><!-- .vgblk-rw-wrapper --><\/p>","protected":false},"excerpt":{"rendered":"<p>E-CARE \u2013 Vitamin E v\u0259 Selenyum Maye Yem Katk\u0131s\u0131 T\u0259svir v\u0259 \u0130stifad\u0259 Sah\u0259si E-CARE kanatl\u0131 heyvanlar \u00fc\u00e7\u00fcn haz\u0131rlanm\u0131\u015f maye yem \u0259lav\u0259sidir. E vitamini v\u0259 selenyum \u00e7at\u0131\u015fmazl\u0131\u011f\u0131ndan yaranan x\u0259st\u0259likl\u0259rin qar\u015f\u0131s\u0131n\u0131n al\u0131nmas\u0131 v\u0259 d\u0259st\u0259kl\u0259yici m\u00fcalic\u0259 \u00fc\u00e7\u00fcn istifad\u0259 olunur: Encephalomalacia (beyin degenerasiyas\u0131) \u018fz\u0259l\u0259 distrofiyalar\u0131 Eksudativ diatez Pankreatik fibrozis H\u0259m\u00e7inin yumurta verimi, fertilite, embriyo inki\u015faf\u0131, kulu\u00e7ka rand\u0131man\u0131 v\u0259 \u00e7\u0131x\u0131m&#8230;<\/p>","protected":false},"featured_media":990246,"comment_status":"open","ping_status":"closed","template":"","meta":{"nf_dc_page":"","_monsterinsights_skip_tracking":false,"_monsterinsights_sitenote_active":false,"_monsterinsights_sitenote_note":"","_monsterinsights_sitenote_category":0},"product_brand":[],"product_cat":[68,160],"product_tag":[],"class_list":{"0":"post-990243","1":"product","2":"type-product","3":"status-publish","4":"has-post-thumbnail","6":"product_cat-poultry","7":"product_cat-nutrients","9":"first","10":"instock","11":"shipping-taxable","12":"product-type-simple"},"jetpack_sharing_enabled":true,"_links":{"self":[{"href":"https:\/\/agrovetazerbaijan.az\/ru\/wp-json\/wp\/v2\/product\/990243","targetHints":{"allow":["GET"]}}],"collection":[{"href":"https:\/\/agrovetazerbaijan.az\/ru\/wp-json\/wp\/v2\/product"}],"about":[{"href":"https:\/\/agrovetazerbaijan.az\/ru\/wp-json\/wp\/v2\/types\/product"}],"replies":[{"embeddable":true,"href":"https:\/\/agrovetazerbaijan.az\/ru\/wp-json\/wp\/v2\/comments?post=990243"}],"version-history":[{"count":1,"href":"https:\/\/agrovetazerbaijan.az\/ru\/wp-json\/wp\/v2\/product\/990243\/revisions"}],"predecessor-version":[{"id":990245,"href":"https:\/\/agrovetazerbaijan.az\/ru\/wp-json\/wp\/v2\/product\/990243\/revisions\/990245"}],"wp:featuredmedia":[{"embeddable":true,"href":"https:\/\/agrovetazerbaijan.az\/ru\/wp-json\/wp\/v2\/media\/990246"}],"wp:attachment":[{"href":"https:\/\/agrovetazerbaijan.az\/ru\/wp-json\/wp\/v2\/media?parent=990243"}],"wp:term":[{"taxonomy":"product_brand","embeddable":true,"href":"https:\/\/agrovetazerbaijan.az\/ru\/wp-json\/wp\/v2\/product_brand?post=990243"},{"taxonomy":"product_cat","embeddable":true,"href":"https:\/\/agrovetazerbaijan.az\/ru\/wp-json\/wp\/v2\/product_cat?post=990243"},{"taxonomy":"product_tag","embeddable":true,"href":"https:\/\/agrovetazerbaijan.az\/ru\/wp-json\/wp\/v2\/product_tag?post=990243"}],"curies":[{"name":"WP","href":"https:\/\/api.w.org\/{rel}","templated":true}]}}