{"id":990241,"date":"2025-08-24T22:26:41","date_gmt":"2025-08-24T22:26:41","guid":{"rendered":"https:\/\/agrovetazerbaijan.az\/?post_type=product&#038;p=990241"},"modified":"2025-08-24T22:26:53","modified_gmt":"2025-08-24T22:26:53","slug":"well-breath","status":"publish","type":"product","link":"https:\/\/agrovetazerbaijan.az\/ru\/product\/well-breath\/","title":{"rendered":"\u0425\u041e\u0420\u041e\u0428\u0415\u0415 \u0414\u042b\u0425\u0410\u041d\u0418\u0415"},"content":{"rendered":"<div class=\"vgblk-rw-wrapper limit-wrapper\">\n<h2 data-start=\"85\" data-end=\"129\"><strong data-start=\"88\" data-end=\"127\">WELL BREATH \u2013 N\u0259f\u0259s Sistemi D\u0259st\u0259yi<\/strong><\/h2>\n<h3 data-start=\"131\" data-end=\"152\"><strong data-start=\"135\" data-end=\"150\">\u0423\u043f\u0430\u043a\u043e\u0432\u043a\u0430<\/strong><\/h3>\n<ul data-start=\"153\" data-end=\"177\">\n<li data-start=\"153\" data-end=\"177\">\n<p data-start=\"155\" data-end=\"177\">1 lt plastik butulka<\/p>\n<\/li>\n<\/ul>\n<hr data-start=\"179\" data-end=\"182\" \/>\n<h3 data-start=\"184\" data-end=\"211\"><strong data-start=\"188\" data-end=\"209\">T\u0259rkibi (1 lt-d\u0259)<\/strong><\/h3>\n<div class=\"_tableContainer_sk2ct_1\">\n<div class=\"_tableWrapper_sk2ct_13 group flex w-fit flex-col-reverse\" tabindex=\"-1\">\n<table class=\"w-fit min-w-(--thread-content-width)\" data-start=\"213\" data-end=\"736\">\n<thead data-start=\"213\" data-end=\"248\">\n<tr data-start=\"213\" data-end=\"248\">\n<th data-start=\"213\" data-end=\"221\" data-col-size=\"sm\">\u0421\u0442\u0430\u0442\u044c\u044f<\/th>\n<th data-start=\"221\" data-end=\"230\" data-col-size=\"sm\">Miqdar<\/th>\n<th data-start=\"230\" data-end=\"238\" data-col-size=\"sm\">\u0421\u0442\u0430\u0442\u044c\u044f<\/th>\n<th data-start=\"238\" data-end=\"248\" data-col-size=\"sm\">Miqdar<\/th>\n<\/tr>\n<\/thead>\n<tbody data-start=\"285\" data-end=\"736\">\n<tr data-start=\"285\" data-end=\"350\">\n<td data-start=\"285\" data-end=\"315\" data-col-size=\"sm\">Thyme Oil (Thymus vulgaris)<\/td>\n<td data-col-size=\"sm\" data-start=\"315\" data-end=\"327\">20.000 mg<\/td>\n<td data-col-size=\"sm\" data-start=\"327\" data-end=\"338\">L-\u043b\u0438\u0437\u0438\u043d<\/td>\n<td data-col-size=\"sm\" data-start=\"338\" data-end=\"350\">5.000 mg<\/td>\n<\/tr>\n<tr data-start=\"351\" data-end=\"419\">\n<td data-start=\"351\" data-end=\"380\" data-col-size=\"sm\">Lemon Oil (Citrus limonum)<\/td>\n<td data-col-size=\"sm\" data-start=\"380\" data-end=\"392\">20.000 mg<\/td>\n<td data-col-size=\"sm\" data-start=\"392\" data-end=\"409\">Calcium Iodate<\/td>\n<td data-col-size=\"sm\" data-start=\"409\" data-end=\"419\">250 mg<\/td>\n<\/tr>\n<tr data-start=\"420\" data-end=\"494\">\n<td data-start=\"420\" data-end=\"459\" data-col-size=\"sm\">Eucalyptus Oil (Eucalyptus globulus)<\/td>\n<td data-col-size=\"sm\" data-start=\"459\" data-end=\"470\">6.000 mg<\/td>\n<td data-col-size=\"sm\" data-start=\"470\" data-end=\"482\">Glycerine<\/td>\n<td data-col-size=\"sm\" data-start=\"482\" data-end=\"494\">1.000 mg<\/td>\n<\/tr>\n<tr data-start=\"495\" data-end=\"550\">\n<td data-start=\"495\" data-end=\"507\" data-col-size=\"sm\">\u0412\u0438\u0442\u0430\u043c\u0438\u043d \u0421<\/td>\n<td data-col-size=\"sm\" data-start=\"507\" data-end=\"518\">5.000 mg<\/td>\n<td data-col-size=\"sm\" data-start=\"518\" data-end=\"538\">Potassium Sorbate<\/td>\n<td data-col-size=\"sm\" data-start=\"538\" data-end=\"550\">1.000 mg<\/td>\n<\/tr>\n<tr data-start=\"551\" data-end=\"606\">\n<td data-start=\"551\" data-end=\"564\" data-col-size=\"sm\">\u0412\u0438\u0442\u0430\u043c\u0438\u043d \u04121<\/td>\n<td data-col-size=\"sm\" data-start=\"564\" data-end=\"575\">2.000 mg<\/td>\n<td data-col-size=\"sm\" data-start=\"575\" data-end=\"594\">Propylene Glycol<\/td>\n<td data-col-size=\"sm\" data-start=\"594\" data-end=\"606\">5.000 mg<\/td>\n<\/tr>\n<tr data-start=\"607\" data-end=\"691\">\n<td data-start=\"607\" data-end=\"640\" data-col-size=\"sm\">Hydroxy Analogue of Methionine<\/td>\n<td data-col-size=\"sm\" data-start=\"640\" data-end=\"652\">15.000 mg<\/td>\n<td data-col-size=\"sm\" data-start=\"652\" data-end=\"679\">Butylated Hydroxytoluene<\/td>\n<td data-col-size=\"sm\" data-start=\"679\" data-end=\"691\">1.000 mg<\/td>\n<\/tr>\n<tr data-start=\"692\" data-end=\"736\">\n<td data-start=\"692\" data-end=\"710\" data-col-size=\"sm\">Distilled Water<\/td>\n<td data-col-size=\"sm\" data-start=\"710\" data-end=\"727\">up to 1.000 ml<\/td>\n<td data-col-size=\"sm\" data-start=\"727\" data-end=\"731\">\u2013<\/td>\n<td data-col-size=\"sm\" data-start=\"731\" data-end=\"736\">\u2013<\/td>\n<\/tr>\n<\/tbody>\n<\/table>\n<\/div>\n<\/div>\n<hr data-start=\"738\" data-end=\"741\" \/>\n<h3 data-start=\"743\" data-end=\"764\"><strong data-start=\"747\" data-end=\"762\">G\u00f6st\u0259ri\u015fl\u0259r<\/strong><\/h3>\n<ul data-start=\"765\" data-end=\"932\">\n<li data-start=\"765\" data-end=\"846\">\n<p data-start=\"767\" data-end=\"846\"><strong data-start=\"767\" data-end=\"782\">\u0425\u041e\u0420\u041e\u0428\u0415\u0415 \u0414\u042b\u0425\u0410\u041d\u0418\u0415<\/strong> qu\u015f\u00e7uluq v\u0259 ruminantlar \u00fc\u00e7\u00fcn n\u0259z\u0259rd\u0259 tutulmu\u015f maye m\u0259hsuldur.<\/p>\n<\/li>\n<li data-start=\"847\" data-end=\"932\">\n<p data-start=\"849\" data-end=\"932\">N\u0259f\u0259s yollar\u0131n\u0131n sa\u011flaml\u0131\u011f\u0131n\u0131 d\u0259st\u0259kl\u0259yir v\u0259 t\u0259n\u0259ff\u00fcs funksiyas\u0131n\u0131 yax\u015f\u0131la\u015fd\u0131r\u0131r.<\/p>\n<\/li>\n<\/ul>\n<hr data-start=\"934\" data-end=\"937\" \/>\n<h3 data-start=\"939\" data-end=\"958\"><strong data-start=\"943\" data-end=\"956\">Dozalanma<\/strong><\/h3>\n<ul data-start=\"959\" data-end=\"1050\">\n<li data-start=\"959\" data-end=\"1050\">\n<p data-start=\"961\" data-end=\"1050\">Qu\u015flar v\u0259 ruminantlar \u00fc\u00e7\u00fcn: <strong data-start=\"989\" data-end=\"1047\">0,5\u20131 lt WELL BREATH 1.000 lt i\u00e7m\u0259li suya qar\u0131\u015fd\u0131r\u0131l\u0131r<\/strong>.<\/p>\n<\/li>\n<\/ul>\n<hr data-start=\"1052\" data-end=\"1055\" \/>\n<h3 data-start=\"1057\" data-end=\"1083\"><strong data-start=\"1061\" data-end=\"1081\">Saxlama \u015e\u0259rtl\u0259ri<\/strong><\/h3>\n<ul data-start=\"1084\" data-end=\"1194\">\n<li data-start=\"1084\" data-end=\"1157\">\n<p data-start=\"1086\" data-end=\"1157\">30\u00b0C-d\u0259n a\u015fa\u011f\u0131, s\u0259rin v\u0259 quru yerd\u0259, orijinal qabla\u015fd\u0131rmada saxlay\u0131n.<\/p>\n<\/li>\n<li data-start=\"1158\" data-end=\"1194\">\n<p data-start=\"1160\" data-end=\"1194\">Birba\u015fa g\u00fcn\u0259\u015f i\u015f\u0131\u011f\u0131ndan qoruyun.<\/p>\n<\/li>\n<\/ul>\n<hr data-start=\"1196\" data-end=\"1199\" \/>\n<h3 data-start=\"1201\" data-end=\"1226\"><strong data-start=\"1205\" data-end=\"1224\">Uy\u011fun Heyvanlar<\/strong><\/h3>\n<ul data-start=\"1227\" data-end=\"1372\">\n<li data-start=\"1227\" data-end=\"1291\">\n<p data-start=\"1229\" data-end=\"1291\"><strong data-start=\"1229\" data-end=\"1242\">Qu\u015f\u00e7uluq:<\/strong> toyuqlar, hindu\u015fka, \u00f6rd\u0259k v\u0259 dig\u0259r qu\u015f n\u00f6vl\u0259ri<\/p>\n<\/li>\n<li data-start=\"1292\" data-end=\"1372\">\n<p data-start=\"1294\" data-end=\"1372\"><strong data-start=\"1294\" data-end=\"1310\">Ruminantlar:<\/strong> mal-qara, qoyun, ke\u00e7i v\u0259 dig\u0259r m\u0259d\u0259alt\u0131 qab\u0131r\u011fal\u0131 heyvanlar<\/p>\n<\/li>\n<\/ul>\n<\/div>\n<p><!-- .vgblk-rw-wrapper --><\/p>","protected":false},"excerpt":{"rendered":"<p>WELL BREATH \u2013 N\u0259f\u0259s Sistemi D\u0259st\u0259yi Qabla\u015fd\u0131rma 1 lt plastik butulka T\u0259rkibi (1 lt-d\u0259) Madd\u0259 Miqdar Madd\u0259 Miqdar Thyme Oil (Thymus vulgaris) 20.000 mg L-Lysine 5.000 mg Lemon Oil (Citrus limonum) 20.000 mg Calcium Iodate 250 mg Eucalyptus Oil (Eucalyptus globulus) 6.000 mg Glycerine 1.000 mg Vitamin C 5.000 mg Potassium Sorbate 1.000 mg Vitamin&#8230;<\/p>","protected":false},"featured_media":0,"comment_status":"open","ping_status":"closed","template":"","meta":{"nf_dc_page":"","_monsterinsights_skip_tracking":false,"_monsterinsights_sitenote_active":false,"_monsterinsights_sitenote_note":"","_monsterinsights_sitenote_category":0},"product_brand":[],"product_cat":[251,68],"product_tag":[],"class_list":{"0":"post-990241","1":"product","2":"type-product","3":"status-publish","5":"product_cat-veterinary-products","6":"product_cat-poultry","8":"first","9":"instock","10":"shipping-taxable","11":"product-type-simple"},"jetpack_sharing_enabled":true,"_links":{"self":[{"href":"https:\/\/agrovetazerbaijan.az\/ru\/wp-json\/wp\/v2\/product\/990241","targetHints":{"allow":["GET"]}}],"collection":[{"href":"https:\/\/agrovetazerbaijan.az\/ru\/wp-json\/wp\/v2\/product"}],"about":[{"href":"https:\/\/agrovetazerbaijan.az\/ru\/wp-json\/wp\/v2\/types\/product"}],"replies":[{"embeddable":true,"href":"https:\/\/agrovetazerbaijan.az\/ru\/wp-json\/wp\/v2\/comments?post=990241"}],"version-history":[{"count":1,"href":"https:\/\/agrovetazerbaijan.az\/ru\/wp-json\/wp\/v2\/product\/990241\/revisions"}],"predecessor-version":[{"id":990242,"href":"https:\/\/agrovetazerbaijan.az\/ru\/wp-json\/wp\/v2\/product\/990241\/revisions\/990242"}],"wp:attachment":[{"href":"https:\/\/agrovetazerbaijan.az\/ru\/wp-json\/wp\/v2\/media?parent=990241"}],"wp:term":[{"taxonomy":"product_brand","embeddable":true,"href":"https:\/\/agrovetazerbaijan.az\/ru\/wp-json\/wp\/v2\/product_brand?post=990241"},{"taxonomy":"product_cat","embeddable":true,"href":"https:\/\/agrovetazerbaijan.az\/ru\/wp-json\/wp\/v2\/product_cat?post=990241"},{"taxonomy":"product_tag","embeddable":true,"href":"https:\/\/agrovetazerbaijan.az\/ru\/wp-json\/wp\/v2\/product_tag?post=990241"}],"curies":[{"name":"WP","href":"https:\/\/api.w.org\/{rel}","templated":true}]}}