{"id":990235,"date":"2025-08-24T22:22:20","date_gmt":"2025-08-24T22:22:20","guid":{"rendered":"https:\/\/agrovetazerbaijan.az\/?post_type=product&#038;p=990235"},"modified":"2025-08-24T22:22:35","modified_gmt":"2025-08-24T22:22:35","slug":"ashideltrin-1","status":"publish","type":"product","link":"https:\/\/agrovetazerbaijan.az\/ru\/product\/ashideltrin-1\/","title":{"rendered":"\u0410\u0448\u0438\u0434\u0435\u043b\u044c\u0442\u0440\u0438\u043d 1%"},"content":{"rendered":"<div class=\"vgblk-rw-wrapper limit-wrapper\">\n<h2 data-start=\"119\" data-end=\"150\"><strong data-start=\"122\" data-end=\"148\">ASHIDELTRIN 1% \u0434\u043b\u044f \u043d\u0430\u043b\u0438\u0432\u0430\u043d\u0438\u044f<\/strong><\/h2>\n<p data-start=\"151\" data-end=\"172\"><em data-start=\"151\" data-end=\"170\">(Deltamethrin 1%)<\/em><\/p>\n<hr data-start=\"174\" data-end=\"177\" \/>\n<h3 data-start=\"179\" data-end=\"196\"><strong data-start=\"183\" data-end=\"194\">\u0418\u043d\u0433\u0440\u0435\u0434\u0438\u0435\u043d\u0442\u044b<\/strong><\/h3>\n<p data-start=\"197\" data-end=\"211\">\u0412 \u043a\u0430\u0436\u0434\u043e\u043c 1 \u043c\u043b:<\/p>\n<ul data-start=\"212\" data-end=\"284\">\n<li data-start=\"212\" data-end=\"240\">\n<p data-start=\"214\" data-end=\"240\"><strong data-start=\"214\" data-end=\"230\">Deltamethrin<\/strong> \u2013 10 mg<\/p>\n<\/li>\n<li data-start=\"241\" data-end=\"284\">\n<p data-start=\"243\" data-end=\"284\"><strong data-start=\"243\" data-end=\"275\">H\u0259lledicil\u0259r v\u0259 emulqatorlar<\/strong> \u2013 q.s.<\/p>\n<\/li>\n<\/ul>\n<hr data-start=\"286\" data-end=\"289\" \/>\n<h3 data-start=\"291\" data-end=\"312\"><strong data-start=\"295\" data-end=\"310\">G\u00f6st\u0259ri\u015fl\u0259r<\/strong><\/h3>\n<p data-start=\"313\" data-end=\"340\"><strong data-start=\"313\" data-end=\"337\">Xarici istifad\u0259 \u00fc\u00e7\u00fcn<\/strong>.<\/p>\n<ul data-start=\"341\" data-end=\"490\">\n<li data-start=\"341\" data-end=\"389\">\n<p data-start=\"343\" data-end=\"389\"><strong data-start=\"343\" data-end=\"356\">\u041a\u0440\u0443\u043f\u043d\u044b\u0439 \u0440\u043e\u0433\u0430\u0442\u044b\u0439 \u0441\u043a\u043e\u0442:<\/strong> Bitl\u0259r v\u0259 mil\u00e7\u0259kl\u0259rin kontrolu<\/p>\n<\/li>\n<li data-start=\"390\" data-end=\"454\">\n<p data-start=\"392\" data-end=\"454\"><strong data-start=\"392\" data-end=\"402\">\u041e\u0432\u0446\u0430:<\/strong> G\u0259n\u0259l\u0259r, bitl\u0259r, kedsl\u0259r v\u0259 blowfly infestasiyas\u0131<\/p>\n<\/li>\n<li data-start=\"455\" data-end=\"490\">\n<p data-start=\"457\" data-end=\"490\"><strong data-start=\"457\" data-end=\"470\">Buzovlar:<\/strong> G\u0259n\u0259l\u0259r v\u0259 bitl\u0259r<\/p>\n<\/li>\n<\/ul>\n<hr data-start=\"492\" data-end=\"495\" \/>\n<h3 data-start=\"497\" data-end=\"536\"><strong data-start=\"501\" data-end=\"534\">Dozalanma v\u0259 \u0130stifad\u0259 Qaydas\u0131<\/strong><\/h3>\n<ul data-start=\"537\" data-end=\"941\">\n<li data-start=\"537\" data-end=\"605\">\n<p data-start=\"539\" data-end=\"605\">M\u0259hlulu <strong data-start=\"547\" data-end=\"590\">\u00e7iyin \u00f6n\u00fcnd\u0259n quyru\u011fa q\u0259d\u0259r bel boyunca<\/strong> t\u0259tbiq edin.<\/p>\n<\/li>\n<li data-start=\"606\" data-end=\"777\">\n<p data-start=\"608\" data-end=\"623\"><strong data-start=\"608\" data-end=\"621\">\u041a\u0440\u0443\u043f\u043d\u044b\u0439 \u0440\u043e\u0433\u0430\u0442\u044b\u0439 \u0441\u043a\u043e\u0442:<\/strong><\/p>\n<ul data-start=\"626\" data-end=\"777\">\n<li data-start=\"626\" data-end=\"645\">\n<p data-start=\"628\" data-end=\"645\">0\u2013200 kg: 20 ml<\/p>\n<\/li>\n<li data-start=\"648\" data-end=\"669\">\n<p data-start=\"650\" data-end=\"669\">201\u2013300 kg: 30 ml<\/p>\n<\/li>\n<li data-start=\"672\" data-end=\"693\">\n<p data-start=\"674\" data-end=\"693\">301\u2013400 kg: 40 ml<\/p>\n<\/li>\n<li data-start=\"696\" data-end=\"724\">\n<p data-start=\"698\" data-end=\"724\">400 kg-dan yuxar\u0131: 45 ml<\/p>\n<\/li>\n<li data-start=\"727\" data-end=\"777\">\n<p data-start=\"729\" data-end=\"777\">Bitl\u0259r \u00fc\u00e7\u00fcn: 7,5 ml\/heyvan (\u00e7\u0259kiy\u0259 baxmayaraq)<\/p>\n<\/li>\n<\/ul>\n<\/li>\n<li data-start=\"778\" data-end=\"804\">\n<p data-start=\"780\" data-end=\"804\"><strong data-start=\"780\" data-end=\"790\">\u041e\u0432\u0446\u0430:<\/strong> 5 ml\/heyvan<\/p>\n<\/li>\n<li data-start=\"805\" data-end=\"853\">\n<p data-start=\"807\" data-end=\"853\"><strong data-start=\"807\" data-end=\"844\">Buzovlar (&lt;10 kg v\u0259 ya 1 ay ya\u015f):<\/strong> 2,5 ml<\/p>\n<\/li>\n<li data-start=\"854\" data-end=\"941\">\n<p data-start=\"856\" data-end=\"941\"><strong data-start=\"856\" data-end=\"875\">Effekt m\u00fcdd\u0259ti:<\/strong> Bir t\u0259tbiq 8\u201310 h\u0259ft\u0259 mil\u00e7\u0259kl\u0259r\u0259 qar\u015f\u0131 qoruyucu t\u0259sir g\u00f6st\u0259rir.<\/p>\n<\/li>\n<\/ul>\n<\/div>\n<p><!-- .vgblk-rw-wrapper --><\/p>","protected":false},"excerpt":{"rendered":"<p>ASHIDELTRIN 1% Pour-On (Deltamethrin 1%) T\u0259rkibi H\u0259r 1 ml-d\u0259: Deltamethrin \u2013 10 mg H\u0259lledicil\u0259r v\u0259 emulqatorlar \u2013 q.s. G\u00f6st\u0259ri\u015fl\u0259r Xarici istifad\u0259 \u00fc\u00e7\u00fcn. Mal-qara: Bitl\u0259r v\u0259 mil\u00e7\u0259kl\u0259rin kontrolu Qoyun: G\u0259n\u0259l\u0259r, bitl\u0259r, kedsl\u0259r v\u0259 blowfly infestasiyas\u0131 Buzovlar: G\u0259n\u0259l\u0259r v\u0259 bitl\u0259r Dozalanma v\u0259 \u0130stifad\u0259 Qaydas\u0131 M\u0259hlulu \u00e7iyin \u00f6n\u00fcnd\u0259n quyru\u011fa q\u0259d\u0259r bel boyunca t\u0259tbiq edin. Mal-qara: 0\u2013200 kg: 20&#8230;<\/p>","protected":false},"featured_media":990236,"comment_status":"open","ping_status":"closed","template":"","meta":{"nf_dc_page":"","_monsterinsights_skip_tracking":false,"_monsterinsights_sitenote_active":false,"_monsterinsights_sitenote_note":"","_monsterinsights_sitenote_category":0},"product_brand":[],"product_cat":[108,251,114],"product_tag":[],"class_list":{"0":"post-990235","1":"product","2":"type-product","3":"status-publish","4":"has-post-thumbnail","6":"product_cat-cow","7":"product_cat-veterinary-products","8":"product_cat-sheep","10":"first","11":"instock","12":"shipping-taxable","13":"product-type-simple"},"jetpack_sharing_enabled":true,"_links":{"self":[{"href":"https:\/\/agrovetazerbaijan.az\/ru\/wp-json\/wp\/v2\/product\/990235","targetHints":{"allow":["GET"]}}],"collection":[{"href":"https:\/\/agrovetazerbaijan.az\/ru\/wp-json\/wp\/v2\/product"}],"about":[{"href":"https:\/\/agrovetazerbaijan.az\/ru\/wp-json\/wp\/v2\/types\/product"}],"replies":[{"embeddable":true,"href":"https:\/\/agrovetazerbaijan.az\/ru\/wp-json\/wp\/v2\/comments?post=990235"}],"version-history":[{"count":2,"href":"https:\/\/agrovetazerbaijan.az\/ru\/wp-json\/wp\/v2\/product\/990235\/revisions"}],"predecessor-version":[{"id":990238,"href":"https:\/\/agrovetazerbaijan.az\/ru\/wp-json\/wp\/v2\/product\/990235\/revisions\/990238"}],"wp:featuredmedia":[{"embeddable":true,"href":"https:\/\/agrovetazerbaijan.az\/ru\/wp-json\/wp\/v2\/media\/990236"}],"wp:attachment":[{"href":"https:\/\/agrovetazerbaijan.az\/ru\/wp-json\/wp\/v2\/media?parent=990235"}],"wp:term":[{"taxonomy":"product_brand","embeddable":true,"href":"https:\/\/agrovetazerbaijan.az\/ru\/wp-json\/wp\/v2\/product_brand?post=990235"},{"taxonomy":"product_cat","embeddable":true,"href":"https:\/\/agrovetazerbaijan.az\/ru\/wp-json\/wp\/v2\/product_cat?post=990235"},{"taxonomy":"product_tag","embeddable":true,"href":"https:\/\/agrovetazerbaijan.az\/ru\/wp-json\/wp\/v2\/product_tag?post=990235"}],"curies":[{"name":"WP","href":"https:\/\/api.w.org\/{rel}","templated":true}]}}