{"id":990225,"date":"2025-08-24T22:16:02","date_gmt":"2025-08-24T22:16:02","guid":{"rendered":"https:\/\/agrovetazerbaijan.az\/?post_type=product&#038;p=990225"},"modified":"2025-08-24T22:16:18","modified_gmt":"2025-08-24T22:16:18","slug":"ashicarp-ch-25","status":"publish","type":"product","link":"https:\/\/agrovetazerbaijan.az\/ru\/product\/ashicarp-ch-25\/","title":{"rendered":"\u0410\u0448\u0438\u043a\u0430\u0440\u043f CH 25"},"content":{"rendered":"<div class=\"vgblk-rw-wrapper limit-wrapper\">\n<h2 data-start=\"73\" data-end=\"96\"><strong data-start=\"76\" data-end=\"94\">\u0410\u0448\u0438\u043a\u0430\u0440\u043f CH 25<\/strong><\/h2>\n<h3 data-start=\"98\" data-end=\"115\"><strong data-start=\"102\" data-end=\"113\">\u0418\u043d\u0433\u0440\u0435\u0434\u0438\u0435\u043d\u0442\u044b<\/strong><\/h3>\n<p data-start=\"116\" data-end=\"147\">H\u0259r bir \u00e7eyn\u0259n\u0259 bil\u0259n tablet:<\/p>\n<ul data-start=\"148\" data-end=\"185\">\n<li data-start=\"148\" data-end=\"185\">\n<p data-start=\"150\" data-end=\"185\"><strong data-start=\"150\" data-end=\"175\">Karprofen (Carprofen)<\/strong> \u2013 25 mq<\/p>\n<\/li>\n<\/ul>\n<hr data-start=\"187\" data-end=\"190\" \/>\n<h3 data-start=\"192\" data-end=\"213\"><strong data-start=\"196\" data-end=\"211\">G\u00f6st\u0259ri\u015fl\u0259r<\/strong><\/h3>\n<ul data-start=\"214\" data-end=\"364\">\n<li data-start=\"214\" data-end=\"307\">\n<p data-start=\"216\" data-end=\"307\">\u0130tl\u0259rd\u0259 oynaq x\u0259st\u0259likl\u0259rind\u0259n (osteoartrit v\u0259 s.) yaranan iltihab v\u0259 a\u011fr\u0131n\u0131n azald\u0131lmas\u0131<\/p>\n<\/li>\n<li data-start=\"308\" data-end=\"364\">\n<p data-start=\"310\" data-end=\"364\">\u018fm\u0259liyyatlardan sonrak\u0131 a\u011fr\u0131lar\u0131n y\u00fcng\u00fcll\u0259\u015fdirilm\u0259si<\/p>\n<\/li>\n<\/ul>\n<hr data-start=\"366\" data-end=\"369\" \/>\n<h3 data-start=\"371\" data-end=\"410\"><strong data-start=\"375\" data-end=\"408\">Dozalanma v\u0259 \u0130stifad\u0259 Qaydas\u0131<\/strong><\/h3>\n<ul data-start=\"411\" data-end=\"613\">\n<li data-start=\"411\" data-end=\"484\">\n<p data-start=\"413\" data-end=\"484\"><strong data-start=\"413\" data-end=\"439\">&lt; 5,5 kq \u00e7\u0259kid\u0259 itl\u0259r:<\/strong> g\u00fcnd\u0259 1 tablet v\u0259 ya g\u00fcnd\u0259 2 d\u0259f\u0259 \u00bd tablet<\/p>\n<\/li>\n<li data-start=\"485\" data-end=\"575\">\n<p data-start=\"487\" data-end=\"575\"><strong data-start=\"487\" data-end=\"513\">&gt; 5,5 kq \u00e7\u0259kid\u0259 itl\u0259r:<\/strong> h\u0259r 5,5 kq canl\u0131 \u00e7\u0259kiy\u0259 \u00bd tablet \u0259lav\u0259 olunmaqla hesablan\u0131r<\/p>\n<\/li>\n<li data-start=\"576\" data-end=\"613\">\n<p data-start=\"578\" data-end=\"613\">A\u011f\u0131zdan, yem il\u0259 birlikd\u0259 verilir<\/p>\n<\/li>\n<\/ul>\n<hr data-start=\"615\" data-end=\"618\" \/>\n<h3 data-start=\"620\" data-end=\"644\"><strong data-start=\"624\" data-end=\"642\">X\u0259b\u0259rdarl\u0131qlar<\/strong><\/h3>\n<ul data-start=\"645\" data-end=\"877\">\n<li data-start=\"645\" data-end=\"740\">\n<p data-start=\"647\" data-end=\"740\">Qaraciy\u0259r, b\u00f6yr\u0259k v\u0259 m\u0259d\u0259-ba\u011f\u0131rsaq x\u0259st\u0259likl\u0259ri olan itl\u0259rd\u0259 ehtiyatla istifad\u0259 edilm\u0259lidir<\/p>\n<\/li>\n<li data-start=\"741\" data-end=\"803\">\n<p data-start=\"743\" data-end=\"803\">Dig\u0259r NSAID v\u0259 kortikosteroidl\u0259rl\u0259 birlikd\u0259 verilm\u0259m\u0259lidir<\/p>\n<\/li>\n<li data-start=\"804\" data-end=\"877\">\n<p data-start=\"806\" data-end=\"877\">Yan t\u0259sir m\u00fc\u015fahid\u0259 olunarsa d\u0259rhal baytar h\u0259kim\u0259 m\u00fcraci\u0259t edilm\u0259lidir<\/p>\n<\/li>\n<\/ul>\n<hr data-start=\"879\" data-end=\"882\" \/>\n<p data-start=\"937\" data-end=\"973\">\n<\/div>\n<p><!-- .vgblk-rw-wrapper --><\/p>","protected":false},"excerpt":{"rendered":"<p>Ashicarp CH 25 T\u0259rkibi H\u0259r bir \u00e7eyn\u0259n\u0259 bil\u0259n tablet: Karprofen (Carprofen) \u2013 25 mq G\u00f6st\u0259ri\u015fl\u0259r \u0130tl\u0259rd\u0259 oynaq x\u0259st\u0259likl\u0259rind\u0259n (osteoartrit v\u0259 s.) yaranan iltihab v\u0259 a\u011fr\u0131n\u0131n azald\u0131lmas\u0131 \u018fm\u0259liyyatlardan sonrak\u0131 a\u011fr\u0131lar\u0131n y\u00fcng\u00fcll\u0259\u015fdirilm\u0259si Dozalanma v\u0259 \u0130stifad\u0259 Qaydas\u0131 &lt; 5,5 kq \u00e7\u0259kid\u0259 itl\u0259r: g\u00fcnd\u0259 1 tablet v\u0259 ya g\u00fcnd\u0259 2 d\u0259f\u0259 \u00bd tablet &gt; 5,5 kq \u00e7\u0259kid\u0259 itl\u0259r: h\u0259r&#8230;<\/p>","protected":false},"featured_media":990226,"comment_status":"open","ping_status":"closed","template":"","meta":{"nf_dc_page":"","_monsterinsights_skip_tracking":false,"_monsterinsights_sitenote_active":false,"_monsterinsights_sitenote_note":"","_monsterinsights_sitenote_category":0},"product_brand":[],"product_cat":[244,251,246,58],"product_tag":[],"class_list":{"0":"post-990225","1":"product","2":"type-product","3":"status-publish","4":"has-post-thumbnail","6":"product_cat-it-ve-pisik-mehsullari","7":"product_cat-veterinary-products","8":"product_cat-dermanlar","9":"product_cat-dog","11":"first","12":"instock","13":"shipping-taxable","14":"product-type-simple"},"jetpack_sharing_enabled":true,"_links":{"self":[{"href":"https:\/\/agrovetazerbaijan.az\/ru\/wp-json\/wp\/v2\/product\/990225","targetHints":{"allow":["GET"]}}],"collection":[{"href":"https:\/\/agrovetazerbaijan.az\/ru\/wp-json\/wp\/v2\/product"}],"about":[{"href":"https:\/\/agrovetazerbaijan.az\/ru\/wp-json\/wp\/v2\/types\/product"}],"replies":[{"embeddable":true,"href":"https:\/\/agrovetazerbaijan.az\/ru\/wp-json\/wp\/v2\/comments?post=990225"}],"version-history":[{"count":2,"href":"https:\/\/agrovetazerbaijan.az\/ru\/wp-json\/wp\/v2\/product\/990225\/revisions"}],"predecessor-version":[{"id":990228,"href":"https:\/\/agrovetazerbaijan.az\/ru\/wp-json\/wp\/v2\/product\/990225\/revisions\/990228"}],"wp:featuredmedia":[{"embeddable":true,"href":"https:\/\/agrovetazerbaijan.az\/ru\/wp-json\/wp\/v2\/media\/990226"}],"wp:attachment":[{"href":"https:\/\/agrovetazerbaijan.az\/ru\/wp-json\/wp\/v2\/media?parent=990225"}],"wp:term":[{"taxonomy":"product_brand","embeddable":true,"href":"https:\/\/agrovetazerbaijan.az\/ru\/wp-json\/wp\/v2\/product_brand?post=990225"},{"taxonomy":"product_cat","embeddable":true,"href":"https:\/\/agrovetazerbaijan.az\/ru\/wp-json\/wp\/v2\/product_cat?post=990225"},{"taxonomy":"product_tag","embeddable":true,"href":"https:\/\/agrovetazerbaijan.az\/ru\/wp-json\/wp\/v2\/product_tag?post=990225"}],"curies":[{"name":"WP","href":"https:\/\/api.w.org\/{rel}","templated":true}]}}