{"id":990219,"date":"2025-08-24T22:02:29","date_gmt":"2025-08-24T22:02:29","guid":{"rendered":"https:\/\/agrovetazerbaijan.az\/?post_type=product&#038;p=990219"},"modified":"2025-08-24T22:11:37","modified_gmt":"2025-08-24T22:11:37","slug":"ashimethrin-10-ec","status":"publish","type":"product","link":"https:\/\/agrovetazerbaijan.az\/ru\/product\/ashimethrin-10-ec\/","title":{"rendered":"\u0410\u0448\u0438\u043c\u0435\u0442\u0440\u0438\u043d-10% EC"},"content":{"rendered":"<div class=\"vgblk-rw-wrapper limit-wrapper\">\n<h2 data-start=\"106\" data-end=\"118\">\u0418\u043d\u0433\u0440\u0435\u0434\u0438\u0435\u043d\u0442\u044b<\/h2>\n<p data-start=\"119\" data-end=\"133\">\u0412 \u043a\u0430\u0436\u0434\u043e\u043c 1 \u043c\u043b:<\/p>\n<ul data-start=\"134\" data-end=\"278\">\n<li data-start=\"134\" data-end=\"211\">\n<p data-start=\"136\" data-end=\"211\"><strong data-start=\"136\" data-end=\"152\">Siper\u00admetrin<\/strong> &#8230;&#8230;&#8230;&#8230;&#8230;&#8230;&#8230;&#8230;&#8230;&#8230;&#8230;&#8230;&#8230;&#8230;&#8230;. 100,00 mq<\/p>\n<\/li>\n<li data-start=\"212\" data-end=\"278\">\n<p data-start=\"214\" data-end=\"278\"><strong data-start=\"214\" data-end=\"246\">H\u0259lledicil\u0259r v\u0259 Emulqatorlar<\/strong> &#8230;&#8230;&#8230;&#8230;&#8230;&#8230;&#8230;&#8230; q.s.<\/p>\n<\/li>\n<\/ul>\n<hr data-start=\"280\" data-end=\"283\" \/>\n<h2 data-start=\"285\" data-end=\"301\">G\u00f6st\u0259ri\u015fl\u0259r<\/h2>\n<p data-start=\"302\" data-end=\"487\"><strong data-start=\"302\" data-end=\"324\">ASHIMETHRIN 10% EC<\/strong> mal-qara, qoyun, ke\u00e7i, donuz v\u0259 qu\u015f\u00e7uluqda mil\u00e7\u0259k, g\u0259n\u0259, bit, g\u0259n\u0259varil\u0259r v\u0259 dig\u0259r ektoparazitl\u0259rin geni\u015f spektrli m\u00fcalic\u0259 v\u0259 profilaktikas\u0131nda istifad\u0259 olunur.<\/p>\n<hr data-start=\"489\" data-end=\"492\" \/>\n<h2 data-start=\"494\" data-end=\"528\">Dozalanma v\u0259 \u0130stifad\u0259 Qaydas\u0131<\/h2>\n<p data-start=\"529\" data-end=\"773\"><strong data-start=\"529\" data-end=\"558\">Yaln\u0131z xarici istifad\u0259y\u0259!<\/strong><br data-start=\"558\" data-end=\"561\" \/>ASHIMETHRIN 10% EC istifad\u0259d\u0259n \u0259vv\u0259l su il\u0259 100 d\u0259f\u0259 durula\u015fd\u0131r\u0131laraq s\u00fcd r\u0259ngind\u0259 emulsiyaya g\u0259tirilir. H\u0259mi\u015f\u0259 t\u0259z\u0259 qar\u0131\u015f\u0131q haz\u0131rlanmal\u0131d\u0131r. M\u0259hsul b\u00fct\u00fcn n\u00f6v s\u0259thi \u00e7il\u0259m\u0259 avadanl\u0131qlar\u0131 il\u0259 istifad\u0259y\u0259 uy\u011fundur.<\/p>\n<ul data-start=\"775\" data-end=\"2389\">\n<li data-start=\"775\" data-end=\"1346\">\n<p data-start=\"777\" data-end=\"791\"><strong data-start=\"777\" data-end=\"789\">Mal-qara<\/strong><\/p>\n<ul data-start=\"794\" data-end=\"1346\">\n<li data-start=\"794\" data-end=\"977\">\n<p data-start=\"796\" data-end=\"977\"><em data-start=\"796\" data-end=\"812\">G\u0259n\u0259 n\u0259zar\u0259ti:<\/em> 15 ml preparat 10 litr suda h\u0259ll edilir. Heyvan tam islanana q\u0259d\u0259r, x\u00fcsusil\u0259 g\u0259n\u0259l\u0259rin yap\u0131\u015fd\u0131\u011f\u0131 sah\u0259l\u0259r\u0259 t\u0259tbiq olunur. H\u0259r heyvana 3\u20135 litr m\u0259hlul t\u0259l\u0259b olunur.<\/p>\n<\/li>\n<li data-start=\"980\" data-end=\"1346\">\n<p data-start=\"982\" data-end=\"1346\"><em data-start=\"982\" data-end=\"1014\">G\u0259n\u0259varil\u0259r (mitl\u0259r) n\u0259zar\u0259ti:<\/em> 7,5 ml preparat 5 litr suda h\u0259ll edilir. Yetkin heyvan\u0131n h\u0259r t\u0259r\u0259fin\u0259 250 ml, buzovlara is\u0259 h\u0259r t\u0259r\u0259f\u0259 75 ml qar\u0131\u015f\u0131q p\u00fcsk\u00fcrd\u00fcl\u00fcr. Mil\u00e7\u0259k m\u00f6vs\u00fcm\u00fcnd\u0259 28 g\u00fcnd\u0259n bir, \u00fcz mil\u00e7\u0259kl\u0259rin\u0259 qar\u015f\u0131 is\u0259 14 g\u00fcnd\u0259n bir t\u0259krarlan\u0131r. S\u00fcd in\u0259kl\u0259rind\u0259 istifad\u0259si t\u0259hl\u00fck\u0259sizdir, lakin s\u00fcd v\u0259 avadanl\u0131qlar\u0131n birba\u015fa \u00e7irkl\u0259nm\u0259sinin qar\u015f\u0131s\u0131 al\u0131nmal\u0131d\u0131r.<\/p>\n<\/li>\n<\/ul>\n<\/li>\n<li data-start=\"1348\" data-end=\"1492\">\n<p data-start=\"1350\" data-end=\"1363\"><strong data-start=\"1350\" data-end=\"1361\">\u041a\u043e\u0437\u044b<\/strong><\/p>\n<ul data-start=\"1366\" data-end=\"1492\">\n<li data-start=\"1366\" data-end=\"1492\">\n<p data-start=\"1368\" data-end=\"1492\">G\u0259n\u0259, qa\u015f\u0131nma, bit v\u0259 mil\u00e7\u0259kl\u0259r\u0259 qar\u015f\u0131: 7,5 ml preparat 10 litr suda h\u0259ll edilir v\u0259 heyvan tam islanana q\u0259d\u0259r p\u00fcsk\u00fcrd\u00fcl\u00fcr.<\/p>\n<\/li>\n<\/ul>\n<\/li>\n<li data-start=\"1494\" data-end=\"1639\">\n<p data-start=\"1496\" data-end=\"1510\"><strong data-start=\"1496\" data-end=\"1508\">\u0421\u0432\u0438\u043d\u044c\u0438<\/strong><\/p>\n<ul data-start=\"1513\" data-end=\"1639\">\n<li data-start=\"1513\" data-end=\"1639\">\n<p data-start=\"1515\" data-end=\"1639\">G\u0259n\u0259, qa\u015f\u0131nma, bit v\u0259 mil\u00e7\u0259kl\u0259r\u0259 qar\u015f\u0131: 7,5 ml preparat 10 litr suda h\u0259ll edilir v\u0259 heyvan tam islanana q\u0259d\u0259r p\u00fcsk\u00fcrd\u00fcl\u00fcr.<\/p>\n<\/li>\n<\/ul>\n<\/li>\n<li data-start=\"1641\" data-end=\"1911\">\n<p data-start=\"1643\" data-end=\"1657\"><strong data-start=\"1643\" data-end=\"1655\">\u041f\u0442\u0438\u0446\u0435\u0432\u043e\u0434\u0441\u0442\u0432\u043e<\/strong><\/p>\n<ul data-start=\"1660\" data-end=\"1911\">\n<li data-start=\"1660\" data-end=\"1911\">\n<p data-start=\"1662\" data-end=\"1911\">Bit v\u0259 g\u0259n\u0259l\u0259r\u0259 qar\u015f\u0131: 25 ml preparat 5 litr suda h\u0259ll edilir v\u0259 birba\u015fa qu\u015flar\u0131n \u00fcz\u0259rin\u0259, h\u0259m\u00e7inin t\u00f6vl\u0259 v\u0259 q\u0259f\u0259sl\u0259rin b\u00fct\u00fcn s\u0259thl\u0259rin\u0259 t\u0259tbiq olunur. Laz\u0131m g\u0259ldikd\u0259 h\u0259r 28 g\u00fcnd\u0259n bir t\u0259krarlan\u0131r. Yeni \u00e7\u0131xm\u0131\u015f c\u00fcc\u0259 balalar\u0131na t\u0259tbiq olunmamal\u0131d\u0131r.<\/p>\n<\/li>\n<\/ul>\n<\/li>\n<li data-start=\"1913\" data-end=\"2143\">\n<p data-start=\"1915\" data-end=\"1929\"><strong data-start=\"1915\" data-end=\"1927\">\u041e\u0432\u0446\u0430<\/strong><\/p>\n<ul data-start=\"1932\" data-end=\"2143\">\n<li data-start=\"1932\" data-end=\"2143\">\n<p data-start=\"1934\" data-end=\"2143\">G\u0259n\u0259varil\u0259r v\u0259 bitl\u0259r\u0259 qar\u015f\u0131: 7,5 ml preparat 10 litr suda h\u0259ll edil\u0259r\u0259k p\u00fcsk\u00fcrd\u00fcl\u00fcr v\u0259 ya vannada islad\u0131l\u0131r. \u015eidd\u0259tli g\u0259n\u0259varil\u0259r infestasiya zaman\u0131 doza 100 litr suya 100 ml preparata q\u0259d\u0259r art\u0131r\u0131la bil\u0259r.<\/p>\n<\/li>\n<\/ul>\n<\/li>\n<li data-start=\"2145\" data-end=\"2389\">\n<p data-start=\"2147\" data-end=\"2178\"><strong data-start=\"2147\" data-end=\"2176\">Heyvan saxlan\u0131lan binalar<\/strong><\/p>\n<ul data-start=\"2181\" data-end=\"2389\">\n<li data-start=\"2181\" data-end=\"2389\">\n<p data-start=\"2183\" data-end=\"2389\">T\u00f6vl\u0259l\u0259rd\u0259, qu\u015f\u00e7uluq evl\u0259rind\u0259, s\u00fcd sa\u011f\u0131m yerl\u0259rind\u0259, donuzxanalarda v\u0259 dig\u0259r t\u0259s\u0259rr\u00fcfat binalar\u0131nda mil\u00e7\u0259kl\u0259r\u0259 qar\u015f\u0131: 25 ml preparat 5 litr suda h\u0259ll edilir v\u0259 h\u0259r 10 m\u00b2 sah\u0259y\u0259 1 litr m\u0259hlul p\u00fcsk\u00fcrd\u00fcl\u00fcr.<\/p>\n<\/li>\n<\/ul>\n<\/li>\n<\/ul>\n<hr data-start=\"2391\" data-end=\"2394\" \/>\n<h2 data-start=\"2396\" data-end=\"2415\">X\u0259b\u0259rdarl\u0131qlar<\/h2>\n<ul data-start=\"2416\" data-end=\"2552\">\n<li data-start=\"2416\" data-end=\"2505\">\n<p data-start=\"2418\" data-end=\"2505\">S\u00fcd, s\u00fcd m\u0259hsullar\u0131, qida m\u0259hsullar\u0131, yem v\u0259 i\u00e7m\u0259li suyun \u00e7irkl\u0259nm\u0259sin\u0259 yol verm\u0259yin.<\/p>\n<\/li>\n<li data-start=\"2506\" data-end=\"2552\">\n<p data-start=\"2508\" data-end=\"2552\">S\u00fcd sa\u011fmazdan \u0259vv\u0259l heyvan\u0131n d\u00f6\u015f\u00fcn\u00fc yuyun.<\/p>\n<\/li>\n<\/ul>\n<hr data-start=\"2554\" data-end=\"2557\" \/>\n<h2 data-start=\"2559\" data-end=\"2579\">G\u00f6zl\u0259m\u0259 m\u00fcdd\u0259ti<\/h2>\n<ul data-start=\"2580\" data-end=\"2733\">\n<li data-start=\"2580\" data-end=\"2636\">\n<p data-start=\"2582\" data-end=\"2636\"><strong data-start=\"2582\" data-end=\"2595\">\u041a\u0440\u0443\u043f\u043d\u044b\u0439 \u0440\u043e\u0433\u0430\u0442\u044b\u0439 \u0441\u043a\u043e\u0442:<\/strong> \u018ft \u2013 28 g\u00fcn, S\u00fcd \u2013 m\u0259hdudiyy\u0259t yoxdur.<\/p>\n<\/li>\n<li data-start=\"2637\" data-end=\"2672\">\n<p data-start=\"2639\" data-end=\"2672\"><strong data-start=\"2639\" data-end=\"2657\">\u041e\u0432\u0446\u044b \u0438 \u043a\u043e\u0437\u044b:<\/strong> \u018ft \u2013 18 g\u00fcn.<\/p>\n<\/li>\n<li data-start=\"2673\" data-end=\"2733\">\n<p data-start=\"2675\" data-end=\"2733\"><strong data-start=\"2675\" data-end=\"2688\">Qu\u015f\u00e7uluq:<\/strong> \u018ft \u2013 21 g\u00fcn, Yumurta \u2013 m\u0259hdudiyy\u0259t yoxdur.<\/p>\n<\/li>\n<\/ul>\n<hr data-start=\"2735\" data-end=\"2738\" \/>\n<h2 data-start=\"2740\" data-end=\"2762\">Saxlanma \u015f\u0259rtl\u0259ri<\/h2>\n<p data-start=\"2763\" data-end=\"2833\">30\u00b0C-d\u0259n a\u015fa\u011f\u0131, quru v\u0259 g\u00fcn\u0259\u015f i\u015f\u0131\u011f\u0131ndan qorunan yerd\u0259 saxlanmal\u0131d\u0131r.<\/p>\n<hr data-start=\"2835\" data-end=\"2838\" \/>\n<h2 data-start=\"2840\" data-end=\"2856\">\u0423\u043f\u0430\u043a\u043e\u0432\u043a\u0430<\/h2>\n<p data-start=\"2857\" data-end=\"2925\">50 ml, 100 ml, 200 ml, 250 ml, 500 ml, 1000 ml, 5 litr v\u0259 25 litr.<\/p>\n<\/div>\n<p><!-- .vgblk-rw-wrapper --><\/p>","protected":false},"excerpt":{"rendered":"<p>T\u0259rkibi H\u0259r 1 ml-d\u0259: Siper\u00admetrin &#8230;&#8230;&#8230;&#8230;&#8230;&#8230;&#8230;&#8230;&#8230;&#8230;&#8230;&#8230;&#8230;&#8230;&#8230;. 100,00 mq H\u0259lledicil\u0259r v\u0259 Emulqatorlar &#8230;&#8230;&#8230;&#8230;&#8230;&#8230;&#8230;&#8230; q.s. G\u00f6st\u0259ri\u015fl\u0259r ASHIMETHRIN 10% EC mal-qara, qoyun, ke\u00e7i, donuz v\u0259 qu\u015f\u00e7uluqda mil\u00e7\u0259k, g\u0259n\u0259, bit, g\u0259n\u0259varil\u0259r v\u0259 dig\u0259r ektoparazitl\u0259rin geni\u015f spektrli m\u00fcalic\u0259 v\u0259 profilaktikas\u0131nda istifad\u0259 olunur. Dozalanma v\u0259 \u0130stifad\u0259 Qaydas\u0131 Yaln\u0131z xarici istifad\u0259y\u0259!ASHIMETHRIN 10% EC istifad\u0259d\u0259n \u0259vv\u0259l su il\u0259 100 d\u0259f\u0259 durula\u015fd\u0131r\u0131laraq s\u00fcd r\u0259ngind\u0259&#8230;<\/p>","protected":false},"featured_media":990220,"comment_status":"open","ping_status":"closed","template":"","meta":{"nf_dc_page":"","_monsterinsights_skip_tracking":false,"_monsterinsights_sitenote_active":false,"_monsterinsights_sitenote_note":"","_monsterinsights_sitenote_category":0},"product_brand":[],"product_cat":[108,251,114],"product_tag":[],"class_list":{"0":"post-990219","1":"product","2":"type-product","3":"status-publish","4":"has-post-thumbnail","6":"product_cat-cow","7":"product_cat-veterinary-products","8":"product_cat-sheep","10":"first","11":"instock","12":"shipping-taxable","13":"product-type-simple"},"jetpack_sharing_enabled":true,"_links":{"self":[{"href":"https:\/\/agrovetazerbaijan.az\/ru\/wp-json\/wp\/v2\/product\/990219","targetHints":{"allow":["GET"]}}],"collection":[{"href":"https:\/\/agrovetazerbaijan.az\/ru\/wp-json\/wp\/v2\/product"}],"about":[{"href":"https:\/\/agrovetazerbaijan.az\/ru\/wp-json\/wp\/v2\/types\/product"}],"replies":[{"embeddable":true,"href":"https:\/\/agrovetazerbaijan.az\/ru\/wp-json\/wp\/v2\/comments?post=990219"}],"version-history":[{"count":1,"href":"https:\/\/agrovetazerbaijan.az\/ru\/wp-json\/wp\/v2\/product\/990219\/revisions"}],"predecessor-version":[{"id":990221,"href":"https:\/\/agrovetazerbaijan.az\/ru\/wp-json\/wp\/v2\/product\/990219\/revisions\/990221"}],"wp:featuredmedia":[{"embeddable":true,"href":"https:\/\/agrovetazerbaijan.az\/ru\/wp-json\/wp\/v2\/media\/990220"}],"wp:attachment":[{"href":"https:\/\/agrovetazerbaijan.az\/ru\/wp-json\/wp\/v2\/media?parent=990219"}],"wp:term":[{"taxonomy":"product_brand","embeddable":true,"href":"https:\/\/agrovetazerbaijan.az\/ru\/wp-json\/wp\/v2\/product_brand?post=990219"},{"taxonomy":"product_cat","embeddable":true,"href":"https:\/\/agrovetazerbaijan.az\/ru\/wp-json\/wp\/v2\/product_cat?post=990219"},{"taxonomy":"product_tag","embeddable":true,"href":"https:\/\/agrovetazerbaijan.az\/ru\/wp-json\/wp\/v2\/product_tag?post=990219"}],"curies":[{"name":"WP","href":"https:\/\/api.w.org\/{rel}","templated":true}]}}