{"id":990213,"date":"2025-08-17T22:54:45","date_gmt":"2025-08-17T22:54:45","guid":{"rendered":"https:\/\/agrovetazerbaijan.az\/?post_type=product&#038;p=990213"},"modified":"2025-08-17T22:55:51","modified_gmt":"2025-08-17T22:55:51","slug":"herbamax-sterilized-cat-food-with-salmon","status":"publish","type":"product","link":"https:\/\/agrovetazerbaijan.az\/ru\/product\/herbamax-sterilized-cat-food-with-salmon\/","title":{"rendered":"\u041a\u043e\u0440\u043c \u0434\u043b\u044f \u0441\u0442\u0435\u0440\u0438\u043b\u0438\u0437\u043e\u0432\u0430\u043d\u043d\u044b\u0445 \u043a\u043e\u0448\u0435\u043a Herbamax \u0441 \u043b\u043e\u0441\u043e\u0441\u0435\u043c"},"content":{"rendered":"<div class=\"vgblk-rw-wrapper limit-wrapper\">\n<h2 data-start=\"83\" data-end=\"130\"><strong data-start=\"86\" data-end=\"128\">Herbamax Sterilized Cat Food \u2013 Somonlu<\/strong><\/h2>\n<p data-start=\"132\" data-end=\"219\">Sterilizasiya olunmu\u015f pi\u015fikl\u0259r \u00fc\u00e7\u00fcn x\u00fcsusi haz\u0131rlanm\u0131\u015f <strong data-start=\"187\" data-end=\"216\">super premium somonlu yem<\/strong>.<\/p>\n<ul data-start=\"220\" data-end=\"428\">\n<li data-start=\"220\" data-end=\"270\">\n<p data-start=\"222\" data-end=\"270\"><strong data-start=\"222\" data-end=\"268\">Sa\u011flam \u00e7\u0259ki n\u0259zar\u0259ti v\u0259 metabolizm d\u0259st\u0259yi<\/strong><\/p>\n<\/li>\n<li data-start=\"271\" data-end=\"330\">\n<p data-start=\"273\" data-end=\"330\"><strong data-start=\"273\" data-end=\"328\">Somon proteini il\u0259 y\u00fcks\u0259k h\u0259zm olunma v\u0259 \u0259z\u0259l\u0259 g\u00fcc\u00fc<\/strong><\/p>\n<\/li>\n<li data-start=\"331\" data-end=\"378\">\n<p data-start=\"333\" data-end=\"378\"><strong data-start=\"333\" data-end=\"376\">Vitamin v\u0259 minerallarla g\u00fccl\u00fc immunitet<\/strong><\/p>\n<\/li>\n<li data-start=\"379\" data-end=\"428\">\n<p data-start=\"381\" data-end=\"428\"><strong data-start=\"381\" data-end=\"426\">Prebiotik v\u0259 lifl\u0259rl\u0259 sa\u011flam h\u0259zm sistemi<\/strong><\/p>\n<\/li>\n<\/ul>\n<p data-start=\"430\" data-end=\"540\"><strong data-start=\"430\" data-end=\"442\">\u0418\u043d\u0433\u0440\u0435\u0434\u0438\u0435\u043d\u0442\u044b:<\/strong> Somon proteini, toyuq ya\u011f\u0131, d\u00fcy\u00fc, qar\u011f\u0131dal\u0131, lifl\u0259r, vitaminl\u0259r, minerallar v\u0259 antioksidantlar.<\/p>\n<\/div>\n<p><!-- .vgblk-rw-wrapper --><\/p>","protected":false},"excerpt":{"rendered":"<p>Herbamax Sterilized Cat Food \u2013 Somonlu Sterilizasiya olunmu\u015f pi\u015fikl\u0259r \u00fc\u00e7\u00fcn x\u00fcsusi haz\u0131rlanm\u0131\u015f super premium somonlu yem. Sa\u011flam \u00e7\u0259ki n\u0259zar\u0259ti v\u0259 metabolizm d\u0259st\u0259yi Somon proteini il\u0259 y\u00fcks\u0259k h\u0259zm olunma v\u0259 \u0259z\u0259l\u0259 g\u00fcc\u00fc Vitamin v\u0259 minerallarla g\u00fccl\u00fc immunitet Prebiotik v\u0259 lifl\u0259rl\u0259 sa\u011flam h\u0259zm sistemi T\u0259rkibi: Somon proteini, toyuq ya\u011f\u0131, d\u00fcy\u00fc, qar\u011f\u0131dal\u0131, lifl\u0259r, vitaminl\u0259r, minerallar v\u0259 antioksidantlar.<\/p>","protected":false},"featured_media":990214,"comment_status":"open","ping_status":"closed","template":"","meta":{"nf_dc_page":"","_monsterinsights_skip_tracking":false,"_monsterinsights_sitenote_active":false,"_monsterinsights_sitenote_note":"","_monsterinsights_sitenote_category":0},"product_brand":[],"product_cat":[244,51,245],"product_tag":[],"class_list":{"0":"post-990213","1":"product","2":"type-product","3":"status-publish","4":"has-post-thumbnail","6":"product_cat-it-ve-pisik-mehsullari","7":"product_cat-cat","8":"product_cat-yemler","10":"first","11":"instock","12":"shipping-taxable","13":"product-type-simple"},"jetpack_sharing_enabled":true,"_links":{"self":[{"href":"https:\/\/agrovetazerbaijan.az\/ru\/wp-json\/wp\/v2\/product\/990213","targetHints":{"allow":["GET"]}}],"collection":[{"href":"https:\/\/agrovetazerbaijan.az\/ru\/wp-json\/wp\/v2\/product"}],"about":[{"href":"https:\/\/agrovetazerbaijan.az\/ru\/wp-json\/wp\/v2\/types\/product"}],"replies":[{"embeddable":true,"href":"https:\/\/agrovetazerbaijan.az\/ru\/wp-json\/wp\/v2\/comments?post=990213"}],"version-history":[{"count":1,"href":"https:\/\/agrovetazerbaijan.az\/ru\/wp-json\/wp\/v2\/product\/990213\/revisions"}],"predecessor-version":[{"id":990215,"href":"https:\/\/agrovetazerbaijan.az\/ru\/wp-json\/wp\/v2\/product\/990213\/revisions\/990215"}],"wp:featuredmedia":[{"embeddable":true,"href":"https:\/\/agrovetazerbaijan.az\/ru\/wp-json\/wp\/v2\/media\/990214"}],"wp:attachment":[{"href":"https:\/\/agrovetazerbaijan.az\/ru\/wp-json\/wp\/v2\/media?parent=990213"}],"wp:term":[{"taxonomy":"product_brand","embeddable":true,"href":"https:\/\/agrovetazerbaijan.az\/ru\/wp-json\/wp\/v2\/product_brand?post=990213"},{"taxonomy":"product_cat","embeddable":true,"href":"https:\/\/agrovetazerbaijan.az\/ru\/wp-json\/wp\/v2\/product_cat?post=990213"},{"taxonomy":"product_tag","embeddable":true,"href":"https:\/\/agrovetazerbaijan.az\/ru\/wp-json\/wp\/v2\/product_tag?post=990213"}],"curies":[{"name":"WP","href":"https:\/\/api.w.org\/{rel}","templated":true}]}}