{"id":990206,"date":"2025-08-17T22:43:45","date_gmt":"2025-08-17T22:43:45","guid":{"rendered":"https:\/\/agrovetazerbaijan.az\/?post_type=product&#038;p=990206"},"modified":"2025-08-17T22:43:58","modified_gmt":"2025-08-17T22:43:58","slug":"petline-urinary-super-premium-adult-chicken-recipe","status":"publish","type":"product","link":"https:\/\/agrovetazerbaijan.az\/ru\/product\/petline-urinary-super-premium-adult-chicken-recipe\/","title":{"rendered":"Petline Urinary \u2013 \u0421\u0443\u043f\u0435\u0440 \u041f\u0440\u0435\u043c\u0438\u0443\u043c \u0420\u0435\u0446\u0435\u043f\u0442 \u0434\u043b\u044f \u0432\u0437\u0440\u043e\u0441\u043b\u044b\u0445 \u0441 \u043a\u0443\u0440\u0438\u0446\u0435\u0439"},"content":{"rendered":"<div class=\"vgblk-rw-wrapper limit-wrapper\">\n<h2 data-start=\"48\" data-end=\"104\"><strong data-start=\"51\" data-end=\"102\">Petline Super Premium Yetkin Pi\u015fik Yemi \u2013 Toyuq<\/strong><\/h2>\n<p data-start=\"106\" data-end=\"212\">1 ya\u015fdan yuxar\u0131 b\u00fct\u00fcn pi\u015fikl\u0259r \u00fc\u00e7\u00fcn n\u0259z\u0259rd\u0259 tutulmu\u015f <strong data-start=\"159\" data-end=\"209\">super premium hidroliz\u0259 olunmu\u015f toyuq \u0259tli yem<\/strong>.<\/p>\n<ul data-start=\"213\" data-end=\"481\">\n<li data-start=\"213\" data-end=\"296\">\n<p data-start=\"215\" data-end=\"296\"><strong data-start=\"215\" data-end=\"264\">Metionin, C vitamini v\u0259 a\u015fa\u011f\u0131 mineral miqdar\u0131<\/strong> il\u0259 sa\u011flam metabolizm d\u0259st\u0259yi<\/p>\n<\/li>\n<li data-start=\"297\" data-end=\"360\">\n<p data-start=\"299\" data-end=\"360\"><strong data-start=\"299\" data-end=\"358\">Struvit kristallar\u0131n\u0131n qar\u015f\u0131s\u0131n\u0131n al\u0131nmas\u0131na k\u00f6m\u0259k edir<\/strong><\/p>\n<\/li>\n<li data-start=\"361\" data-end=\"481\">\n<p data-start=\"363\" data-end=\"399\"><strong data-start=\"363\" data-end=\"392\">\u0442\u0435\u0445\u043d\u043e\u043b\u043e\u0433\u0438\u044f OptiQuatro\u00ae<\/strong> \u0441:<\/p>\n<ul data-start=\"402\" data-end=\"481\">\n<li data-start=\"402\" data-end=\"431\">\n<p data-start=\"404\" data-end=\"431\">\u0421\u0432\u0435\u0436\u0435\u0441\u0442\u044c \u0438 \u0432\u044b\u0441\u043e\u043a\u0430\u044f \u0431\u0438\u043e\u0430\u0431\u0441\u043e\u0440\u0431\u0446\u0438\u044f<\/p>\n<\/li>\n<li data-start=\"434\" data-end=\"459\">\n<p data-start=\"436\" data-end=\"459\">\u041a\u043e\u043d\u0442\u0440\u043e\u043b\u044c \u0437\u0430\u043f\u0430\u0445\u0430 \u043a\u0430\u043b\u0430<\/p>\n<\/li>\n<li data-start=\"462\" data-end=\"481\">\n<p data-start=\"464\" data-end=\"481\">\u0421\u0438\u043b\u044c\u043d\u044b\u0439 \u0438\u043c\u043c\u0443\u043d\u0438\u0442\u0435\u0442<\/p>\n<\/li>\n<\/ul>\n<\/li>\n<\/ul>\n<p data-start=\"483\" data-end=\"641\"><strong data-start=\"483\" data-end=\"495\">\u0418\u043d\u0433\u0440\u0435\u0434\u0438\u0435\u043d\u0442\u044b:<\/strong> Hidroliz\u0259 olunmu\u015f toyuq proteini, d\u00fcy\u00fc, qar\u011f\u0131dal\u0131, toyuq ya\u011f\u0131, lifl\u0259r, vitaminl\u0259r, minerallar, amin tur\u015fular\u0131, L-Karnitin v\u0259 Alltech \u0259lav\u0259l\u0259ri.<\/p>\n<\/div>\n<p><!-- .vgblk-rw-wrapper --><\/p>","protected":false},"excerpt":{"rendered":"<p>Petline Super Premium Yetkin Pi\u015fik Yemi \u2013 Toyuq 1 ya\u015fdan yuxar\u0131 b\u00fct\u00fcn pi\u015fikl\u0259r \u00fc\u00e7\u00fcn n\u0259z\u0259rd\u0259 tutulmu\u015f super premium hidroliz\u0259 olunmu\u015f toyuq \u0259tli yem. Metionin, C vitamini v\u0259 a\u015fa\u011f\u0131 mineral miqdar\u0131 il\u0259 sa\u011flam metabolizm d\u0259st\u0259yi Struvit kristallar\u0131n\u0131n qar\u015f\u0131s\u0131n\u0131n al\u0131nmas\u0131na k\u00f6m\u0259k edir OptiQuatro\u00ae texnologiyas\u0131 il\u0259: T\u0259z\u0259lik v\u0259 y\u00fcks\u0259k bioudma N\u0259cisd\u0259 qoxu n\u0259zar\u0259ti G\u00fccl\u00fc immunitet T\u0259rkibi: Hidroliz\u0259 olunmu\u015f&#8230;<\/p>","protected":false},"featured_media":990207,"comment_status":"open","ping_status":"closed","template":"","meta":{"nf_dc_page":"","_monsterinsights_skip_tracking":false,"_monsterinsights_sitenote_active":false,"_monsterinsights_sitenote_note":"","_monsterinsights_sitenote_category":0},"product_brand":[],"product_cat":[245,244,51],"product_tag":[],"class_list":{"0":"post-990206","1":"product","2":"type-product","3":"status-publish","4":"has-post-thumbnail","6":"product_cat-yemler","7":"product_cat-it-ve-pisik-mehsullari","8":"product_cat-cat","10":"first","11":"instock","12":"shipping-taxable","13":"product-type-simple"},"jetpack_sharing_enabled":true,"_links":{"self":[{"href":"https:\/\/agrovetazerbaijan.az\/ru\/wp-json\/wp\/v2\/product\/990206","targetHints":{"allow":["GET"]}}],"collection":[{"href":"https:\/\/agrovetazerbaijan.az\/ru\/wp-json\/wp\/v2\/product"}],"about":[{"href":"https:\/\/agrovetazerbaijan.az\/ru\/wp-json\/wp\/v2\/types\/product"}],"replies":[{"embeddable":true,"href":"https:\/\/agrovetazerbaijan.az\/ru\/wp-json\/wp\/v2\/comments?post=990206"}],"version-history":[{"count":1,"href":"https:\/\/agrovetazerbaijan.az\/ru\/wp-json\/wp\/v2\/product\/990206\/revisions"}],"predecessor-version":[{"id":990208,"href":"https:\/\/agrovetazerbaijan.az\/ru\/wp-json\/wp\/v2\/product\/990206\/revisions\/990208"}],"wp:featuredmedia":[{"embeddable":true,"href":"https:\/\/agrovetazerbaijan.az\/ru\/wp-json\/wp\/v2\/media\/990207"}],"wp:attachment":[{"href":"https:\/\/agrovetazerbaijan.az\/ru\/wp-json\/wp\/v2\/media?parent=990206"}],"wp:term":[{"taxonomy":"product_brand","embeddable":true,"href":"https:\/\/agrovetazerbaijan.az\/ru\/wp-json\/wp\/v2\/product_brand?post=990206"},{"taxonomy":"product_cat","embeddable":true,"href":"https:\/\/agrovetazerbaijan.az\/ru\/wp-json\/wp\/v2\/product_cat?post=990206"},{"taxonomy":"product_tag","embeddable":true,"href":"https:\/\/agrovetazerbaijan.az\/ru\/wp-json\/wp\/v2\/product_tag?post=990206"}],"curies":[{"name":"WP","href":"https:\/\/api.w.org\/{rel}","templated":true}]}}