{"id":990192,"date":"2025-08-11T22:14:42","date_gmt":"2025-08-11T22:14:42","guid":{"rendered":"https:\/\/agrovetazerbaijan.az\/?post_type=product&#038;p=990192"},"modified":"2025-08-11T22:15:00","modified_gmt":"2025-08-11T22:15:00","slug":"cloverpet-dry-foam-shampoo-aloe-vera-200ml","status":"publish","type":"product","link":"https:\/\/agrovetazerbaijan.az\/ru\/product\/cloverpet-dry-foam-shampoo-aloe-vera-200ml\/","title":{"rendered":"CLOVERPET \u0421\u0443\u0445\u043e\u0439 \u043f\u0435\u043d\u043d\u044b\u0439 \u0448\u0430\u043c\u043f\u0443\u043d\u044c \u0410\u043b\u043e\u044d \u0432\u0435\u0440\u0430 200 \u043c\u043b"},"content":{"rendered":"<div class=\"vgblk-rw-wrapper limit-wrapper\">\n<p data-start=\"104\" data-end=\"156\"><strong data-start=\"104\" data-end=\"154\">CLOVERPET Quru K\u00f6p\u00fck \u015eampun Aloe Vera \u2013 200 ml<\/strong><\/p>\n<p data-start=\"158\" data-end=\"477\">Su olmadan da heyvan\u0131n\u0131z\u0131 t\u0259miz saxlamaq art\u0131q \u00e7ox asan! <strong data-start=\"215\" data-end=\"255\">CLOVERPET Dry Foam Shampoo Aloe Vera<\/strong> \u2013 su il\u0259 yuyulmaya ehtiyac olmadan t\u00fckl\u0259ri t\u0259mizl\u0259y\u0259n v\u0259 canland\u0131ran x\u00fcsusi formuludur. T\u0259rkibind\u0259ki <strong data-start=\"357\" data-end=\"380\">Aloe Vera ekstrakt\u0131<\/strong> d\u0259rini sakitl\u0259\u015fdirir, t\u00fckl\u0259r\u0259 yum\u015faql\u0131q v\u0259 par\u0131lt\u0131 b\u0259x\u015f edir. \u0130tl\u0259r v\u0259 pi\u015fikl\u0259r \u00fc\u00e7\u00fcn ideald\u0131r.<\/p>\n<p data-start=\"479\" data-end=\"498\"><strong data-start=\"479\" data-end=\"496\">\u041f\u0440\u0435\u0438\u043c\u0443\u0449\u0435\u0441\u0442\u0432\u0430:<\/strong><\/p>\n<ul data-start=\"499\" data-end=\"724\">\n<li data-start=\"499\" data-end=\"530\">\n<p data-start=\"501\" data-end=\"530\">Su olmadan istifad\u0259y\u0259 uy\u011fun<\/p>\n<\/li>\n<li data-start=\"531\" data-end=\"584\">\n<p data-start=\"533\" data-end=\"584\">Aloe Vera il\u0259 qidaland\u0131r\u0131c\u0131 v\u0259 n\u0259ml\u0259ndirici t\u0259sir<\/p>\n<\/li>\n<li data-start=\"585\" data-end=\"626\">\n<p data-start=\"587\" data-end=\"626\">D\u0259rini q\u0131c\u0131qland\u0131rmayan yum\u015faq formul<\/p>\n<\/li>\n<li data-start=\"627\" data-end=\"666\">\n<p data-start=\"629\" data-end=\"666\">Tez quruyur, yap\u0131\u015fqan hiss buraxm\u0131r<\/p>\n<\/li>\n<li data-start=\"667\" data-end=\"724\">\n<p data-start=\"669\" data-end=\"724\">S\u0259yah\u0259t v\u0259 g\u0259zinti sonras\u0131 tez t\u0259mizlik \u00fc\u00e7\u00fcn m\u00fck\u0259mm\u0259l<\/p>\n<\/li>\n<\/ul>\n<p data-start=\"726\" data-end=\"749\"><strong data-start=\"726\" data-end=\"747\">\u0418\u043d\u0441\u0442\u0440\u0443\u043a\u0446\u0438\u044f \u043f\u043e \u043f\u0440\u0438\u043c\u0435\u043d\u0435\u043d\u0438\u044e:<\/strong><\/p>\n<ol data-start=\"750\" data-end=\"945\">\n<li data-start=\"750\" data-end=\"782\">\n<p data-start=\"753\" data-end=\"782\">\u0425\u043e\u0440\u043e\u0448\u043e \u0432\u0441\u0442\u0440\u044f\u0445\u043d\u0438\u0442\u0435 \u0444\u043b\u0430\u043a\u043e\u043d.<\/p>\n<\/li>\n<li data-start=\"783\" data-end=\"838\">\n<p data-start=\"786\" data-end=\"838\">K\u00f6p\u00fcy\u00fc birba\u015fa heyvan\u0131n\u0131z\u0131n t\u00fckl\u0259rin\u0259 t\u0259tbiq edin.<\/p>\n<\/li>\n<li data-start=\"839\" data-end=\"887\">\n<p data-start=\"842\" data-end=\"887\">Yum\u015faq masaj h\u0259r\u0259k\u0259tl\u0259ri il\u0259 t\u00fckl\u0259r\u0259 yay\u0131n.<\/p>\n<\/li>\n<li data-start=\"888\" data-end=\"945\">\n<p data-start=\"891\" data-end=\"945\">T\u0259miz d\u0259smal v\u0259 ya daraqla t\u00fckl\u0259ri daran v\u0259 qurudun.<\/p>\n<\/li>\n<\/ol>\n<p data-start=\"947\" data-end=\"1025\"><strong data-start=\"947\" data-end=\"957\">\u041e\u0431\u044a\u0435\u043c:<\/strong> 200 ml<br data-start=\"964\" data-end=\"967\" \/><strong data-start=\"967\" data-end=\"980\">\u041f\u043e\u0434\u0445\u043e\u0434\u0438\u0442 \u0434\u043b\u044f:<\/strong> \u0130tl\u0259r v\u0259 pi\u015fikl\u0259r (b\u00fct\u00fcn t\u00fck n\u00f6vl\u0259ri \u00fc\u00e7\u00fcn)<\/p>\n<p data-start=\"1027\" data-end=\"1146\">G\u00fcnd\u0259lik qulluqda rahatl\u0131q v\u0259 gigiyena \u00fc\u00e7\u00fcn <strong data-start=\"1071\" data-end=\"1111\">CLOVERPET Dry Foam Shampoo Aloe Vera<\/strong> \u2013 suya ehtiyac olmadan t\u0259mizlik!<\/p>\n<\/div>\n<p><!-- .vgblk-rw-wrapper --><\/p>","protected":false},"excerpt":{"rendered":"<p>CLOVERPET Quru K\u00f6p\u00fck \u015eampun Aloe Vera \u2013 200 ml Su olmadan da heyvan\u0131n\u0131z\u0131 t\u0259miz saxlamaq art\u0131q \u00e7ox asan! CLOVERPET Dry Foam Shampoo Aloe Vera \u2013 su il\u0259 yuyulmaya ehtiyac olmadan t\u00fckl\u0259ri t\u0259mizl\u0259y\u0259n v\u0259 canland\u0131ran x\u00fcsusi formuludur. T\u0259rkibind\u0259ki Aloe Vera ekstrakt\u0131 d\u0259rini sakitl\u0259\u015fdirir, t\u00fckl\u0259r\u0259 yum\u015faql\u0131q v\u0259 par\u0131lt\u0131 b\u0259x\u015f edir. \u0130tl\u0259r v\u0259 pi\u015fikl\u0259r \u00fc\u00e7\u00fcn ideald\u0131r. \u00dcst\u00fcnl\u00fckl\u0259ri: Su&#8230;<\/p>","protected":false},"featured_media":990193,"comment_status":"open","ping_status":"closed","template":"","meta":{"nf_dc_page":"","_monsterinsights_skip_tracking":false,"_monsterinsights_sitenote_active":false,"_monsterinsights_sitenote_note":"","_monsterinsights_sitenote_category":0},"product_brand":[],"product_cat":[244,58,51,247],"product_tag":[],"class_list":{"0":"post-990192","1":"product","2":"type-product","3":"status-publish","4":"has-post-thumbnail","6":"product_cat-it-ve-pisik-mehsullari","7":"product_cat-dog","8":"product_cat-cat","9":"product_cat-qum-ve-kosmetik-vasiteler","11":"first","12":"instock","13":"shipping-taxable","14":"product-type-simple"},"jetpack_sharing_enabled":true,"_links":{"self":[{"href":"https:\/\/agrovetazerbaijan.az\/ru\/wp-json\/wp\/v2\/product\/990192","targetHints":{"allow":["GET"]}}],"collection":[{"href":"https:\/\/agrovetazerbaijan.az\/ru\/wp-json\/wp\/v2\/product"}],"about":[{"href":"https:\/\/agrovetazerbaijan.az\/ru\/wp-json\/wp\/v2\/types\/product"}],"replies":[{"embeddable":true,"href":"https:\/\/agrovetazerbaijan.az\/ru\/wp-json\/wp\/v2\/comments?post=990192"}],"version-history":[{"count":1,"href":"https:\/\/agrovetazerbaijan.az\/ru\/wp-json\/wp\/v2\/product\/990192\/revisions"}],"predecessor-version":[{"id":990194,"href":"https:\/\/agrovetazerbaijan.az\/ru\/wp-json\/wp\/v2\/product\/990192\/revisions\/990194"}],"wp:featuredmedia":[{"embeddable":true,"href":"https:\/\/agrovetazerbaijan.az\/ru\/wp-json\/wp\/v2\/media\/990193"}],"wp:attachment":[{"href":"https:\/\/agrovetazerbaijan.az\/ru\/wp-json\/wp\/v2\/media?parent=990192"}],"wp:term":[{"taxonomy":"product_brand","embeddable":true,"href":"https:\/\/agrovetazerbaijan.az\/ru\/wp-json\/wp\/v2\/product_brand?post=990192"},{"taxonomy":"product_cat","embeddable":true,"href":"https:\/\/agrovetazerbaijan.az\/ru\/wp-json\/wp\/v2\/product_cat?post=990192"},{"taxonomy":"product_tag","embeddable":true,"href":"https:\/\/agrovetazerbaijan.az\/ru\/wp-json\/wp\/v2\/product_tag?post=990192"}],"curies":[{"name":"WP","href":"https:\/\/api.w.org\/{rel}","templated":true}]}}