{"id":990180,"date":"2025-08-10T22:35:35","date_gmt":"2025-08-10T22:35:35","guid":{"rendered":"https:\/\/agrovetazerbaijan.az\/?post_type=product&#038;p=990180"},"modified":"2025-09-09T09:00:23","modified_gmt":"2025-09-09T09:00:23","slug":"cloverpet-glucosamine-tablet-for-cats-and-dogs","status":"publish","type":"product","link":"https:\/\/agrovetazerbaijan.az\/ru\/product\/cloverpet-glucosamine-tablet-for-cats-and-dogs\/","title":{"rendered":"\u0422\u0430\u0431\u043b\u0435\u0442\u043a\u0438 CLOVERPET \u0441 \u0433\u043b\u044e\u043a\u043e\u0437\u0430\u043c\u0438\u043d\u043e\u043c \u0434\u043b\u044f \u043a\u043e\u0448\u0435\u043a \u0438 \u0441\u043e\u0431\u0430\u043a"},"content":{"rendered":"<div class=\"vgblk-rw-wrapper limit-wrapper\">\n<p data-start=\"59\" data-end=\"102\"><strong data-start=\"59\" data-end=\"102\">\u0422\u0430\u0431\u043b\u0435\u0442\u043a\u0438 \u0433\u043b\u044e\u043a\u043e\u0437\u0430\u043c\u0438\u043d\u0430 \u0434\u043b\u044f \u043a\u043e\u0448\u0435\u043a \u0438 \u0441\u043e\u0431\u0430\u043a CLOVER PET<\/strong><\/p>\n<p data-start=\"104\" data-end=\"170\"><strong data-start=\"104\" data-end=\"126\">\u0422\u0430\u0431\u043b\u0435\u0442\u043a\u0430 \u0433\u043b\u044e\u043a\u043e\u0437\u0430\u043c\u0438\u043d\u0430<\/strong><br data-start=\"126\" data-end=\"129\" \/>\u0422\u0430\u0431\u043b\u0435\u0442\u043a\u0438 \u0433\u043b\u044e\u043a\u043e\u0437\u0430\u043c\u0438\u043d\u0430 \u0434\u043b\u044f \u043a\u043e\u0448\u0435\u043a \u0438 \u0441\u043e\u0431\u0430\u043a<\/p>\n<hr data-start=\"172\" data-end=\"175\" \/>\n<h3 data-start=\"177\" data-end=\"188\">\u0418\u043d\u0433\u0440\u0435\u0434\u0438\u0435\u043d\u0442\u044b<\/h3>\n<div class=\"_tableContainer_1rjym_1\">\n<div class=\"_tableWrapper_1rjym_13 group flex w-fit flex-col-reverse\" tabindex=\"-1\">\n<table class=\"w-fit min-w-(--thread-content-width)\" data-start=\"190\" data-end=\"687\">\n<thead data-start=\"190\" data-end=\"272\">\n<tr data-start=\"190\" data-end=\"272\">\n<th data-start=\"190\" data-end=\"207\" data-col-size=\"sm\">\u041d\u043e\u043c\u0435\u0440 \u0438\u0437\u043e\u0431\u0440\u0430\u0436\u0435\u043d\u0438\u044f<\/th>\n<th data-start=\"207\" data-end=\"233\" data-col-size=\"sm\">\u0410\u043a\u0442\u0438\u0432\u043d\u044b\u0439 \u0438\u043d\u0433\u0440\u0435\u0434\u0438\u0435\u043d\u0442<\/th>\n<th data-start=\"233\" data-end=\"251\" data-col-size=\"sm\">\u041a\u043e\u043b\u0438\u0447\u0435\u0441\u0442\u0432\u043e\/\u0442\u0430\u0431\u043b\u0435\u0442\u043a\u0430<\/th>\n<th data-start=\"251\" data-end=\"272\" data-col-size=\"sm\">\u041a\u043e\u043b\u0438\u0447\u0435\u0441\u0442\u0432\u043e\/\u043a\u0433<\/th>\n<\/tr>\n<\/thead>\n<tbody data-start=\"356\" data-end=\"687\">\n<tr data-start=\"356\" data-end=\"438\">\n<td data-start=\"356\" data-end=\"373\" data-col-size=\"sm\">13.2.8<\/td>\n<td data-col-size=\"sm\" data-start=\"373\" data-end=\"399\">\u0413\u043b\u044e\u043a\u043e\u0437\u0430\u043c\u0438\u043d \u0433\u0438\u0434\u0440\u043e\u0445\u043b\u043e\u0440\u0438\u0434<\/td>\n<td data-col-size=\"sm\" data-start=\"399\" data-end=\"417\">50 \u043c\u0433<\/td>\n<td data-col-size=\"sm\" data-start=\"417\" data-end=\"438\">50 000 \u043c\u0433\/\u043a\u0433<\/td>\n<\/tr>\n<tr data-start=\"439\" data-end=\"521\">\n<td data-start=\"439\" data-end=\"456\" data-col-size=\"sm\">13.9.1<\/td>\n<td data-col-size=\"sm\" data-start=\"456\" data-end=\"482\">\u041c\u0435\u0442\u0438\u043b\u0441\u0443\u043b\u044c\u0444\u043e\u043d\u0438\u043b\u043c\u0435\u0442\u0430\u043d<\/td>\n<td data-col-size=\"sm\" data-start=\"482\" data-end=\"500\">20 \u043c\u0433<\/td>\n<td data-col-size=\"sm\" data-start=\"500\" data-end=\"521\">20 000 \u043c\u0433\/\u043a\u0433<\/td>\n<\/tr>\n<tr data-start=\"522\" data-end=\"604\">\n<td data-start=\"522\" data-end=\"539\" data-col-size=\"sm\">13.7.1<\/td>\n<td data-col-size=\"sm\" data-start=\"539\" data-end=\"565\">\u0425\u043e\u043d\u0434\u0440\u043e\u0438\u0442\u0438\u043d \u0441\u0443\u043b\u044c\u0444\u0430\u0442<\/td>\n<td data-col-size=\"sm\" data-start=\"565\" data-end=\"583\">5 \u043c\u0433<\/td>\n<td data-col-size=\"sm\" data-start=\"583\" data-end=\"604\">5000 \u043c\u0433\/\u043a\u0433<\/td>\n<\/tr>\n<tr data-start=\"605\" data-end=\"687\">\n<td data-start=\"605\" data-end=\"622\" data-col-size=\"sm\">3.\u0430.300<\/td>\n<td data-col-size=\"sm\" data-start=\"622\" data-end=\"648\">\u0412\u0438\u0442\u0430\u043c\u0438\u043d \u0421<\/td>\n<td data-col-size=\"sm\" data-start=\"648\" data-end=\"666\">10 \u043c\u0433<\/td>\n<td data-col-size=\"sm\" data-start=\"666\" data-end=\"687\">8000 \u043c\u0433\/\u043a\u0433<\/td>\n<\/tr>\n<\/tbody>\n<\/table>\n<div class=\"sticky end-(--thread-content-margin) h-0 self-end select-none\">\n<div class=\"absolute end-0 flex items-end\"><\/div>\n<\/div>\n<\/div>\n<\/div>\n<h3 data-start=\"689\" data-end=\"722\">\u0414\u0440\u0443\u0433\u0438\u0435 \u0438\u043d\u0433\u0440\u0435\u0434\u0438\u0435\u043d\u0442\u044b \u0438 \u043c\u0438\u043d\u0435\u0440\u0430\u043b\u044b<\/h3>\n<div class=\"_tableContainer_1rjym_1\">\n<div class=\"_tableWrapper_1rjym_13 group flex w-fit flex-col-reverse\" tabindex=\"-1\">\n<table class=\"w-fit min-w-(--thread-content-width)\" data-start=\"724\" data-end=\"1071\">\n<thead data-start=\"724\" data-end=\"810\">\n<tr data-start=\"724\" data-end=\"810\">\n<th data-start=\"724\" data-end=\"741\" data-col-size=\"sm\">\u041d\u043e\u043c\u0435\u0440 \u0438\u0437\u043e\u0431\u0440\u0430\u0436\u0435\u043d\u0438\u044f<\/th>\n<th data-start=\"741\" data-end=\"771\" data-col-size=\"sm\">\u0410\u043a\u0442\u0438\u0432\u043d\u044b\u0439 \u0438\u043d\u0433\u0440\u0435\u0434\u0438\u0435\u043d\u0442<\/th>\n<th data-start=\"771\" data-end=\"789\" data-col-size=\"sm\">\u041a\u043e\u043b\u0438\u0447\u0435\u0441\u0442\u0432\u043e\/\u0442\u0430\u0431\u043b\u0435\u0442\u043a\u0430<\/th>\n<th data-start=\"789\" data-end=\"810\" data-col-size=\"sm\">\u041a\u043e\u043b\u0438\u0447\u0435\u0441\u0442\u0432\u043e\/\u043a\u0433<\/th>\n<\/tr>\n<\/thead>\n<tbody data-start=\"898\" data-end=\"1071\">\n<tr data-start=\"898\" data-end=\"984\">\n<td data-start=\"898\" data-end=\"915\" data-col-size=\"sm\">\u04155<\/td>\n<td data-col-size=\"sm\" data-start=\"915\" data-end=\"945\">\u041c\u043e\u043d\u043e\u0433\u0438\u0434\u0440\u0430\u0442 \u0441\u0443\u043b\u044c\u0444\u0430\u0442\u0430 \u043c\u0430\u0440\u0433\u0430\u043d\u0446\u0430<\/td>\n<td data-col-size=\"sm\" data-start=\"945\" data-end=\"963\">3 \u043c\u0433<\/td>\n<td data-col-size=\"sm\" data-start=\"963\" data-end=\"984\">3000 \u043c\u0433\/\u043a\u0433<\/td>\n<\/tr>\n<tr data-start=\"985\" data-end=\"1071\">\n<td data-start=\"985\" data-end=\"1002\" data-col-size=\"sm\">11.1.1<\/td>\n<td data-col-size=\"sm\" data-start=\"1002\" data-end=\"1032\">\u041a\u0430\u0440\u0431\u043e\u043d\u0430\u0442 \u043a\u0430\u043b\u044c\u0446\u0438\u044f<\/td>\n<td data-col-size=\"sm\" data-start=\"1032\" data-end=\"1050\">300 \u043c\u0433<\/td>\n<td data-col-size=\"sm\" data-start=\"1050\" data-end=\"1071\">30 000 \u043c\u0433\/\u043a\u0433<\/td>\n<\/tr>\n<\/tbody>\n<\/table>\n<div class=\"sticky end-(--thread-content-margin) h-0 self-end select-none\">\n<div class=\"absolute end-0 flex items-end\"><\/div>\n<\/div>\n<\/div>\n<\/div>\n<p data-start=\"1073\" data-end=\"1132\"><strong data-start=\"1073\" data-end=\"1095\">\u0412\u0435\u0449\u0435\u0441\u0442\u0432\u0430-\u043d\u043e\u0441\u0438\u0442\u0435\u043b\u0438:<\/strong> \u0421\u043e\u0440\u0431\u0438\u0442, \u0441\u0442\u0435\u0430\u0440\u0430\u0442 \u043c\u0430\u0433\u043d\u0438\u044f, \u043a\u0440\u0430\u0445\u043c\u0430\u043b<\/p>\n<hr data-start=\"1134\" data-end=\"1137\" \/>\n<h3 data-start=\"1139\" data-end=\"1158\">\u041e\u0431\u043b\u0430\u0441\u0442\u044c \u0438\u0441\u043f\u043e\u043b\u044c\u0437\u043e\u0432\u0430\u043d\u0438\u044f<\/h3>\n<p data-start=\"1160\" data-end=\"1327\">\u0422\u0430\u0431\u043b\u0435\u0442\u043a\u0438 \u0433\u043b\u044e\u043a\u043e\u0437\u0430\u043c\u0438\u043d\u0430 \u2014 \u044d\u0442\u043e \u0434\u043e\u043f\u043e\u043b\u043d\u0438\u0442\u0435\u043b\u044c\u043d\u044b\u0439 \u043a\u043e\u0440\u043c, \u0441\u043e\u0434\u0435\u0440\u0436\u0430\u0449\u0438\u0439 \u0432\u0438\u0442\u0430\u043c\u0438\u043d\u044b \u0438 \u043a\u0430\u043b\u044c\u0446\u0438\u0439, \u0441\u043f\u043e\u0441\u043e\u0431\u0441\u0442\u0432\u0443\u044e\u0449\u0438\u0439 \u0443\u043a\u0440\u0435\u043f\u043b\u0435\u043d\u0438\u044e \u0441\u0443\u0441\u0442\u0430\u0432\u043e\u0432, \u0445\u0440\u044f\u0449\u0435\u0439 \u0438 \u043c\u044b\u0448\u0435\u0447\u043d\u043e\u0439 \u0441\u0442\u0440\u0443\u043a\u0442\u0443\u0440\u044b \u0441\u043e\u0431\u0430\u043a \u0438 \u043a\u043e\u0448\u0435\u043a.<\/p>\n<hr data-start=\"1329\" data-end=\"1332\" \/>\n<h3 data-start=\"1334\" data-end=\"1364\">\u0421\u043f\u043e\u0441\u043e\u0431 \u043f\u0440\u0438\u043c\u0435\u043d\u0435\u043d\u0438\u044f \u0438 \u0434\u043e\u0437\u0438\u0440\u043e\u0432\u043a\u0430<\/h3>\n<p data-start=\"1366\" data-end=\"1536\">\u0422\u0430\u0431\u043b\u0435\u0442\u043a\u0438 \u0433\u043b\u044e\u043a\u043e\u0437\u0430\u043c\u0438\u043d\u0430 \u0434\u0430\u044e\u0442 \u0441\u043e\u0431\u0430\u043a\u0430\u043c \u0438 \u043a\u043e\u0448\u043a\u0430\u043c \u043d\u0435\u043f\u043e\u0441\u0440\u0435\u0434\u0441\u0442\u0432\u0435\u043d\u043d\u043e \u0438\u043b\u0438 \u0441\u043c\u0435\u0448\u0438\u0432\u0430\u044e\u0442 \u0441 \u043a\u043e\u0440\u043c\u043e\u043c. \u041f\u0440\u0438 \u043d\u0435\u043e\u0431\u0445\u043e\u0434\u0438\u043c\u043e\u0441\u0442\u0438 \u0442\u0430\u0431\u043b\u0435\u0442\u043a\u0438 \u043c\u043e\u0436\u043d\u043e \u0438\u0437\u043c\u0435\u043b\u044c\u0447\u0438\u0442\u044c \u0438 \u0441\u043c\u0435\u0448\u0430\u0442\u044c \u0441 \u043a\u043e\u0440\u043c\u043e\u043c.<br data-start=\"1503\" data-end=\"1506\" \/>\u0414\u043e\u0437\u0438\u0440\u043e\u0432\u043a\u0438 \u043f\u043e \u043c\u0430\u0441\u0441\u0435 \u0442\u0435\u043b\u0430:<\/p>\n<ul data-start=\"1537\" data-end=\"1660\">\n<li data-start=\"1537\" data-end=\"1573\">\n<p data-start=\"1539\" data-end=\"1573\">0-5 \u043a\u0433: \u043f\u043e\u043b\u043e\u0432\u0438\u043d\u0430 \u0442\u0430\u0431\u043b\u0435\u0442\u043a\u0438 \u0432 \u0434\u0435\u043d\u044c<\/p>\n<\/li>\n<li data-start=\"1574\" data-end=\"1607\">\n<p data-start=\"1576\" data-end=\"1607\">\u041e\u0442 5 \u0434\u043e 10 \u043a\u0433: 1 \u0442\u0430\u0431\u043b\u0435\u0442\u043a\u0430 \u0432 \u0434\u0435\u043d\u044c<\/p>\n<\/li>\n<li data-start=\"1608\" data-end=\"1660\">\n<p data-start=\"1610\" data-end=\"1660\">\u0411\u043e\u043b\u0435\u0435 10 \u043a\u0433: 1 \u0442\u0430\u0431\u043b\u0435\u0442\u043a\u0430 \u043d\u0430 \u043a\u0430\u0436\u0434\u044b\u0435 10 \u043a\u0433.<\/p>\n<\/li>\n<\/ul>\n<hr data-start=\"1662\" data-end=\"1665\" \/>\n<h3 data-start=\"1667\" data-end=\"1704\">\u0421\u0440\u043e\u043a \u0433\u043e\u0434\u043d\u043e\u0441\u0442\u0438 \u0438 \u043f\u0440\u0435\u0434\u0443\u043f\u0440\u0435\u0436\u0434\u0435\u043d\u0438\u044f<\/h3>\n<p data-start=\"1706\" data-end=\"1964\">\u0421\u0440\u043e\u043a \u0433\u043e\u0434\u043d\u043e\u0441\u0442\u0438: 36 \u043c\u0435\u0441\u044f\u0446\u0435\u0432 \u0441 \u0434\u0430\u0442\u044b \u0438\u0437\u0433\u043e\u0442\u043e\u0432\u043b\u0435\u043d\u0438\u044f. \u0425\u0440\u0430\u043d\u0438\u0442\u044c \u0432\u0434\u0430\u043b\u0438 \u043e\u0442 \u0441\u043e\u043b\u043d\u0435\u0447\u043d\u044b\u0445 \u043b\u0443\u0447\u0435\u0439, \u043f\u0440\u0438 \u043a\u043e\u043c\u043d\u0430\u0442\u043d\u043e\u0439 \u0442\u0435\u043c\u043f\u0435\u0440\u0430\u0442\u0443\u0440\u0435, \u0432 \u043d\u0435\u0434\u043e\u0441\u0442\u0443\u043f\u043d\u043e\u043c \u0434\u043b\u044f \u0434\u0435\u0442\u0435\u0439 \u043c\u0435\u0441\u0442\u0435.<br data-start=\"1864\" data-end=\"1867\" \/>\u042d\u0442\u043e \u043d\u0435 \u043b\u0435\u043a\u0430\u0440\u0441\u0442\u0432\u043e \u0438 \u043d\u0435 \u0438\u0441\u043f\u043e\u043b\u044c\u0437\u0443\u0435\u0442\u0441\u044f \u0432 \u0442\u0435\u0440\u0430\u043f\u0435\u0432\u0442\u0438\u0447\u0435\u0441\u043a\u0438\u0445 \u0446\u0435\u043b\u044f\u0445. \u042d\u0442\u043e \u0434\u043e\u043f\u043e\u043b\u043d\u0438\u0442\u0435\u043b\u044c\u043d\u044b\u0439 \u043a\u043e\u0440\u043c \u0434\u043b\u044f \u0441\u043e\u0431\u0430\u043a \u0438 \u043a\u043e\u0448\u0435\u043a.<\/p>\n<\/div>\n<p><!-- .vgblk-rw-wrapper --><\/p>","protected":false},"excerpt":{"rendered":"<p>CLOVER PET Glukozamin Cat &amp; Dog Tableti Glukozamin TabletiPi\u015fikl\u0259r v\u0259 itl\u0259r \u00fc\u00e7\u00fcn glukozamin tableti T\u0259rkibi T\u0259svir n\u00f6mr\u0259si Aktiv madd\u0259 Miqdar \/ tablet Miqdar \/ kq 13.2.8 Glukozamin HCL 50 mg 50.000 mg\/kq 13.9.1 Metil S\u00fclfonil Metan 20 mg 20.000 mg\/kq 13.7.1 Kondroitin Sulfat 5 mg 5.000 mg\/kq 3.a.300 Vitamin C 10 mg 8.000 mg\/kq Dig\u0259r&#8230;<\/p>","protected":false},"featured_media":990181,"comment_status":"open","ping_status":"closed","template":"","meta":{"nf_dc_page":"","_monsterinsights_skip_tracking":false,"_monsterinsights_sitenote_active":false,"_monsterinsights_sitenote_note":"","_monsterinsights_sitenote_category":0},"product_brand":[],"product_cat":[244,58,160,51],"product_tag":[],"class_list":{"0":"post-990180","1":"product","2":"type-product","3":"status-publish","4":"has-post-thumbnail","6":"product_cat-it-ve-pisik-mehsullari","7":"product_cat-dog","8":"product_cat-nutrients","9":"product_cat-cat","11":"first","12":"instock","13":"shipping-taxable","14":"product-type-simple"},"jetpack_sharing_enabled":true,"_links":{"self":[{"href":"https:\/\/agrovetazerbaijan.az\/ru\/wp-json\/wp\/v2\/product\/990180","targetHints":{"allow":["GET"]}}],"collection":[{"href":"https:\/\/agrovetazerbaijan.az\/ru\/wp-json\/wp\/v2\/product"}],"about":[{"href":"https:\/\/agrovetazerbaijan.az\/ru\/wp-json\/wp\/v2\/types\/product"}],"replies":[{"embeddable":true,"href":"https:\/\/agrovetazerbaijan.az\/ru\/wp-json\/wp\/v2\/comments?post=990180"}],"version-history":[{"count":2,"href":"https:\/\/agrovetazerbaijan.az\/ru\/wp-json\/wp\/v2\/product\/990180\/revisions"}],"predecessor-version":[{"id":990183,"href":"https:\/\/agrovetazerbaijan.az\/ru\/wp-json\/wp\/v2\/product\/990180\/revisions\/990183"}],"wp:featuredmedia":[{"embeddable":true,"href":"https:\/\/agrovetazerbaijan.az\/ru\/wp-json\/wp\/v2\/media\/990181"}],"wp:attachment":[{"href":"https:\/\/agrovetazerbaijan.az\/ru\/wp-json\/wp\/v2\/media?parent=990180"}],"wp:term":[{"taxonomy":"product_brand","embeddable":true,"href":"https:\/\/agrovetazerbaijan.az\/ru\/wp-json\/wp\/v2\/product_brand?post=990180"},{"taxonomy":"product_cat","embeddable":true,"href":"https:\/\/agrovetazerbaijan.az\/ru\/wp-json\/wp\/v2\/product_cat?post=990180"},{"taxonomy":"product_tag","embeddable":true,"href":"https:\/\/agrovetazerbaijan.az\/ru\/wp-json\/wp\/v2\/product_tag?post=990180"}],"curies":[{"name":"WP","href":"https:\/\/api.w.org\/{rel}","templated":true}]}}